{"id":1010,"date":"2018-12-18T15:22:17","date_gmt":"2018-12-18T15:22:17","guid":{"rendered":"http:\/\/ceca.icom.cust.oxymium.net\/premio-para-investigacion\/ceca\/"},"modified":"2026-01-28T18:53:36","modified_gmt":"2026-01-28T18:53:36","slug":"ceca","status":"publish","type":"page","link":"https:\/\/ceca.mini.icom.museum\/es\/premio-para-investigacion\/ceca\/","title":{"rendered":"Concursar para el premio Colette Dufresne-Tass\u00e9 2026"},"content":{"rendered":"<h2>Concursar para el premio Colette Dufresne-Tass\u00e9 2026<\/h2>\n<p>Creado en 2015, el Premio Colette Dufresne-Tass\u00e9 tiene como objetivo estimular la investigaci\u00f3n entre los miembros del CECA.<\/p>\n<h2>Descripci\u00f3n<\/h2>\n<p>Este premio consiste en una contribuci\u00f3n de 500 euros para los gastos de alojamiento y el pago del derecho de inscripci\u00f3n del galardonado en la conferencia internacional anual del CECA.<br \/>\nEl premio implica la presentaci\u00f3n del trabajo premiado en la conferencia y su publicaci\u00f3n en el sitio web del CECA.<\/p>\n<h2>Caracter\u00edsticas que deben tener los trabajos<\/h2>\n<p>Los trabajos que opten al premio se pueden presentar en ingl\u00e9s, franc\u00e9s o espa\u00f1ol y deben tener una extensi\u00f3n entre 35\u00a0000 y 70\u00a0000 caracteres (espacios incluidos).<\/p>\n<p>La estructura de los trabajos se debe ajustar a los siguientes apartados:<\/p>\n<table style=\"height: 425px\" width=\"795\">\n<thead>\n<tr>\n<th>EP\u00cdGRAFE<\/th>\n<th>CONTENIDO<\/th>\n<\/tr>\n<\/thead>\n<tbody>\n<tr>\n<td>1. T\u00edtulo<\/td>\n<td>M\u00e1ximo 20 palabras<\/td>\n<\/tr>\n<tr>\n<td>2. Resumen<\/td>\n<td>M\u00e1ximo 500 palabras<\/td>\n<\/tr>\n<tr>\n<td>3. Palabras clave<\/td>\n<td>De 3 a 6 palabras<\/td>\n<\/tr>\n<tr>\n<td>4. Justificaci\u00f3n<\/td>\n<td>La justificaci\u00f3n debe destacar el inter\u00e9s del trabajo realizado.<br \/>\nIncluye el problema y la pregunta de investigaci\u00f3n.<\/td>\n<\/tr>\n<tr>\n<td>5. Marco te\u00f3rico y estado de la cuesti\u00f3n<\/td>\n<td>Publicaciones emp\u00edricas o te\u00f3ricas que fundamentan la investigaci\u00f3n,<br \/>\nsus preguntas e hip\u00f3tesis.<\/td>\n<\/tr>\n<tr>\n<td>6. M\u00e9todo<\/td>\n<td><strong>Muestra:<\/strong> Personas que facilitan la informaci\u00f3n.<br \/>\n<strong>T\u00e9cnicas e instrumentos:<\/strong> utilizados para registrar la informaci\u00f3n necesaria y responder a la pregunta de investigaci\u00f3n.<br \/>\n<strong>An\u00e1lisis de datos:<\/strong> qu\u00e9 an\u00e1lisis se ha realizado con la informaci\u00f3n obtenida.<\/td>\n<\/tr>\n<tr>\n<td>7. Resultados y discusi\u00f3n<\/td>\n<td>Los datos obtenidos y su significado.<\/td>\n<\/tr>\n<tr>\n<td>8. Referencias<\/td>\n<td>Art\u00edculos y obras citados en el texto (APA, 7\u00aa edici\u00f3n).<\/td>\n<\/tr>\n<tr>\n<td>9. Anexos<\/td>\n<td>Informaci\u00f3n adicional necesaria para comprender plenamente el texto presentado.<\/td>\n<\/tr>\n<\/tbody>\n<\/table>\n<h2><\/h2>\n<h2>Evaluaci\u00f3n<\/h2>\n<p>Los textos ser\u00e1n evaluados por un comit\u00e9 de tres miembros, nominados por el Consejo del CECA, seg\u00fan los criterios siguientes:<\/p>\n<ul>\n<li>el rigor de la investigaci\u00f3n;<\/li>\n<li>su contribuci\u00f3n a la educaci\u00f3n museal o a la acci\u00f3n cultural.<\/li>\n<\/ul>\n<h2>Condiciones de admisi\u00f3n<\/h2>\n<ul>\n<li>Ser miembro del CECA a t\u00edtulo individual o institucional y haber pagado la cuota del a\u00f1o en el que se presenta la candidatura.<\/li>\n<li>Haber realizado la investigaci\u00f3n en la instituci\u00f3n en la que se trabaja o con un grupo de instituciones, incluida la propia.<\/li>\n<li>Ser autor individual o colectivo con la colaboraci\u00f3n de colegas o estudiantes<br \/>\n(en este caso, se consideran coautores, pero los 500 euros y las tasas de inscripci\u00f3n se pagan \u00fanicamente al solicitante o, en su defecto, a un miembro de su equipo cuyo nombre debe comunicarse al CECA antes de la apertura de la Conferencia Internacional Anual).<\/li>\n<li>Debe ser una investigaci\u00f3n original e in\u00e9dita.<\/li>\n<li>Los miembros del Consejo del CECA no pueden ser candidatos.<\/li>\n<\/ul>\n<h2>Procedimiento<\/h2>\n<ul>\n<li>Enviar a prixcdt[at]gmail.com un resumen de la investigaci\u00f3n conforme a las normas del Premio Colette Dufresne-Tass\u00e9 e indicar que se opta al premio.<\/li>\n<li>Enviar electr\u00f3nicamente, hasta el 4 de mayo de 2026, un texto de 35\u00a0000 a 70\u00a0000 caracteres (espacios incluidos) a prixcdt[at]gmail.com.<\/li>\n<li>Un mes despu\u00e9s de ser informado de la adjudicaci\u00f3n del premio, enviar a prixcdt[at]gmail.com una fotocopia del billete de transporte<br \/>\n(avi\u00f3n, tren o autob\u00fas) para asistir a la Conferencia Internacional del CECA.<\/li>\n<\/ul>\n<h2>Observaciones<\/h2>\n<p>Las propuestas y los textos que no sigan el procedimiento descrito, por ejemplo los que se presenten fuera de plazo, no ser\u00e1n considerados.<\/p>\n<p>Reciban o no el premio, siempre que los trabajos hayan sido aceptados,<br \/>\nlos candidatos al Premio Colette Dufresne-Tass\u00e9 podr\u00e1n realizar una presentaci\u00f3n oral de su investigaci\u00f3n durante 20 minutos en la Conferencia Internacional Anual del CECA.<\/p>\n<p><span lang=\"fr-FR\"><strong>\u25ba<\/strong><\/span> <span lang=\"fr-FR\"><strong>\u25ba<\/strong><\/span><strong><a href=\"https:\/\/ceca.mini.icom.museum\/wp-content\/uploads\/sites\/5\/2026\/01\/2026-CDT-prize_ESP.pdf\" target=\"_blank\" rel=\"noopener\">Condiciones de participaci\u00f3n<\/a><\/strong><\/p>\n<hr \/>\n<h4><strong>Investigaciones premiadas \/ <\/strong>Premio Colette-Dufresne-Tass\u00e9<\/h4>\n<p><strong>2016<\/strong><br \/>\n<strong>Rosa Mar\u00eda Herv\u00e1s Avil\u00e9s; Antonia Mar\u00eda S\u00e1nchez L\u00e1zaro; Magdalena Castej\u00f3n Ib\u00e1\u00f1ez<\/strong> &#8211; Universidad de Murcia.<br \/>\n<a href=\"https:\/\/ceca.mini.icom.museum\/wp-content\/uploads\/sites\/5\/2020\/01\/ICOMILAN_rhervas_web_final_1_02_1.pdf\" target=\"_blank\" rel=\"noopener\">El museo como espacio de desarrollo local. Una experiencia de participaci\u00f3n ciudadana.<\/a><\/p>\n<p><strong>2019<\/strong><br \/>\n<strong>Ricardo Rubiales Garc\u00eda Jurado<\/strong><br \/>\n<a href=\"http:\/\/network.icom.museum\/fileadmin\/user_upload\/minisites\/ceca\/Publications\/Recherche\/5_II_PRIX_CDT_RUBIALES_2019.pdf\" target=\"_blank\" rel=\"noopener\">M\u00e1s all\u00e1 de tus ojos, una posibilidad para la metacognici\u00f3n, el dise\u00f1o museogr\u00e1fico y el trabajo colaborativo.<\/a><\/p>\n<p><strong>&#8220;Menci\u00f3n de honor&#8221; 2019<\/strong> para otros 2 textos:<\/p>\n<ul>\n<li><strong>Mariel Carrubba y Leticia Orieta<\/strong>: \u201c<a href=\"https:\/\/ceca.mini.icom.museum\/wp-content\/uploads\/sites\/5\/2020\/02\/CDT-2019-Carrubba_Orieta_Estadisticas-de-Genero-1.pdf\" target=\"_blank\" rel=\"noopener\">CDT 2019 Carrubba Orieta Estadisticas de Genero-1<\/a>\u201d.<\/li>\n<li><strong>Mar\u00eda Paz Undurraga y Candela Arellano<\/strong>: \u201cVisitantes de museos chilenos: Hacia un primer diagn\u00f3stico nacional de p\u00fablicos de museos\u201d.<\/li>\n<\/ul>\n<p><strong>2020-2021<br \/>\n<\/strong><strong>Victoria Osete y Carlos Egio<\/strong>:<br \/>\n&#8220;Estudio de la relacion entre dos instituciones culturales y su entorno social en el barrio del Carmen de Murcia&#8221; &lt;<a href=\"https:\/\/ceca.mini.icom.museum\/wp-content\/uploads\/sites\/5\/2022\/11\/Estudio-Prix-CDT-2021.pdf\" target=\"_blank\" rel=\"noopener\">aqu\u00ed<\/a>&gt;<br \/>\n<span lang=\"fr-FR\"><strong>\u25ba<\/strong><\/span> <a href=\"https:\/\/ceca.mini.icom.museum\/wp-content\/uploads\/sites\/5\/2021\/09\/SPANISH_-Ganadores-del-Premio-Colette-Dufresne-2021.pdf\" target=\"_blank\" rel=\"noopener\">Ganadores y jurado<\/a><\/p>\n<p><strong>2023<br \/>\n<\/strong><strong>Monika Marina Alc\u00e1ntara<\/strong><br \/>\n&#8220;Let\u2019s Play. Gamification in Austrian museums. An Analysis of its Current Status in Educational Programming&#8221; &#8211; ICOM Austria \u00a0&lt;<a href=\"https:\/\/ceca.mini.icom.museum\/wp-content\/uploads\/sites\/5\/2025\/11\/2023-07-20_CDT_Gamification-in-Austrian-museums_Marina-Alcantara-Monika-1-1.pdf\" target=\"_blank\" rel=\"noopener\">aqui<\/a>&gt;<\/p>\n<p>Menci\u00f3n Honorable del Premio CECA Colette Dufresne-Tass\u00e9 2023<br \/>\n<strong>Cheung on Tam.<\/strong><br \/>\n&#8220;Creating connections: A study of the impact and effectiveness of a visual arts teacher-curator pedagogy&#8221; &#8211; ICOM China \u00a0&lt;<a href=\"https:\/\/ceca.mini.icom.museum\/wp-content\/uploads\/sites\/5\/2025\/11\/Dr.-Cheung-on-Tam_Virtual-Exhibitions-submission-to-CDT-Award-2023-7-23-1-1.pdf\" target=\"_blank\" rel=\"noopener\">aqui<\/a>&gt;<br \/>\n<span lang=\"fr-FR\"><strong>\u25ba<\/strong><\/span> <a href=\"https:\/\/ceca.mini.icom.museum\/wp-content\/uploads\/sites\/5\/2023\/07\/ESPA-ganadores-Recherche-CDT-2023.pdf\" target=\"_blank\" rel=\"noopener\">Ganadores y jurado<\/a><\/p>\n<p><strong>2024<br \/>\n<\/strong><strong>Ariadna Vargas Trejo<\/strong><br \/>\n\u201cLos c\u00edrculos de reflexi\u00f3n como estrategia de mediaci\u00f3n en la exposici\u00f3n \u201cLa antropolog\u00eda de las cosas\u201d. Una aportaci\u00f3n pr\u00e1ctica para la educaci\u00f3n en museos\u201d MiMuseo Universitario De La Salle &#8211; ICOM Mexico, Senior &lt;<a href=\"https:\/\/ceca.mini.icom.museum\/wp-content\/uploads\/sites\/5\/2025\/11\/Postulacion-PCDT-Ariadna-Vargas-Trejo-1-1.pdf\" target=\"_blank\" rel=\"noopener\">aqui<\/a>&gt;<\/p>\n<p><strong>Jessica BrodeFrank<\/strong><br \/>\n\u201cCrowdsourcing in Museums: Prioritizing Community Wisdom in an Artificial Intelligence World\u201d Chicago Collections Consortium &#8211; ICOM US, Junior \u00a0&lt;<a href=\"https:\/\/ceca.mini.icom.museum\/wp-content\/uploads\/sites\/5\/2025\/11\/Jessica-BrodeFrank_CECA-CDT-2024-Award_BrodeFrank_Edited-6-1.pdf\" target=\"_blank\" rel=\"noopener\">aqui<\/a>&gt;<br \/>\n<span lang=\"fr-FR\"><strong>\u25ba<\/strong><\/span> <a href=\"https:\/\/ceca.mini.icom.museum\/wp-content\/uploads\/sites\/5\/2024\/08\/Ganadoras-del-Premio-CECA-Colette-Dufresne-Tasse-2024-SPA.pdf\" target=\"_blank\" rel=\"noopener\">Ganadores y jurado<\/a><\/p>\n<p><strong>2025<\/strong><br \/>\n<strong>Carlos Cruz Florencia<\/strong> \u201cLevantar puentes, construir conversaciones Mediaci\u00f3n en el Museo Interactivo de Econom\u00eda (MIDE)\u201d Museo Interactivo de Econom\u00eda (MIDE) &#8211; ICOM Mexico Senior &lt;<a href=\"https:\/\/ceca.mini.icom.museum\/wp-content\/uploads\/sites\/5\/2025\/11\/2025_CDT_Carlos-CRuz-1.pdf\" target=\"_blank\" rel=\"noopener\">aqui<\/a>&gt;<\/p>\n<p><strong>Chiara Parisi y Lavinia Caffarelli<\/strong> \u201cR.I.S.E. &#8211; Reflect, Inspire, Sustain, Engage: museum collections and educational activities to address eco-anxiety and promote sustainable behaviour\u201d &#8211; ICOM Italy Junior\u00a0 &lt;<a href=\"https:\/\/ceca.mini.icom.museum\/wp-content\/uploads\/sites\/5\/2025\/11\/9_08_25_ParisiCaffarelli_RISE_Reflect-Inspire-Sustain-Engage-museum-collections-and-educational-activities-to-address-eco-anxiety-and-promote-sustainable-behaviour-1.pdf\" target=\"_blank\" rel=\"noopener\">aqui<\/a>&gt;<br \/>\n<span lang=\"fr-FR\"><strong>\u25ba<\/strong><\/span><a href=\"https:\/\/ceca.mini.icom.museum\/wp-content\/uploads\/sites\/5\/2024\/08\/Ganadoras-del-Premio-CECA-Colette-Dufresne-Tasse-2024-SPA.pdf\" target=\"_blank\" rel=\"noopener\">\u00a0<\/a><a href=\"https:\/\/ceca.mini.icom.museum\/wp-content\/uploads\/sites\/5\/2025\/08\/2025_RECHERCHE_ESPANOLdocx.pdf\" target=\"_blank\" rel=\"noopener\">Ganadores y jurado<\/a><\/p>\n<hr \/>\n<h5 style=\"text-align: center\"><strong>Premio Investigaci\u00f3n Colette Dufresne-Tass\u00e9 2025<\/strong><\/h5>\n<p style=\"text-align: center\"><img decoding=\"async\" loading=\"lazy\" class=\"alignnone wp-image-13525\" src=\"https:\/\/ceca.mini.icom.museum\/wp-content\/uploads\/sites\/5\/2025\/08\/Triptique-Recherche-Florencia-Parisi-Caffarelli-658px-300x97.jpg\" alt=\"\" width=\"400\" height=\"129\" srcset=\"https:\/\/ceca.mini.icom.museum\/wp-content\/uploads\/sites\/5\/2025\/08\/Triptique-Recherche-Florencia-Parisi-Caffarelli-658px-300x97.jpg 300w, https:\/\/ceca.mini.icom.museum\/wp-content\/uploads\/sites\/5\/2025\/08\/Triptique-Recherche-Florencia-Parisi-Caffarelli-658px.jpg 658w\" sizes=\"(max-width: 400px) 100vw, 400px\" \/><br \/>\nCarlos Cruz Florencia \/ Chiara Parisi y Lavinia Caffarelli<\/p>\n<h5 style=\"text-align: center\"><strong>Premio Investigaci\u00f3n Colette Dufresne-Tass\u00e9 2024<\/strong><\/h5>\n<p style=\"text-align: center\"><img decoding=\"async\" loading=\"lazy\" class=\"alignnone wp-image-11879\" src=\"https:\/\/ceca.mini.icom.museum\/wp-content\/uploads\/sites\/5\/2024\/08\/biptique-Vargas-BrodeFrank-600Rcadr-300x171.jpg\" alt=\"\" width=\"400\" height=\"228\" srcset=\"https:\/\/ceca.mini.icom.museum\/wp-content\/uploads\/sites\/5\/2024\/08\/biptique-Vargas-BrodeFrank-600Rcadr-300x171.jpg 300w, https:\/\/ceca.mini.icom.museum\/wp-content\/uploads\/sites\/5\/2024\/08\/biptique-Vargas-BrodeFrank-600Rcadr.jpg 612w\" sizes=\"(max-width: 400px) 100vw, 400px\" \/><br \/>\nAriadna Vargas Trejo \/ Jessica BrodeFrank<\/p>\n<h5 style=\"text-align: center\"><strong>Premio Investigaci\u00f3n Colette Dufresne-Tass\u00e9 2023<\/strong><\/h5>\n<p style=\"text-align: center\"><img decoding=\"async\" loading=\"lazy\" class=\"alignnone wp-image-10551\" src=\"https:\/\/ceca.mini.icom.museum\/wp-content\/uploads\/sites\/5\/2023\/07\/Recherche-CDT-Alcantara-Cheung-on-Tam-laureats-2023-300x161.jpg\" alt=\"\" width=\"400\" height=\"215\" srcset=\"https:\/\/ceca.mini.icom.museum\/wp-content\/uploads\/sites\/5\/2023\/07\/Recherche-CDT-Alcantara-Cheung-on-Tam-laureats-2023-300x161.jpg 300w, https:\/\/ceca.mini.icom.museum\/wp-content\/uploads\/sites\/5\/2023\/07\/Recherche-CDT-Alcantara-Cheung-on-Tam-laureats-2023.jpg 658w\" sizes=\"(max-width: 400px) 100vw, 400px\" \/><br \/>\nMonika Marina Alc\u00e1ntara y Cheung on Tam<\/p>\n<h5 style=\"text-align: center\"><strong>Premio Investigaci\u00f3n Colette Dufresne-Tass\u00e9 2020-2021<\/strong><\/h5>\n<p style=\"text-align: center\"><img decoding=\"async\" loading=\"lazy\" class=\"alignnone wp-image-7171\" src=\"https:\/\/ceca.mini.icom.museum\/wp-content\/uploads\/sites\/5\/2021\/10\/Victoria-Osete-Carlos-Egio-2021-prix-CDT-300x171.jpg\" alt=\"\" width=\"400\" height=\"229\" srcset=\"https:\/\/ceca.mini.icom.museum\/wp-content\/uploads\/sites\/5\/2021\/10\/Victoria-Osete-Carlos-Egio-2021-prix-CDT-300x171.jpg 300w, https:\/\/ceca.mini.icom.museum\/wp-content\/uploads\/sites\/5\/2021\/10\/Victoria-Osete-Carlos-Egio-2021-prix-CDT.jpg 700w\" sizes=\"(max-width: 400px) 100vw, 400px\" \/><br \/>\nVictoria Osete e Carlos Egio<\/p>\n<h5 style=\"text-align: center\"><strong>Premio Investigaci\u00f3n Colette Dufresne-Tass\u00e9\u00a02019 &#8211; Jurado<\/strong><\/h5>\n<p style=\"text-align: center\"><img decoding=\"async\" loading=\"lazy\" class=\"aligncenter wp-image-2448\" src=\"https:\/\/ceca.mini.icom.museum\/wp-content\/uploads\/sites\/5\/2019\/12\/Recherche-2019-laur\u00e9at-jury_01r.jpg\" alt=\"\" width=\"400\" height=\"410\" srcset=\"https:\/\/ceca.mini.icom.museum\/wp-content\/uploads\/sites\/5\/2019\/12\/Recherche-2019-laur\u00e9at-jury_01r.jpg 620w, https:\/\/ceca.mini.icom.museum\/wp-content\/uploads\/sites\/5\/2019\/12\/Recherche-2019-laur\u00e9at-jury_01r-293x300.jpg 293w\" sizes=\"(max-width: 400px) 100vw, 400px\" \/>Ricardo Rubiales Garc\u00eda Jurado ganador del premio Colette Dufresne-Tass\u00e9 2019 &#8211;<br \/>\nJurado : Rosa Maria Hervas Aviles, Colette Dufresne Tass\u00e9, Anne-Marie Emond<\/p>\n<p>&nbsp;<\/p>\n","protected":false},"excerpt":{"rendered":"<p>Concursar para el premio Colette Dufresne-Tass\u00e9 2026 Creado en 2015, el Premio Colette Dufresne-Tass\u00e9 tiene como objetivo estimular la investigaci\u00f3n entre los miembros del CECA. Descripci\u00f3n Este premio consiste en una contribuci\u00f3n de 500 euros para los gastos de alojamiento y el pago del derecho de inscripci\u00f3n del galardonado en la conferencia internacional anual del [&hellip;]<\/p>\n","protected":false},"author":1,"featured_media":0,"parent":146,"menu_order":3,"comment_status":"closed","ping_status":"closed","template":"","meta":{"footnotes":""},"yst_prominent_words":[1246,3837,3834,91,507,2276,2291,3832,3838,3142,1160,1157,3833,2281],"acf":[],"_links":{"self":[{"href":"https:\/\/ceca.mini.icom.museum\/es\/wp-json\/wp\/v2\/pages\/1010"}],"collection":[{"href":"https:\/\/ceca.mini.icom.museum\/es\/wp-json\/wp\/v2\/pages"}],"about":[{"href":"https:\/\/ceca.mini.icom.museum\/es\/wp-json\/wp\/v2\/types\/page"}],"author":[{"embeddable":true,"href":"https:\/\/ceca.mini.icom.museum\/es\/wp-json\/wp\/v2\/users\/1"}],"replies":[{"embeddable":true,"href":"https:\/\/ceca.mini.icom.museum\/es\/wp-json\/wp\/v2\/comments?post=1010"}],"version-history":[{"count":54,"href":"https:\/\/ceca.mini.icom.museum\/es\/wp-json\/wp\/v2\/pages\/1010\/revisions"}],"predecessor-version":[{"id":14372,"href":"https:\/\/ceca.mini.icom.museum\/es\/wp-json\/wp\/v2\/pages\/1010\/revisions\/14372"}],"up":[{"embeddable":true,"href":"https:\/\/ceca.mini.icom.museum\/es\/wp-json\/wp\/v2\/pages\/146"}],"wp:attachment":[{"href":"https:\/\/ceca.mini.icom.museum\/es\/wp-json\/wp\/v2\/media?parent=1010"}],"wp:term":[{"taxonomy":"yst_prominent_words","embeddable":true,"href":"https:\/\/ceca.mini.icom.museum\/es\/wp-json\/wp\/v2\/yst_prominent_words?post=1010"}],"curies":[{"name":"wp","href":"https:\/\/api.w.org\/{rel}","templated":true}]}}