{"id":1013,"date":"2018-12-18T15:22:21","date_gmt":"2018-12-18T15:22:21","guid":{"rendered":"http:\/\/ceca.icom.cust.oxymium.net\/premio-para-investigacion\/naturaleza-del-premio\/"},"modified":"2020-12-16T01:21:24","modified_gmt":"2020-12-16T01:21:24","slug":"naturaleza-del-premio","status":"publish","type":"page","link":"https:\/\/ceca.mini.icom.museum\/es\/premio-para-investigacion\/naturaleza-del-premio\/","title":{"rendered":"Presentar oralemente una investigaci\u00f3n"},"content":{"rendered":"<p><strong>Cada a\u00f1o, los miembros del CECA pueden presentar oralmente un informe de investigaci\u00f3n emp\u00edrica, hist\u00f3rica o te\u00f3rica ( comunicaci\u00f3n de investigaci\u00f3n) de 20 minutos<\/strong>. La fecha y c\u00f3mo enviarlo se encuentra en el sitio web del comit\u00e9.<\/p>\n<p><strong>Los trabajos de investigaci\u00f3n deben seguir la estructura siguiente:<\/strong><\/p>\n<p><strong>Investigaci\u00f3n emp\u00edrica<\/strong><\/p>\n<ol>\n<li>Justificaci\u00f3n de la observaci\u00f3n o el problema que motiv\u00f3 la investigaci\u00f3n.<\/li>\n<li>Las investigaciones y las teor\u00edas ya publicadas sobre el tema.<\/li>\n<li>La (s) pregunta (s) o hip\u00f3tesis que gu\u00edan qu\u00e9 informaci\u00f3n es necesario obtener.<\/li>\n<li>\u00a0La muestra (o poblaci\u00f3n) su descripci\u00f3n y su justificaci\u00f3n (por qu\u00e9 se ha seleccionado dicha muestra).<\/li>\n<li>Los instrumentos utilizados, su descripci\u00f3n y su justificaci\u00f3n.<\/li>\n<li>De qu\u00e9 forma se ha analizado la informaci\u00f3n obtenida.<\/li>\n<li>Los resultados, su descripci\u00f3n, su importancia y lo que aportan a la educaci\u00f3n muse\u00edstica, la acci\u00f3n cultural o la museolog\u00eda.<\/li>\n<li>La sugerencia de nuevas l\u00edneas de investigaci\u00f3n.<\/li>\n<li>La lista completa de las obras o art\u00edculos citados siguiendo las normas APA\u00a0 (<a href=\"http:\/\/ceca.mini.icom.museum\/wp-content\/uploads\/sites\/5\/2020\/12\/Guia-Normas-APA-7ma-edicion.pdf\" target=\"_blank\" rel=\"noopener\">normas APA edicion 7<\/a>).<\/li>\n<\/ol>\n<p><strong>Trabajos de investigaci\u00f3n hist\u00f3rica<\/strong><\/p>\n<ol>\n<li>El estado actual del tema estudiado a partir de las publicaciones existentes;<\/li>\n<li>La redacci\u00f3n de una o m\u00e1s preguntas de investigaci\u00f3n;<\/li>\n<li>La definici\u00f3n de los principales conceptos utilizados;<\/li>\n<li>Identificaci\u00f3n de las fuentes primarias y secundarias utilizadas;<\/li>\n<li>Los resultados de su estudio, que permiten, entre otras cosas,<br \/>\n&#8211; stablecer un hecho o hechos;<br \/>\n&#8211; describirlo(s);<br \/>\n&#8211; explicarlo(s), es decir, identificar la(s) causa(s);<br \/>\n&#8211; obtener consecuencias;<br \/>\n&#8211; ponerlos en un contexto m\u00e1s amplio;<\/li>\n<li>La contribuci\u00f3n de los resultados a la educaci\u00f3n muse\u00edstica, a la acci\u00f3n cultural o a la museolog\u00eda;<\/li>\n<li>Sugerencias para nuevas v\u00edas de investigaci\u00f3n;<\/li>\n<li>Lista completa de libros o art\u00edculos citados (Ver normas APA).<\/li>\n<\/ol>\n<p><strong>Trabajos de investigaci\u00f3n te\u00f3rica<\/strong><\/p>\n<ol>\n<li>Justificaci\u00f3n de la observaci\u00f3n, cuesti\u00f3n o problema que motiv\u00f3 la investigaci\u00f3n.<\/li>\n<li>Una s\u00edntesis de los textos ya publicados sobre el tema, lo que aportan y sus carencias.<\/li>\n<li>El enfoque utilizado para responder a la pregunta o para encontrar una soluci\u00f3n al problema.<\/li>\n<li>La culminaci\u00f3n del proceso y lo que aporta a la educaci\u00f3n muse\u00edstica, a la acci\u00f3n cultural o a la museolog\u00eda.<\/li>\n<li>La sugerencia de nuevas l\u00edneas de investigaci\u00f3n.<\/li>\n<li>La lista completa de las obras o art\u00edculos citados siguiendo las normas APA.<\/li>\n<\/ol>\n<p><strong>Nota<\/strong>: una investigaci\u00f3n te\u00f3rica no es simplemente una revisi\u00f3n de publicaciones o una presentaci\u00f3n de una opini\u00f3n o una posici\u00f3n personal.<\/p>\n<p>&nbsp;<\/p>\n","protected":false},"excerpt":{"rendered":"<p>Cada a\u00f1o, los miembros del CECA pueden presentar oralmente un informe de investigaci\u00f3n emp\u00edrica, hist\u00f3rica o te\u00f3rica ( comunicaci\u00f3n de investigaci\u00f3n) de 20 minutos. La fecha y c\u00f3mo enviarlo se encuentra en el sitio web del comit\u00e9. Los trabajos de investigaci\u00f3n deben seguir la estructura siguiente: Investigaci\u00f3n emp\u00edrica Justificaci\u00f3n de la observaci\u00f3n o el problema [&hellip;]<\/p>\n","protected":false},"author":1,"featured_media":0,"parent":146,"menu_order":2,"comment_status":"closed","ping_status":"closed","template":"","meta":{"footnotes":""},"yst_prominent_words":[2248,2214,2215,2209,1429,2210,2206,2246,2216,2245,2207,2204,2211,2208,2247,2213,2212,3857,3835,2205],"acf":[],"_links":{"self":[{"href":"https:\/\/ceca.mini.icom.museum\/es\/wp-json\/wp\/v2\/pages\/1013"}],"collection":[{"href":"https:\/\/ceca.mini.icom.museum\/es\/wp-json\/wp\/v2\/pages"}],"about":[{"href":"https:\/\/ceca.mini.icom.museum\/es\/wp-json\/wp\/v2\/types\/page"}],"author":[{"embeddable":true,"href":"https:\/\/ceca.mini.icom.museum\/es\/wp-json\/wp\/v2\/users\/1"}],"replies":[{"embeddable":true,"href":"https:\/\/ceca.mini.icom.museum\/es\/wp-json\/wp\/v2\/comments?post=1013"}],"version-history":[{"count":9,"href":"https:\/\/ceca.mini.icom.museum\/es\/wp-json\/wp\/v2\/pages\/1013\/revisions"}],"predecessor-version":[{"id":6011,"href":"https:\/\/ceca.mini.icom.museum\/es\/wp-json\/wp\/v2\/pages\/1013\/revisions\/6011"}],"up":[{"embeddable":true,"href":"https:\/\/ceca.mini.icom.museum\/es\/wp-json\/wp\/v2\/pages\/146"}],"wp:attachment":[{"href":"https:\/\/ceca.mini.icom.museum\/es\/wp-json\/wp\/v2\/media?parent=1013"}],"wp:term":[{"taxonomy":"yst_prominent_words","embeddable":true,"href":"https:\/\/ceca.mini.icom.museum\/es\/wp-json\/wp\/v2\/yst_prominent_words?post=1013"}],"curies":[{"name":"wp","href":"https:\/\/api.w.org\/{rel}","templated":true}]}}