{"id":1016,"date":"2018-12-18T15:22:24","date_gmt":"2018-12-18T15:22:24","guid":{"rendered":"http:\/\/ceca.icom.cust.oxymium.net\/beca-de-viaje\/beca-2018\/"},"modified":"2026-02-24T11:43:30","modified_gmt":"2026-02-24T11:43:30","slug":"beca-2019","status":"publish","type":"page","link":"https:\/\/ceca.mini.icom.museum\/es\/red-de-jovenes-miembros\/beca-2019\/","title":{"rendered":"Premio Miembros J\u00f3venes."},"content":{"rendered":"<h2>Premio Miembro Joven 2026<\/h2>\n<p>Criterios y directrices para la presentaci\u00f3n del v\u00eddeo del Premio Miembro Joven.<\/p>\n<p><strong>Qui\u00e9n puede presentarse:<\/strong><\/p>\n<ul>\n<li>Miembros j\u00f3venes del ICOM-CECA menores de 36 a\u00f1os<\/li>\n<li>Que hayan asistido al menos a dos reuniones del grupo de Miembros J\u00f3venes<\/li>\n<\/ul>\n<p><strong>Fecha l\u00edmite de presentaci\u00f3n:<\/strong> 4 de mayo de 2026<\/p>\n<p>Un mes despu\u00e9s de recibir la notificaci\u00f3n, env\u00ede una fotocopia del documento de viaje<br \/>\n(avi\u00f3n, tren o autob\u00fas) a<br \/>\n<strong>cecaymawards[at]gmail.com<\/strong>.<\/p>\n<p><strong>Qu\u00e9 presentar:<\/strong><\/p>\n<ul>\n<li>Un v\u00eddeo sobre educaci\u00f3n muse\u00edstica en el que haya trabajado.<\/li>\n<li>El v\u00eddeo debe tratar sobre <strong>un solo<\/strong> programa o iniciativa.<\/li>\n<li>El programa debe contribuir a la pr\u00e1ctica del desarrollo sostenible<br \/>\nen la educaci\u00f3n muse\u00edstica y la participaci\u00f3n de los visitantes.<\/li>\n<\/ul>\n<p><strong>C\u00f3mo presentar el v\u00eddeo:<\/strong><br \/>\nEnviar por WeTransfer o correo electr\u00f3nico a<br \/>\n<strong>cecaymawards[at]gmail.com<\/strong>.<\/p>\n<p><strong>Condiciones para la presentaci\u00f3n:<\/strong><\/p>\n<ul>\n<li>Formato MP4, horizontal 16:9<\/li>\n<li>Duraci\u00f3n m\u00e1xima: 5 minutos<\/li>\n<li>Sonido claro, sin ruidos de fondo<\/li>\n<li>El v\u00eddeo debe estar presentado y subtitulado en al menos una de las lenguas oficiales del ICOM.<br \/>\nSi se presenta en otra lengua, los subt\u00edtulos deben ser en ingl\u00e9s, franc\u00e9s o espa\u00f1ol.<br \/>\nSi se presenta en una lengua del ICOM, los subt\u00edtulos deben ser en una de las otras dos.<\/li>\n<li>Las im\u00e1genes o v\u00eddeos pueden apoyar la presentaci\u00f3n<\/li>\n<\/ul>\n<p><strong>Tema :<\/strong> Pr\u00e1cticas de desarrollo sostenible en la educaci\u00f3n muse\u00edstica<br \/>\ny la participaci\u00f3n del p\u00fablico<\/p>\n<p>El proyecto contribuye de forma sostenible a una de las siguientes tres categor\u00edas:<\/p>\n<ul>\n<li>Vinculaci\u00f3n social y desarrollo personal<\/li>\n<li>Medio ambiente y entorno local<\/li>\n<li>Conservaci\u00f3n y gesti\u00f3n del patrimonio<\/li>\n<\/ul>\n<p><strong>Contenido del v\u00eddeo:<\/strong><\/p>\n<p><strong>Informaci\u00f3n general del museo:<\/strong><\/p>\n<ul>\n<li>Tipo de museo, tipo de colecci\u00f3n(es), visi\u00f3n y misi\u00f3n<\/li>\n<li>Justificaci\u00f3n para desarrollar el programa<\/li>\n<li>P\u00fablico destinatario<\/li>\n<\/ul>\n<p><strong>Relevancia del proyecto:<\/strong><\/p>\n<ul>\n<li>Relevancia institucional (misi\u00f3n, estrategias, planes)<\/li>\n<li>Relevancia cient\u00edfica (colecciones e historias)<\/li>\n<li>Valor social y relaci\u00f3n con el p\u00fablico<\/li>\n<\/ul>\n<p><strong>Contenido del proyecto:<\/strong> \u00bfDe qu\u00e9 trata el proyecto?<\/p>\n<p><strong>Desaf\u00edos :<\/strong> \u00bfCu\u00e1les fueron los retos y c\u00f3mo se dar\u00e1 continuidad al proyecto?<\/p>\n<p><strong>Rol personal :<\/strong> Explique su papel personal en el desarrollo o la gesti\u00f3n del programa.<\/p>\n<p>Si tienes alguna pregunta sobre estas directrices,<br \/>\ntr\u00e1ela a la pr\u00f3xima reuni\u00f3n de Miembros J\u00f3venes.<\/p>\n<p>&lt;<a href=\"https:\/\/ceca.mini.icom.museum\/wp-content\/uploads\/sites\/5\/2025\/10\/ES_Pautas-Premio-Miembros-Jovenes.pdf\" target=\"_blank\" rel=\"noopener\"><strong>Modalidades<\/strong><\/a>&gt;<\/p>\n<hr \/>\n<p><strong>\u25ba\u25ba Ganador 2025<\/strong><\/p>\n<p><img decoding=\"async\" loading=\"lazy\" class=\"alignright wp-image-13616\" src=\"https:\/\/ceca.mini.icom.museum\/wp-content\/uploads\/sites\/5\/2025\/09\/Arthur-Jorgensen-winner-Young-Members-Award-2025-300pxR-cadre-220x300.jpg\" alt=\"\" width=\"150\" height=\"204\" srcset=\"https:\/\/ceca.mini.icom.museum\/wp-content\/uploads\/sites\/5\/2025\/09\/Arthur-Jorgensen-winner-Young-Members-Award-2025-300pxR-cadre-220x300.jpg 220w, https:\/\/ceca.mini.icom.museum\/wp-content\/uploads\/sites\/5\/2025\/09\/Arthur-Jorgensen-winner-Young-Members-Award-2025-300pxR-cadre.jpg 312w\" sizes=\"(max-width: 150px) 100vw, 150px\" \/><br \/>\n<strong>Arthur J\u00f8rgensen<\/strong>, proyecto \u00abMinor\u00edas: visibilidad y perspectiva\u00bb. Universidad de Aarhus, Dinamarca.<\/p>\n<p>Este proyecto es un curso educativo para estudiantes de entre 12 y 16 a\u00f1os que explora la historia y las experiencias vividas por tres grupos minoritarios: personas con discapacidad, personas LGBTQ+ y minor\u00edas \u00e9tnicas. Nuestro objetivo es reforzar la conciencia hist\u00f3rica de los estudiantes, al tiempo que promovemos la reflexi\u00f3n, el reconocimiento y la autocomprensi\u00f3n durante sus a\u00f1os de formaci\u00f3n.<\/p>\n<p><strong>Otras personas participantes 2025<\/strong><\/p>\n<ul>\n<li>Ana Carolina Vicente (Brasil)<\/li>\n<li>Binderiya Munkhbat (Mongolia)<\/li>\n<li>Elena Carta (Italia)<\/li>\n<li>Juhi Sadiya (India)<\/li>\n<li>Justine Grethen (Francia)<\/li>\n<\/ul>\n<p><a href=\"https:\/\/drive.google.com\/drive\/folders\/1h-G9OwaTYsz84-HmxSQDfo_RyGsegBRI?hl=nl\" target=\"_blank\" rel=\"noopener\"><strong>Ver todos los v\u00eddeos<\/strong><br \/>\n<\/a><\/p>\n<hr \/>\n<p><strong>Ganadora 2024<\/strong><\/p>\n<p><strong>Adriana Palafox<\/strong>, de M\u00e9xico.<br \/>\n<strong>\u00bfPo<\/strong><img decoding=\"async\" loading=\"lazy\" class=\"alignright wp-image-11978\" src=\"https:\/\/ceca.mini.icom.museum\/wp-content\/uploads\/sites\/5\/2024\/10\/Adriana-Palafox-Argaiz-JM_-2024-08-13-cadre-site-300x226.jpeg\" alt=\"\" width=\"150\" height=\"113\" srcset=\"https:\/\/ceca.mini.icom.museum\/wp-content\/uploads\/sites\/5\/2024\/10\/Adriana-Palafox-Argaiz-JM_-2024-08-13-cadre-site-300x226.jpeg 300w, https:\/\/ceca.mini.icom.museum\/wp-content\/uploads\/sites\/5\/2024\/10\/Adriana-Palafox-Argaiz-JM_-2024-08-13-cadre-site.jpeg 487w\" sizes=\"(max-width: 150px) 100vw, 150px\" \/><strong>r qu\u00e9 ha ganado ella?<\/strong><br \/>\nEl v\u00eddeo nos muestra lo importante que es el desarrollo personal para alcanzar objetivos comunes. El taller ayuda a garantizar determinados procesos dentro de la organizaci\u00f3n para la conservaci\u00f3n de la colecci\u00f3n y, por tanto, del conocimiento para las generaciones futuras.<\/p>\n<hr \/>\n<p><strong>Los 3 ganadores 2023:<\/strong><\/p>\n<ol>\n<li>\n<h4><img decoding=\"async\" loading=\"lazy\" class=\"wp-image-10696 alignright\" src=\"https:\/\/ceca.mini.icom.museum\/wp-content\/uploads\/sites\/5\/2023\/09\/Triptique-laureats-video-YM-2023-700R-300x300.jpg\" alt=\"\" width=\"150\" height=\"150\" srcset=\"https:\/\/ceca.mini.icom.museum\/wp-content\/uploads\/sites\/5\/2023\/09\/Triptique-laureats-video-YM-2023-700R-300x300.jpg 300w, https:\/\/ceca.mini.icom.museum\/wp-content\/uploads\/sites\/5\/2023\/09\/Triptique-laureats-video-YM-2023-700R-150x150.jpg 150w, https:\/\/ceca.mini.icom.museum\/wp-content\/uploads\/sites\/5\/2023\/09\/Triptique-laureats-video-YM-2023-700R.jpg 700w\" sizes=\"(max-width: 150px) 100vw, 150px\" \/><\/h4>\n<p>Primer puesto: Muminur Rashid, Museo Nacional de Ciencia y Tecnolog\u00eda(NMST), Bangladesh.<\/li>\n<li>Segundo puesto: Clare Murray, cARTie, museo de arte en autob\u00fas, EE.UU.<\/li>\n<li>Tercer puesto: Johanna Palmeyro, profesional de museos (Argentina) en cocreaci\u00f3n con el Museo de Arte de Singapur.<\/li>\n<\/ol>\n<p>&lt;<a href=\"https:\/\/ceca.mini.icom.museum\/wp-content\/uploads\/sites\/5\/2023\/09\/Video-awards-2023.pdf\" target=\"_blank\" rel=\"noopener\">3 ganadores 2023<\/a>&gt;<\/p>\n<p style=\"text-align: center\"><strong>V\u00eddeo del primero premio: Ganador Muminur Rashid<\/strong><\/p>\n<p style=\"text-align: center\"><iframe loading=\"lazy\" title=\"1er prix 2023 ceca JM MuminurRashid NMSTBangladesh 961Mo\" width=\"500\" height=\"281\" src=\"https:\/\/www.youtube.com\/embed\/tICqDkanvac?feature=oembed\" frameborder=\"0\" allow=\"accelerometer; autoplay; clipboard-write; encrypted-media; gyroscope; picture-in-picture; web-share\" referrerpolicy=\"strict-origin-when-cross-origin\" allowfullscreen><\/iframe><\/p>\n<p style=\"text-align: center\">Museo Nacional de Ciencia y Tecnolog\u00eda (NMST), Bangladesh.<\/p>\n<p>&nbsp;<\/p>\n<p>&nbsp;<\/p>\n","protected":false},"excerpt":{"rendered":"<p>Premio Miembro Joven 2026 Criterios y directrices para la presentaci\u00f3n del v\u00eddeo del Premio Miembro Joven. Qui\u00e9n puede presentarse: Miembros j\u00f3venes del ICOM-CECA menores de 36 a\u00f1os Que hayan asistido al menos a dos reuniones del grupo de Miembros J\u00f3venes Fecha l\u00edmite de presentaci\u00f3n: 4 de mayo de 2026 Un mes despu\u00e9s de recibir la [&hellip;]<\/p>\n","protected":false},"author":1,"featured_media":0,"parent":149,"menu_order":1,"comment_status":"closed","ping_status":"closed","template":"","meta":{"footnotes":""},"yst_prominent_words":[2018],"acf":[],"_links":{"self":[{"href":"https:\/\/ceca.mini.icom.museum\/es\/wp-json\/wp\/v2\/pages\/1016"}],"collection":[{"href":"https:\/\/ceca.mini.icom.museum\/es\/wp-json\/wp\/v2\/pages"}],"about":[{"href":"https:\/\/ceca.mini.icom.museum\/es\/wp-json\/wp\/v2\/types\/page"}],"author":[{"embeddable":true,"href":"https:\/\/ceca.mini.icom.museum\/es\/wp-json\/wp\/v2\/users\/1"}],"replies":[{"embeddable":true,"href":"https:\/\/ceca.mini.icom.museum\/es\/wp-json\/wp\/v2\/comments?post=1016"}],"version-history":[{"count":32,"href":"https:\/\/ceca.mini.icom.museum\/es\/wp-json\/wp\/v2\/pages\/1016\/revisions"}],"predecessor-version":[{"id":14547,"href":"https:\/\/ceca.mini.icom.museum\/es\/wp-json\/wp\/v2\/pages\/1016\/revisions\/14547"}],"up":[{"embeddable":true,"href":"https:\/\/ceca.mini.icom.museum\/es\/wp-json\/wp\/v2\/pages\/149"}],"wp:attachment":[{"href":"https:\/\/ceca.mini.icom.museum\/es\/wp-json\/wp\/v2\/media?parent=1016"}],"wp:term":[{"taxonomy":"yst_prominent_words","embeddable":true,"href":"https:\/\/ceca.mini.icom.museum\/es\/wp-json\/wp\/v2\/yst_prominent_words?post=1016"}],"curies":[{"name":"wp","href":"https:\/\/api.w.org\/{rel}","templated":true}]}}