{"id":11673,"date":"2024-03-26T21:11:11","date_gmt":"2024-03-26T21:11:11","guid":{"rendered":"https:\/\/ceca.mini.icom.museum\/?page_id=11673"},"modified":"2024-03-26T21:11:11","modified_gmt":"2024-03-26T21:11:11","slug":"xv-encuentro-nacional-del-ceca-argentina-ceca-icomarg","status":"publish","type":"page","link":"https:\/\/ceca.mini.icom.museum\/es\/xv-encuentro-nacional-del-ceca-argentina-ceca-icomarg\/","title":{"rendered":"XV Encuentro Nacional del CECA Argentina Ceca Icomarg"},"content":{"rendered":"<p><img decoding=\"async\" loading=\"lazy\" class=\"alignnone size-medium wp-image-11677\" src=\"https:\/\/ceca.mini.icom.museum\/wp-content\/uploads\/sites\/5\/2024\/03\/visuel-rencontres-CECA-Argentine-sept-26-28-2024-web620px-300x206.jpg\" alt=\"\" width=\"300\" height=\"206\" srcset=\"https:\/\/ceca.mini.icom.museum\/wp-content\/uploads\/sites\/5\/2024\/03\/visuel-rencontres-CECA-Argentine-sept-26-28-2024-web620px-300x206.jpg 300w, https:\/\/ceca.mini.icom.museum\/wp-content\/uploads\/sites\/5\/2024\/03\/visuel-rencontres-CECA-Argentine-sept-26-28-2024-web620px.jpg 620w\" sizes=\"(max-width: 300px) 100vw, 300px\" \/><\/p>\n<p><strong>llega el XV Encuentro Nacional del CECA Argentina<\/strong> Ceca Icomarg y el X en Formaci\u00f3n de Educadores\/as de Museos, a desarrollarse <strong>en el Museo Nacional De Bellas Artes De Neuquen del 26 al 28 de septiembre.<\/strong><\/p>\n<p>Este a\u00f1o, bajo el <strong>t\u00edtulo &#8220;Educaci\u00f3n e Investigaci\u00f3n: la verdadera transformaci\u00f3n en los museos&#8221;<\/strong>, aludiendo al lema por el D\u00eda Internacional de Museos del International Council of Museums &#8211; ICOM.<\/p>\n<p>Distintas l\u00edneas tem\u00e1ticas y modalidades de presentaci\u00f3n nos acompa\u00f1ar\u00e1n para que puedas sumarte.<br \/>\nAdjunto la primera comunicaci\u00f3n &lt;<a href=\"https:\/\/ceca.mini.icom.museum\/wp-content\/uploads\/sites\/5\/2024\/03\/Primera-Comunicacion-CECA-Argentina-en-Neuquen-2024.pdf\" target=\"_blank\" rel=\"noopener\">aqu\u00ed<\/a>&gt;.<\/p>\n<p><strong>Destinatarios:<\/strong><\/p>\n<ul>\n<li>\u00a0Integrantes de las \u00e1reas educativas de los museos<\/li>\n<li>Profesionales de los distintos \u00e1mbitos muse\u00edsticos<\/li>\n<li>Investigadores, acad\u00e9micos, docentes y estudiantes del campo museogr\u00e1fico y museol\u00f3gico<\/li>\n<li>Trabajadores del \u00e1rea de turismo y gu\u00edas que se vinculan con los museos<\/li>\n<\/ul>\n<p>Les comparto el Formulario de Inscripci\u00f3n: <a href=\"https:\/\/forms.gle\/y2af69tS8rpuG42y9\" target=\"_blank\" rel=\"noopener\">https:\/\/forms.gle\/y2af69tS8rpuG42y9<\/a><\/p>\n<p>El Comit\u00e9 Organizador lo conforman: Giselle Calamita, Amadeo Laurin, Silvana M. Lovay, Alicia Martin, Natalia Michelini.<\/p>\n<p><strong>Para m\u00e1s informaci\u00f3n, escribir a:<\/strong><br \/>\n\ud83d\udc49argentinaceca[at]gmail.com<br \/>\n\ud83d\udc49mnbaneuquen[at]muninqn.gov.ar<\/p>\n<p><img decoding=\"async\" loading=\"lazy\" class=\"aligncenter wp-image-11681\" src=\"https:\/\/ceca.mini.icom.museum\/wp-content\/uploads\/sites\/5\/2024\/03\/montage-x-4-MNBA-1000px-300x44.jpg\" alt=\"\" width=\"600\" height=\"88\" srcset=\"https:\/\/ceca.mini.icom.museum\/wp-content\/uploads\/sites\/5\/2024\/03\/montage-x-4-MNBA-1000px-300x44.jpg 300w, https:\/\/ceca.mini.icom.museum\/wp-content\/uploads\/sites\/5\/2024\/03\/montage-x-4-MNBA-1000px-768x112.jpg 768w, https:\/\/ceca.mini.icom.museum\/wp-content\/uploads\/sites\/5\/2024\/03\/montage-x-4-MNBA-1000px.jpg 1000w\" sizes=\"(max-width: 600px) 100vw, 600px\" \/><\/p>\n<p><img decoding=\"async\" loading=\"lazy\" class=\"aligncenter wp-image-11685\" src=\"https:\/\/ceca.mini.icom.museum\/wp-content\/uploads\/sites\/5\/2024\/03\/montage-x-5-MNBA-700px-300x69.jpg\" alt=\"\" width=\"600\" height=\"139\" srcset=\"https:\/\/ceca.mini.icom.museum\/wp-content\/uploads\/sites\/5\/2024\/03\/montage-x-5-MNBA-700px-300x69.jpg 300w, https:\/\/ceca.mini.icom.museum\/wp-content\/uploads\/sites\/5\/2024\/03\/montage-x-5-MNBA-700px.jpg 700w\" sizes=\"(max-width: 600px) 100vw, 600px\" \/><\/p>\n<p>&nbsp;<\/p>\n","protected":false},"excerpt":{"rendered":"<p>llega el XV Encuentro Nacional del CECA Argentina Ceca Icomarg y el X en Formaci\u00f3n de Educadores\/as de Museos, a desarrollarse en el Museo Nacional De Bellas Artes De Neuquen del 26 al 28 de septiembre. Este a\u00f1o, bajo el t\u00edtulo &#8220;Educaci\u00f3n e Investigaci\u00f3n: la verdadera transformaci\u00f3n en los museos&#8221;, aludiendo al lema por el [&hellip;]<\/p>\n","protected":false},"author":31,"featured_media":11677,"parent":0,"menu_order":0,"comment_status":"closed","ping_status":"closed","template":"","meta":{"footnotes":""},"yst_prominent_words":[869,42,277,123,126,591,289,286,291,320,2609,288,1305,301,2582],"acf":[],"_links":{"self":[{"href":"https:\/\/ceca.mini.icom.museum\/es\/wp-json\/wp\/v2\/pages\/11673"}],"collection":[{"href":"https:\/\/ceca.mini.icom.museum\/es\/wp-json\/wp\/v2\/pages"}],"about":[{"href":"https:\/\/ceca.mini.icom.museum\/es\/wp-json\/wp\/v2\/types\/page"}],"author":[{"embeddable":true,"href":"https:\/\/ceca.mini.icom.museum\/es\/wp-json\/wp\/v2\/users\/31"}],"replies":[{"embeddable":true,"href":"https:\/\/ceca.mini.icom.museum\/es\/wp-json\/wp\/v2\/comments?post=11673"}],"version-history":[{"count":5,"href":"https:\/\/ceca.mini.icom.museum\/es\/wp-json\/wp\/v2\/pages\/11673\/revisions"}],"predecessor-version":[{"id":11692,"href":"https:\/\/ceca.mini.icom.museum\/es\/wp-json\/wp\/v2\/pages\/11673\/revisions\/11692"}],"wp:featuredmedia":[{"embeddable":true,"href":"https:\/\/ceca.mini.icom.museum\/es\/wp-json\/wp\/v2\/media\/11677"}],"wp:attachment":[{"href":"https:\/\/ceca.mini.icom.museum\/es\/wp-json\/wp\/v2\/media?parent=11673"}],"wp:term":[{"taxonomy":"yst_prominent_words","embeddable":true,"href":"https:\/\/ceca.mini.icom.museum\/es\/wp-json\/wp\/v2\/yst_prominent_words?post=11673"}],"curies":[{"name":"wp","href":"https:\/\/api.w.org\/{rel}","templated":true}]}}