{"id":152,"date":"2018-12-18T15:18:09","date_gmt":"2018-12-18T15:18:09","guid":{"rendered":"http:\/\/ceca.icom.cust.oxymium.net\/sobre\/que-es-ceca\/"},"modified":"2019-12-10T15:44:51","modified_gmt":"2019-12-10T15:44:51","slug":"que-es-ceca","status":"publish","type":"page","link":"https:\/\/ceca.mini.icom.museum\/es\/sobre-nosotros\/que-es-ceca\/","title":{"rendered":"\u00bfQu\u00e9 es ICOM CECA?"},"content":{"rendered":"<p><img decoding=\"async\" loading=\"lazy\" class=\"aligncenter wp-image-2727 size-full\" src=\"http:\/\/ceca.mini.icom.museum\/wp-content\/uploads\/sites\/5\/2019\/12\/publications_montage_2.jpg\" alt=\"\" width=\"754\" height=\"218\" srcset=\"https:\/\/ceca.mini.icom.museum\/wp-content\/uploads\/sites\/5\/2019\/12\/publications_montage_2.jpg 754w, https:\/\/ceca.mini.icom.museum\/wp-content\/uploads\/sites\/5\/2019\/12\/publications_montage_2-300x87.jpg 300w\" sizes=\"(max-width: 754px) 100vw, 754px\" \/><\/p>\n<p class=\"chapeau\"><a href=\"https:\/\/icom.museum\/es\/\" target=\"_blank\" rel=\"noopener\"><strong>El Consejo Internacional de Museos(ICOM)<\/strong><\/a> es una organizaci\u00f3n no gubernamental de profesionales de museos con el objetivo de intercambiar informaci\u00f3n cient\u00edfica a nivel internacional, desarrollar est\u00e1ndares profesionales, adoptar reglas y recomendaciones e implementar proyectos de colaboraci\u00f3n. Fundado en 1946, el ICOM tiene unos 30.000 miembros de 137 pa\u00edses, incluidos 117 comit\u00e9s nacionales y 31 comit\u00e9s internacionales. Cada Comit\u00e9 Internacional est\u00e1 dedicado al estudio de un tipo particular de museo o disciplina de museo.<\/p>\n<p class=\"chapeau\"><strong>Uno de estos comit\u00e9s internacionales es el CECA<\/strong>, el Comit\u00e9 de Educaci\u00f3n y Acci\u00f3n Cultural.Con m\u00e1s de 1.500 miembros procedentes de unos 85 pa\u00edses, el CECA es tambi\u00e9n uno de los mayores comit\u00e9s del ICOM. Sus miembros son profesionales que trabajan en diversos sectores del campo de los museos o en instituciones relacionadas con este espacio y que est\u00e1n interesados en la investigaci\u00f3n y la pr\u00e1ctica en el \u00e1rea de la educaci\u00f3n (muse\u00edstica), el apoyo al p\u00fablico y la participaci\u00f3n.<\/p>\n<p>&nbsp;<\/p>\n<div class=\"tx-hporelatedlink-pi1\">\n<hr \/>\n<\/div>\n<div id=\"c2620\" class=\"csc-default\">\n<div class=\"contentImage fullW\"><img decoding=\"async\" class=\"alignleft\" src=\"http:\/\/network.icom.museum\/typo3temp\/pics\/9b74e29960.jpg\" alt=\"La Conferencia Anual 2019\" \/><strong>La Conferencia Anual<br \/>\n<\/strong>La conferencia anual es el mayor evento del CECA en el a\u00f1o. Se lleva a cabo cada a\u00f1o en un lugar diferente del mundo. (Foto: 2019, Kyoto)<\/p>\n<div class=\"clL\"><\/div>\n<\/div>\n<div class=\"tx-hporelatedlink-pi1\">\n<hr \/>\n<\/div>\n<\/div>\n<div id=\"c2618\" class=\"csc-default\">\n<p class=\"bodytext\">\n<\/div>\n","protected":false},"excerpt":{"rendered":"<p>El Consejo Internacional de Museos(ICOM) es una organizaci\u00f3n no gubernamental de profesionales de museos con el objetivo de intercambiar informaci\u00f3n cient\u00edfica a nivel internacional, desarrollar est\u00e1ndares profesionales, adoptar reglas y recomendaciones e implementar proyectos de colaboraci\u00f3n. Fundado en 1946, el ICOM tiene unos 30.000 miembros de 137 pa\u00edses, incluidos 117 comit\u00e9s nacionales y 31 comit\u00e9s [&hellip;]<\/p>\n","protected":false},"author":1,"featured_media":0,"parent":4153,"menu_order":1,"comment_status":"closed","ping_status":"closed","template":"","meta":{"footnotes":""},"yst_prominent_words":[1752,1395,1740,979,1742,123,1396,591,289,1398,1744,354,1400,1397,1401,1741,1746,92,120,1402,816,1399],"acf":[],"_links":{"self":[{"href":"https:\/\/ceca.mini.icom.museum\/es\/wp-json\/wp\/v2\/pages\/152"}],"collection":[{"href":"https:\/\/ceca.mini.icom.museum\/es\/wp-json\/wp\/v2\/pages"}],"about":[{"href":"https:\/\/ceca.mini.icom.museum\/es\/wp-json\/wp\/v2\/types\/page"}],"author":[{"embeddable":true,"href":"https:\/\/ceca.mini.icom.museum\/es\/wp-json\/wp\/v2\/users\/1"}],"replies":[{"embeddable":true,"href":"https:\/\/ceca.mini.icom.museum\/es\/wp-json\/wp\/v2\/comments?post=152"}],"version-history":[{"count":10,"href":"https:\/\/ceca.mini.icom.museum\/es\/wp-json\/wp\/v2\/pages\/152\/revisions"}],"predecessor-version":[{"id":2730,"href":"https:\/\/ceca.mini.icom.museum\/es\/wp-json\/wp\/v2\/pages\/152\/revisions\/2730"}],"up":[{"embeddable":true,"href":"https:\/\/ceca.mini.icom.museum\/es\/wp-json\/wp\/v2\/pages\/4153"}],"wp:attachment":[{"href":"https:\/\/ceca.mini.icom.museum\/es\/wp-json\/wp\/v2\/media?parent=152"}],"wp:term":[{"taxonomy":"yst_prominent_words","embeddable":true,"href":"https:\/\/ceca.mini.icom.museum\/es\/wp-json\/wp\/v2\/yst_prominent_words?post=152"}],"curies":[{"name":"wp","href":"https:\/\/api.w.org\/{rel}","templated":true}]}}