{"id":2214,"date":"2019-11-29T16:55:20","date_gmt":"2019-11-29T16:55:20","guid":{"rendered":"http:\/\/ceca.mini.icom.museum\/?page_id=2214"},"modified":"2025-06-20T12:16:32","modified_gmt":"2025-06-20T12:16:32","slug":"ganadores-bp","status":"publish","type":"page","link":"https:\/\/ceca.mini.icom.museum\/es\/premio-bp\/ganadores-bp\/","title":{"rendered":"Ganadores del premio BP"},"content":{"rendered":"<h4><strong>&gt;&gt; Ganadores del Premio CECA Best Practice 2025<\/strong><\/h4>\n<h4><img decoding=\"async\" loading=\"lazy\" class=\"aligncenter wp-image-13100\" src=\"https:\/\/ceca.mini.icom.museum\/wp-content\/uploads\/sites\/5\/2025\/06\/triptique-gris-700pxR-noms-300x111.jpg\" alt=\"\" width=\"600\" height=\"222\" srcset=\"https:\/\/ceca.mini.icom.museum\/wp-content\/uploads\/sites\/5\/2025\/06\/triptique-gris-700pxR-noms-300x111.jpg 300w, https:\/\/ceca.mini.icom.museum\/wp-content\/uploads\/sites\/5\/2025\/06\/triptique-gris-700pxR-noms.jpg 700w\" sizes=\"(max-width: 600px) 100vw, 600px\" \/><\/h4>\n<p><img decoding=\"async\" loading=\"lazy\" class=\"aligncenter wp-image-13103\" src=\"https:\/\/ceca.mini.icom.museum\/wp-content\/uploads\/sites\/5\/2025\/06\/Officiel-proclamationl-CECA-Best-Practice-Award-Winners-2025-277x300.jpg\" alt=\"\" width=\"550\" height=\"596\" srcset=\"https:\/\/ceca.mini.icom.museum\/wp-content\/uploads\/sites\/5\/2025\/06\/Officiel-proclamationl-CECA-Best-Practice-Award-Winners-2025-277x300.jpg 277w, https:\/\/ceca.mini.icom.museum\/wp-content\/uploads\/sites\/5\/2025\/06\/Officiel-proclamationl-CECA-Best-Practice-Award-Winners-2025.jpg 692w\" sizes=\"(max-width: 550px) 100vw, 550px\" \/><\/p>\n<hr \/>\n<h4><strong>&gt;&gt; Ganadores del Premio CECA Best Practice 2024<\/strong><\/h4>\n<p><img decoding=\"async\" loading=\"lazy\" class=\"aligncenter wp-image-12513\" src=\"https:\/\/ceca.mini.icom.museum\/wp-content\/uploads\/sites\/5\/2025\/01\/barre-BP-2024-300x92.jpg\" alt=\"\" width=\"600\" height=\"183\" srcset=\"https:\/\/ceca.mini.icom.museum\/wp-content\/uploads\/sites\/5\/2025\/01\/barre-BP-2024-300x92.jpg 300w, https:\/\/ceca.mini.icom.museum\/wp-content\/uploads\/sites\/5\/2025\/01\/barre-BP-2024-768x235.jpg 768w, https:\/\/ceca.mini.icom.museum\/wp-content\/uploads\/sites\/5\/2025\/01\/barre-BP-2024.jpg 939w\" sizes=\"(max-width: 600px) 100vw, 600px\" \/><\/p>\n<p><img decoding=\"async\" loading=\"lazy\" class=\"aligncenter wp-image-11817 size-full\" src=\"https:\/\/ceca.mini.icom.museum\/wp-content\/uploads\/sites\/5\/2024\/06\/20publication-gagnants-BP-2024-1.jpg\" alt=\"\" width=\"580\" height=\"696\" srcset=\"https:\/\/ceca.mini.icom.museum\/wp-content\/uploads\/sites\/5\/2024\/06\/20publication-gagnants-BP-2024-1.jpg 580w, https:\/\/ceca.mini.icom.museum\/wp-content\/uploads\/sites\/5\/2024\/06\/20publication-gagnants-BP-2024-1-250x300.jpg 250w\" sizes=\"(max-width: 580px) 100vw, 580px\" \/><\/p>\n<hr \/>\n<h4><strong>&gt;&gt; Ganadores del Premio CECA Best Practice 2023<\/strong><\/h4>\n<p><strong>VERMEIREN, Sofie<\/strong><br \/>\n&#8220;Six years of &#8220;The Art Bridge'&#8221; Museum Leuven. Leuven, Belgium.<\/p>\n<p><strong>VARGAS TREJO<\/strong>, <strong>Ariadna<\/strong><br \/>\n&#8220;El arte es el pretexto&#8221; Mi Museo Universitario La Salle. Leon, Guanajato &#8211; Mexico.<\/p>\n<p><strong>CHAN, Tzu-Chi<\/strong><br \/>\n&#8220;Curating for and with children: the renovation of the children&#8217;s Art Space at the National Taiwan Museum of Fine Arts&#8221;. Taichung Taiwan<\/p>\n<p>&lt;<a href=\"https:\/\/ceca.mini.icom.museum\/wp-content\/uploads\/sites\/5\/2023\/06\/Minutes-of-the-BP-Award-Winners-2023.png\" target=\"_blank\" rel=\"noopener\">Actas de los ganadores del premio BP<\/a>&gt;<\/p>\n<h6 style=\"text-align: center\"><img decoding=\"async\" loading=\"lazy\" class=\"wp-image-10465 aligncenter\" src=\"https:\/\/ceca.mini.icom.museum\/wp-content\/uploads\/sites\/5\/2023\/06\/Triptique-BP-2023-800R-300x129.jpg\" alt=\"\" width=\"500\" height=\"214\" srcset=\"https:\/\/ceca.mini.icom.museum\/wp-content\/uploads\/sites\/5\/2023\/06\/Triptique-BP-2023-800R-300x129.jpg 300w, https:\/\/ceca.mini.icom.museum\/wp-content\/uploads\/sites\/5\/2023\/06\/Triptique-BP-2023-800R-768x329.jpg 768w, https:\/\/ceca.mini.icom.museum\/wp-content\/uploads\/sites\/5\/2023\/06\/Triptique-BP-2023-800R.jpg 800w\" sizes=\"(max-width: 500px) 100vw, 500px\" \/>Ariadna VARGAS TREJO, Sofie VERMEIREN, Tzu-Chi CHAN<\/h6>\n<hr \/>\n<h4><strong>Best Practice 2022 <\/strong><strong>:<\/strong><\/h4>\n<p><strong>de Bethmann, Delphine<\/strong><br \/>\nLa Bo\u00eete \u00e0 musique, un dispositif de m\u00e9diation \u00e0 l&#8217;h\u00f4pital<br \/>\nMus\u00e9e de la musique \/ Cit\u00e9 de la musique. Paris \/ France<\/p>\n<p><strong>Chan, Sock Mun<\/strong><br \/>\nData-driven Chatbot Interactive Game<br \/>\nSun Yat Sen Nanyang Memorial Hall. Singapore<\/p>\n<p><strong>Chen, Joanne<\/strong><br \/>\nVirtual Heritage Trail Programme for Specialised Schools<br \/>\nNational Heritage Board. Singapore<\/p>\n<p><strong>Mohamad, Haryany<\/strong><br \/>\nTalking Object; Seeing Through Young Eyes<br \/>\nPenang State Museum Board. Penang \/ Malaysia<\/p>\n<p><strong>Cheng, Yanni<\/strong><br \/>\nHere Comes Shanshan: a 2000-Year-Old Beauty<br \/>\nHan Yangling Museum. Xi&#8217;an, Shaanxi \/ China<\/p>\n<p>Lista de candidatos &lt;<strong><a href=\"https:\/\/ceca.mini.icom.museum\/wp-content\/uploads\/sites\/5\/2022\/05\/BP-applications_publication-2022-trilingue.pdf\" target=\"_blank\" rel=\"noopener\">aqu\u00ed<\/a><\/strong>&gt;<br \/>\nValidaci\u00f3n del jurado &lt;<strong><a href=\"https:\/\/ceca.mini.icom.museum\/wp-content\/uploads\/sites\/5\/2022\/05\/BP-2022-Feuille-jury-signatures.pdf\" target=\"_blank\" rel=\"noopener\">aqu\u00ed<\/a><\/strong>&gt;<\/p>\n<p><img decoding=\"async\" loading=\"lazy\" class=\"aligncenter wp-image-8787\" src=\"https:\/\/ceca.mini.icom.museum\/wp-content\/uploads\/sites\/5\/2022\/05\/BP-Photo-jury-2022-cadre-700px.jpg\" alt=\"\" width=\"512\" height=\"356\" srcset=\"https:\/\/ceca.mini.icom.museum\/wp-content\/uploads\/sites\/5\/2022\/05\/BP-Photo-jury-2022-cadre-700px.jpg 700w, https:\/\/ceca.mini.icom.museum\/wp-content\/uploads\/sites\/5\/2022\/05\/BP-Photo-jury-2022-cadre-700px-300x209.jpg 300w\" sizes=\"(max-width: 512px) 100vw, 512px\" \/><\/p>\n<p style=\"text-align: center\"><em>Jurado del premio BP 2022<\/em><\/p>\n<hr \/>\n<p>&nbsp;<\/p>\n<p><a href=\"https:\/\/ceca.mini.icom.museum\/wp-content\/uploads\/sites\/5\/2021\/05\/BP-2021-5-laureats-01.jpg\" target=\"_blank\" rel=\"noopener\">clic aqu\u00ed<\/a> para los resultados del Premio BP 2020-2021<br \/>\n<a href=\"https:\/\/ceca.mini.icom.museum\/wp-content\/uploads\/sites\/5\/2019\/12\/BP_final_winners_2019.pdf\" target=\"_blank\" rel=\"noopener\">clic aqu\u00ed<\/a> para los resultados del Premio BP 2019<br \/>\n<a href=\"https:\/\/ceca.mini.icom.museum\/wp-content\/uploads\/sites\/5\/2019\/12\/BP_final_winners_2018.pdf\" target=\"_blank\" rel=\"noopener\">clic aqu\u00ed<\/a> para los resultados del Premio BP 2018<br \/>\n<a href=\"https:\/\/ceca.mini.icom.museum\/wp-content\/uploads\/sites\/5\/2019\/12\/BP_final_winners_2017.pdf\" target=\"_blank\" rel=\"noopener\">clic aqu\u00ed<\/a> para los resultados del Premio BP 2017<br \/>\n<a href=\"https:\/\/ceca.mini.icom.museum\/wp-content\/uploads\/sites\/5\/2019\/12\/BP_final_winners_2016.jpg\" target=\"_blank\" rel=\"noopener\">clic aqu\u00ed<\/a> para los resultados del Premio BP 2016<br \/>\n<a href=\"https:\/\/ceca.mini.icom.museum\/wp-content\/uploads\/sites\/5\/2019\/12\/BP_final_winners_2015.pdf\" target=\"_blank\" rel=\"noopener\">clic aqu\u00ed<\/a> para los resultados del Premio BP 2015<br \/>\nclic aqu\u00ed para los resultados del Premio BP 2014<\/p>\n<p>&nbsp;<\/p>\n<p style=\"text-align: center\"><img decoding=\"async\" loading=\"lazy\" class=\"aligncenter wp-image-7247\" src=\"https:\/\/ceca.mini.icom.museum\/wp-content\/uploads\/sites\/5\/2021\/11\/2021-BP-Louvain-Anne-Sophie-Grassin-800R-300x136.jpg\" alt=\"\" width=\"700\" height=\"318\" srcset=\"https:\/\/ceca.mini.icom.museum\/wp-content\/uploads\/sites\/5\/2021\/11\/2021-BP-Louvain-Anne-Sophie-Grassin-800R-300x136.jpg 300w, https:\/\/ceca.mini.icom.museum\/wp-content\/uploads\/sites\/5\/2021\/11\/2021-BP-Louvain-Anne-Sophie-Grassin-800R-768x348.jpg 768w, https:\/\/ceca.mini.icom.museum\/wp-content\/uploads\/sites\/5\/2021\/11\/2021-BP-Louvain-Anne-Sophie-Grassin-800R.jpg 800w\" sizes=\"(max-width: 700px) 100vw, 700px\" \/><\/p>\n<p style=\"text-align: center\"><img decoding=\"async\" loading=\"lazy\" class=\"aligncenter wp-image-7244\" src=\"https:\/\/ceca.mini.icom.museum\/wp-content\/uploads\/sites\/5\/2021\/11\/2021-BP-Louvain-Snezana-Misic-800R-300x111.jpg\" alt=\"\" width=\"700\" height=\"260\" srcset=\"https:\/\/ceca.mini.icom.museum\/wp-content\/uploads\/sites\/5\/2021\/11\/2021-BP-Louvain-Snezana-Misic-800R-300x111.jpg 300w, https:\/\/ceca.mini.icom.museum\/wp-content\/uploads\/sites\/5\/2021\/11\/2021-BP-Louvain-Snezana-Misic-800R-768x285.jpg 768w, https:\/\/ceca.mini.icom.museum\/wp-content\/uploads\/sites\/5\/2021\/11\/2021-BP-Louvain-Snezana-Misic-800R.jpg 800w\" sizes=\"(max-width: 700px) 100vw, 700px\" \/><em>Ganadores del Premio BP 2021 &#8211; Lovenia<\/em><br \/>\n<em>Anne-Sophie Grassin, Mus\u00e9e national du Moyen-Age, France<br \/>\net Snezana Misic, Gallery of Matica srpska, Serbia<\/em><\/p>\n<p>&nbsp;<\/p>\n<p style=\"text-align: center\"><img decoding=\"async\" loading=\"lazy\" class=\"aligncenter wp-image-2327\" src=\"https:\/\/ceca.mini.icom.museum\/wp-content\/uploads\/sites\/5\/2019\/11\/montage-BP-2019-700px-01R.jpg\" alt=\"\" width=\"700\" height=\"371\" srcset=\"https:\/\/ceca.mini.icom.museum\/wp-content\/uploads\/sites\/5\/2019\/11\/montage-BP-2019-700px-01R.jpg 800w, https:\/\/ceca.mini.icom.museum\/wp-content\/uploads\/sites\/5\/2019\/11\/montage-BP-2019-700px-01R-300x159.jpg 300w, https:\/\/ceca.mini.icom.museum\/wp-content\/uploads\/sites\/5\/2019\/11\/montage-BP-2019-700px-01R-768x407.jpg 768w\" sizes=\"(max-width: 700px) 100vw, 700px\" \/><em>Ganadores del Premio BP 2019 \u2013 Wakayama.<\/em><\/p>\n<p style=\"text-align: center\"><img decoding=\"async\" loading=\"lazy\" class=\"aligncenter wp-image-2439 size-full\" src=\"https:\/\/ceca.mini.icom.museum\/wp-content\/uploads\/sites\/5\/2019\/12\/jury-BP2019_01bb.jpg\" alt=\"\" width=\"606\" height=\"352\" srcset=\"https:\/\/ceca.mini.icom.museum\/wp-content\/uploads\/sites\/5\/2019\/12\/jury-BP2019_01bb.jpg 606w, https:\/\/ceca.mini.icom.museum\/wp-content\/uploads\/sites\/5\/2019\/12\/jury-BP2019_01bb-300x174.jpg 300w\" sizes=\"(max-width: 606px) 100vw, 606px\" \/><em>Jurado del Premio BP 2019 \u2013 Paris.<\/em><\/p>\n<p style=\"text-align: center\"><img decoding=\"async\" loading=\"lazy\" class=\"aligncenter wp-image-2331\" src=\"https:\/\/ceca.mini.icom.museum\/wp-content\/uploads\/sites\/5\/2019\/11\/prix-BP-2018-01-700R.jpg\" alt=\"\" width=\"700\" height=\"319\" srcset=\"https:\/\/ceca.mini.icom.museum\/wp-content\/uploads\/sites\/5\/2019\/11\/prix-BP-2018-01-700R.jpg 700w, https:\/\/ceca.mini.icom.museum\/wp-content\/uploads\/sites\/5\/2019\/11\/prix-BP-2018-01-700R-300x137.jpg 300w\" sizes=\"(max-width: 700px) 100vw, 700px\" \/><em>Ganadores del Premio BP 2018 \u2013 Tbilisi.<\/em><\/p>\n<p style=\"text-align: center\"><img decoding=\"async\" loading=\"lazy\" class=\"alignnone wp-image-2337\" src=\"https:\/\/ceca.mini.icom.museum\/wp-content\/uploads\/sites\/5\/2019\/11\/prix-BP-2017-01-700R-1.jpg\" alt=\"\" width=\"700\" height=\"304\" srcset=\"https:\/\/ceca.mini.icom.museum\/wp-content\/uploads\/sites\/5\/2019\/11\/prix-BP-2017-01-700R-1.jpg 700w, https:\/\/ceca.mini.icom.museum\/wp-content\/uploads\/sites\/5\/2019\/11\/prix-BP-2017-01-700R-1-300x130.jpg 300w\" sizes=\"(max-width: 700px) 100vw, 700px\" \/><br \/>\n<em>Ganadores del Premio BP 2017.<\/em><\/p>\n","protected":false},"excerpt":{"rendered":"<p>&gt;&gt; Ganadores del Premio CECA Best Practice 2025 &gt;&gt; Ganadores del Premio CECA Best Practice 2024 &gt;&gt; Ganadores del Premio CECA Best Practice 2023 VERMEIREN, Sofie &#8220;Six years of &#8220;The Art Bridge&#8217;&#8221; Museum Leuven. Leuven, Belgium. VARGAS TREJO, Ariadna &#8220;El arte es el pretexto&#8221; Mi Museo Universitario La Salle. Leon, Guanajato &#8211; Mexico. CHAN, Tzu-Chi [&hellip;]<\/p>\n","protected":false},"author":31,"featured_media":0,"parent":143,"menu_order":3,"comment_status":"closed","ping_status":"closed","template":"","meta":{"footnotes":""},"yst_prominent_words":[2178,2176,2174,2177,2175,2173,1152,2166,2161,2156,2165,2160,2155,2167,2162],"acf":[],"_links":{"self":[{"href":"https:\/\/ceca.mini.icom.museum\/es\/wp-json\/wp\/v2\/pages\/2214"}],"collection":[{"href":"https:\/\/ceca.mini.icom.museum\/es\/wp-json\/wp\/v2\/pages"}],"about":[{"href":"https:\/\/ceca.mini.icom.museum\/es\/wp-json\/wp\/v2\/types\/page"}],"author":[{"embeddable":true,"href":"https:\/\/ceca.mini.icom.museum\/es\/wp-json\/wp\/v2\/users\/31"}],"replies":[{"embeddable":true,"href":"https:\/\/ceca.mini.icom.museum\/es\/wp-json\/wp\/v2\/comments?post=2214"}],"version-history":[{"count":19,"href":"https:\/\/ceca.mini.icom.museum\/es\/wp-json\/wp\/v2\/pages\/2214\/revisions"}],"predecessor-version":[{"id":13106,"href":"https:\/\/ceca.mini.icom.museum\/es\/wp-json\/wp\/v2\/pages\/2214\/revisions\/13106"}],"up":[{"embeddable":true,"href":"https:\/\/ceca.mini.icom.museum\/es\/wp-json\/wp\/v2\/pages\/143"}],"wp:attachment":[{"href":"https:\/\/ceca.mini.icom.museum\/es\/wp-json\/wp\/v2\/media?parent=2214"}],"wp:term":[{"taxonomy":"yst_prominent_words","embeddable":true,"href":"https:\/\/ceca.mini.icom.museum\/es\/wp-json\/wp\/v2\/yst_prominent_words?post=2214"}],"curies":[{"name":"wp","href":"https:\/\/api.w.org\/{rel}","templated":true}]}}