{"id":2220,"date":"2019-11-29T17:01:31","date_gmt":"2019-11-29T17:01:31","guid":{"rendered":"http:\/\/ceca.mini.icom.museum\/?page_id=2220"},"modified":"2025-04-01T10:52:10","modified_gmt":"2025-04-01T10:52:10","slug":"taller-de-formacion-en-investigacion-aplicada","status":"publish","type":"page","link":"https:\/\/ceca.mini.icom.museum\/es\/premio-para-investigacion\/taller-de-formacion-en-investigacion-aplicada\/","title":{"rendered":"Formaci\u00f3n en investigaci\u00f3n"},"content":{"rendered":"<h5><strong>\u25ba Universidad de Murcia, Espagne : \u201cFormacion onligne, curso 2025\u2033.<\/strong><br \/>\nMicrocredencial universitaria en informes de investigaci\u00f3n aplicada a la educaci\u00f3n en museos de Am\u00e9rica Latina y el Caribe.<\/h5>\n<p><strong>C\u00f3mo planificar una investigaci\u00f3n.<\/strong><\/p>\n<ul>\n<li>Coorganizadores: Universidad de Murcia &#8211; ICOM CECA<\/li>\n<li>Coordinadora: Rosa Mar\u00eda Herv\u00e1s<\/li>\n<li>Idioma: Espa\u00f1ol<\/li>\n<\/ul>\n<p>En esta actividad los estudiantes aprender\u00e1n a aplicar proyectos de investigaci\u00f3n y elaborar un informe o un art\u00edculo final<\/p>\n<ul>\n<li><strong>Per\u00edodo acad\u00e9mico<\/strong><br \/>\n15 de mayo de 2025 hasta el 15 de octubre de 2025.<\/li>\n<li><strong>Preinscripci\u00f3n<\/strong><br \/>\nFecha l\u00edmite de inscripci\u00f3n 15 de abril de 2025<\/li>\n<li><strong>Plazo de matr\u00edcula<\/strong><br \/>\nDel 28 de abril al 4 de mayo de 2025<\/li>\n<\/ul>\n<p>\u25ba \u25ba <strong>Toda la informaci\u00f3n<\/strong><br \/>\n<a href=\"https:\/\/casiopea.um.es\/cursospe\/informesinvestigacioni.f\" target=\"_blank\" rel=\"noopener\">https:\/\/casiopea.um.es\/cursospe\/informesinvestigacioni.f<\/a><\/p>\n<p><img decoding=\"async\" loading=\"lazy\" class=\"aligncenter wp-image-12880\" src=\"https:\/\/ceca.mini.icom.museum\/wp-content\/uploads\/sites\/5\/2025\/03\/Online-Training-Pre-registration-2025-v4-400pxR-258x300.jpg\" alt=\"\" width=\"400\" height=\"466\" srcset=\"https:\/\/ceca.mini.icom.museum\/wp-content\/uploads\/sites\/5\/2025\/03\/Online-Training-Pre-registration-2025-v4-400pxR-258x300.jpg 258w, https:\/\/ceca.mini.icom.museum\/wp-content\/uploads\/sites\/5\/2025\/03\/Online-Training-Pre-registration-2025-v4-400pxR.jpg 400w\" sizes=\"(max-width: 400px) 100vw, 400px\" \/><\/p>\n<p>&nbsp;<\/p>\n<hr \/>\n<div style=\"width: 250px;\" class=\"wp-video\"><!--[if lt IE 9]><script>document.createElement('video');<\/script><![endif]-->\n<video class=\"wp-video-shortcode\" id=\"video-2220-1\" width=\"250\" height=\"444\" preload=\"metadata\" controls=\"controls\"><source type=\"video\/mp4\" src=\"https:\/\/ceca.mini.icom.museum\/wp-content\/uploads\/sites\/5\/2025\/03\/VID-microcredencial_2024_resized-250px.mp4?_=1\" \/><a href=\"https:\/\/ceca.mini.icom.museum\/wp-content\/uploads\/sites\/5\/2025\/03\/VID-microcredencial_2024_resized-250px.mp4\">https:\/\/ceca.mini.icom.museum\/wp-content\/uploads\/sites\/5\/2025\/03\/VID-microcredencial_2024_resized-250px.mp4<\/a><\/video><\/div>\n<p>&nbsp;<\/p>\n<p>&nbsp;<\/p>\n<p>&nbsp;<\/p>\n","protected":false},"excerpt":{"rendered":"<p>\u25ba Universidad de Murcia, Espagne : \u201cFormacion onligne, curso 2025\u2033. Microcredencial universitaria en informes de investigaci\u00f3n aplicada a la educaci\u00f3n en museos de Am\u00e9rica Latina y el Caribe. C\u00f3mo planificar una investigaci\u00f3n. Coorganizadores: Universidad de Murcia &#8211; ICOM CECA Coordinadora: Rosa Mar\u00eda Herv\u00e1s Idioma: Espa\u00f1ol En esta actividad los estudiantes aprender\u00e1n a aplicar proyectos de [&hellip;]<\/p>\n","protected":false},"author":31,"featured_media":0,"parent":146,"menu_order":4,"comment_status":"closed","ping_status":"closed","template":"","meta":{"footnotes":""},"yst_prominent_words":[277,1429,3297,286,2192,291],"acf":[],"_links":{"self":[{"href":"https:\/\/ceca.mini.icom.museum\/es\/wp-json\/wp\/v2\/pages\/2220"}],"collection":[{"href":"https:\/\/ceca.mini.icom.museum\/es\/wp-json\/wp\/v2\/pages"}],"about":[{"href":"https:\/\/ceca.mini.icom.museum\/es\/wp-json\/wp\/v2\/types\/page"}],"author":[{"embeddable":true,"href":"https:\/\/ceca.mini.icom.museum\/es\/wp-json\/wp\/v2\/users\/31"}],"replies":[{"embeddable":true,"href":"https:\/\/ceca.mini.icom.museum\/es\/wp-json\/wp\/v2\/comments?post=2220"}],"version-history":[{"count":22,"href":"https:\/\/ceca.mini.icom.museum\/es\/wp-json\/wp\/v2\/pages\/2220\/revisions"}],"predecessor-version":[{"id":12900,"href":"https:\/\/ceca.mini.icom.museum\/es\/wp-json\/wp\/v2\/pages\/2220\/revisions\/12900"}],"up":[{"embeddable":true,"href":"https:\/\/ceca.mini.icom.museum\/es\/wp-json\/wp\/v2\/pages\/146"}],"wp:attachment":[{"href":"https:\/\/ceca.mini.icom.museum\/es\/wp-json\/wp\/v2\/media?parent=2220"}],"wp:term":[{"taxonomy":"yst_prominent_words","embeddable":true,"href":"https:\/\/ceca.mini.icom.museum\/es\/wp-json\/wp\/v2\/yst_prominent_words?post=2220"}],"curies":[{"name":"wp","href":"https:\/\/api.w.org\/{rel}","templated":true}]}}