{"id":2236,"date":"2019-11-29T17:25:59","date_gmt":"2019-11-29T17:25:59","guid":{"rendered":"http:\/\/ceca.mini.icom.museum\/?page_id=2236"},"modified":"2025-12-15T18:56:34","modified_gmt":"2025-12-15T18:56:34","slug":"bienvenido","status":"publish","type":"page","link":"https:\/\/ceca.mini.icom.museum\/es\/","title":{"rendered":"Bienvenido"},"content":{"rendered":"<p><strong>Bienvenidos al Comit\u00e9 de Educaci\u00f3n y Acci\u00f3n Cultural (CECA)<\/strong>, uno de los comit\u00e9s internacionales m\u00e1s antiguos del ICOM. Con m\u00e1s de 4.500 miembros de unos 85 pa\u00edses, el CECA es tambi\u00e9n uno de sus comit\u00e9s m\u00e1s importantes. Aqu\u00ed puede obtener m\u00e1s informaci\u00f3n sobre qui\u00e9nes somos, qu\u00e9 hacemos y c\u00f3mo puede beneficiarse de ser miembro de la comunidad CECA. Tambi\u00e9n encontrar\u00e1 enlaces a recursos \u00fatiles, incluyendo nuestras diversas publicaciones, detalles sobre los pr\u00f3ximos premios y videos de conferencias anteriores.<\/p>\n<p><img decoding=\"async\" loading=\"lazy\" class=\"aligncenter wp-image-2756 size-full\" src=\"https:\/\/ceca.mini.icom.museum\/wp-content\/uploads\/sites\/5\/2019\/12\/logo-M-CECA-763px.jpg\" alt=\"\" width=\"763\" height=\"109\" srcset=\"https:\/\/ceca.mini.icom.museum\/wp-content\/uploads\/sites\/5\/2019\/12\/logo-M-CECA-763px.jpg 763w, https:\/\/ceca.mini.icom.museum\/wp-content\/uploads\/sites\/5\/2019\/12\/logo-M-CECA-763px-300x43.jpg 300w\" sizes=\"(max-width: 763px) 100vw, 763px\" \/><\/p>\n","protected":false},"excerpt":{"rendered":"<p>Bienvenidos al Comit\u00e9 de Educaci\u00f3n y Acci\u00f3n Cultural (CECA), uno de los comit\u00e9s internacionales m\u00e1s antiguos del ICOM. Con m\u00e1s de 4.500 miembros de unos 85 pa\u00edses, el CECA es tambi\u00e9n uno de sus comit\u00e9s m\u00e1s importantes. Aqu\u00ed puede obtener m\u00e1s informaci\u00f3n sobre qui\u00e9nes somos, qu\u00e9 hacemos y c\u00f3mo puede beneficiarse de ser miembro de [&hellip;]<\/p>\n","protected":false},"author":31,"featured_media":0,"parent":0,"menu_order":1,"comment_status":"closed","ping_status":"closed","template":"","meta":{"footnotes":""},"yst_prominent_words":[42,1339,277,320,1342,1345,1346,1344,1343,816],"acf":[],"_links":{"self":[{"href":"https:\/\/ceca.mini.icom.museum\/es\/wp-json\/wp\/v2\/pages\/2236"}],"collection":[{"href":"https:\/\/ceca.mini.icom.museum\/es\/wp-json\/wp\/v2\/pages"}],"about":[{"href":"https:\/\/ceca.mini.icom.museum\/es\/wp-json\/wp\/v2\/types\/page"}],"author":[{"embeddable":true,"href":"https:\/\/ceca.mini.icom.museum\/es\/wp-json\/wp\/v2\/users\/31"}],"replies":[{"embeddable":true,"href":"https:\/\/ceca.mini.icom.museum\/es\/wp-json\/wp\/v2\/comments?post=2236"}],"version-history":[{"count":15,"href":"https:\/\/ceca.mini.icom.museum\/es\/wp-json\/wp\/v2\/pages\/2236\/revisions"}],"predecessor-version":[{"id":14169,"href":"https:\/\/ceca.mini.icom.museum\/es\/wp-json\/wp\/v2\/pages\/2236\/revisions\/14169"}],"wp:attachment":[{"href":"https:\/\/ceca.mini.icom.museum\/es\/wp-json\/wp\/v2\/media?parent=2236"}],"wp:term":[{"taxonomy":"yst_prominent_words","embeddable":true,"href":"https:\/\/ceca.mini.icom.museum\/es\/wp-json\/wp\/v2\/yst_prominent_words?post=2236"}],"curies":[{"name":"wp","href":"https:\/\/api.w.org\/{rel}","templated":true}]}}