{"id":2537,"date":"2019-12-08T17:09:40","date_gmt":"2019-12-08T17:09:40","guid":{"rendered":"http:\/\/ceca.mini.icom.museum\/?page_id=2537"},"modified":"2026-01-18T08:54:53","modified_gmt":"2026-01-18T08:54:53","slug":"cargos-multifuncionales","status":"publish","type":"page","link":"https:\/\/ceca.mini.icom.museum\/es\/quien-hace-que-1\/cargos-multifuncionales\/","title":{"rendered":"Cargos multifuncionales"},"content":{"rendered":"<p><img decoding=\"async\" loading=\"lazy\" class=\"alignnone wp-image-3295\" src=\"https:\/\/ceca.mini.icom.museum\/wp-content\/uploads\/sites\/5\/2019\/12\/fonction-transversale-700.jpg\" alt=\"\" width=\"650\" height=\"277\" srcset=\"https:\/\/ceca.mini.icom.museum\/wp-content\/uploads\/sites\/5\/2019\/12\/fonction-transversale-700.jpg 700w, https:\/\/ceca.mini.icom.museum\/wp-content\/uploads\/sites\/5\/2019\/12\/fonction-transversale-700-300x128.jpg 300w\" sizes=\"(max-width: 650px) 100vw, 650px\" \/><\/p>\n<p><strong>Wencke Maderbacher<\/strong><br \/>\nPresidenta<br \/>\nE: chair.ceca[at]icom.museum<\/p>\n<p><strong>M\u00e9lanie Deveault<\/strong><br \/>\nSecretaria<br \/>\nE: secretary.ceca[at]icom.museum<\/p>\n<p><strong>Katy Tari<\/strong><br \/>\nTesorera<br \/>\nE: treasurer.ceca[at]icom.museum<\/p>\n<p><strong>Adriana Mortara Almeida<\/strong><br \/>\nCoordinadora de investigaci\u00f3n (incluido el premio de investigaci\u00f3n)<br \/>\nprixcdt[at]gmail.com<\/p>\n<p><strong>Cora Cohen-Azria<\/strong><br \/>\nCoordinadora de publicaciones<\/p>\n<p><strong>Mar\u00eda Gabriela Mena Gal\u00e1rraga<\/strong><br \/>\nCoordinador para Am\u00e9rica Latina y el Caribe<\/p>\n<p><strong>Thijs Gerbrandy<\/strong><br \/>\nCoordinador del sitio web<\/p>\n<p><strong>Guido Gerrickhauzen<\/strong><br \/>\nCoordinador para Europa<\/p>\n<p><strong>Tejshvi Jain<\/strong><br \/>\nCoordinadora del premio a las mejores pr\u00e1cticas<\/p>\n<p><strong>Phillipe Kabore<\/strong><br \/>\nCoordinador para \u00c1frica<\/p>\n<p><strong>Nofa Lestari<\/strong><br \/>\nCoordinadora de membres\u00eda<\/p>\n<p><strong>Sylvie Savare<\/strong><br \/>\nCoordinadora de redes sociales y bolet\u00edn informativo<\/p>\n<p><strong>Jelena T\u0160ekulajeva<\/strong><br \/>\nAdministradora de los Grupos de Inter\u00e9s Especial<\/p>\n<p><strong>Amalia Tsitouri<\/strong><br \/>\nCoordinadora de la conferencia<\/p>\n<p><strong>Tuuli Uusikukka<\/strong><br \/>\nCoordinadora del premio para j\u00f3venes miembros<\/p>\n<p><strong>Eunmi Yi<\/strong><br \/>\nCoordinadora para Asia<\/p>\n<p>&nbsp;<\/p>\n<p>&nbsp;<\/p>\n","protected":false},"excerpt":{"rendered":"<p>Wencke Maderbacher Presidenta E: chair.ceca[at]icom.museum M\u00e9lanie Deveault Secretaria E: secretary.ceca[at]icom.museum Katy Tari Tesorera E: treasurer.ceca[at]icom.museum Adriana Mortara Almeida Coordinadora de investigaci\u00f3n (incluido el premio de investigaci\u00f3n) prixcdt[at]gmail.com Cora Cohen-Azria Coordinadora de publicaciones Mar\u00eda Gabriela Mena Gal\u00e1rraga Coordinador para Am\u00e9rica Latina y el Caribe Thijs Gerbrandy Coordinador del sitio web Guido Gerrickhauzen Coordinador para Europa Tejshvi [&hellip;]<\/p>\n","protected":false},"author":31,"featured_media":0,"parent":2530,"menu_order":1,"comment_status":"closed","ping_status":"closed","template":"","meta":{"footnotes":""},"yst_prominent_words":[1727,1423,1245,1775,277,1429,591,2093,289,2192,301,317],"acf":[],"_links":{"self":[{"href":"https:\/\/ceca.mini.icom.museum\/es\/wp-json\/wp\/v2\/pages\/2537"}],"collection":[{"href":"https:\/\/ceca.mini.icom.museum\/es\/wp-json\/wp\/v2\/pages"}],"about":[{"href":"https:\/\/ceca.mini.icom.museum\/es\/wp-json\/wp\/v2\/types\/page"}],"author":[{"embeddable":true,"href":"https:\/\/ceca.mini.icom.museum\/es\/wp-json\/wp\/v2\/users\/31"}],"replies":[{"embeddable":true,"href":"https:\/\/ceca.mini.icom.museum\/es\/wp-json\/wp\/v2\/comments?post=2537"}],"version-history":[{"count":15,"href":"https:\/\/ceca.mini.icom.museum\/es\/wp-json\/wp\/v2\/pages\/2537\/revisions"}],"predecessor-version":[{"id":14339,"href":"https:\/\/ceca.mini.icom.museum\/es\/wp-json\/wp\/v2\/pages\/2537\/revisions\/14339"}],"up":[{"embeddable":true,"href":"https:\/\/ceca.mini.icom.museum\/es\/wp-json\/wp\/v2\/pages\/2530"}],"wp:attachment":[{"href":"https:\/\/ceca.mini.icom.museum\/es\/wp-json\/wp\/v2\/media?parent=2537"}],"wp:term":[{"taxonomy":"yst_prominent_words","embeddable":true,"href":"https:\/\/ceca.mini.icom.museum\/es\/wp-json\/wp\/v2\/yst_prominent_words?post=2537"}],"curies":[{"name":"wp","href":"https:\/\/api.w.org\/{rel}","templated":true}]}}