{"id":2541,"date":"2019-12-08T17:21:20","date_gmt":"2019-12-08T17:21:20","guid":{"rendered":"http:\/\/ceca.mini.icom.museum\/?page_id=2541"},"modified":"2026-01-17T19:42:45","modified_gmt":"2026-01-17T19:42:45","slug":"coordinadores-regionales","status":"publish","type":"page","link":"https:\/\/ceca.mini.icom.museum\/es\/quien-hace-que-1\/coordinadores-regionales\/","title":{"rendered":"Coordinadores Regionales"},"content":{"rendered":"<p><img decoding=\"async\" loading=\"lazy\" class=\"alignnone wp-image-3302\" src=\"https:\/\/ceca.mini.icom.museum\/wp-content\/uploads\/sites\/5\/2019\/12\/coordination-700-2-300x126.jpg\" alt=\"\" width=\"550\" height=\"232\" srcset=\"https:\/\/ceca.mini.icom.museum\/wp-content\/uploads\/sites\/5\/2019\/12\/coordination-700-2-300x126.jpg 300w, https:\/\/ceca.mini.icom.museum\/wp-content\/uploads\/sites\/5\/2019\/12\/coordination-700-2.jpg 700w\" sizes=\"(max-width: 550px) 100vw, 550px\" \/><\/p>\n<p><strong>Coordinador regional \u2013 Europa<\/strong><br \/>\nGuido Gerrichhauzen<\/p>\n<p><strong>Coordinador regional \u2013 Am\u00e9rica Latina y el Caribe<\/strong><br \/>\nMar\u00eda Gabriela Mena Gal\u00e1rraga<\/p>\n<p><strong>Coordinador regional \u2013 Asia<\/strong><br \/>\nEunmi Yi<\/p>\n<p><strong>Coordinadores regionales \u2013 Am\u00e9rica del Norte y Canad\u00e1<\/strong><br \/>\nKaty Tari<br \/>\nM\u00e9lanie Deveault<\/p>\n<p><strong>Coordinador regional \u2013 \u00c1frica<\/strong><br \/>\nPhillipe Kabore<\/p>\n","protected":false},"excerpt":{"rendered":"<p>Coordinador regional \u2013 Europa Guido Gerrichhauzen Coordinador regional \u2013 Am\u00e9rica Latina y el Caribe Mar\u00eda Gabriela Mena Gal\u00e1rraga Coordinador regional \u2013 Asia Eunmi Yi Coordinadores regionales \u2013 Am\u00e9rica del Norte y Canad\u00e1 Katy Tari M\u00e9lanie Deveault Coordinador regional \u2013 \u00c1frica Phillipe Kabore<\/p>\n","protected":false},"author":31,"featured_media":0,"parent":2530,"menu_order":2,"comment_status":"closed","ping_status":"closed","template":"","meta":{"footnotes":""},"yst_prominent_words":[1269,1727,1725,901],"acf":[],"_links":{"self":[{"href":"https:\/\/ceca.mini.icom.museum\/es\/wp-json\/wp\/v2\/pages\/2541"}],"collection":[{"href":"https:\/\/ceca.mini.icom.museum\/es\/wp-json\/wp\/v2\/pages"}],"about":[{"href":"https:\/\/ceca.mini.icom.museum\/es\/wp-json\/wp\/v2\/types\/page"}],"author":[{"embeddable":true,"href":"https:\/\/ceca.mini.icom.museum\/es\/wp-json\/wp\/v2\/users\/31"}],"replies":[{"embeddable":true,"href":"https:\/\/ceca.mini.icom.museum\/es\/wp-json\/wp\/v2\/comments?post=2541"}],"version-history":[{"count":12,"href":"https:\/\/ceca.mini.icom.museum\/es\/wp-json\/wp\/v2\/pages\/2541\/revisions"}],"predecessor-version":[{"id":14331,"href":"https:\/\/ceca.mini.icom.museum\/es\/wp-json\/wp\/v2\/pages\/2541\/revisions\/14331"}],"up":[{"embeddable":true,"href":"https:\/\/ceca.mini.icom.museum\/es\/wp-json\/wp\/v2\/pages\/2530"}],"wp:attachment":[{"href":"https:\/\/ceca.mini.icom.museum\/es\/wp-json\/wp\/v2\/media?parent=2541"}],"wp:term":[{"taxonomy":"yst_prominent_words","embeddable":true,"href":"https:\/\/ceca.mini.icom.museum\/es\/wp-json\/wp\/v2\/yst_prominent_words?post=2541"}],"curies":[{"name":"wp","href":"https:\/\/api.w.org\/{rel}","templated":true}]}}