{"id":2544,"date":"2019-12-08T17:30:32","date_gmt":"2019-12-08T17:30:32","guid":{"rendered":"http:\/\/ceca.mini.icom.museum\/?page_id=2544"},"modified":"2026-04-07T19:20:42","modified_gmt":"2026-04-07T19:20:42","slug":"corresponsales-nacionales","status":"publish","type":"page","link":"https:\/\/ceca.mini.icom.museum\/es\/quien-hace-que-1\/corresponsales-nacionales\/","title":{"rendered":"Corresponsales Nacionales"},"content":{"rendered":"<h4><img decoding=\"async\" loading=\"lazy\" class=\"alignnone wp-image-3322 size-full\" src=\"https:\/\/ceca.mini.icom.museum\/wp-content\/uploads\/sites\/5\/2019\/12\/engrenage-bleu-2b.jpg\" alt=\"\" width=\"631\" height=\"259\" srcset=\"https:\/\/ceca.mini.icom.museum\/wp-content\/uploads\/sites\/5\/2019\/12\/engrenage-bleu-2b.jpg 631w, https:\/\/ceca.mini.icom.museum\/wp-content\/uploads\/sites\/5\/2019\/12\/engrenage-bleu-2b-300x123.jpg 300w\" sizes=\"(max-width: 631px) 100vw, 631px\" \/><\/h4>\n<h3><strong>Europa<\/strong><\/h3>\n<ul>\n<li><strong>Armenia<\/strong>\u00a0&#8211; Ani Nazaryan, Head of Education Department, National Gallery of Armenia &#8211; aninazaryan92[at]yandex.com<\/li>\n<li><strong>Austria<\/strong> \u2013 <b><\/b>Nathaniel Prottas &#8211; Wien Museum &#8211; Nathaniel.prottas[at]wienmuseum.at<\/li>\n<li><strong>B\u00e9lgica<\/strong> \u2013 St\u00e9phanie Masuy \u2013 Mus\u00e9e d\u2019Ixelles \u2013 stephanie.masuy[at]ixelles.brussels<\/li>\n<li><strong>B\u00e9lgica<\/strong>\u00a0\u2013 Sofie Vermeiren \u2013 M-Museum Leuven \u2013 sofie.vermeiren[at]mleuven.be<\/li>\n<li><strong>Croacia\u00a0<\/strong>\u2013 Zeljka Jelavic \u2013 Etnografski muzej \u2013 zjelavic[at]emz.hr<\/li>\n<li><strong>Dinamarca<\/strong> &#8211; Wencke Maderbacher wencke.maderbacher[at]yahoo.de<\/li>\n<li><strong>Estonia<\/strong> &#8211; Jelena T\u0160EKULAJEVA &#8211; jelena.levtsenkova[at]gmail.com<\/li>\n<li><strong>Finlandia<\/strong> \u2013 <b><\/b>Tuulli Uusikukka &#8211; The Museum of Play &#8211; tuuli.uusikukka[at]museoleikki.fi<\/li>\n<li><strong>Francia<\/strong> \u2013 <b><\/b>Raffaella Russo-Ricci &#8211; Mus\u00e9e d&#8217;art et d&#8217;histoire du juda\u00efsme &#8211; r.russo.ricci[at]<span class=\"s1\">orange.fr<\/span> (until end of June 2026) &amp; Sybil Meunier &#8211; Paris Mus\u00e9es &#8211; sybil.meunier@paris.fr<\/li>\n<li><strong>Georgia<\/strong> \u2013 Elina Valaite &#8211; elina.valaite[at]gmail.com<\/li>\n<li><strong>Alemania<\/strong> \u2013 <b><\/b>Ine Brehm &#8211; Stadtmuseum Erlangen &#8211; christine.brehm[at]<span class=\"s1\">stadt.erlangen.de<\/span> &amp; Larissa D\u00fcchting &#8211; Deutsches Hutmuseum &#8211; Larissa.duetichting@lindenberg.de<\/li>\n<li><strong>Grecia<\/strong>\u00a0\u2013 Amalia Tsitouri \u2013 Hellenic Ministry of Culture \u2013 amalia.tsitouri[at]yahoo.gr<\/li>\n<li><strong>Hungr\u00eda<\/strong> &#8211; Eszter Moln\u00e0m\u00e9 Acz\u00e9l &#8211; mullerstahl[at]gmail.com<\/li>\n<li><strong>Islandia<\/strong>\u00a0\u2013 Rakel P\u00e9tursd\u00f3ttir \u2013 Listasa fni \u00cdslands\/National Gallery of Iceland \u2013 rakel[at]listasafn.is<\/li>\n<li><strong>Irlanda<\/strong> \u2013 <b><\/b>t.b.a.<\/li>\n<li><strong>Italia<\/strong> \u2013 Silvia Mascheroni sissimaschera[at]gmail.com<\/li>\n<li><strong>Lituania<\/strong> \u2013 Vaida Rakaityt\u0117 \u2013 Vytautas Magnus University \u2013 texvaid[at]yahoo.com<\/li>\n<li><strong>Moldavia<\/strong> \u2013 Stefanita Ion \u2013 Ministry of Culture \u2013 stefanita.ion[at]gmail.com<\/li>\n<li><strong>Pa\u00edses Bajos\u00a0<\/strong>\u2013 Frederike van Ouwerkerk \u2013 Breda University of Applied Science \u2013 Ouwerkerk.F[at]buas.nl<\/li>\n<li><strong>Portugal<\/strong> &#8211; Paulo Cui\u00e7a &#8211; Museum &#8211;\u00a0Museu de Lisboa &#8211; Museum of Lisbon, Head of Learning Service &#8211; paulocuica[at]egeac.pt<\/li>\n<li><strong>Rusia<\/strong> \u2013 Olga Sinitsyna \u2013 Independent curator \u2013 olgas0510[at]gmail.com<\/li>\n<li><strong>Serbia<\/strong> \u2013 Sne\u017eana Mi\u0161i\u0107 \u2013 The Gallery of Matica srpska \u2013 s.misic[at]galerijamaticesrpske.rs<\/li>\n<li><strong>Turquia<\/strong> &#8211; Eda G\u00f6knar &#8211; Learning Programs Pera Museum &#8211; eda.goknar[at]iksv.org<\/li>\n<li><strong>Eslovaquia<\/strong>\u00a0\u2013 Marcela Kvetkova \u2013 Slovakia-National Gallery \u2013 marcela.kvetkova[at]sng.sk<\/li>\n<li><strong>Espa\u00f1a<\/strong> \u2013 Ana Moreno \u2013 Museo del Prado \u2013 ana.moreno[at]museodelprado.es<\/li>\n<li><strong>Espa\u00f1a<\/strong> &#8211; Rosa Maria Herv\u00e1s Avil\u00e9s &#8211; Profesora Tutular de Universidad, Facultad de Education, Murcia &#8211; rhervas[at]um.es<\/li>\n<li><strong>Reino Unido<\/strong> \u2013 <b><\/b>Trudie Cole &#8211; tcole[at]rmg.co.uk &amp; Christine Lai &#8211; christine.lai[at]walthamforest.gov.uk<\/li>\n<\/ul>\n<h3>Am\u00e9rica Latina y el Caribe<\/h3>\n<ul>\n<li><strong>Argentina<\/strong> &#8211; Alicia C. Martin &#8211; Coordinadora de Extensi\u00f3n Cultural y Educaci\u00f3n del Museo Benito Quinquela Mart\u00edn &#8211; aliciamartin.mqm[at]gmail.com<\/li>\n<li><strong>Brasil<\/strong> \u2013 Andrea Fernandes Costa &#8211; Museo Nacional de la Universidad Federal de R\u00edo de Janeiro (UFRJ) &#8211; andrea[at]mn.ufrj.br \/ Maur\u00edcio Andr\u00e9 da Silva &#8211; Museo de Arqueolog\u00eda y Etnolog\u00eda de la USP &#8211; mauricio.andre.silva[at]usp.br<\/li>\n<li><strong>Chile<\/strong> \u2013 Valeria Vera Galleguillos &#8211; Museo Interactivo Mirador (mim.cl) &#8211; valeriavera[at]gmail.com \/ vvera[at]mim.cl<\/li>\n<li><strong>Colombia<\/strong> \u2013 Mar\u00eda M\u00f3nica Fuentes &#8211; Museo Nacional de Colombia &#8211; mariamofl[at]gmail.com<\/li>\n<li><strong>Costa Rica<\/strong> \u2013 Jody Steiger &#8211; AccionArte. Jsteiger[at]accionarte.org<\/li>\n<li><strong>Cuba<\/strong> &#8211; Dayam\u00ed Cabrera Gonz\u00e1lez &#8211; Directora del Museo Nacional de la Medicina Veterinaria, Especialista Principal de Museolog\u00eda del Museo Quisicuba &#8211; dayacg69[at]gmail.com<\/li>\n<li><strong>Ecuador<\/strong> \u2013 Mar\u00eda Gabriela Mena Gal\u00e1rraga &#8211; Consultora y docente en museolog\u00eda-educativa, curadur\u00eda y gesti\u00f3n cultural &#8211; gabrielamenag[at]yahoo.com<\/li>\n<li><strong>M\u00e9xico<\/strong> \u2013 Paola Araiza Bola\u00f1os &#8211; Codificarte. comit\u00e9.ceca.icom.mex[at]gmail.com<\/li>\n<li><strong>Panam\u00e1<\/strong> \u2013 Margie Mu\u00f1oz &#8211; Museo del Canal Interoce\u00e1nico de Panam\u00e1, Casco Antiguo. margie[at]museodelcanal.com<\/li>\n<li><strong>Paraguay<\/strong> &#8211; Laurie Alice Vera Jim\u00e9nez &#8211; Arquitecta. Museo de la C\u00e1mara Fotogr\u00e1fica (MUCAFOT) del Instituto T\u00e9cnico Superior de Imagen (ITSI). Facultad de Arquitectura, Dise\u00f1o y Artes de la Universidad Nacional de Asunci\u00f3n. Investigadora Asociada en el Instituto de Ciencias Sociales del Paraguay (ICSO) &#8211; lauriealic[at]gmail.com<\/li>\n<li><strong>Per\u00fa<\/strong> \u2013 Bernarda Delgado El\u00edas &#8211; Museo Tucume &#8211; Lambayeque &#8211; bernardadelgado[at]yahoo.es<\/li>\n<li><strong>Rep\u00fablica Dominicana<\/strong> \u2013 Mar\u00eda Belissa Ram\u00edrez &#8211; maria.belissa[at]gmail.com<\/li>\n<li><strong>Uruguay<\/strong> \u2013 Paulina Baridon &#8211; paulinabaridon[at]netgate.com.uy<\/li>\n<li><strong>Venezuela<\/strong> &#8211; Lariza Fuenmayor Perozo &#8211; Universidad Nacional Experimental de las Artes &#8211;\u00a0 lfuenmayor11[at]gmail.com<\/li>\n<\/ul>\n<h3>Am\u00e9rica del Norte &#8211; Canad\u00e1<\/h3>\n<ul>\n<li>Marina Gross-Hoy &#8211; doctorado en museolog\u00eda en la Universit\u00e9 du Qu\u00e9bec \u00e0 Montr\u00e9al &#8211; gross-hoy.marina[at]courrier.uqam.ca<\/li>\n<\/ul>\n<h3>Asia<\/h3>\n<ul>\n<li><strong>China:<\/strong> Yaxi Guo, Chinese Museums Association &#8211; gyxjya[at]163.com<\/li>\n<li><strong>Corea del Sur<\/strong>: Ki-Won Lee, Jefe de Educaci\u00f3n, National Folk Museum, Seoul, Corea del Sur &#8211; Hope0921[at] korea.kr<\/li>\n<li><strong>Malasia<\/strong>: Haryany Mohamad, Penang State Museum &#8211; haryany[at]penang.gov.my<\/li>\n<li><strong>Singapur<\/strong>: Joanne Chen, National Heritage Board &#8211; Joanne_chen[at]nhb.gov.sg<\/li>\n<\/ul>\n<h3>Oriente Medio y Magreb<\/h3>\n<h3>Australia<\/h3>\n<h3>\u00c1frica<strong><br \/>\n<\/strong><\/h3>\n<ul>\n<li><strong>Burkina Faso<\/strong> &#8211; Djakaria Sore &#8211; Museo de la M\u00fasica Africana Georges OUEDRAOGO. erosdjakaria[at]gmail.com<\/li>\n<li><strong>Cote d&#8217;Ivoire<\/strong> &#8211; Charl\u00e8ne Kossonou &#8211; Museo Nacional RCI. kossonoucharlene[at]yahoo.fr<\/li>\n<li><strong>Kenia<\/strong> &#8211; Vivian Kinoti &#8211; . vivisambi[at]gmail.com<\/li>\n<li><strong>Mali<\/strong> &#8211; Mamadou Sanake &#8211; Museo Nacional de Mali. mamadousamake2004[at]gmail.com<\/li>\n<li><strong>Republic Democratic of Congo<\/strong> &#8211; Eric Kuikende &#8211; Museo Nacional de la Rep\u00fablica Democr\u00e1tica del Congo. erickuikende[at]gmail.com<\/li>\n<li><strong>Rwanda<\/strong> &#8211; Dieudonne Nagiriwubuntu &#8211; Monumento Conmemorativo del Genocidio de Kigali. nagidione[at]gmail.com<\/li>\n<li><strong>Zambia<\/strong> &#8211; Emmanuel Hamatwi &#8211; Museo Nacional de Zambia. emmanuelhamatwi[at]yahoo.com<\/li>\n<\/ul>\n<hr \/>\n\n\t\t<style type=\"text\/css\">\n\t\t\t#gallery-1 {\n\t\t\t\tmargin: auto;\n\t\t\t}\n\t\t\t#gallery-1 .gallery-item {\n\t\t\t\tfloat: left;\n\t\t\t\tmargin-top: 10px;\n\t\t\t\ttext-align: center;\n\t\t\t\twidth: 25%;\n\t\t\t}\n\t\t\t#gallery-1 img {\n\t\t\t\tborder: 2px solid #cfcfcf;\n\t\t\t}\n\t\t\t#gallery-1 .gallery-caption {\n\t\t\t\tmargin-left: 0;\n\t\t\t}\n\t\t\t\/* see gallery_shortcode() in wp-includes\/media.php *\/\n\t\t<\/style>\n\t\t<div id='gallery-1' class='gallery galleryid-2544 gallery-columns-4 gallery-size-thumbnail'><dl class='gallery-item'>\n\t\t\t<dt class='gallery-icon portrait'>\n\t\t\t\t<a href='https:\/\/ceca.mini.icom.museum\/es\/quien-hace-que-1\/corresponsales-nacionales\/charlene-kossonou-300pxr-02-2\/'><img width=\"150\" height=\"150\" src=\"https:\/\/ceca.mini.icom.museum\/wp-content\/uploads\/sites\/5\/2023\/04\/Charlene-Kossonou-300pxR-02-150x150.jpg\" class=\"attachment-thumbnail size-thumbnail\" alt=\"\" decoding=\"async\" loading=\"lazy\" \/><\/a>\n\t\t\t<\/dt><\/dl><dl class='gallery-item'>\n\t\t\t<dt class='gallery-icon portrait'>\n\t\t\t\t<a href='https:\/\/ceca.mini.icom.museum\/es\/quien-hace-que-1\/corresponsales-nacionales\/emmanuel-hamatwi-300pxr-02-2\/'><img width=\"150\" height=\"150\" src=\"https:\/\/ceca.mini.icom.museum\/wp-content\/uploads\/sites\/5\/2023\/04\/Emmanuel-Hamatwi-300pxR-02-150x150.jpg\" class=\"attachment-thumbnail size-thumbnail\" alt=\"\" decoding=\"async\" loading=\"lazy\" \/><\/a>\n\t\t\t<\/dt><\/dl><dl class='gallery-item'>\n\t\t\t<dt class='gallery-icon portrait'>\n\t\t\t\t<a href='https:\/\/ceca.mini.icom.museum\/es\/quien-hace-que-1\/corresponsales-nacionales\/dieudonne-nagiriwubuntu-300pxr-02-2\/'><img width=\"150\" height=\"150\" src=\"https:\/\/ceca.mini.icom.museum\/wp-content\/uploads\/sites\/5\/2023\/04\/Dieudonne-Nagiriwubuntu-300pxR-02-150x150.jpg\" class=\"attachment-thumbnail size-thumbnail\" alt=\"\" decoding=\"async\" loading=\"lazy\" \/><\/a>\n\t\t\t<\/dt><\/dl><dl class='gallery-item'>\n\t\t\t<dt class='gallery-icon portrait'>\n\t\t\t\t<a href='https:\/\/ceca.mini.icom.museum\/es\/quien-hace-que-1\/corresponsales-nacionales\/djakaria-sore-300pxr-02-2\/'><img width=\"150\" height=\"150\" src=\"https:\/\/ceca.mini.icom.museum\/wp-content\/uploads\/sites\/5\/2023\/04\/Djakaria-Sore-300pxR-02-150x150.jpg\" class=\"attachment-thumbnail size-thumbnail\" alt=\"\" decoding=\"async\" loading=\"lazy\" \/><\/a>\n\t\t\t<\/dt><\/dl><br style=\"clear: both\" \/><dl class='gallery-item'>\n\t\t\t<dt class='gallery-icon portrait'>\n\t\t\t\t<a href='https:\/\/ceca.mini.icom.museum\/es\/quien-hace-que-1\/corresponsales-nacionales\/mamadou-samake-300pxr-02-2\/'><img width=\"150\" height=\"150\" src=\"https:\/\/ceca.mini.icom.museum\/wp-content\/uploads\/sites\/5\/2023\/04\/Mamadou-Samake-300pxR-02-150x150.jpg\" class=\"attachment-thumbnail size-thumbnail\" alt=\"\" decoding=\"async\" loading=\"lazy\" \/><\/a>\n\t\t\t<\/dt><\/dl><dl class='gallery-item'>\n\t\t\t<dt class='gallery-icon portrait'>\n\t\t\t\t<a href='https:\/\/ceca.mini.icom.museum\/es\/quien-hace-que-1\/corresponsales-nacionales\/eric-kuikende-300pxr-02-2\/'><img width=\"150\" height=\"150\" src=\"https:\/\/ceca.mini.icom.museum\/wp-content\/uploads\/sites\/5\/2023\/04\/Eric-Kuikende-300pxR-02-150x150.jpg\" class=\"attachment-thumbnail size-thumbnail\" alt=\"\" decoding=\"async\" loading=\"lazy\" \/><\/a>\n\t\t\t<\/dt><\/dl><dl class='gallery-item'>\n\t\t\t<dt class='gallery-icon portrait'>\n\t\t\t\t<a href='https:\/\/ceca.mini.icom.museum\/es\/quien-hace-que-1\/corresponsales-nacionales\/vivian-kinoti-300pxr-03-2\/'><img width=\"150\" height=\"150\" src=\"https:\/\/ceca.mini.icom.museum\/wp-content\/uploads\/sites\/5\/2023\/04\/Vivian-Kinoti-300pxR-03-150x150.jpg\" class=\"attachment-thumbnail size-thumbnail\" alt=\"\" decoding=\"async\" loading=\"lazy\" \/><\/a>\n\t\t\t<\/dt><\/dl>\n\t\t\t<br style='clear: both' \/>\n\t\t<\/div>\n\n<p>&nbsp;<\/p>\n<p><img decoding=\"async\" loading=\"lazy\" class=\"aligncenter wp-image-13001\" src=\"https:\/\/ceca.mini.icom.museum\/wp-content\/uploads\/sites\/5\/2025\/04\/Correspondants-nationaux-ICOM-CECA-2025-264x300.jpg\" alt=\"\" width=\"500\" height=\"568\" srcset=\"https:\/\/ceca.mini.icom.museum\/wp-content\/uploads\/sites\/5\/2025\/04\/Correspondants-nationaux-ICOM-CECA-2025-264x300.jpg 264w, https:\/\/ceca.mini.icom.museum\/wp-content\/uploads\/sites\/5\/2025\/04\/Correspondants-nationaux-ICOM-CECA-2025.jpg 616w\" sizes=\"(max-width: 500px) 100vw, 500px\" \/><\/p>\n","protected":false},"excerpt":{"rendered":"<p>Europa Armenia\u00a0&#8211; Ani Nazaryan, Head of Education Department, National Gallery of Armenia &#8211; aninazaryan92[at]yandex.com Austria \u2013 Nathaniel Prottas &#8211; Wien Museum &#8211; Nathaniel.prottas[at]wienmuseum.at B\u00e9lgica \u2013 St\u00e9phanie Masuy \u2013 Mus\u00e9e d\u2019Ixelles \u2013 stephanie.masuy[at]ixelles.brussels B\u00e9lgica\u00a0\u2013 Sofie Vermeiren \u2013 M-Museum Leuven \u2013 sofie.vermeiren[at]mleuven.be Croacia\u00a0\u2013 Zeljka Jelavic \u2013 Etnografski muzej \u2013 zjelavic[at]emz.hr Dinamarca &#8211; Wencke Maderbacher wencke.maderbacher[at]yahoo.de Estonia &#8211; [&hellip;]<\/p>\n","protected":false},"author":31,"featured_media":0,"parent":2530,"menu_order":3,"comment_status":"closed","ping_status":"closed","template":"","meta":{"footnotes":""},"yst_prominent_words":[2712,2711,91,591,2346,345,1303,1300,2993,1302,1305,1301],"acf":[],"_links":{"self":[{"href":"https:\/\/ceca.mini.icom.museum\/es\/wp-json\/wp\/v2\/pages\/2544"}],"collection":[{"href":"https:\/\/ceca.mini.icom.museum\/es\/wp-json\/wp\/v2\/pages"}],"about":[{"href":"https:\/\/ceca.mini.icom.museum\/es\/wp-json\/wp\/v2\/types\/page"}],"author":[{"embeddable":true,"href":"https:\/\/ceca.mini.icom.museum\/es\/wp-json\/wp\/v2\/users\/31"}],"replies":[{"embeddable":true,"href":"https:\/\/ceca.mini.icom.museum\/es\/wp-json\/wp\/v2\/comments?post=2544"}],"version-history":[{"count":62,"href":"https:\/\/ceca.mini.icom.museum\/es\/wp-json\/wp\/v2\/pages\/2544\/revisions"}],"predecessor-version":[{"id":14639,"href":"https:\/\/ceca.mini.icom.museum\/es\/wp-json\/wp\/v2\/pages\/2544\/revisions\/14639"}],"up":[{"embeddable":true,"href":"https:\/\/ceca.mini.icom.museum\/es\/wp-json\/wp\/v2\/pages\/2530"}],"wp:attachment":[{"href":"https:\/\/ceca.mini.icom.museum\/es\/wp-json\/wp\/v2\/media?parent=2544"}],"wp:term":[{"taxonomy":"yst_prominent_words","embeddable":true,"href":"https:\/\/ceca.mini.icom.museum\/es\/wp-json\/wp\/v2\/yst_prominent_words?post=2544"}],"curies":[{"name":"wp","href":"https:\/\/api.w.org\/{rel}","templated":true}]}}