{"id":2743,"date":"2019-12-10T19:43:36","date_gmt":"2019-12-10T19:43:36","guid":{"rendered":"http:\/\/ceca.mini.icom.museum\/?page_id=2743"},"modified":"2026-03-22T10:39:42","modified_gmt":"2026-03-22T10:39:42","slug":"que-son-los-grupos-de-interes-especial","status":"publish","type":"page","link":"https:\/\/ceca.mini.icom.museum\/es\/grupos-de-interes-especial\/que-son-los-grupos-de-interes-especial\/","title":{"rendered":"\u00bfQu\u00e9 son los grupos de inter\u00e9s especial?"},"content":{"rendered":"<p><img decoding=\"async\" loading=\"lazy\" class=\"aligncenter wp-image-2737 size-full\" src=\"https:\/\/ceca.mini.icom.museum\/wp-content\/uploads\/sites\/5\/2019\/12\/collage-groupe-sp\u00e9cial-1000R-03.jpg\" alt=\"\" width=\"1000\" height=\"388\" srcset=\"https:\/\/ceca.mini.icom.museum\/wp-content\/uploads\/sites\/5\/2019\/12\/collage-groupe-sp\u00e9cial-1000R-03.jpg 1000w, https:\/\/ceca.mini.icom.museum\/wp-content\/uploads\/sites\/5\/2019\/12\/collage-groupe-sp\u00e9cial-1000R-03-300x116.jpg 300w, https:\/\/ceca.mini.icom.museum\/wp-content\/uploads\/sites\/5\/2019\/12\/collage-groupe-sp\u00e9cial-1000R-03-768x298.jpg 768w\" sizes=\"(max-width: 1000px) 100vw, 1000px\" \/><\/p>\n<h4><strong>El prop\u00f3sito de esta iniciativa es m\u00faltiple:<\/strong><\/h4>\n<ul>\n<li>Fomentar la reflexi\u00f3n conjunta entre nuestros miembros a lo largo del a\u00f1o y no s\u00f3lo en la conferencia anual.<\/li>\n<li>Aumentar la interactividad de nuestras reuniones anuales incluyendo grupos focales basados en el trabajo e intercambios de estos grupos a lo largo del a\u00f1o.<\/li>\n<li>Permitir eventualmente que los miembros que no pudieron asistir a las conferencias anuales participen remotamente en un grupo de discusi\u00f3n sobre un tema de su inter\u00e9s.<\/li>\n<li>Identificar habilidades espec\u00edficas en torno a ciertos temas para enriquecer nuestra oferta formativa durante los talleres regionales.<\/li>\n<\/ul>\n<p>&nbsp;<\/p>\n<p><strong>Los Grupos de Inter\u00e9s Especial en funcionamiento son:<\/strong><\/p>\n<ul class=\"sig-list\">\n<li><strong>Desarrollo profesional de los educadores de museos<\/strong><br \/>\nCoordinadora: Wencke Maderbacher (chair.ceca[at]icom.museum)<br \/>\n<strong>Enfoque:<\/strong> Fortalece el campo de la educaci\u00f3n muse\u00edstica mediante el intercambio de conocimientos sobre formaci\u00f3n, contratos justos, inclusi\u00f3n y visibilidad. Proporciona una plataforma para el crecimiento profesional y la promoci\u00f3n.<br \/>\n<strong>Idioma:<\/strong> Ingl\u00e9s.<br \/>\n<strong>Abierto a:<\/strong> Todas las personas, mediante <a href=\"https:\/\/docs.google.com\/forms\/d\/e\/1FAIpQLScIkdB9Z7NbYtviayCQaD1E_K4RbrPGnZyRxHWxXA6Os_ZvFg\/viewform\" target=\"_blank\" rel=\"noopener\">inscripci\u00f3n<\/a>.<br \/>\n<a href=\"https:\/\/ceca.mini.icom.museum\/wp-content\/uploads\/sites\/5\/2020\/06\/ANG-Professional-Development.pdf\" target=\"_blank\" rel=\"noopener\">M\u00e1s informaci\u00f3n<\/a><br \/>\n<a href=\"https:\/\/ceca.mini.icom.museum\/wp-content\/uploads\/sites\/5\/2025\/09\/2025-2026-Professional-Development-of-Museum-Educators.pdf\" target=\"_blank\" rel=\"noopener\">Calendario 2025\u20132026<\/a><\/li>\n<\/ul>\n<p>&nbsp;<\/p>\n<ul class=\"sig-list\">\n<li><strong>Encuesta sobre la acogida del p\u00fablico a los programas educativos y culturales<\/strong><br \/>\nCoordinadoras: Marie-Pierre Delaporte (marie-pierre.delaporte[at]mahj.org), Katy Tari (ktari[at]pacmusee.qc.ca)<br \/>\n<strong>Enfoque:<\/strong> Intercambio entre profesionales de museos e investigadores en ciencias sociales sobre encuestas de p\u00fablico, metodolog\u00edas y relaciones entre visitantes y museos.<br \/>\n<strong>Idioma:<\/strong> Franc\u00e9s.<br \/>\n<strong>Abierto a:<\/strong> Profesionales interesados en el tema.<br \/>\n<a href=\"https:\/\/ceca.mini.icom.museum\/wp-content\/uploads\/sites\/5\/2025\/10\/SIG-Audiences-ENG.pdf\" target=\"_blank\" rel=\"noopener\">M\u00e1s informaci\u00f3n<\/a><br \/>\nP\u00f3ster: \u00abMuseum. Process for a visitor survey\u00bb \u2014<br \/>\n<a href=\"https:\/\/ceca.mini.icom.museum\/wp-content\/uploads\/sites\/5\/2025\/10\/ENG-Poster-Process-for-a-visitor_-compressed-134Mo-to-8Mo.pdf\" target=\"_blank\" rel=\"noopener\">Versi\u00f3n HD<\/a><br \/>\n<a href=\"https:\/\/ceca.mini.icom.museum\/wp-content\/uploads\/sites\/5\/2025\/10\/Poster-Process-for-a-visitor-survey_SIG-Audiences_ICOM-CECA.pdf\" target=\"_blank\" rel=\"noopener\">Versi\u00f3n de baja resoluci\u00f3n<\/a><\/li>\n<\/ul>\n<p>&nbsp;<\/p>\n<ul class=\"sig-list\">\n<li><strong>Accesibilidad universal \u2013 El museo inclusivo<\/strong><br \/>\nCoordinadoras: Raffaella Russo Ricci (raffaella.ricci[at]paris.fr), Viviana Gobbato (contact[at]vivianagobbato.com)<br \/>\n<strong>Enfoque:<\/strong> Cuestiona el concepto de accesibilidad universal, seg\u00fan el cual un dispositivo de mediaci\u00f3n dise\u00f1ado a partir de las necesidades espec\u00edficas de determinados p\u00fablicos puede enriquecer y facilitar la visita de todos los visitantes. Las actividades abordan la evaluaci\u00f3n, la planificaci\u00f3n, las pol\u00edticas, la investigaci\u00f3n, el compromiso y la experiencia de los visitantes.<br \/>\n<strong>Idioma:<\/strong> Ingl\u00e9s y franc\u00e9s (franc\u00e9s exclusivamente para el grupo de trabajo franc\u00f3fono del GIE dedicado a la adaptaci\u00f3n del cartel \u00ab\u00a1Un museo para todos!\u00bb como herramienta f\u00e1cil de leer y comprender).<br \/>\n<strong>Abierto a:<\/strong> Profesionales que trabajan en los \u00e1mbitos de la accesibilidad y la inclusi\u00f3n, previa inscripci\u00f3n.<br \/>\n<a href=\"https:\/\/ceca.mini.icom.museum\/wp-content\/uploads\/sites\/5\/2022\/07\/poster-interactif-Eng.pdf\" target=\"_blank\" rel=\"noopener\">P\u00f3ster interactivo<\/a> (algunos navegadores no admiten la interactividad)<br \/>\n<a href=\"https:\/\/ceca.mini.icom.museum\/wp-content\/uploads\/sites\/5\/2022\/07\/poster-impression-70x99-Eng.pdf\" target=\"_blank\" rel=\"noopener\">P\u00f3ster para impresi\u00f3n<\/a><br \/>\n<a href=\"https:\/\/ceca.mini.icom.museum\/wp-content\/uploads\/sites\/5\/2026\/01\/SIG-Universal-Accessibility-the-Inclusive-Museum-2025-2026-1.pdf\" target=\"_blank\" rel=\"noopener\">M\u00e1s informaci\u00f3n<\/a><\/li>\n<\/ul>\n<p>&nbsp;<\/p>\n<ul class=\"sig-list\">\n<li><strong>Educaci\u00f3n muse\u00edstica y decolonialidad<\/strong> (CECA LAC)<br \/>\nCoordinadora: Silvana Lovay (sillovay[at]gmail.com); Co-coordinadora: Adriana Palafox (adripalarg[at]gmail.com)<br \/>\n<strong>Enfoque:<\/strong> Crea una comunidad de aprendizaje para desmantelar las l\u00f3gicas coloniales en la educaci\u00f3n muse\u00edstica y los espacios patrimoniales. Promueve di\u00e1logos situados, herramientas metodol\u00f3gicas y proyectos colaborativos en toda Am\u00e9rica Latina y el Caribe. Dentro de este GIE se organizan reuniones de subgrupos sobre temas m\u00e1s espec\u00edficos para enriquecer la metodolog\u00eda y las pr\u00e1cticas.<br \/>\n<strong>Idioma:<\/strong> Espa\u00f1ol (con contribuciones en portugu\u00e9s).<br \/>\n<strong>Abierto a:<\/strong> Todas las personas interesadas.<br \/>\n<a href=\"https:\/\/ceca.mini.icom.museum\/wp-content\/uploads\/sites\/5\/2020\/08\/ENG-SIG-education-Decolonization-1.pdf\" target=\"_blank\" rel=\"noopener\">M\u00e1s informaci\u00f3n<\/a><br \/>\nPlan para 2026: <a href=\"https:\/\/ceca.mini.icom.museum\/wp-content\/uploads\/sites\/5\/2026\/01\/Programa-de-trabajo-GIE-2026-Silvana-M.-Lovay.pdf\" target=\"_blank\" rel=\"noopener\">Programa de trabajo GIE 2026<br \/>\n<\/a><\/li>\n<\/ul>\n<p>&nbsp;<\/p>\n<ul class=\"sig-list\">\n<li><strong>Mediaci\u00f3n sensorial<\/strong><br \/>\nCoordinadora: Anne Sophie Grassin (asgrassin[at]gmail.com)<br \/>\n<strong>Enfoque:<\/strong> Desarrollo de un marco conceptual para la mediaci\u00f3n sensorial en museos, haciendo hincapi\u00e9 en las dimensiones afectivas, corporales e imaginativas de la experiencia de los visitantes.<br \/>\n<strong>Idioma:<\/strong> Franc\u00e9s.<br \/>\n<strong>Abierto a:<\/strong> Grupo cerrado compuesto por 11 profesionales de Francia, Canad\u00e1, B\u00e9lgica y Suiza.<br \/>\n<a href=\"https:\/\/ceca.mini.icom.museum\/wp-content\/uploads\/sites\/5\/2022\/02\/ANG-SIG-mediation-sensible-2022.pdf\" target=\"_blank\" rel=\"noopener\">M\u00e1s informaci\u00f3n<\/a><\/li>\n<\/ul>\n<p>Si est\u00e1 interesado en participar en los debates en torno a uno de los temas, por favor, p\u00f3ngase en contacto con el coordinador de ese tema.<br \/>\nLo integrar\u00e1 en un primer grupo de trabajo en l\u00ednea<br \/>\nSe ofrecer\u00e1n entonces oportunidades de intercambio con el resto de los miembros del CECA, de acuerdo con las disposiciones t\u00e9cnicas y un calendario espec\u00edfico para cada grupo, pero permitiendo la participaci\u00f3n en la labor de varios grupos si as\u00ed se desea.<\/p>\n","protected":false},"excerpt":{"rendered":"<p>El prop\u00f3sito de esta iniciativa es m\u00faltiple: Fomentar la reflexi\u00f3n conjunta entre nuestros miembros a lo largo del a\u00f1o y no s\u00f3lo en la conferencia anual. Aumentar la interactividad de nuestras reuniones anuales incluyendo grupos focales basados en el trabajo e intercambios de estos grupos a lo largo del a\u00f1o. Permitir eventualmente que los miembros [&hellip;]<\/p>\n","protected":false},"author":31,"featured_media":0,"parent":2598,"menu_order":1,"comment_status":"closed","ping_status":"closed","template":"","meta":{"footnotes":""},"yst_prominent_words":[123,289,819,2018,1955,1954,1950,320],"acf":[],"_links":{"self":[{"href":"https:\/\/ceca.mini.icom.museum\/es\/wp-json\/wp\/v2\/pages\/2743"}],"collection":[{"href":"https:\/\/ceca.mini.icom.museum\/es\/wp-json\/wp\/v2\/pages"}],"about":[{"href":"https:\/\/ceca.mini.icom.museum\/es\/wp-json\/wp\/v2\/types\/page"}],"author":[{"embeddable":true,"href":"https:\/\/ceca.mini.icom.museum\/es\/wp-json\/wp\/v2\/users\/31"}],"replies":[{"embeddable":true,"href":"https:\/\/ceca.mini.icom.museum\/es\/wp-json\/wp\/v2\/comments?post=2743"}],"version-history":[{"count":57,"href":"https:\/\/ceca.mini.icom.museum\/es\/wp-json\/wp\/v2\/pages\/2743\/revisions"}],"predecessor-version":[{"id":14562,"href":"https:\/\/ceca.mini.icom.museum\/es\/wp-json\/wp\/v2\/pages\/2743\/revisions\/14562"}],"up":[{"embeddable":true,"href":"https:\/\/ceca.mini.icom.museum\/es\/wp-json\/wp\/v2\/pages\/2598"}],"wp:attachment":[{"href":"https:\/\/ceca.mini.icom.museum\/es\/wp-json\/wp\/v2\/media?parent=2743"}],"wp:term":[{"taxonomy":"yst_prominent_words","embeddable":true,"href":"https:\/\/ceca.mini.icom.museum\/es\/wp-json\/wp\/v2\/yst_prominent_words?post=2743"}],"curies":[{"name":"wp","href":"https:\/\/api.w.org\/{rel}","templated":true}]}}