{"id":3411,"date":"2019-12-19T12:46:52","date_gmt":"2019-12-19T12:46:52","guid":{"rendered":"http:\/\/ceca.mini.icom.museum\/?page_id=3411"},"modified":"2025-04-01T10:56:13","modified_gmt":"2025-04-01T10:56:13","slug":"experiencia-formativa-de-la-ceca-varios","status":"publish","type":"page","link":"https:\/\/ceca.mini.icom.museum\/es\/experiencia-formativa-de-la-ceca\/experiencia-formativa-de-la-ceca-varios\/","title":{"rendered":"Estudios y cursos"},"content":{"rendered":"<h5><strong>2025 Formaci\u00f3n online \/ Universidad de Murcia (Espa\u00f1a)- ICOM CECA<\/strong><br \/>\nMicrocredencial universitaria en informes de investigaci\u00f3n aplicada a la educaci\u00f3n en museos de Am\u00e9rica Latina y el Caribe.<\/h5>\n<p>En esta actividad los estudiantes aprender\u00e1n a aplicar proyectos de investigaci\u00f3n y elaborar un informe o un art\u00edculo final<\/p>\n<ul>\n<li><strong>Per\u00edodo acad\u00e9mico<\/strong><br \/>\n15 de mayo de 2025 hasta el 15 de octubre de 2025.<\/li>\n<li><strong>Preinscripci\u00f3n<\/strong><br \/>\nFecha l\u00edmite de inscripci\u00f3n 15 de abril de 2025<\/li>\n<li><strong>Plazo de matr\u00edcula<\/strong><br \/>\nDel 28 de abril al 4 de mayo de 2025<\/li>\n<\/ul>\n<p>\u25ba \u25ba<strong>Toda la informaci\u00f3n<\/strong><br \/>\n<a href=\"https:\/\/casiopea.um.es\/cursospe\/informesinvestigacioni.f\" target=\"_blank\" rel=\"noopener\">https:\/\/casiopea.um.es\/cursospe\/informesinvestigacioni.f<\/a><\/p>\n<p><img decoding=\"async\" loading=\"lazy\" class=\"aligncenter wp-image-12880\" src=\"https:\/\/ceca.mini.icom.museum\/wp-content\/uploads\/sites\/5\/2025\/03\/Online-Training-Pre-registration-2025-v4-400pxR-258x300.jpg\" alt=\"\" width=\"400\" height=\"466\" srcset=\"https:\/\/ceca.mini.icom.museum\/wp-content\/uploads\/sites\/5\/2025\/03\/Online-Training-Pre-registration-2025-v4-400pxR-258x300.jpg 258w, https:\/\/ceca.mini.icom.museum\/wp-content\/uploads\/sites\/5\/2025\/03\/Online-Training-Pre-registration-2025-v4-400pxR.jpg 400w\" sizes=\"(max-width: 400px) 100vw, 400px\" \/><\/p>\n<p>&nbsp;<\/p>\n<hr \/>\n<p><strong>Sostenibilidad social, sostenibilidad natural: la urgencia de la educaci\u00f3n<\/strong><br \/>\nAbiy\u00e1n, Costa de Marfil, 23\/28 de noviembre de 2024<\/p>\n<p><strong>En colaboraci\u00f3n<\/strong> con ICOM NATHIST, ICOM Francia, Museo de las Civilizaciones de Costa de Marfil,<br \/>\n<strong>Con el apoyo<\/strong> de Alianza Regional Africana del ICOM, Comit\u00e9s Nacionales del ICOM Burkina Faso, C\u00f4te d&#8217;Ivoire, Benin, Mal\u00ed, Comit\u00e9s Nacionales del ICOM Grecia, Espa\u00f1a, Argentina, Oficina Regional de la UNESCO para \u00c1frica Austral, Mus\u00e9e de l&#8217;Eau du Burkina Faso.<\/p>\n<p>Una de las formas tradicionales de incluir a los visitantes en la vida de los museos consiste en ofrecer programas educativos y culturales a p\u00fablicos diversos, tanto habituales como remotos, susceptibles de atraerlos y de poner la riqueza del museo al servicio de las necesidades de la sociedad.<br \/>\nDesde hace m\u00e1s de diez a\u00f1os, el ICOM CECA utiliza y mejora una herramienta destinada a apoyar a los dise\u00f1adores profesionales de estos programas, profundizando su reflexi\u00f3n sobre los m\u00faltiples aspectos cient\u00edficos, sociales, materiales y financieros que implica la puesta en marcha de esta oferta.<br \/>\nEl taller propuesto en el \u00c1frica Occidental franc\u00f3fona tendr\u00e1 como objetivo desarrollar las competencias pedag\u00f3gicas de los profesionales de los museos en torno a la implementaci\u00f3n de los programas, y lo har\u00e1 con dos intenciones m\u00e1s espec\u00edficas: tratar el patrimonio material y natural, y trabajar m\u00e1s particularmente hacia las comunidades en un enfoque inclusivo.<br \/>\nLa presencia de representantes de la CECA en la regi\u00f3n durante el taller deber\u00eda contribuir a difundir las competencias, lo que redundar\u00eda en una mayor participaci\u00f3n de los profesionales africanos en el concurso internacional anual \u00abBest Practice Award\u00bb, que re\u00fane cada a\u00f1o numerosas propuestas y premia y publica los mejores programas.<\/p>\n<p style=\"text-align: center\"><img decoding=\"async\" loading=\"lazy\" class=\"aligncenter wp-image-11924 size-full\" src=\"https:\/\/ceca.mini.icom.museum\/wp-content\/uploads\/sites\/5\/2024\/09\/bandeau-6-IA-mfd-afrique-01-6-600px.jpg\" alt=\"\" width=\"600\" height=\"422\" srcset=\"https:\/\/ceca.mini.icom.museum\/wp-content\/uploads\/sites\/5\/2024\/09\/bandeau-6-IA-mfd-afrique-01-6-600px.jpg 600w, https:\/\/ceca.mini.icom.museum\/wp-content\/uploads\/sites\/5\/2024\/09\/bandeau-6-IA-mfd-afrique-01-6-600px-300x211.jpg 300w\" sizes=\"(max-width: 600px) 100vw, 600px\" \/><\/p>\n<hr \/>\n<p><strong>Universidad de Murcia, Espagne : &#8220;<\/strong>Formacion onligne, curso 2024&#8243;<br \/>\nMicrocredencial universitaria en proyectos de invertigacion aplicada a la educacion en museos de America Latina y el Caribe (Primera edicion)<\/p>\n<p><img decoding=\"async\" loading=\"lazy\" class=\"wp-image-11897 aligncenter\" src=\"https:\/\/ceca.mini.icom.museum\/wp-content\/uploads\/sites\/5\/2024\/08\/formation-online-2024-ESP-640R-encad-300x172.jpg\" alt=\"\" width=\"640\" height=\"366\" srcset=\"https:\/\/ceca.mini.icom.museum\/wp-content\/uploads\/sites\/5\/2024\/08\/formation-online-2024-ESP-640R-encad-300x172.jpg 300w, https:\/\/ceca.mini.icom.museum\/wp-content\/uploads\/sites\/5\/2024\/08\/formation-online-2024-ESP-640R-encad.jpg 654w\" sizes=\"(max-width: 640px) 100vw, 640px\" \/><\/p>\n<hr \/>\n<p><strong>Bejing : ICOM ITC International Training Center<\/strong>, Sesi\u00f3n Trienal sobre Educaci\u00f3n.<br \/>\nExperta Arja Van Veldhuisen, miembro del Consejo de Administraci\u00f3n de la CECA.<\/p>\n<p>Del 5 al 14 de noviembre, 31 j\u00f3venes profesionales de museos se reunieron en el Museo Yixing (Yixing es una ciudad de Jiangsu, China) para el taller de formaci\u00f3n del ICOM ITC de noviembre de 2019. 31 participantes entre los cuales 16 chinos y 15 de pa\u00edses en desarrollo. Arja dice: &#8220;Fue un gran honor representar a la CECA en Yixing. He intentado promocionar la CECA lo mejor que he podido y estoy seguro de que han recibido el mensaje, incluida la invitaci\u00f3n para Lovaina 2020&#8221;.<\/p>\n<p><img decoding=\"async\" loading=\"lazy\" class=\"alignnone wp-image-3397\" src=\"https:\/\/ceca.mini.icom.museum\/wp-content\/uploads\/sites\/5\/2019\/12\/Arja-session-700R.jpg\" alt=\"\" width=\"640\" height=\"282\" srcset=\"https:\/\/ceca.mini.icom.museum\/wp-content\/uploads\/sites\/5\/2019\/12\/Arja-session-700R.jpg 700w, https:\/\/ceca.mini.icom.museum\/wp-content\/uploads\/sites\/5\/2019\/12\/Arja-session-700R-300x132.jpg 300w\" sizes=\"(max-width: 640px) 100vw, 640px\" \/><\/p>\n<hr \/>\n<p><strong>Museo de Artesan\u00eda de Se\u00fal.<\/strong><br \/>\nMesa redonda sobre &#8220;Exhibici\u00f3n para visitantes con discapacidad visual&#8221;<br \/>\n12 de noviembre. Experto Marie-Clart\u00e9 O&#8217;Neill, Presidenta. 50 participantes coreanos.<\/p>\n<p><img decoding=\"async\" loading=\"lazy\" class=\"alignnone wp-image-3400\" src=\"https:\/\/ceca.mini.icom.museum\/wp-content\/uploads\/sites\/5\/2019\/12\/children-mseum-700R.jpg\" alt=\"\" width=\"640\" height=\"427\" srcset=\"https:\/\/ceca.mini.icom.museum\/wp-content\/uploads\/sites\/5\/2019\/12\/children-mseum-700R.jpg 700w, https:\/\/ceca.mini.icom.museum\/wp-content\/uploads\/sites\/5\/2019\/12\/children-mseum-700R-300x200.jpg 300w\" sizes=\"(max-width: 640px) 100vw, 640px\" \/><\/p>\n<hr \/>\n<p><strong>Budapest : Conferencia MuseumDigit2019<\/strong>, una conferencia de museos sobre tendencias digitales e innovaci\u00f3n celebrada en el Museo Nacional H\u00fangaro, Budapest, Hungr\u00eda<br \/>\n26\/27 de noviembre. Experto: Marie-Clart\u00e9 O&#8217;Neill, Presidenta.<\/p>\n<p>MuseumDigit es un evento de dos d\u00edas curado por el Centro Nacional de Metodolog\u00eda e Informaci\u00f3n de Museos, con una audiencia de unos 300 expertos y conservadores de museos, as\u00ed como creativos digitales, narradores, innovadores de TI y estudiantes universitarios. Su objetivo es reunir a mentes brillantes para dar charlas centradas en ideas y en una amplia gama de temas relacionados con la digitalizaci\u00f3n y el patrimonio cultural digital, para fomentar el aprendizaje, la inspiraci\u00f3n y la innovaci\u00f3n, y provocar conversaciones importantes.<\/p>\n<p>Cada a\u00f1o dan la bienvenida a un presidente de uno de los comit\u00e9s internacionales del ICOM.<\/p>\n<p>&nbsp;<\/p>\n<p>&nbsp;<\/p>\n<p>&nbsp;<\/p>\n","protected":false},"excerpt":{"rendered":"<p>2025 Formaci\u00f3n online \/ Universidad de Murcia (Espa\u00f1a)- ICOM CECA Microcredencial universitaria en informes de investigaci\u00f3n aplicada a la educaci\u00f3n en museos de Am\u00e9rica Latina y el Caribe. En esta actividad los estudiantes aprender\u00e1n a aplicar proyectos de investigaci\u00f3n y elaborar un informe o un art\u00edculo final Per\u00edodo acad\u00e9mico 15 de mayo de 2025 hasta [&hellip;]<\/p>\n","protected":false},"author":31,"featured_media":0,"parent":3390,"menu_order":1,"comment_status":"closed","ping_status":"closed","template":"","meta":{"footnotes":""},"yst_prominent_words":[91,1756,123,2570,124,289,2567,3671],"acf":[],"_links":{"self":[{"href":"https:\/\/ceca.mini.icom.museum\/es\/wp-json\/wp\/v2\/pages\/3411"}],"collection":[{"href":"https:\/\/ceca.mini.icom.museum\/es\/wp-json\/wp\/v2\/pages"}],"about":[{"href":"https:\/\/ceca.mini.icom.museum\/es\/wp-json\/wp\/v2\/types\/page"}],"author":[{"embeddable":true,"href":"https:\/\/ceca.mini.icom.museum\/es\/wp-json\/wp\/v2\/users\/31"}],"replies":[{"embeddable":true,"href":"https:\/\/ceca.mini.icom.museum\/es\/wp-json\/wp\/v2\/comments?post=3411"}],"version-history":[{"count":13,"href":"https:\/\/ceca.mini.icom.museum\/es\/wp-json\/wp\/v2\/pages\/3411\/revisions"}],"predecessor-version":[{"id":11902,"href":"https:\/\/ceca.mini.icom.museum\/es\/wp-json\/wp\/v2\/pages\/3411\/revisions\/11902"}],"up":[{"embeddable":true,"href":"https:\/\/ceca.mini.icom.museum\/es\/wp-json\/wp\/v2\/pages\/3390"}],"wp:attachment":[{"href":"https:\/\/ceca.mini.icom.museum\/es\/wp-json\/wp\/v2\/media?parent=3411"}],"wp:term":[{"taxonomy":"yst_prominent_words","embeddable":true,"href":"https:\/\/ceca.mini.icom.museum\/es\/wp-json\/wp\/v2\/yst_prominent_words?post=3411"}],"curies":[{"name":"wp","href":"https:\/\/api.w.org\/{rel}","templated":true}]}}