{"id":3841,"date":"2020-01-24T13:49:05","date_gmt":"2020-01-24T13:49:05","guid":{"rendered":"http:\/\/ceca.mini.icom.museum\/?page_id=3841"},"modified":"2021-02-16T00:02:28","modified_gmt":"2021-02-16T00:02:28","slug":"colaboraciones-con-otros-comites","status":"publish","type":"page","link":"https:\/\/ceca.mini.icom.museum\/es\/colaboraciones-2\/colaboraciones-con-otros-comites\/","title":{"rendered":"Colaboraciones con otros comit\u00e9s"},"content":{"rendered":"<h5><img decoding=\"async\" loading=\"lazy\" class=\"size-full wp-image-3635 alignright\" src=\"http:\/\/ceca.mini.icom.museum\/wp-content\/uploads\/sites\/5\/2020\/01\/three-puzzle-couleur-3logos235px.jpg\" alt=\"\" width=\"235\" height=\"227\" \/><strong>La importancia y la transversalidad<\/strong> de los temas de accesibilidad, integraci\u00f3n y educaci\u00f3n en y a trav\u00e9s de los museos fomenta naturalmente los proyectos conjuntos entre la CECA y otros comit\u00e9s.<\/h5>\n<p><strong>La CAM -Asociaci\u00f3n de Museos del Commonwealth- ha estado ofreciendo un programa de educaci\u00f3n a distancia para museos durante muchos a\u00f1os.<\/strong> Este programa se renovar\u00e1 el a\u00f1o pr\u00f3ximo.<br \/>\nEl CECA ha sido invitado a participar en el desarrollo de este nuevo programa en torno a las cuestiones de las audiencias, la educaci\u00f3n y la acci\u00f3n cultural.<br \/>\nA cambio de esta colaboraci\u00f3n, se puede invitar cada a\u00f1o a un miembro del CECA a inscribirse gratuitamente en este curso de formaci\u00f3n.<br \/>\nLos detalles de este curso de capacitaci\u00f3n en cuanto a contenido, modalidades y calendario se especificar\u00e1n m\u00e1s adelante, as\u00ed como las condiciones para presentar la solicitud al CECA.<\/p>\n<p><strong>Con <a href=\"https:\/\/thecommonwealth.org\/organisation\/commonwealth-association-museums\" target=\"_blank\" rel=\"noopener\">CAM<\/a>:<br \/>\n<\/strong> <a href=\"http:\/\/ceca.mini.icom.museum\/wp-content\/uploads\/sites\/5\/2020\/01\/ESP_Colaboraci\u00f3n-entre-CECA-y-CAM.pdf\" target=\"_blank\" rel=\"noopener\">reuni\u00f3n de pre-conferencia durante el CAMtrienal2020 en marzo.<\/a><\/p>\n<p><a href=\"https:\/\/thecommonwealth.org\/organisation\/commonwealth-association-museums\" target=\"_blank\" rel=\"noopener\"><img decoding=\"async\" loading=\"lazy\" class=\"alignnone size-medium wp-image-4909\" src=\"https:\/\/ceca.mini.icom.museum\/wp-content\/uploads\/sites\/5\/2020\/05\/logo-CAM-300x84.jpg\" alt=\"\" width=\"300\" height=\"84\" srcset=\"https:\/\/ceca.mini.icom.museum\/wp-content\/uploads\/sites\/5\/2020\/05\/logo-CAM-300x84.jpg 300w, https:\/\/ceca.mini.icom.museum\/wp-content\/uploads\/sites\/5\/2020\/05\/logo-CAM.jpg 527w\" sizes=\"(max-width: 300px) 100vw, 300px\" \/><\/a><\/p>\n<p>&nbsp;<\/p>\n","protected":false},"excerpt":{"rendered":"<p>La importancia y la transversalidad de los temas de accesibilidad, integraci\u00f3n y educaci\u00f3n en y a trav\u00e9s de los museos fomenta naturalmente los proyectos conjuntos entre la CECA y otros comit\u00e9s. La CAM -Asociaci\u00f3n de Museos del Commonwealth- ha estado ofreciendo un programa de educaci\u00f3n a distancia para museos durante muchos a\u00f1os. Este programa se [&hellip;]<\/p>\n","protected":false},"author":1,"featured_media":0,"parent":3834,"menu_order":1,"comment_status":"closed","ping_status":"closed","template":"","meta":{"footnotes":""},"yst_prominent_words":[2606,1735,3231,1742,3229,1756,123,591,1751,287,289,1744,2725,3230,3228,1746,1996,320,288,3232,983,1399],"acf":[],"_links":{"self":[{"href":"https:\/\/ceca.mini.icom.museum\/es\/wp-json\/wp\/v2\/pages\/3841"}],"collection":[{"href":"https:\/\/ceca.mini.icom.museum\/es\/wp-json\/wp\/v2\/pages"}],"about":[{"href":"https:\/\/ceca.mini.icom.museum\/es\/wp-json\/wp\/v2\/types\/page"}],"author":[{"embeddable":true,"href":"https:\/\/ceca.mini.icom.museum\/es\/wp-json\/wp\/v2\/users\/1"}],"replies":[{"embeddable":true,"href":"https:\/\/ceca.mini.icom.museum\/es\/wp-json\/wp\/v2\/comments?post=3841"}],"version-history":[{"count":7,"href":"https:\/\/ceca.mini.icom.museum\/es\/wp-json\/wp\/v2\/pages\/3841\/revisions"}],"predecessor-version":[{"id":6476,"href":"https:\/\/ceca.mini.icom.museum\/es\/wp-json\/wp\/v2\/pages\/3841\/revisions\/6476"}],"up":[{"embeddable":true,"href":"https:\/\/ceca.mini.icom.museum\/es\/wp-json\/wp\/v2\/pages\/3834"}],"wp:attachment":[{"href":"https:\/\/ceca.mini.icom.museum\/es\/wp-json\/wp\/v2\/media?parent=3841"}],"wp:term":[{"taxonomy":"yst_prominent_words","embeddable":true,"href":"https:\/\/ceca.mini.icom.museum\/es\/wp-json\/wp\/v2\/yst_prominent_words?post=3841"}],"curies":[{"name":"wp","href":"https:\/\/api.w.org\/{rel}","templated":true}]}}