{"id":3906,"date":"2020-01-28T18:09:29","date_gmt":"2020-01-28T18:09:29","guid":{"rendered":"http:\/\/ceca.mini.icom.museum\/?page_id=3906"},"modified":"2025-01-21T19:01:04","modified_gmt":"2025-01-21T19:01:04","slug":"conferencias-regionales","status":"publish","type":"page","link":"https:\/\/ceca.mini.icom.museum\/es\/conferencias\/conferencias-regionales\/","title":{"rendered":"Conferencias regionales"},"content":{"rendered":"<h3><strong>\u25ba \u25ba ICOM CECA 2024, taller en Abiy\u00e1n, \u00c1frica.<\/strong><\/h3>\n<p>El Comit\u00e9 para la Educaci\u00f3n y la Acci\u00f3n Cultural (CECA), bajo los auspicios del ICOM (Consejo Internacional de <img decoding=\"async\" loading=\"lazy\" class=\"size-medium wp-image-12205 alignright\" src=\"https:\/\/ceca.mini.icom.museum\/wp-content\/uploads\/sites\/5\/2024\/12\/Atelier-Afrique-2024-500px-22-300x188.jpg\" alt=\"\" width=\"300\" height=\"188\" srcset=\"https:\/\/ceca.mini.icom.museum\/wp-content\/uploads\/sites\/5\/2024\/12\/Atelier-Afrique-2024-500px-22-300x188.jpg 300w, https:\/\/ceca.mini.icom.museum\/wp-content\/uploads\/sites\/5\/2024\/12\/Atelier-Afrique-2024-500px-22.jpg 500w\" sizes=\"(max-width: 300px) 100vw, 300px\" \/>Museos), organiz\u00f3 un taller regional del <strong>25 al 28 de noviembre en el Museo de las Civilizaciones de Abiy\u00e1n-Plateau<\/strong>. El encuentro reuni\u00f3 a profesionales de museos de Costa de Marfil, Burkina Faso, Mal\u00ed y Ben\u00edn para debatir el tema <strong>\u00abSostenibilidad social\/sostenibilidad natural: la urgente necesidad de educar\u00bb<\/strong>. El objetivo era reforzar las competencias de los profesionales de los museos y promover la educaci\u00f3n muse\u00edstica como palanca del desarrollo sostenible.<\/p>\n<p>Proyecto realizado por la CECA, en colaboraci\u00f3n con ICOM NATHIST, ICOM Francia, ICOM Costa de Marfil, el Museo de la Civilizaci\u00f3n de Costa de Marfil, y con el apoyo de la Alianza Regional Africana del ICOM, los Comit\u00e9s Nacionales del ICOM de Burkina Faso, Ben\u00edn y Mal\u00ed, los Comit\u00e9s Nacionales del ICOM de Grecia, Espa\u00f1a y Argentina, la Oficina Regional de la UNESCO para \u00c1frica Austral y el Mus\u00e9e de l&#8217;Eau de Burkina Faso.<\/p>\n<p><strong>\u00c1lbum de fotos :<\/strong><br \/>\n<strong>Haga clic en el enlace<\/strong>. Haga clic en las fotos para ampliarlas y en las flechas para desplazarse por ellas.<br \/>\n<a href=\"https:\/\/photos.app.goo.gl\/Rv8gY2CiU89MmnCE7\" target=\"_blank\" rel=\"noopener\">https:\/\/photos.app.goo.gl\/Rv8gY2CiU89MmnCE7<\/a><\/p>\n<hr \/>\n<h3><strong>\u25ba <\/strong><strong>\u25ba\u00a0<\/strong>ICOM CECA Encuentro regional America Latina y el Caribe 2024<\/h3>\n<p><strong>XIV Encuentro Regional del CECA LAC<\/strong>, &#8220;Educaci\u00f3n Museal y Democracia: Diversidad, <img decoding=\"async\" loading=\"lazy\" class=\"size-medium wp-image-12059 alignright\" src=\"https:\/\/ceca.mini.icom.museum\/wp-content\/uploads\/sites\/5\/2024\/11\/Flyer-espanol-cadre-500px-290x300.jpg\" alt=\"\" width=\"290\" height=\"300\" srcset=\"https:\/\/ceca.mini.icom.museum\/wp-content\/uploads\/sites\/5\/2024\/11\/Flyer-espanol-cadre-500px-290x300.jpg 290w, https:\/\/ceca.mini.icom.museum\/wp-content\/uploads\/sites\/5\/2024\/11\/Flyer-espanol-cadre-500px.jpg 500w\" sizes=\"(max-width: 290px) 100vw, 290px\" \/>Inclusi\u00f3n y Derecho a la Memoria&#8221;, <strong>25 al 27 de noviembre de 2024.<\/strong><\/p>\n<p><strong>VIII Foro Nacional de Museos<\/strong> &#8211; Democracia y derecho a la memoria. <strong>25 al 30 de noviembre de 2024<\/strong>, Fortaleza \u2013 Cear\u00e1 (Brasil).<\/p>\n<p>El Foro Nacional de Museos, organizado por el Instituto Brasile\u00f1o de Museos (IBRAM), es un evento de \u00e1mbito nacional que tiene como objetivo reflexionar, evaluar y trazar las directrices de la Pol\u00edtica Nacional de Museos y consolidar las bases para la implementaci\u00f3n de un modelo de gesti\u00f3n integrado de los museos brasile\u00f1os. No ha habido un Foro Nacional de Museos desde 2017, por lo que el evento es muy esperado por la comunidad muse\u00edstica brasile\u00f1a.<br \/>\n<strong>El Encuentro Regional del CECA LAC se articular\u00e1 con este Foro<\/strong> y se beneficiar\u00e1 del programa en su conjunto, el cual incluye: conferencias, paneles, comunicaciones coordinadas, cursos cortos, grupos de trabajo y programas paralelos.<\/p>\n<p><strong>Programa del XIV Encuentro Regional del CECA LAC &lt;<a href=\"https:\/\/ceca.mini.icom.museum\/wp-content\/uploads\/sites\/5\/2024\/11\/PROGRAMA-del-XIV-Encuentro-Regional-del-CECA-LAC_ESP.pdf\" target=\"_blank\" rel=\"noopener\">aqu\u00ed<\/a>&gt;<\/strong><\/p>\n<p><img decoding=\"async\" loading=\"lazy\" class=\"aligncenter wp-image-12506\" src=\"https:\/\/ceca.mini.icom.museum\/wp-content\/uploads\/sites\/5\/2025\/01\/LAC-1918px-300x169.jpg\" alt=\"\" width=\"700\" height=\"394\" srcset=\"https:\/\/ceca.mini.icom.museum\/wp-content\/uploads\/sites\/5\/2025\/01\/LAC-1918px-300x169.jpg 300w, https:\/\/ceca.mini.icom.museum\/wp-content\/uploads\/sites\/5\/2025\/01\/LAC-1918px-1024x577.jpg 1024w, https:\/\/ceca.mini.icom.museum\/wp-content\/uploads\/sites\/5\/2025\/01\/LAC-1918px-768x432.jpg 768w, https:\/\/ceca.mini.icom.museum\/wp-content\/uploads\/sites\/5\/2025\/01\/LAC-1918px-1536x865.jpg 1536w, https:\/\/ceca.mini.icom.museum\/wp-content\/uploads\/sites\/5\/2025\/01\/LAC-1918px.jpg 1918w\" sizes=\"(max-width: 700px) 100vw, 700px\" \/><\/p>\n<hr \/>\n<p>&nbsp;<\/p>\n<p>&nbsp;<\/p>\n<p>&nbsp;<\/p>\n<p>&nbsp;<\/p>\n","protected":false},"excerpt":{"rendered":"<p>\u25ba \u25ba ICOM CECA 2024, taller en Abiy\u00e1n, \u00c1frica. El Comit\u00e9 para la Educaci\u00f3n y la Acci\u00f3n Cultural (CECA), bajo los auspicios del ICOM (Consejo Internacional de Museos), organiz\u00f3 un taller regional del 25 al 28 de noviembre en el Museo de las Civilizaciones de Abiy\u00e1n-Plateau. El encuentro reuni\u00f3 a profesionales de museos de Costa [&hellip;]<\/p>\n","protected":false},"author":31,"featured_media":0,"parent":137,"menu_order":2,"comment_status":"closed","ping_status":"closed","template":"","meta":{"footnotes":""},"yst_prominent_words":[126],"acf":[],"_links":{"self":[{"href":"https:\/\/ceca.mini.icom.museum\/es\/wp-json\/wp\/v2\/pages\/3906"}],"collection":[{"href":"https:\/\/ceca.mini.icom.museum\/es\/wp-json\/wp\/v2\/pages"}],"about":[{"href":"https:\/\/ceca.mini.icom.museum\/es\/wp-json\/wp\/v2\/types\/page"}],"author":[{"embeddable":true,"href":"https:\/\/ceca.mini.icom.museum\/es\/wp-json\/wp\/v2\/users\/31"}],"replies":[{"embeddable":true,"href":"https:\/\/ceca.mini.icom.museum\/es\/wp-json\/wp\/v2\/comments?post=3906"}],"version-history":[{"count":32,"href":"https:\/\/ceca.mini.icom.museum\/es\/wp-json\/wp\/v2\/pages\/3906\/revisions"}],"predecessor-version":[{"id":12512,"href":"https:\/\/ceca.mini.icom.museum\/es\/wp-json\/wp\/v2\/pages\/3906\/revisions\/12512"}],"up":[{"embeddable":true,"href":"https:\/\/ceca.mini.icom.museum\/es\/wp-json\/wp\/v2\/pages\/137"}],"wp:attachment":[{"href":"https:\/\/ceca.mini.icom.museum\/es\/wp-json\/wp\/v2\/media?parent=3906"}],"wp:term":[{"taxonomy":"yst_prominent_words","embeddable":true,"href":"https:\/\/ceca.mini.icom.museum\/es\/wp-json\/wp\/v2\/yst_prominent_words?post=3906"}],"curies":[{"name":"wp","href":"https:\/\/api.w.org\/{rel}","templated":true}]}}