{"id":4187,"date":"2020-03-11T15:48:47","date_gmt":"2020-03-11T15:48:47","guid":{"rendered":"http:\/\/ceca.mini.icom.museum\/?page_id=4187"},"modified":"2020-12-20T21:35:45","modified_gmt":"2020-12-20T21:35:45","slug":"como-unirse","status":"publish","type":"page","link":"https:\/\/ceca.mini.icom.museum\/es\/unite-a-nosotros\/como-unirse\/","title":{"rendered":"C\u00f3mo unirse"},"content":{"rendered":"<h4><strong>\u00bfC\u00f3mo puedo ser miembro del CECA?<\/strong><\/h4>\n<p><strong>Necesitas:<\/strong><\/p>\n<ul>\n<li>primero, convertirse en miembro del ICOM,<\/li>\n<li>y luego solicitar ser miembro votante de la CECA.<\/li>\n<\/ul>\n<h4><strong>Procedimiento para convertirse en miembro del ICOM<\/strong><\/h4>\n<p>Para ello, hay que solicitarlo al Comit\u00e9 Nacional de su pa\u00eds. Por lo general, se puede descargar un formulario de solicitud en el sitio web de cada comit\u00e9, o bien lo env\u00eda su secretar\u00eda.<\/p>\n<p><strong>Directorio de Comit\u00e9s Nacionales :<\/strong><br \/>\nSp &lt;<a href=\"https:\/\/icom.museum\/es\/red\/directorio-de-los-comites\/?type=221\" target=\"_blank\" rel=\"noopener\">https:\/\/icom.museum\/es\/red\/directorio-de-los-comites\/?type=221<\/a>&gt;<\/p>\n<p><strong>Si un pa\u00eds no tiene un Comit\u00e9 Nacional del ICOM<\/strong>, se debe contactar directamente con la Secretar\u00eda del ICOM:<br \/>\nEs &lt;<a href=\"https:\/\/icom.museum\/es\/contacto\/\" target=\"_blank\" rel=\"noopener\">https:\/\/icom.museum\/es\/contacto\/<\/a>&gt;<\/p>\n<p><img decoding=\"async\" loading=\"lazy\" class=\" wp-image-2361 alignright\" src=\"http:\/\/ceca.mini.icom.museum\/wp-content\/uploads\/sites\/5\/2019\/12\/Photo_delval_carte-icom-700-03-300x194.jpg\" alt=\"\" width=\"221\" height=\"143\" srcset=\"https:\/\/ceca.mini.icom.museum\/wp-content\/uploads\/sites\/5\/2019\/12\/Photo_delval_carte-icom-700-03-300x194.jpg 300w, https:\/\/ceca.mini.icom.museum\/wp-content\/uploads\/sites\/5\/2019\/12\/Photo_delval_carte-icom-700-03.jpg 700w\" sizes=\"(max-width: 221px) 100vw, 221px\" \/>Si el comit\u00e9 acepta y valida la solicitud, el nuevo miembro recibe una tarjeta del ICOM con un n\u00famero de identificaci\u00f3n.<br \/>\nEl miembro tambi\u00e9n debe pagar una cuota de membres\u00eda cada a\u00f1o. Luego recibe una pegatina con la indicaci\u00f3n del a\u00f1o en curso, que pega en su tarjeta para que sea v\u00e1lida.<\/p>\n<p><strong>Informaci\u00f3n sobre c\u00f3mo hacerse miembro, en el sitio web del ICOM<\/strong><br \/>\n&lt;<a href=\"https:\/\/icom.museum\/es\/involucrese\/conviertase-en-miembro-de-icom\/\" target=\"_blank\" rel=\"noopener\">https:\/\/icom.museum\/es\/involucrese\/conviertase-en-miembro-de-icom\/<\/a>&gt;<\/p>\n<h4><strong>Procedimiento para ser miembro de un Comit\u00e9 Internacional como la CECA<\/strong><\/h4>\n<p>Al convertirse en miembro del ICOM, recibir\u00e1 un correo electr\u00f3nico indicando su nombre de usuario y un enlace que le permite crear su contrase\u00f1a.<\/p>\n<p>El nombre de usuario y la contrase\u00f1a le dan acceso a su cuenta personal, y le permite conectarse a IRIS, la base de datos de miembros del ICOM.<\/p>\n<p>Cada miembro puede as\u00ed acceder a su archivo individual, verificarlo y actualizar, como m\u00ednimo, su direcci\u00f3n de correo electr\u00f3nico y su comit\u00e9 internacional.<\/p>\n<p>Algunos miembros pueden modificar otros datos.<\/p>\n<p>Alguna informaci\u00f3n solo puede ser modificada por el Comit\u00e9 Nacional y el Servicio Miembros del ICOM.<\/p>\n<p>Cuando la informaci\u00f3n sea inexacta y no se puede editar directamente, se invita al miembro a ponerse en contacto directamente con su Comit\u00e9 Nacional.<br \/>\nConsulte el directorio de Comit\u00e9s Nacionales:<br \/>\n&lt;<a href=\"https:\/\/icom.museum\/es\/red\/directorio-de-los-comites\/\" target=\"_blank\" rel=\"noopener\">https:\/\/icom.museum\/es\/red\/directorio-de-los-comites\/<\/a>&gt;.<\/p>\n<p>Se recomienda realizar este control una vez al a\u00f1o, despu\u00e9s de haber renovado su cuota anual de membres\u00eda.<\/p>\n<p>Si tiene alg\u00fan problema con su comit\u00e9 nacional, comun\u00edquese con el Servicio de membres\u00eda del ICOM &lt;<a href=\"https:\/\/icom.museum\/es\/contacto\/\" target=\"_blank\" rel=\"noopener\">https:\/\/icom.museum\/es\/contacto\/<\/a>&gt;.<\/p>\n<h4><strong>C\u00f3mo acceder a su ficha individual<\/strong><\/h4>\n<p><strong>Primero, vaya a la base IRIS &lt;<a href=\"https:\/\/icom-museum.force.com\" target=\"_blank\" rel=\"noopener\">https:\/\/icom-museum.force.com<\/a>&gt;<\/strong><\/p>\n<ol>\n<li><img decoding=\"async\" loading=\"lazy\" class=\"alignright wp-image-5971 size-medium\" src=\"http:\/\/ceca.mini.icom.museum\/wp-content\/uploads\/sites\/5\/2020\/12\/Login-IRIS-2-266x300.jpg\" alt=\"\" width=\"266\" height=\"300\" srcset=\"https:\/\/ceca.mini.icom.museum\/wp-content\/uploads\/sites\/5\/2020\/12\/Login-IRIS-2-266x300.jpg 266w, https:\/\/ceca.mini.icom.museum\/wp-content\/uploads\/sites\/5\/2020\/12\/Login-IRIS-2.jpg 401w\" sizes=\"(max-width: 266px) 100vw, 266px\" \/>En el formulario de identificaci\u00f3n, escriba su nombre de usuario en &#8220;nombre usuario\u201d, luego su contrase\u00f1a. Conectarse.<\/li>\n<li>Para obtener una nueva contrase\u00f1a (o si se olvida), haga clic en &#8220;\u00bfContrase\u00f1a olvidada?&#8221;. Recibir\u00e1 por correo electr\u00f3nico un enlace para modificar la contrase\u00f1a.<\/li>\n<li>En la p\u00e1gina &#8220;Mi informaci\u00f3n&#8221; de IRIS, haga clic en &#8220;Modificar mi informaci\u00f3n\u201d.<\/li>\n<li>En el formulario, verifique su informaci\u00f3n, actualice sus datos. No olvide guardar los cambios.<\/li>\n<\/ol>\n<p><strong>Actualizando su ficha individual<\/strong> (cambio de datos de contacto personal o profesional):<\/p>\n<ul>\n<li>contribuyes a mejorar y optimizar los sistemas de comunicaci\u00f3n e informaci\u00f3n del ICOM,<\/li>\n<li>permitir que sus comit\u00e9s nacionales e internacionales le informen mejor sobre sus actividades.<\/li>\n<\/ul>\n<h4><strong>Espacio personal \/ Espacio de miembros<\/strong><\/h4>\n<p><strong>Los identificadores tambi\u00e9n dan acceso a la zona de miembros del sitio del ICOM<\/strong>, que permite acceder a informaci\u00f3n m\u00e1s espec\u00edfica que el sitio p\u00fablico.<\/p>\n<p>&nbsp;<\/p>\n<p>&nbsp;<\/p>\n<p>&nbsp;<\/p>\n<p>&nbsp;<\/p>\n<p>&nbsp;<\/p>\n<p>&nbsp;<\/p>\n<p>&nbsp;<\/p>\n<p><strong>1) Hacerse miembro del ICOM<\/strong><br \/>\nLos formularios de solicitud pueden obtenerse en elComit\u00e9 nacionalde su pa\u00eds o ponerse en contacto con la Secretar\u00eda del ICOM de la siguiente manera:<\/p>\n<p>ICOM Secretariat<br \/>\nMaison de l&#8217;UNESCO<br \/>\n1, rue de Miollis,<br \/>\n75732 Paris Cedex 15, France<br \/>\nTel: +33 0 1 47 34 05 00<br \/>\nFax: +33 0 1 43 06 78 62<br \/>\nEmail: secretariat[at]icom.museum<\/p>\n<p>Debe devolver su formulario de solicitud al Comit\u00e9 Nacional de su pa\u00eds, ya que el Servicio de Membres\u00eda de la Secretar\u00eda del ICOM no puede procesar ninguna solicitud sin el consentimiento del Comit\u00e9 Nacional correspondiente.<br \/>\nS\u00f3lo en el caso de que no exista un Comit\u00e9 Nacional en su pa\u00eds, solicite un formulario de solicitud directamente a la Secretar\u00eda del ICOM y, a continuaci\u00f3n, env\u00edesu solicitud al Servicio de Membres\u00eda de la Secretar\u00eda del ICOM en Par\u00eds.<br \/>\nLa membres\u00eda es anual y toma efecto desde el comienzo del a\u00f1o civil en curso.<\/p>\n<p><strong>2) Convertirse en miembro con derecho a voto del CECA<\/strong><br \/>\nSi a\u00fan no eres miembro de ICOM, escribe claramente en el formulario de solicitud que deseas ser considerado como miembro con derecho a voto del CECA. Si ya eres miembro de ICOM, env\u00eda el siguiente mensaje a la Secretar\u00eda del ICOM: \u201cSoy miembro del ICOM y deseo ser miembro con derecho a voto del CECA\u201d o, si es el caso: \u201c&#8230; cambiar mi opci\u00f3n de voto al CECA\u201d. No olvide agregar la fecha, tu nombre y tu n\u00famero de membres\u00eda del ICOM. No hay una tarifa adicional en su membres\u00eda del ICOM por unirse al CECA.<\/p>\n<p>El ICOM ahora est\u00e1 utilizando una nueva base de datos para su informaci\u00f3n de membres\u00eda, ofreciendo un espacio de membres\u00eda personal para cada miembro.<\/p>\n<p>\u00a1As\u00ed que ingrese a su espacio personal y aseg\u00farese de que CECA aparezca como su comit\u00e9 internacional!<\/p>\n<p>Esto es importante para que t\u00fa aparezcas como miembro con derecho a voto, y tambi\u00e9n para contar como miembro para el presupuesto anual que el CECA obtiene del ICOM, en funci\u00f3n a la cantidad de miembros.<\/p>\n<p><strong>\u00bfC\u00f3mo verificar tu estado de membres\u00eda?<\/strong><\/p>\n<ol>\n<li>Encuentre el correo electr\u00f3nico que recibieron todos los miembros del ICOM el 31 de agosto de 2017. El t\u00edtulo del tema &#8216;Bienvenido en su espacio personal ICOM&#8217;; fue enviado por &#8220;no reply@icom.museum&#8221; &lt;sonia.agudo[at]icom.museum&gt;. Aqu\u00ed encontrar\u00e1 su nombre de usuario y el enlace para cambiar su contrase\u00f1a. H\u00e1galo, si a\u00fan no lo ha hecho.<\/li>\n<li>Despu\u00e9s de cambiar su contrase\u00f1a, siga el enlace en el mismo correo electr\u00f3nico (con fecha del 31 de agosto) para enlazar a <a href=\"https:\/\/icom-museum.force.com\/ALS_Community_HomePage\" target=\"_blank\" rel=\"noopener\">ICOMMUNITY<\/a>. Inicie sesi\u00f3n con su nombre de usuario y su contrase\u00f1a.<\/li>\n<li>Haga clic en la etiqueta &#8216;Mis comit\u00e9s ICOM&#8217;. \u00bfHay algo escrito detr\u00e1s del &#8216;Comit\u00e9 internacional&#8217;? Si es no: primero debe hacer clic en &#8220;editar mi informaci\u00f3n personal&#8221;, y luego puede usar el men\u00fa desplegable, usar la lista desplegable y marcar CECA &#8211; Educaci\u00f3n y Acci\u00f3n Cultural.<\/li>\n<\/ol>\n","protected":false},"excerpt":{"rendered":"<p>\u00bfC\u00f3mo puedo ser miembro del CECA? Necesitas: primero, convertirse en miembro del ICOM, y luego solicitar ser miembro votante de la CECA. Procedimiento para convertirse en miembro del ICOM Para ello, hay que solicitarlo al Comit\u00e9 Nacional de su pa\u00eds. Por lo general, se puede descargar un formulario de solicitud en el sitio web de [&hellip;]<\/p>\n","protected":false},"author":1,"featured_media":0,"parent":3853,"menu_order":2,"comment_status":"closed","ping_status":"closed","template":"","meta":{"footnotes":""},"yst_prominent_words":[2905,953,1929,1930,2908,2912,2904,103,124,1931,2913,1933,1928,1927,2906,3792,2917,1934,1936,2916,1940],"acf":[],"_links":{"self":[{"href":"https:\/\/ceca.mini.icom.museum\/es\/wp-json\/wp\/v2\/pages\/4187"}],"collection":[{"href":"https:\/\/ceca.mini.icom.museum\/es\/wp-json\/wp\/v2\/pages"}],"about":[{"href":"https:\/\/ceca.mini.icom.museum\/es\/wp-json\/wp\/v2\/types\/page"}],"author":[{"embeddable":true,"href":"https:\/\/ceca.mini.icom.museum\/es\/wp-json\/wp\/v2\/users\/1"}],"replies":[{"embeddable":true,"href":"https:\/\/ceca.mini.icom.museum\/es\/wp-json\/wp\/v2\/comments?post=4187"}],"version-history":[{"count":4,"href":"https:\/\/ceca.mini.icom.museum\/es\/wp-json\/wp\/v2\/pages\/4187\/revisions"}],"predecessor-version":[{"id":6156,"href":"https:\/\/ceca.mini.icom.museum\/es\/wp-json\/wp\/v2\/pages\/4187\/revisions\/6156"}],"up":[{"embeddable":true,"href":"https:\/\/ceca.mini.icom.museum\/es\/wp-json\/wp\/v2\/pages\/3853"}],"wp:attachment":[{"href":"https:\/\/ceca.mini.icom.museum\/es\/wp-json\/wp\/v2\/media?parent=4187"}],"wp:term":[{"taxonomy":"yst_prominent_words","embeddable":true,"href":"https:\/\/ceca.mini.icom.museum\/es\/wp-json\/wp\/v2\/yst_prominent_words?post=4187"}],"curies":[{"name":"wp","href":"https:\/\/api.w.org\/{rel}","templated":true}]}}