{"id":440,"date":"2018-12-18T15:19:20","date_gmt":"2018-12-18T15:19:20","guid":{"rendered":"http:\/\/ceca.icom.cust.oxymium.net\/sobre\/redes-sociales\/"},"modified":"2023-03-13T14:12:46","modified_gmt":"2023-03-13T14:12:46","slug":"redes-sociales","status":"publish","type":"page","link":"https:\/\/ceca.mini.icom.museum\/es\/redes-sociales-2\/redes-sociales\/","title":{"rendered":"Redes Sociales"},"content":{"rendered":"<div>\n<h3><a href=\"https:\/\/www.facebook.com\/icomceca\/\" target=\"_blank\" rel=\"noopener\"><img decoding=\"async\" loading=\"lazy\" class=\"alignleft wp-image-5252\" style=\"color: #474747;font-family: Georgia;font-size: 15px\" src=\"https:\/\/ceca.mini.icom.museum\/wp-content\/uploads\/sites\/5\/2020\/06\/find-us-on-facebook-logo-300x104.png\" alt=\"\" width=\"250\" height=\"86\" srcset=\"https:\/\/ceca.mini.icom.museum\/wp-content\/uploads\/sites\/5\/2020\/06\/find-us-on-facebook-logo-300x104.png 300w, https:\/\/ceca.mini.icom.museum\/wp-content\/uploads\/sites\/5\/2020\/06\/find-us-on-facebook-logo.png 400w\" sizes=\"(max-width: 250px) 100vw, 250px\" \/><\/a><\/h3>\n<div>\n<h3><strong>ICOM CECA en\u00a0 :\u00a0<\/strong><br \/>\n<a href=\"https:\/\/www.facebook.com\/icomceca\/\" target=\"_blank\" rel=\"noopener\">https:\/\/www.facebook.com\/icomceca\/<\/a><\/h3>\n<p><strong>Haga clic en las miniaturas para visitar las p\u00e1ginas nacionales y regionales de Facebook de CECA:<\/strong><\/p>\n<\/div>\n<\/div>\n<p><a href=\"https:\/\/www.facebook.com\/pages\/category\/Museum\/ICOM-CECA-Europe-101590587896951\/\" target=\"_blank\" rel=\"noopener\"><img decoding=\"async\" loading=\"lazy\" class=\"alignnone wp-image-5265\" src=\"https:\/\/ceca.mini.icom.museum\/wp-content\/uploads\/sites\/5\/2020\/06\/1-FB-ceca-europe-2bbb.jpg\" alt=\"\" width=\"94\" height=\"130\" \/><\/a>\u00a0 <a href=\"https:\/\/www.facebook.com\/icomcecaaustria\/\" target=\"_blank\" rel=\"noopener\"><img decoding=\"async\" loading=\"lazy\" class=\"alignnone wp-image-5283\" src=\"https:\/\/ceca.mini.icom.museum\/wp-content\/uploads\/sites\/5\/2020\/06\/2-FB-ceca-autriche.jpg\" alt=\"\" width=\"97\" height=\"130\" \/><\/a>\u00a0 <a href=\"https:\/\/www.facebook.com\/ICOMCECAUK\/\" target=\"_blank\" rel=\"noopener\"><img decoding=\"async\" loading=\"lazy\" class=\"alignnone wp-image-5268\" src=\"https:\/\/ceca.mini.icom.museum\/wp-content\/uploads\/sites\/5\/2020\/06\/2-FB-ceca-UK.jpg\" alt=\"\" width=\"98\" height=\"130\" \/><\/a>\u00a0<a href=\"https:\/\/www.facebook.com\/icomceca.portugal\/\" target=\"_blank\" rel=\"noopener\">\u00a0<\/a><a href=\"https:\/\/www.facebook.com\/icomceca.portugal\/\" target=\"_blank\" rel=\"noopener\"><img decoding=\"async\" loading=\"lazy\" class=\"alignnone wp-image-5271\" src=\"https:\/\/ceca.mini.icom.museum\/wp-content\/uploads\/sites\/5\/2020\/06\/3-FB-ceca-portugal.jpg\" alt=\"\" width=\"89\" height=\"130\" \/>\u00a0<\/a>\u00a0<a href=\"https:\/\/www.facebook.com\/pg\/ICOM-CECA-Lithuania-566584310439521\/posts\/\" target=\"_blank\" rel=\"noopener\"><img decoding=\"async\" loading=\"lazy\" class=\"alignnone wp-image-5295\" title=\"https:\/\/www.facebook.com\/ICOM-CECA- Lithuania-566584310439521\/? ref=search&amp;__tn__=%2Cd%2CP- R&amp;eid=ARAKbmUHYGpItv9iZljNdsBx4NKRfZ8 aMvEjLcUF9YHHbCNaAMvXeprGcJ9EqTIBGmP Gf4A85I3dl7Eo\" src=\"https:\/\/ceca.mini.icom.museum\/wp-content\/uploads\/sites\/5\/2020\/07\/9-FB-ceca-Lithuania.jpg\" alt=\"\" width=\"96\" height=\"130\" \/><\/a>\u00a0\u00a0<a href=\"https:\/\/www.facebook.com\/ICOM-CECA-T %C3%BCrkiye-102445451526850\/\" target=\"_blank\" rel=\"noopener\"><img decoding=\"async\" loading=\"lazy\" class=\"alignnone wp-image-5291\" title=\"https:\/\/www.facebook.com\/ICOM-CECA-T %C3%BCrkiye-102445451526850\/\" src=\"https:\/\/ceca.mini.icom.museum\/wp-content\/uploads\/sites\/5\/2020\/07\/9-FB-ceca-Tyrquie.jpg\" alt=\"\" width=\"97\" height=\"130\" \/><\/a>\u00a0 <a href=\"https:\/\/www.facebook.com\/cecalac\/\" target=\"_blank\" rel=\"noopener\"><img decoding=\"async\" loading=\"lazy\" class=\"alignnone wp-image-5276\" src=\"https:\/\/ceca.mini.icom.museum\/wp-content\/uploads\/sites\/5\/2020\/06\/4_FB_ceca_LAC_2.jpg\" alt=\"\" width=\"84\" height=\"130\" \/><\/a>\u00a0 <a href=\"https:\/\/www.facebook.com\/ceca.arg\/\" target=\"_blank\" rel=\"noopener\"><img decoding=\"async\" loading=\"lazy\" class=\"alignnone wp-image-5279\" src=\"https:\/\/ceca.mini.icom.museum\/wp-content\/uploads\/sites\/5\/2020\/06\/5_FB_ceca_argentine_1.jpg\" alt=\"\" width=\"98\" height=\"130\" \/><\/a>\u00a0 <a href=\"https:\/\/www.facebook.com\/icomcecabrasil\/\" target=\"_blank\" rel=\"noopener\"><img decoding=\"async\" loading=\"lazy\" class=\"alignnone wp-image-5256\" src=\"https:\/\/ceca.mini.icom.museum\/wp-content\/uploads\/sites\/5\/2020\/06\/6-FB-ceca-Bresil.jpg\" alt=\"\" width=\"97\" height=\"130\" \/><\/a>\u00a0 <a href=\"https:\/\/www.facebook.com\/cecachile\/\" target=\"_blank\" rel=\"noopener\"><img decoding=\"async\" loading=\"lazy\" class=\"alignnone wp-image-5259\" src=\"https:\/\/ceca.mini.icom.museum\/wp-content\/uploads\/sites\/5\/2020\/06\/7-FB-ceca-Chile.jpg\" alt=\"\" width=\"96\" height=\"130\" \/><\/a>\u00a0\u00a0<a href=\"https:\/\/www.facebook.com\/CECA-Colombia-Comit\u00e9-Educaci\u00f3n-y-Acci\u00f3n-Cultural-ICOM-111915980593166\/\" target=\"_blank\" rel=\"noopener\"><img decoding=\"async\" loading=\"lazy\" class=\"alignnone wp-image-5334\" src=\"https:\/\/ceca.mini.icom.museum\/wp-content\/uploads\/sites\/5\/2020\/07\/9-FB-ceca-Colombia.jpg\" alt=\"\" width=\"94\" height=\"130\" \/><\/a>\u00a0\u00a0<a href=\"https:\/\/www.facebook.com\/icomcecaecuador\/\" target=\"_blank\" rel=\"noopener\"><img decoding=\"async\" loading=\"lazy\" class=\"alignnone wp-image-5389\" src=\"https:\/\/ceca.mini.icom.museum\/wp-content\/uploads\/sites\/5\/2020\/07\/8-FB-ceca-Ecuador.jpg\" alt=\"\" width=\"97\" height=\"130\" \/><\/a>\u00a0 <a href=\"https:\/\/www.facebook.com\/ceca.icommx.5\" target=\"_blank\" rel=\"noopener\"><img decoding=\"async\" loading=\"lazy\" class=\"alignnone wp-image-5286\" src=\"https:\/\/ceca.mini.icom.museum\/wp-content\/uploads\/sites\/5\/2020\/06\/8-FB-ceca-IcomMx.jpg\" alt=\"\" width=\"93\" height=\"130\" \/><\/a>\u00a0\u00a0<a href=\"https:\/\/www.facebook.com\/ICOM-CECA-Panam%C3%A1-104770374647307\/\" target=\"_blank\" rel=\"noopener\"><img decoding=\"async\" loading=\"lazy\" class=\"alignnone wp-image-5390\" src=\"https:\/\/ceca.mini.icom.museum\/wp-content\/uploads\/sites\/5\/2020\/07\/8-FB-ceca-Panama.jpg\" alt=\"\" width=\"97\" height=\"130\" \/><\/a>\u00a0 <a href=\"https:\/\/www.facebook.com\/ICOM-CECA-Per%C3%BA-117874053329261\/?__tn__=%2Cd%3C-R&amp;eid=ARBRq6fx59bayzo_BvsI3CuAVh7m3AZzMH68LJKBPwxN0An2-XpDlCqGYbJBfR-O9GWXA6EIwgl9jIZU\" target=\"_blank\" rel=\"noopener\"><img decoding=\"async\" loading=\"lazy\" class=\"alignnone wp-image-5355\" src=\"https:\/\/ceca.mini.icom.museum\/wp-content\/uploads\/sites\/5\/2020\/07\/8-FB-ceca-Peru.jpg\" alt=\"\" width=\"95\" height=\"130\" \/><\/a>\u00a0\u00a0<a href=\"https:\/\/www.facebook.com\/ICOM-CECA-Uruguay-100216388464314\/\" target=\"_blank\" rel=\"noopener\"><img decoding=\"async\" loading=\"lazy\" class=\"alignnone wp-image-5420\" src=\"https:\/\/ceca.mini.icom.museum\/wp-content\/uploads\/sites\/5\/2020\/08\/8-FB-ceca-Uruguay.jpg\" alt=\"\" width=\"95\" height=\"130\" \/><\/a>\u00a0 <a href=\"https:\/\/www.facebook.com\/ICOM.CECA.Belgium\" target=\"_blank\" rel=\"noopener\"><img decoding=\"async\" loading=\"lazy\" class=\"alignnone wp-image-10210\" src=\"https:\/\/ceca.mini.icom.museum\/wp-content\/uploads\/sites\/5\/2023\/03\/5_FB_ceca_belgica_1.jpg\" alt=\"\" width=\"98\" height=\"130\" \/><\/a><\/p>\n<p>&nbsp;<\/p>\n<hr \/>\n<h3><img decoding=\"async\" loading=\"lazy\" class=\"size-full wp-image-5301 alignnone\" src=\"http:\/\/ceca.mini.icom.museum\/wp-content\/uploads\/sites\/5\/2020\/07\/Instagram.jpg\" alt=\"\" width=\"200\" height=\"51\" \/>\u00a0ICOM CECA en Instagram<\/h3>\n<p><strong>Haga clic en las miniaturas para visitar las cuentas nacionales de CECA Instagram.<\/strong><\/p>\n<p><a href=\"https:\/\/instagram.com\/ceca.lac?igshid=8g9r22v331lwk\" target=\"_blank\" rel=\"noopener\"><img decoding=\"async\" loading=\"lazy\" class=\"wp-image-5304 alignleft\" src=\"https:\/\/ceca.mini.icom.museum\/wp-content\/uploads\/sites\/5\/2020\/07\/Instagram-ceca-lac.jpg\" alt=\"\" width=\"89\" height=\"100\" \/><\/a>\u00a0\u00a0<a href=\"https:\/\/instagram.com\/ceca_chile?igshid=1jt4lbt6wmgzk\" target=\"_blank\" rel=\"noopener\"><img decoding=\"async\" loading=\"lazy\" class=\"wp-image-5307 alignleft\" src=\"https:\/\/ceca.mini.icom.museum\/wp-content\/uploads\/sites\/5\/2020\/07\/Instagram-ceca-chilie.jpg\" alt=\"\" width=\"88\" height=\"100\" \/><\/a><\/p>\n<div>\n<div>\n<hr \/>\n<h3><img decoding=\"async\" loading=\"lazy\" class=\"alignnone\" style=\"color: #333333;font-family: Georgia, 'Times New Roman', 'Bitstream Charter', Times, serif;font-size: 16px\" src=\"https:\/\/ceca.mini.icom.museum\/wp-content\/uploads\/sites\/5\/2018\/12\/twitter_02.png\" alt=\"\" width=\"67\" height=\"69\" \/>\u00a0<strong><span style=\"font-size: 16px\">ICOM CECA en &gt;&gt;\u00a0\u00a0<\/span><a href=\"https:\/\/twitter.com\/icom_ceca\" target=\"_blank\" rel=\"noopener\">Twitter<\/a><\/strong><\/h3>\n<hr \/>\n<\/div>\n<\/div>\n<h3><strong style=\"font-size: 16px\"><br \/>\n<a href=\"https:\/\/www.youtube.com\/user\/icomceca\/videos\" target=\"_blank\" rel=\"noopener\"><img decoding=\"async\" loading=\"lazy\" class=\"alignnone wp-image-6108\" src=\"https:\/\/ceca.mini.icom.museum\/wp-content\/uploads\/sites\/5\/2020\/12\/Youtube-CECA.jpg\" alt=\"\" width=\"150\" height=\"50\" \/><\/a>\u00a0 ICOM CECA &gt;&gt;<\/strong><strong style=\"font-size: 16px\">\u00a0<a href=\"https:\/\/www.youtube.com\/user\/icomceca\/videos\" target=\"_blank\" rel=\"noopener\">YouTube<\/a><br \/>\n<\/strong><\/h3>\n<p><strong>Haga clic en las miniaturas para visitar los canales nacionales de Youtube de la CECA.<\/strong><\/p>\n<p><a href=\"https:\/\/www.youtube.com\/channel\/UCx_T1kra0M0uoBlOHxEXSaw\/videos?view=0&amp;sort=p&amp;flow=grid\" target=\"_blank\" rel=\"noopener\"><img decoding=\"async\" class=\"alignnone wp-image-6097\" src=\"https:\/\/ceca.mini.icom.museum\/wp-content\/uploads\/sites\/5\/2020\/12\/Youtube-Ceca-LAC.jpg\" alt=\"\" width=\"150\" height=\"\" \/> \u00a0 \u00a0 <\/a><a href=\"https:\/\/www.youtube.com\/channel\/UC-Mn768F3xGUarK9HuCFuow\" target=\"_blank\" rel=\"noopener\"><img decoding=\"async\" loading=\"lazy\" class=\"alignnone wp-image-5338\" src=\"https:\/\/ceca.mini.icom.museum\/wp-content\/uploads\/sites\/5\/2020\/07\/Youtube-Ceca-Brasil.jpg\" alt=\"\" width=\"150\" height=\"50\" \/><\/a><\/p>\n<hr \/>\n<h3><img decoding=\"async\" loading=\"lazy\" class=\"wp-image-5426 alignnone\" src=\"https:\/\/ceca.mini.icom.museum\/wp-content\/uploads\/sites\/5\/2020\/08\/Logo-GooglePhoto-Ceca.jpg\" alt=\"\" width=\"162\" height=\"100\" \/> ICOM CECA en Google Photo<\/h3>\n<p><a href=\"https:\/\/photos.app.goo.gl\/w11VYNV3H67FqcUz6\" target=\"_blank\" rel=\"noopener\">2016, Conferencia Anual &#8211; Mil\u00e1n, Italia<\/a><br \/>\n<a href=\"https:\/\/photos.app.goo.gl\/28fNkL4bfrFuNYEeA\" target=\"_blank\" rel=\"noopener\">2017, Jurado de Buenas Pr\u00e1cticas &#8211; Par\u00eds, Francia<\/a><\/p>\n<hr \/>\n<h3><img decoding=\"async\" loading=\"lazy\" class=\"alignleft\" style=\"color: #333333;font-family: Georgia, 'Times New Roman', 'Bitstream Charter', Times, serif;font-size: 16px\" src=\"https:\/\/ceca.mini.icom.museum\/wp-content\/uploads\/sites\/5\/2018\/12\/flickr_02.png\" alt=\"\" width=\"71\" height=\"72\" \/><\/h3>\n<p>&nbsp;<\/p>\n<h3><strong style=\"font-size: 16px\">\u00a0ICOM CECA en &gt;&gt;\u00a0<a title=\"Opens external link in new window\" href=\"http:\/\/www.flickr.com\/groups\/icomceca\/\" target=\"_blank\" rel=\"noopener\">Flickr<\/a><\/strong><\/h3>\n<hr \/>\n<h3><\/h3>\n<p><img decoding=\"async\" loading=\"lazy\" class=\"alignleft\" style=\"color: #333333;font-family: Georgia, 'Times New Roman', 'Bitstream Charter', Times, serif;font-size: 16px\" src=\"https:\/\/ceca.mini.icom.museum\/wp-content\/uploads\/sites\/5\/2018\/12\/linkedin_02.png\" alt=\"\" width=\"68\" height=\"69\" \/><\/p>\n<p>&nbsp;<\/p>\n<h3><strong style=\"font-size: 16px\">ICOM CECA en &gt;&gt;\u00a0\u00a0<\/strong><strong><a style=\"font-family: Georgia, 'Times New Roman', 'Bitstream Charter', Times, serif;font-size: 16px\" title=\"Opens external link in new window\" href=\"http:\/\/www.linkedin.com\/groups\/Committee-Education-Cultural-Action-ICOMCECA-3919496\" target=\"_blank\" rel=\"noopener\">LinkedIn<\/a><\/strong><\/h3>\n<hr \/>\n<h3>SITIOS WEB NACIONALES DE ICOM CECA<\/h3>\n<p>P\u00e1gina Web del CECA Chile con el apoyo econ\u00f3mico del ICOM Chile:<br \/>\n<a href=\"https:\/\/cecachile.com\/\" target=\"_blank\" rel=\"noopener\">Icom CECA Chile<\/a><\/p>\n<p>&nbsp;<\/p>\n<p>&nbsp;<\/p>\n<div>\n<p>&nbsp;<\/p>\n<\/div>\n","protected":false},"excerpt":{"rendered":"<p>ICOM CECA en\u00a0 :\u00a0 https:\/\/www.facebook.com\/icomceca\/ Haga clic en las miniaturas para visitar las p\u00e1ginas nacionales y regionales de Facebook de CECA: \u00a0 \u00a0 \u00a0\u00a0\u00a0\u00a0\u00a0\u00a0\u00a0 \u00a0 \u00a0 \u00a0 \u00a0\u00a0\u00a0\u00a0\u00a0 \u00a0\u00a0\u00a0 \u00a0\u00a0\u00a0 &nbsp; \u00a0ICOM CECA en Instagram Haga clic en las miniaturas para visitar las cuentas nacionales de CECA Instagram. \u00a0\u00a0 \u00a0ICOM CECA en &gt;&gt;\u00a0\u00a0Twitter \u00a0 ICOM [&hellip;]<\/p>\n","protected":false},"author":1,"featured_media":0,"parent":8128,"menu_order":9,"comment_status":"closed","ping_status":"closed","template":"","meta":{"footnotes":""},"yst_prominent_words":[867,3507,3519,3514,3510,3520,3515,3511,3518,3513,3509,859,865,3506,3521,3516,3512,3522,3517,3523],"acf":[],"_links":{"self":[{"href":"https:\/\/ceca.mini.icom.museum\/es\/wp-json\/wp\/v2\/pages\/440"}],"collection":[{"href":"https:\/\/ceca.mini.icom.museum\/es\/wp-json\/wp\/v2\/pages"}],"about":[{"href":"https:\/\/ceca.mini.icom.museum\/es\/wp-json\/wp\/v2\/types\/page"}],"author":[{"embeddable":true,"href":"https:\/\/ceca.mini.icom.museum\/es\/wp-json\/wp\/v2\/users\/1"}],"replies":[{"embeddable":true,"href":"https:\/\/ceca.mini.icom.museum\/es\/wp-json\/wp\/v2\/comments?post=440"}],"version-history":[{"count":16,"href":"https:\/\/ceca.mini.icom.museum\/es\/wp-json\/wp\/v2\/pages\/440\/revisions"}],"predecessor-version":[{"id":5423,"href":"https:\/\/ceca.mini.icom.museum\/es\/wp-json\/wp\/v2\/pages\/440\/revisions\/5423"}],"up":[{"embeddable":true,"href":"https:\/\/ceca.mini.icom.museum\/es\/wp-json\/wp\/v2\/pages\/8128"}],"wp:attachment":[{"href":"https:\/\/ceca.mini.icom.museum\/es\/wp-json\/wp\/v2\/media?parent=440"}],"wp:term":[{"taxonomy":"yst_prominent_words","embeddable":true,"href":"https:\/\/ceca.mini.icom.museum\/es\/wp-json\/wp\/v2\/yst_prominent_words?post=440"}],"curies":[{"name":"wp","href":"https:\/\/api.w.org\/{rel}","templated":true}]}}