{"id":5776,"date":"2020-09-16T06:54:37","date_gmt":"2020-09-16T06:54:37","guid":{"rendered":"http:\/\/ceca.mini.icom.museum\/?page_id=5776"},"modified":"2025-11-27T14:04:03","modified_gmt":"2025-11-27T14:04:03","slug":"desde-el-principio-hasta-hoy","status":"publish","type":"page","link":"https:\/\/ceca.mini.icom.museum\/es\/historia-del-comite\/desde-el-principio-hasta-hoy\/","title":{"rendered":"Desde el principio hasta hoy"},"content":{"rendered":"<p>&nbsp;<\/p>\n<p style=\"text-align: center\"><img decoding=\"async\" loading=\"lazy\" class=\"aligncenter wp-image-5876 size-full\" src=\"https:\/\/ceca.mini.icom.museum\/wp-content\/uploads\/sites\/5\/2020\/10\/bibliotheque-M-ceca-cadre-photo-500R-01.jpg\" alt=\"\" width=\"500\" height=\"234\" srcset=\"https:\/\/ceca.mini.icom.museum\/wp-content\/uploads\/sites\/5\/2020\/10\/bibliotheque-M-ceca-cadre-photo-500R-01.jpg 500w, https:\/\/ceca.mini.icom.museum\/wp-content\/uploads\/sites\/5\/2020\/10\/bibliotheque-M-ceca-cadre-photo-500R-01-300x140.jpg 300w\" sizes=\"(max-width: 500px) 100vw, 500px\" \/><\/p>\n<h4><strong>Esta p\u00e1gina de Memoria <span class=\"--l --r hover:bg-blue-100 hover:dark:bg-blue-600\"><span class=\"--r container-target\">re\u00fane<\/span><\/span> los momentos m\u00e1s destacados del desarrollo del CECA:<\/strong><br \/>\nCronolog\u00eda, actividades, publicaciones cient\u00edficas, personalidades, a trav\u00e9s de documentos y fotograf\u00edas.<\/h4>\n<hr \/>\n<p><img decoding=\"async\" loading=\"lazy\" class=\"size-full wp-image-13880 alignright\" src=\"https:\/\/ceca.mini.icom.museum\/wp-content\/uploads\/sites\/5\/2025\/10\/icom1948-biptique.jpg\" alt=\"\" width=\"300\" height=\"250\" \/>Desde la primera conferencia general del ICOM celebrada en Par\u00eds en julio de 1948, una de las cinco secciones se dedic\u00f3 a la educaci\u00f3n y los museos infantiles; sus responsables tuvieron la oportunidad de presentar su trabajo en sesi\u00f3n plenaria el primer d\u00eda de la conferencia.<\/p>\n<p>Una de las fotos m\u00e1s antiguas de esta conferencia conservadas en los archivos del ICOM muestra a los responsables de la secci\u00f3n de educaci\u00f3n, que m\u00e1s tarde dar\u00eda lugar a la creaci\u00f3n del CECA.<br \/>\nEn el centro, Grace McCann Morley (con el bolso); a la derecha, Margaret Brayton (de negro) y Ren\u00e9e Marcous\u00e9; detr\u00e1s de esta, probablemente Madeleine Mainstone.<br \/>\nFuente: archivos del ICOM, Elisabeth Jani, archivista.<\/p>\n<hr \/>\n<h4><strong>De 1966 a 2028:<\/strong><\/h4>\n<p>lista das Juntas directivas &lt;<strong><a href=\"https:\/\/ceca.mini.icom.museum\/wp-content\/uploads\/sites\/5\/2025\/10\/Boards-Bureaux-Juntas-CECA-1968-2028.pdf\" target=\"_blank\" rel=\"noopener\">aqui<\/a><\/strong>&gt;<\/p>\n<hr \/>\n<h4><strong>Historias de mediaci\u00f3n muse\u00edstica<\/strong><\/h4>\n<p>&gt;&gt;&gt; <strong>2025<\/strong> \u2013 Publicaci\u00f3n \u201cHistoria de la mediaci\u00f3n museal en Francia\u201d &lt;<strong><a href=\"https:\/\/ceca.mini.icom.museum\/wp-content\/uploads\/sites\/5\/2025\/10\/HMMF_es_parpage.pdf\" target=\"_blank\" rel=\"noopener\">aqui<\/a><\/strong>&gt; \/ Anexos (entrevistas) disponibles \u00fanicamente en franc\u00e9s<strong> &lt;<a href=\"https:\/\/ceca.mini.icom.museum\/wp-content\/uploads\/sites\/5\/2025\/10\/ENTRETIENS-Publication-20-oct.pdf\" target=\"_blank\" rel=\"noopener\">aqui<\/a>&gt; \/ <\/strong>Graphiques \u00a0(\u00fanicamente en franc\u00e9s)<strong> &lt;<a href=\"https:\/\/ceca.mini.icom.museum\/wp-content\/uploads\/sites\/5\/2025\/11\/Graphiques.pdf\" target=\"_blank\" rel=\"noopener\">aqui<\/a>&gt;<\/strong><br \/>\n&gt;&gt;&gt; <strong>2024<\/strong> \u2013 Publicaci\u00f3n \u201cHistoria de la Educaci\u00f3n en Museos en Brasil\u201d &lt;<a href=\"https:\/\/ceca.mini.icom.museum\/wp-content\/uploads\/sites\/5\/2024\/11\/Livro-Espanhol-Final-2024._compressed-2.pdf\" target=\"_blank\" rel=\"noopener\"><strong>aqui<\/strong><\/a>&gt;<br \/>\n&gt;&gt;&gt; <strong>2023<\/strong> \u2013 Publicaci\u00f3n \u201cHistoria de la mediaci\u00f3n muse\u00edstica : B\u00e9lgica\u201d &lt;<strong><a href=\"https:\/\/ceca.mini.icom.museum\/wp-content\/uploads\/sites\/5\/2023\/04\/HMMB_ESP_version_digitale_addendum.pdf\" target=\"_blank\" rel=\"noopener\">aqui<\/a><\/strong>&gt;<\/p>\n<hr \/>\n<h4><strong>Publicaciones CECA<\/strong><\/h4>\n<p><span class=\"--l --r hover:bg-blue-100 hover:dark:bg-blue-600\"><span class=\"--l container-target\">Archivos<\/span><\/span> <span class=\"--l --r hover:bg-blue-100 hover:dark:bg-blue-600\"><span class=\"container-target\">y<\/span><\/span> <span class=\"--l --r hover:bg-blue-100 hover:dark:bg-blue-600\"><span class=\"container-target\">memoria<\/span><\/span> <span class=\"--l --r hover:bg-blue-100 hover:dark:bg-blue-600\"><span class=\"--r container-target\">documental<\/span><\/span> &lt;<strong><a href=\"https:\/\/ceca.mini.icom.museum\/wp-content\/uploads\/sites\/5\/2025\/11\/PUBLICATIONS-CECA-archives-and-memory-CECA-archives-et-memoire-CECA-archivos-y-memoria.pdf\" target=\"_blank\" rel=\"noopener\">aqui<\/a><\/strong>&gt;<\/p>\n<hr \/>\n<h4><strong>Obituario<\/strong><\/h4>\n<p>Ellos\/ellas construyeron el CECA &lt;<strong><a href=\"https:\/\/ceca.mini.icom.museum\/wp-content\/uploads\/sites\/5\/2025\/10\/Obituary-notice-Avis-de-deces-Obituario.pdf\" target=\"_blank\" rel=\"noopener\">aqui<\/a><\/strong>&gt;<\/p>\n<hr \/>\n<h4><strong>\u00c1lbumes de fotos de las Conferencias y Asambleas Generales del ICOM y la CECA<\/strong><\/h4>\n<p><em><img decoding=\"async\" loading=\"lazy\" class=\"alignleft wp-image-11871\" src=\"https:\/\/ceca.mini.icom.museum\/wp-content\/uploads\/sites\/5\/2024\/06\/objectif-fond-site-web-decentre-300x290.jpg\" alt=\"\" width=\"100\" height=\"97\" srcset=\"https:\/\/ceca.mini.icom.museum\/wp-content\/uploads\/sites\/5\/2024\/06\/objectif-fond-site-web-decentre-300x290.jpg 300w, https:\/\/ceca.mini.icom.museum\/wp-content\/uploads\/sites\/5\/2024\/06\/objectif-fond-site-web-decentre.jpg 550w\" sizes=\"(max-width: 100px) 100vw, 100px\" \/><\/em><strong>&gt;&gt;&gt; <\/strong>\u00c1lbum CECA Praga 2022: &lt;<strong><a href=\"https:\/\/photos.app.goo.gl\/12RWKV24cPAitzxt8\" target=\"_blank\" rel=\"noopener\">aqui<\/a><\/strong>&gt;<br \/>\n&gt;&gt;&gt; \u00c1lbum CECA Singapur 2023: &lt;<strong><a href=\"https:\/\/photos.app.goo.gl\/kVbdjBMz9H6BztFYA\" target=\"_blank\" rel=\"noopener\">aqui<\/a><\/strong>&gt;<br \/>\n&gt;&gt;&gt; \u00c1lbum ICOM Reuniones de junio Marcella 2024: &lt;<strong><a href=\"https:\/\/photos.app.goo.gl\/yCFmFtQJQu8g3oC39\" target=\"_blank\" rel=\"noopener\">aqui<\/a><\/strong>&gt;<br \/>\n&gt;&gt;&gt; \u00c1lbum CECA Athenas 2024 &#8211; &#8220;Excursi\u00f3n al Museo Griego de la Aceituna y el Aceite de Oliva&#8221;: &lt;<strong><a href=\"https:\/\/photos.app.goo.gl\/9WUjHbd73xHvMMBa7\" target=\"_blank\" rel=\"noopener\">aqui<\/a><\/strong>&gt;<br \/>\n&gt;&gt;&gt; \u00c1lbum CECA Athenas 2024: &lt;<strong>aqui<\/strong>&gt;<br \/>\n&gt;&gt;&gt; \u00c1lbum CECA Abiy\u00e1n 2024 : &lt;<strong><a href=\"https:\/\/photos.app.goo.gl\/Rv8gY2CiU89MmnCE7\" target=\"_blank\" rel=\"noopener\">aqui<\/a><\/strong>&gt;<br \/>\n<strong>&gt;&gt;&gt;<\/strong>\u00c1lbum CECA Duba\u00ef 2025 :<strong> &lt;<a href=\"https:\/\/photos.app.goo.gl\/rDrqUrhoDfuNZuhq7\" target=\"_blank\" rel=\"noopener\">aqui<\/a>&gt;\u00a0<\/strong><\/p>\n<hr \/>\n<p>&nbsp;<\/p>\n<p>&nbsp;<\/p>\n<p>&nbsp;<\/p>\n<p>&nbsp;<\/p>\n","protected":false},"excerpt":{"rendered":"<p>&nbsp; Esta p\u00e1gina de Memoria re\u00fane los momentos m\u00e1s destacados del desarrollo del CECA: Cronolog\u00eda, actividades, publicaciones cient\u00edficas, personalidades, a trav\u00e9s de documentos y fotograf\u00edas. Desde la primera conferencia general del ICOM celebrada en Par\u00eds en julio de 1948, una de las cinco secciones se dedic\u00f3 a la educaci\u00f3n y los museos infantiles; sus responsables [&hellip;]<\/p>\n","protected":false},"author":1,"featured_media":0,"parent":5767,"menu_order":1,"comment_status":"closed","ping_status":"closed","template":"","meta":{"footnotes":""},"yst_prominent_words":[91,842,507,124],"acf":[],"_links":{"self":[{"href":"https:\/\/ceca.mini.icom.museum\/es\/wp-json\/wp\/v2\/pages\/5776"}],"collection":[{"href":"https:\/\/ceca.mini.icom.museum\/es\/wp-json\/wp\/v2\/pages"}],"about":[{"href":"https:\/\/ceca.mini.icom.museum\/es\/wp-json\/wp\/v2\/types\/page"}],"author":[{"embeddable":true,"href":"https:\/\/ceca.mini.icom.museum\/es\/wp-json\/wp\/v2\/users\/1"}],"replies":[{"embeddable":true,"href":"https:\/\/ceca.mini.icom.museum\/es\/wp-json\/wp\/v2\/comments?post=5776"}],"version-history":[{"count":37,"href":"https:\/\/ceca.mini.icom.museum\/es\/wp-json\/wp\/v2\/pages\/5776\/revisions"}],"predecessor-version":[{"id":14031,"href":"https:\/\/ceca.mini.icom.museum\/es\/wp-json\/wp\/v2\/pages\/5776\/revisions\/14031"}],"up":[{"embeddable":true,"href":"https:\/\/ceca.mini.icom.museum\/es\/wp-json\/wp\/v2\/pages\/5767"}],"wp:attachment":[{"href":"https:\/\/ceca.mini.icom.museum\/es\/wp-json\/wp\/v2\/media?parent=5776"}],"wp:term":[{"taxonomy":"yst_prominent_words","embeddable":true,"href":"https:\/\/ceca.mini.icom.museum\/es\/wp-json\/wp\/v2\/yst_prominent_words?post=5776"}],"curies":[{"name":"wp","href":"https:\/\/api.w.org\/{rel}","templated":true}]}}