{"id":590,"date":"2018-12-18T15:19:36","date_gmt":"2018-12-18T15:19:36","guid":{"rendered":"http:\/\/ceca.icom.cust.oxymium.net\/la-junta\/miembros-de-la-junta\/"},"modified":"2025-11-06T15:04:03","modified_gmt":"2025-11-06T15:04:03","slug":"miembros-de-la-junta","status":"publish","type":"page","link":"https:\/\/ceca.mini.icom.museum\/es\/sobre-nosotros\/miembros-de-la-junta\/","title":{"rendered":"Miembros de la junta"},"content":{"rendered":"<h2 style=\"text-align: center\">Miembros elegidos para 2025-2028<\/h2>\n<p style=\"text-align: center\"><img decoding=\"async\" loading=\"lazy\" class=\"aligncenter wp-image-13824\" src=\"https:\/\/ceca.mini.icom.museum\/wp-content\/uploads\/sites\/5\/2025\/10\/collage-board-25.28-HD-9-700pxR-300x114.jpg\" alt=\"\" width=\"600\" height=\"228\" srcset=\"https:\/\/ceca.mini.icom.museum\/wp-content\/uploads\/sites\/5\/2025\/10\/collage-board-25.28-HD-9-700pxR-300x114.jpg 300w, https:\/\/ceca.mini.icom.museum\/wp-content\/uploads\/sites\/5\/2025\/10\/collage-board-25.28-HD-9-700pxR.jpg 705w\" sizes=\"(max-width: 600px) 100vw, 600px\" \/><\/p>\n<p style=\"text-align: left\"><strong><span class=\"--l container-target\"><span class=\"--l --r hover:bg-blue-100 hover:dark:bg-blue-600\">El<\/span> <span class=\"--l --r hover:bg-blue-100 hover:dark:bg-blue-600\">resultado<\/span> <span class=\"--l --r hover:bg-blue-100 hover:dark:bg-blue-600\">de<\/span> <span class=\"--l --r hover:bg-blue-100 hover:dark:bg-blue-600\">las<\/span> <span class=\"--l --r hover:bg-blue-100 hover:dark:bg-blue-600\">elecciones<\/span> <span class=\"--l --r hover:bg-blue-100 hover:dark:bg-blue-600\">de<\/span> <span class=\"--l --r hover:bg-blue-100 hover:dark:bg-blue-600\">la<\/span> <span class=\"--l --r hover:bg-blue-100 hover:dark:bg-blue-600\">Junta<\/span> <span class=\"--l --r hover:bg-blue-100 hover:dark:bg-blue-600\">Directiva<\/span> <span class=\"--l --r hover:bg-blue-100 hover:dark:bg-blue-600\">2025<\/span><span class=\"--l --r hover:bg-blue-100 hover:dark:bg-blue-600\">&#8211;<\/span><span class=\"--l --r hover:bg-blue-100 hover:dark:bg-blue-600\">2028<\/span> <span class=\"--l --r hover:bg-blue-100 hover:dark:bg-blue-600\">se<\/span> <span class=\"--l --r hover:bg-blue-100 hover:dark:bg-blue-600\">proclam\u00f3<\/span> <span class=\"--l --r hover:bg-blue-100 hover:dark:bg-blue-600\">durante<\/span> <span class=\"--l --r hover:bg-blue-100 hover:dark:bg-blue-600\">la<\/span> <span class=\"--l --r hover:bg-blue-100 hover:dark:bg-blue-600\">Asamblea<\/span> <span class=\"--l --r hover:bg-blue-100 hover:dark:bg-blue-600\">General<\/span> <span class=\"--l --r hover:bg-blue-100 hover:dark:bg-blue-600\">del<\/span> <span class=\"--l --r hover:bg-blue-100 hover:dark:bg-blue-600\">18<\/span> <span class=\"--l --r hover:bg-blue-100 hover:dark:bg-blue-600\">de<\/span> <span class=\"--l --r hover:bg-blue-100 hover:dark:bg-blue-600\">octubre<\/span> <span class=\"--l --r hover:bg-blue-100 hover:dark:bg-blue-600\">de<\/span> <span class=\"--l --r hover:bg-blue-100 hover:dark:bg-blue-600\">2025<\/span><span class=\"--l --r hover:bg-blue-100 hover:dark:bg-blue-600\">,<\/span> <span class=\"--l --r hover:bg-blue-100 hover:dark:bg-blue-600\">celebrada<\/span> <span class=\"--l --r hover:bg-blue-100 hover:dark:bg-blue-600\">por<\/span> <span class=\"--l --r hover:bg-blue-100 hover:dark:bg-blue-600\">videoconferencia<\/span> <span class=\"--l --r hover:bg-blue-100 hover:dark:bg-blue-600\">a<\/span> <span class=\"--l --r hover:bg-blue-100 hover:dark:bg-blue-600\">trav\u00e9s<\/span> <span class=\"--l --r hover:bg-blue-100 hover:dark:bg-blue-600\">de<\/span> <span class=\"--l --r hover:bg-blue-100 hover:dark:bg-blue-600\">Zoom<\/span><span class=\"--l --r hover:bg-blue-100 hover:dark:bg-blue-600\">.<\/span><\/span><\/strong><\/p>\n<p><strong>Presidenta:<\/strong> Wencke Maderbacher, Denmark &#8211; <a href=\"https:\/\/ceca.mini.icom.museum\/wp-content\/uploads\/sites\/5\/2025\/06\/Candidature-Presidence-2025-Wencke-MADERBACHER.pdf\" target=\"_blank\" rel=\"noopener\">Presentaci\u00f3n<\/a><\/p>\n<ul>\n<li>Adriana Mortara ALMEIDA \u2013 Brazil \u2013 <a href=\"https:\/\/ceca.mini.icom.museum\/wp-content\/uploads\/sites\/5\/2025\/06\/candidature-membre-ordinaire-2025-Adriana-Mortara-ALMEIDA.pdf\" target=\"_blank\" rel=\"noopener\">Presentaci\u00f3n<\/a><\/li>\n<li>Cora COHEN-AZRIA \u2013 Francia \u2013 <a href=\"https:\/\/ceca.mini.icom.museum\/wp-content\/uploads\/sites\/5\/2025\/06\/Candidature-2025-Cora-Cohen-Azira.pdf\" target=\"_blank\" rel=\"noopener\">Presentaci\u00f3n<\/a><\/li>\n<li>M\u00e9lanie DEVEAULT \u2013 Canada \u2013 <a href=\"https:\/\/ceca.mini.icom.museum\/wp-content\/uploads\/sites\/5\/2025\/06\/candidature-membre-ordinaire-2025-Melanie-DEVEAULT.pdf\" target=\"_blank\" rel=\"noopener\">Presentaci\u00f3n<\/a><\/li>\n<li>Thijs GERBRANDY \u2013 Pa\u00edses Bajos \u2013 <a href=\"https:\/\/ceca.mini.icom.museum\/wp-content\/uploads\/sites\/5\/2025\/07\/Candidature-2025-Thijs-GERBRANDY.pdf\" target=\"_blank\" rel=\"noopener\">Presentaci\u00f3n<\/a><\/li>\n<li>Guido GERRICHHAUZEN \u2013 Pa\u00edses Bajos \u2013 <a href=\"https:\/\/ceca.mini.icom.museum\/wp-content\/uploads\/sites\/5\/2025\/06\/candidature-membre-ordinaire-2025-Guido-GERRICHHAUZEN.pdf\" target=\"_blank\" rel=\"noopener\">Presentaci\u00f3n<\/a><\/li>\n<li>Tejshvi Sajju JAIN \u2013 India \u2013 <a href=\"https:\/\/ceca.mini.icom.museum\/wp-content\/uploads\/sites\/5\/2025\/06\/candidature-membre-ordinaire-2025-Tejshvi-Sajju-JAIN.pdf\" target=\"_blank\" rel=\"noopener\">Presentaci\u00f3n<\/a><\/li>\n<li>Talato Philippe KABORE \u2013 Burkina Faso \u2013 <a href=\"https:\/\/ceca.mini.icom.museum\/wp-content\/uploads\/sites\/5\/2025\/06\/candidature-membre-ordinaire-2025-Talato-Philippe-KABORE.pdf\" target=\"_blank\" rel=\"noopener\">Presentaci\u00f3n<\/a><\/li>\n<li>Nofa LESTARI \u2013 Indonesia \u2013 <a href=\"https:\/\/ceca.mini.icom.museum\/wp-content\/uploads\/sites\/5\/2025\/06\/candidature-membre-ordinaire-2025-Nofa-LESTARI.pdf\" target=\"_blank\" rel=\"noopener\">Presentaci\u00f3n<\/a><\/li>\n<li>Sylvie SAVARE \u2013 Francia \u2013\u00a0 <a href=\"https:\/\/ceca.mini.icom.museum\/wp-content\/uploads\/sites\/5\/2025\/06\/Candidature-2025-Sylvie-SAVARE-v3.pdf\" target=\"_blank\" rel=\"noopener\">Presentaci\u00f3n<\/a><\/li>\n<li>Katy TARI \u2013 Canada \u2013 <a href=\"https:\/\/ceca.mini.icom.museum\/wp-content\/uploads\/sites\/5\/2025\/06\/candidature-membre-ordinaire-2025-Katy-TARI.pdf\" target=\"_blank\" rel=\"noopener\">Presentaci\u00f3n<\/a><\/li>\n<li>Jelena T\u0160EKULAJEVA \u2013 Estonia \u2013 <a href=\"https:\/\/ceca.mini.icom.museum\/wp-content\/uploads\/sites\/5\/2025\/07\/candidature-membre-ordinaire-2025-Jelena-TSEKULAJEVA.pdf\" target=\"_blank\" rel=\"noopener\">Presentaci\u00f3n<\/a><\/li>\n<li>Amalia TSITOURI \u2013 Grecia \u2013 <a href=\"https:\/\/ceca.mini.icom.museum\/wp-content\/uploads\/sites\/5\/2025\/06\/Candidature-membre-ordinaire-2025-Amalia-TSITOURI.pdf\" target=\"_blank\" rel=\"noopener\">Presentaci\u00f3n<\/a><\/li>\n<li>Tuuli Marjaana UUSIKUKKA \u2013 Finlandia \u2013 <a href=\"https:\/\/ceca.mini.icom.museum\/wp-content\/uploads\/sites\/5\/2025\/06\/candidature-membre-ordinaire-2025-Tuuli-Marjaana-UUSIKUKKA.pdf\" target=\"_blank\" rel=\"noopener\">Presentaci\u00f3n<\/a><\/li>\n<li>Eunmi YI \u2013 Rep\u00fablica de Corea \u2013 <a href=\"https:\/\/ceca.mini.icom.museum\/wp-content\/uploads\/sites\/5\/2025\/06\/candidature-membre-ordinaire-2025-Eunmi-YI.pdf\" target=\"_blank\" rel=\"noopener\">Presentaci\u00f3n<\/a><\/li>\n<\/ul>\n<p><span class=\"container-target\"><span class=\"--l --r hover:bg-blue-100 hover:dark:bg-blue-600\">Esta<\/span> <span class=\"--l --r hover:bg-blue-100 hover:dark:bg-blue-600\">nueva<\/span> <span class=\"--l --r hover:bg-blue-100 hover:dark:bg-blue-600\">Junta<\/span> <span class=\"--l --r hover:bg-blue-100 hover:dark:bg-blue-600\">Directiva<\/span> <span class=\"--l --r hover:bg-blue-100 hover:dark:bg-blue-600\">asumir\u00e1<\/span> <span class=\"--l --r hover:bg-blue-100 hover:dark:bg-blue-600\">sus<\/span> <span class=\"--l --r hover:bg-blue-100 hover:dark:bg-blue-600\">funciones<\/span> <span class=\"--l --r hover:bg-blue-100 hover:dark:bg-blue-600\">efectivas<\/span> <span class=\"--l --r hover:bg-blue-100 hover:dark:bg-blue-600\">durante<\/span> <span class=\"--l --r hover:bg-blue-100 hover:dark:bg-blue-600\">la<\/span> <span class=\"--l --r hover:bg-blue-100 hover:dark:bg-blue-600\">conferencia<\/span> <span class=\"--l --r hover:bg-blue-100 hover:dark:bg-blue-600\">de<\/span> <span class=\"--l --r hover:bg-blue-100 hover:dark:bg-blue-600\">Dubai<\/span><span class=\"--l --r hover:bg-blue-100 hover:dark:bg-blue-600\">.<\/span><\/span><\/p>\n<p><span class=\"--r container-target\"><span class=\"--l --r hover:bg-blue-100 hover:dark:bg-blue-600\">La<\/span> <span class=\"--l --r hover:bg-blue-100 hover:dark:bg-blue-600\">junta<\/span> <span class=\"--l --r hover:bg-blue-100 hover:dark:bg-blue-600\">saliente<\/span> <span class=\"--l --r hover:bg-blue-100 hover:dark:bg-blue-600\">gestionar\u00e1<\/span> <span class=\"--l --r hover:bg-blue-100 hover:dark:bg-blue-600\">los<\/span> <span class=\"--l --r hover:bg-blue-100 hover:dark:bg-blue-600\">asuntos<\/span> <span class=\"--l --r hover:bg-blue-100 hover:dark:bg-blue-600\">corrientes<\/span> <span class=\"--l --r hover:bg-blue-100 hover:dark:bg-blue-600\">hasta<\/span> <span class=\"--l --r hover:bg-blue-100 hover:dark:bg-blue-600\">que<\/span> <span class=\"--l --r hover:bg-blue-100 hover:dark:bg-blue-600\">la<\/span> <span class=\"--l --r hover:bg-blue-100 hover:dark:bg-blue-600\">junta<\/span> <span class=\"--l --r hover:bg-blue-100 hover:dark:bg-blue-600\">reci\u00e9n<\/span> <span class=\"--l --r hover:bg-blue-100 hover:dark:bg-blue-600\">elegida<\/span> <span class=\"--l --r hover:bg-blue-100 hover:dark:bg-blue-600\">asuma<\/span> <span class=\"--l --r hover:bg-blue-100 hover:dark:bg-blue-600\">sus<\/span> <span class=\"--l --r hover:bg-blue-100 hover:dark:bg-blue-600\">funciones<\/span><span class=\"--l --r hover:bg-blue-100 hover:dark:bg-blue-600\">.<\/span><\/span><\/p>\n<p>&nbsp;<\/p>\n<hr \/>\n<p><strong>La Junta 2022-2025 fue proclamada durante las reuniones de la CECA en la conferencia general de Praga 2022.<\/strong><\/p>\n<p><strong>Presidenta<\/strong>: Marie-Clarte O&#8217;Neill, Francia.<\/p>\n<ul>\n<li>Anne-Marie \u00c9mond, Secretaria y Tesorera, Canad\u00e1.<\/li>\n<li>Nelly Abboud, L\u00edbano.<\/li>\n<li>Asmah Alias, Singapur.<\/li>\n<li>Marie-Fran\u00e7oise Delval, Francia.<\/li>\n<li>Rosa Mar\u00eda Herv\u00e1s Avil\u00e9s, Espa\u00f1a.<\/li>\n<li>Margarita Laraign\u00e9e, Argentina.<\/li>\n<li>Silvana M. Lovay, Argentina.<\/li>\n<li>Wencke Maderbacher, Dinamarca.<\/li>\n<li>Angela Manders, Pa\u00edses Bajos.<\/li>\n<li>Jorge Albuja, Ecuador.<\/li>\n<li>Marina Gross-Hoy, Estados Unidos.<\/li>\n<li>Sylvie Savare, France. Cooptada.<\/li>\n<li>Colette Dufresne-Tass\u00e9, Canad\u00e1. Cooptada.<\/li>\n<li>Nicole Gesh\u00e9 K\u00f6nig, B\u00e9lgica. Cooptada.<\/li>\n<\/ul>\n<p>&nbsp;<\/p>\n<p style=\"text-align: center\"><img decoding=\"async\" loading=\"lazy\" class=\"aligncenter wp-image-13753\" src=\"https:\/\/ceca.mini.icom.museum\/wp-content\/uploads\/sites\/5\/2025\/10\/collage-board-2023-2025-700R-300x114.jpg\" alt=\"\" width=\"400\" height=\"152\" srcset=\"https:\/\/ceca.mini.icom.museum\/wp-content\/uploads\/sites\/5\/2025\/10\/collage-board-2023-2025-700R-300x114.jpg 300w, https:\/\/ceca.mini.icom.museum\/wp-content\/uploads\/sites\/5\/2025\/10\/collage-board-2023-2025-700R.jpg 700w\" sizes=\"(max-width: 400px) 100vw, 400px\" \/><\/p>\n<hr \/>\n<p><strong>Comit\u00e9 Internacional para la Educaci\u00f3n y la Acci\u00f3n Cultural (CECA).<\/strong><br \/>\nDe 1966 a 2028: lista de Juntas directivas, presidentes y secretarios &lt;<strong><a href=\"https:\/\/ceca.mini.icom.museum\/wp-content\/uploads\/sites\/5\/2025\/10\/Boards-Bureaux-Juntas-CECA-1968-2028.pdf\" target=\"_blank\" rel=\"noopener\">aqui<\/a><\/strong>&gt;<\/p>\n<hr \/>\n<p>&nbsp;<\/p>\n<p>&nbsp;<\/p>\n","protected":false},"excerpt":{"rendered":"<p>Miembros elegidos para 2025-2028 El resultado de las elecciones de la Junta Directiva 2025&#8211;2028 se proclam\u00f3 durante la Asamblea General del 18 de octubre de 2025, celebrada por videoconferencia a trav\u00e9s de Zoom. Presidenta: Wencke Maderbacher, Denmark &#8211; Presentaci\u00f3n Adriana Mortara ALMEIDA \u2013 Brazil \u2013 Presentaci\u00f3n Cora COHEN-AZRIA \u2013 Francia \u2013 Presentaci\u00f3n M\u00e9lanie DEVEAULT \u2013 [&hellip;]<\/p>\n","protected":false},"author":1,"featured_media":0,"parent":4153,"menu_order":2,"comment_status":"closed","ping_status":"closed","template":"","meta":{"footnotes":""},"yst_prominent_words":[91,2376,611,167,3988,92,352,1996,301,1272,1798],"acf":[],"_links":{"self":[{"href":"https:\/\/ceca.mini.icom.museum\/es\/wp-json\/wp\/v2\/pages\/590"}],"collection":[{"href":"https:\/\/ceca.mini.icom.museum\/es\/wp-json\/wp\/v2\/pages"}],"about":[{"href":"https:\/\/ceca.mini.icom.museum\/es\/wp-json\/wp\/v2\/types\/page"}],"author":[{"embeddable":true,"href":"https:\/\/ceca.mini.icom.museum\/es\/wp-json\/wp\/v2\/users\/1"}],"replies":[{"embeddable":true,"href":"https:\/\/ceca.mini.icom.museum\/es\/wp-json\/wp\/v2\/comments?post=590"}],"version-history":[{"count":31,"href":"https:\/\/ceca.mini.icom.museum\/es\/wp-json\/wp\/v2\/pages\/590\/revisions"}],"predecessor-version":[{"id":13988,"href":"https:\/\/ceca.mini.icom.museum\/es\/wp-json\/wp\/v2\/pages\/590\/revisions\/13988"}],"up":[{"embeddable":true,"href":"https:\/\/ceca.mini.icom.museum\/es\/wp-json\/wp\/v2\/pages\/4153"}],"wp:attachment":[{"href":"https:\/\/ceca.mini.icom.museum\/es\/wp-json\/wp\/v2\/media?parent=590"}],"wp:term":[{"taxonomy":"yst_prominent_words","embeddable":true,"href":"https:\/\/ceca.mini.icom.museum\/es\/wp-json\/wp\/v2\/yst_prominent_words?post=590"}],"curies":[{"name":"wp","href":"https:\/\/api.w.org\/{rel}","templated":true}]}}