{"id":632,"date":"2018-12-18T15:19:55","date_gmt":"2018-12-18T15:19:55","guid":{"rendered":"http:\/\/ceca.icom.cust.oxymium.net\/afiliacion\/ser-un-miembro\/"},"modified":"2019-12-08T18:50:15","modified_gmt":"2019-12-08T18:50:15","slug":"ser-un-miembro","status":"publish","type":"page","link":"https:\/\/ceca.mini.icom.museum\/es\/unite-a-nosotros\/ser-un-miembro\/","title":{"rendered":"Por qu\u00e9 unirse a nosotros"},"content":{"rendered":"<div>\n<p><!--TYPO3SEARCH_begin--> <!-- CONTENT ELEMENT, uid:10393\/textpic [begin] --><\/p>\n<div>\n<p><!-- Image block: [begin] --><\/p>\n<div>\n<p><!-- Text: [begin] --><\/p>\n<p><img decoding=\"async\" loading=\"lazy\" class=\"aligncenter wp-image-2562 size-full\" src=\"http:\/\/ceca.mini.icom.museum\/wp-content\/uploads\/sites\/5\/2019\/12\/CECA-r\u00e9union-groupe-700R-010b-.jpg\" alt=\"\" width=\"700\" height=\"304\" srcset=\"https:\/\/ceca.mini.icom.museum\/wp-content\/uploads\/sites\/5\/2019\/12\/CECA-r\u00e9union-groupe-700R-010b-.jpg 700w, https:\/\/ceca.mini.icom.museum\/wp-content\/uploads\/sites\/5\/2019\/12\/CECA-r\u00e9union-groupe-700R-010b--300x130.jpg 300w\" sizes=\"(max-width: 700px) 100vw, 700px\" \/><\/p>\n<p><strong>Al convertirse en miembro de ICOM-CECA<\/strong>, usted se unir\u00e1 a una red global de m\u00e1s de 1200 profesionales que trabajan en museos, universidades y otras instituciones relacionadas con el mundo de los museos, apoyando as\u00ed la cooperaci\u00f3n internacional y los intercambios sobre educaci\u00f3n muse\u00edstica y acci\u00f3n cultural.<\/p>\n<p>Adem\u00e1s de intercambiar informaci\u00f3n sobre cuestiones profesionales importantes y compartir sus experiencias con otros, conocer gente interesante en su propio campo profesional y, a menudo, hacer amigos para toda la vida, como miembro de ICOM-CECA, puede hacer:<\/p>\n<ul>\n<li>asistir a la Conferencia Anual, organizada cada a\u00f1o por colegas de una regi\u00f3n diferente del mundo.<\/li>\n<li>presentar una propuesta de proyecto en forma de presentaci\u00f3n o p\u00f3ster en la conferencia anual.<\/li>\n<li>participar en la Asamblea General del CECA (que tiene lugar durante la conferencia anual).<\/li>\n<li>para usar su derecho de voto y tener voz en nuestras pol\u00edticas.<\/li>\n<li>solicitar subvenciones y becas ofrecidas \u00fanicamente a los miembros del CECA.<\/li>\n<li>tener acceso a publicaciones y recursos electr\u00f3nicos, as\u00ed como a las mejores pr\u00e1cticas inspiradoras para colegas.<\/li>\n<li>participar en los premios anuales de Investigaci\u00f3n y de Mejores Pr\u00e1cticas.<\/li>\n<li>formar parte del Consejo del CECA.<\/li>\n<\/ul>\n<\/div>\n<p><!-- END: Content of extension \"hpo_relatedlink\", plugin \"tx_hporelatedlink_pi1\" --><\/p>\n<\/div>\n<p><!-- CONTENT ELEMENT, uid:10393\/textpic [end] --> <!--TYPO3SEARCH_end--><\/p>\n<\/div>\n","protected":false},"excerpt":{"rendered":"<p>Al convertirse en miembro de ICOM-CECA, usted se unir\u00e1 a una red global de m\u00e1s de 1200 profesionales que trabajan en museos, universidades y otras instituciones relacionadas con el mundo de los museos, apoyando as\u00ed la cooperaci\u00f3n internacional y los intercambios sobre educaci\u00f3n muse\u00edstica y acci\u00f3n cultural. Adem\u00e1s de intercambiar informaci\u00f3n sobre cuestiones profesionales importantes [&hellip;]<\/p>\n","protected":false},"author":1,"featured_media":0,"parent":3853,"menu_order":1,"comment_status":"closed","ping_status":"closed","template":"","meta":{"footnotes":""},"yst_prominent_words":[985,1735,1740,981,979,1742,1922,591,507,1744,819,1746,92,120,320,1044,1921,1920,1737,1863,1923,300,1755],"acf":[],"_links":{"self":[{"href":"https:\/\/ceca.mini.icom.museum\/es\/wp-json\/wp\/v2\/pages\/632"}],"collection":[{"href":"https:\/\/ceca.mini.icom.museum\/es\/wp-json\/wp\/v2\/pages"}],"about":[{"href":"https:\/\/ceca.mini.icom.museum\/es\/wp-json\/wp\/v2\/types\/page"}],"author":[{"embeddable":true,"href":"https:\/\/ceca.mini.icom.museum\/es\/wp-json\/wp\/v2\/users\/1"}],"replies":[{"embeddable":true,"href":"https:\/\/ceca.mini.icom.museum\/es\/wp-json\/wp\/v2\/comments?post=632"}],"version-history":[{"count":4,"href":"https:\/\/ceca.mini.icom.museum\/es\/wp-json\/wp\/v2\/pages\/632\/revisions"}],"predecessor-version":[{"id":2565,"href":"https:\/\/ceca.mini.icom.museum\/es\/wp-json\/wp\/v2\/pages\/632\/revisions\/2565"}],"up":[{"embeddable":true,"href":"https:\/\/ceca.mini.icom.museum\/es\/wp-json\/wp\/v2\/pages\/3853"}],"wp:attachment":[{"href":"https:\/\/ceca.mini.icom.museum\/es\/wp-json\/wp\/v2\/media?parent=632"}],"wp:term":[{"taxonomy":"yst_prominent_words","embeddable":true,"href":"https:\/\/ceca.mini.icom.museum\/es\/wp-json\/wp\/v2\/yst_prominent_words?post=632"}],"curies":[{"name":"wp","href":"https:\/\/api.w.org\/{rel}","templated":true}]}}