{"id":638,"date":"2018-12-18T15:20:02","date_gmt":"2018-12-18T15:20:02","guid":{"rendered":"http:\/\/ceca.icom.cust.oxymium.net\/conferencias\/proxima-conferencia\/"},"modified":"2025-12-15T18:52:31","modified_gmt":"2025-12-15T18:52:31","slug":"proxima-conferencia","status":"publish","type":"page","link":"https:\/\/ceca.mini.icom.museum\/es\/conferencias\/proxima-conferencia\/","title":{"rendered":"Conferencia anual"},"content":{"rendered":"<p class=\"p1\"><strong>La pr\u00f3xima conferencia anual se celebrar\u00e1 en Yakarta, Indonesia.<\/strong><\/p>\n<p class=\"p1\"><strong>Fechas: del 10 al 14 de noviembre de 2026<\/strong><\/p>\n<p class=\"p1\"><strong>Pr\u00f3ximamente se publicar\u00e1 informaci\u00f3n sobre los temas, los contenidos y las inscripciones.<\/strong><\/p>\n","protected":false},"excerpt":{"rendered":"<p>La pr\u00f3xima conferencia anual se celebrar\u00e1 en Yakarta, Indonesia. Fechas: del 10 al 14 de noviembre de 2026 Pr\u00f3ximamente se publicar\u00e1 informaci\u00f3n sobre los temas, los contenidos y las inscripciones.<\/p>\n","protected":false},"author":1,"featured_media":0,"parent":137,"menu_order":1,"comment_status":"closed","ping_status":"closed","template":"","meta":{"footnotes":""},"yst_prominent_words":[277,320,983],"acf":[],"_links":{"self":[{"href":"https:\/\/ceca.mini.icom.museum\/es\/wp-json\/wp\/v2\/pages\/638"}],"collection":[{"href":"https:\/\/ceca.mini.icom.museum\/es\/wp-json\/wp\/v2\/pages"}],"about":[{"href":"https:\/\/ceca.mini.icom.museum\/es\/wp-json\/wp\/v2\/types\/page"}],"author":[{"embeddable":true,"href":"https:\/\/ceca.mini.icom.museum\/es\/wp-json\/wp\/v2\/users\/1"}],"replies":[{"embeddable":true,"href":"https:\/\/ceca.mini.icom.museum\/es\/wp-json\/wp\/v2\/comments?post=638"}],"version-history":[{"count":111,"href":"https:\/\/ceca.mini.icom.museum\/es\/wp-json\/wp\/v2\/pages\/638\/revisions"}],"predecessor-version":[{"id":14161,"href":"https:\/\/ceca.mini.icom.museum\/es\/wp-json\/wp\/v2\/pages\/638\/revisions\/14161"}],"up":[{"embeddable":true,"href":"https:\/\/ceca.mini.icom.museum\/es\/wp-json\/wp\/v2\/pages\/137"}],"wp:attachment":[{"href":"https:\/\/ceca.mini.icom.museum\/es\/wp-json\/wp\/v2\/media?parent=638"}],"wp:term":[{"taxonomy":"yst_prominent_words","embeddable":true,"href":"https:\/\/ceca.mini.icom.museum\/es\/wp-json\/wp\/v2\/yst_prominent_words?post=638"}],"curies":[{"name":"wp","href":"https:\/\/api.w.org\/{rel}","templated":true}]}}