{"id":668,"date":"2018-12-18T15:20:19","date_gmt":"2018-12-18T15:20:19","guid":{"rendered":"http:\/\/ceca.icom.cust.oxymium.net\/conferencias\/conferencias-pasadas\/"},"modified":"2025-01-16T16:33:59","modified_gmt":"2025-01-16T16:33:59","slug":"conferencias-pasadas","status":"publish","type":"page","link":"https:\/\/ceca.mini.icom.museum\/es\/conferencias\/conferencias-pasadas\/","title":{"rendered":"Conferencias anuales pasadas"},"content":{"rendered":"<div>\n<p><!--TYPO3SEARCH_begin--> <!-- CONTENT ELEMENT, uid:10398\/textpic [begin] --><\/p>\n<div>\n<p><!-- Image block: [begin] --><\/p>\n<div>\n<p><!-- Text: [begin] --><\/p>\n<h3>Conferencias anuales desde 1968<\/h3>\n<p><img decoding=\"async\" loading=\"lazy\" class=\"alignnone wp-image-2319 size-full\" src=\"https:\/\/ceca.mini.icom.museum\/wp-content\/uploads\/sites\/5\/2019\/11\/conferences_montage_700R.jpg\" alt=\"\" width=\"700\" height=\"155\" srcset=\"https:\/\/ceca.mini.icom.museum\/wp-content\/uploads\/sites\/5\/2019\/11\/conferences_montage_700R.jpg 700w, https:\/\/ceca.mini.icom.museum\/wp-content\/uploads\/sites\/5\/2019\/11\/conferences_montage_700R-300x66.jpg 300w\" sizes=\"(max-width: 700px) 100vw, 700px\" \/><\/p>\n<p>(los a\u00f1os que tambi\u00e9n fueron Conferencia General de ICOM est\u00e1n marcados en negrita)<\/p>\n<ul>\n<li>2024:\u00a0 Conferencia anual ICOM-CECA 2024 en Atenas, Grecia, del 18 al 22 de noviembre de 2024.<br \/>\n\u25ba Programa (en ingl\u00e9s) &lt;<a href=\"https:\/\/ceca.mini.icom.museum\/wp-content\/uploads\/sites\/5\/2025\/01\/ICOM_CECA_Programme-RA-Athenes-2024-.pdf\" target=\"_blank\" rel=\"noopener\">Leer<\/a>&gt;<br \/>\n\u25ba &lt;<a href=\"https:\/\/icomceca24.gr\/\" target=\"_blank\" rel=\"noopener\">https:\/\/icomceca24.gr\/<\/a>&gt;<br \/>\n\u25ba \u00c1lbum de fotos de recuerdo: &#8220;Excursi\u00f3n al Museo Griego de la Aceituna y el Aceite de Oliva&#8221; &#8211; &lt;<a href=\"https:\/\/photos.app.goo.gl\/9WUjHbd73xHvMMBa7\" target=\"_blank\" rel=\"noopener\">Aqu\u00ed<\/a>&gt;<\/li>\n<li><img decoding=\"async\" loading=\"lazy\" class=\"aligncenter wp-image-11766\" src=\"https:\/\/ceca.mini.icom.museum\/wp-content\/uploads\/sites\/5\/2024\/04\/visuel-athenes-encadrement-300x108.jpg\" alt=\"\" width=\"600\" height=\"216\" srcset=\"https:\/\/ceca.mini.icom.museum\/wp-content\/uploads\/sites\/5\/2024\/04\/visuel-athenes-encadrement-300x108.jpg 300w, https:\/\/ceca.mini.icom.museum\/wp-content\/uploads\/sites\/5\/2024\/04\/visuel-athenes-encadrement-1024x368.jpg 1024w, https:\/\/ceca.mini.icom.museum\/wp-content\/uploads\/sites\/5\/2024\/04\/visuel-athenes-encadrement-768x276.jpg 768w, https:\/\/ceca.mini.icom.museum\/wp-content\/uploads\/sites\/5\/2024\/04\/visuel-athenes-encadrement.jpg 1307w\" sizes=\"(max-width: 600px) 100vw, 600px\" \/><strong>\u25ba \u25ba El tema general es &#8220;Temas sensibles &#8211; p\u00fablicos exigentes&#8221;.<\/strong><br \/>\nNos centraremos en las actividades de educaci\u00f3n muse\u00edstica que intentan abordar temas dif\u00edciles y delicados, actividades que intentan poner de relieve aspectos poco conocidos del patrimonio cultural y acontecimientos hist\u00f3ricos mal interpretados, actividades que pretenden atraer a nuevos p\u00fablicos o que llegan a grupos marginados.<br \/>\nEl objetivo de esta conferencia es promover el intercambio de ideas, experiencias y buenas pr\u00e1cticas entre profesionales de la educaci\u00f3n muse\u00edstica de diferentes culturas, as\u00ed como fomentar la reflexi\u00f3n cr\u00edtica sobre las dificultades encontradas a la hora de interpretar el patrimonio cultural y la creaci\u00f3n art\u00edstica para p\u00fablicos diversos.<strong>El tema abarca los siguientes aspectos:<\/strong><\/p>\n<ul>\n<li>La educaci\u00f3n muse\u00edstica como herramienta para debatir temas dif\u00edciles:<br \/>\nrefugiados, conflictos religiosos, pobreza, identidades m\u00faltiples, recuerdos traum\u00e1ticos, derechos humanos, problemas de salud, comunidades marginadas, patrimonio cultural amenazado, entorno natural en peligro, retos y amenazas del mundo virtual, etc.<\/li>\n<li>La educaci\u00f3n muse\u00edstica como veh\u00edculo de interpretaciones alternativas: sacar a la luz aspectos ocultos, desconocidos o malinterpretados del patrimonio material e inmaterial o de la creaci\u00f3n art\u00edstica. Cuestionar las interpretaciones actuales y fomentar nuevas formas de ver los acontecimientos hist\u00f3ricos pasados y presentes.<\/li>\n<li>Atenci\u00f3n a comunidades y p\u00fablicos desfavorecidos: iniciativas de educaci\u00f3n muse\u00edstica que garanticen la accesibilidad y la inclusi\u00f3n en un entorno social y cultural en constante evoluci\u00f3n. Actividades innovadoras y materiales did\u00e1cticos para p\u00fablicos &#8220;marginados&#8221; (ancianos, discapacitados, enfermos mentales, reclusos, minor\u00edas religiosas\/\u00e9tnicas o culturales, inmigrantes, refugiados, drogadictos, estudiantes o escolares que requieren un trato especial, etc.).<\/li>\n<\/ul>\n<p><strong>\u25ba El programa de la conferencia incluye:<\/strong><\/p>\n<ul>\n<li>Conferencias<br \/>\nPresentaciones de investigaci\u00f3n (20\u2032), Presentaciones tem\u00e1ticas (15\u2032), Mercado de ideas (7\u2032), P\u00f3sters (en formato impreso o digital)<\/li>\n<li>Talleres ofrecidos por Grupos de Inter\u00e9s Especial del CECA<\/li>\n<li>Otros talleres<\/li>\n<li>Presentaciones y entrega de premios (Premio a la Investigaci\u00f3n, Premio BestPractice, Premio a la Red de Miembros J\u00f3venes)<\/li>\n<li>Visitas educativas a museos con actividades interactivas<\/li>\n<li>Excursi\u00f3n de un d\u00eda fuera de Atenas para descubrir el patrimonio arqueol\u00f3gico (22 de noviembre, opcional con coste adicional).<\/li>\n<\/ul>\n<p><strong>La conferencia se celebrar\u00e1 exclusivamente in situ<\/strong>. Parte de las presentaciones podr\u00edan ofrecerse en l\u00ednea o grabarse y ser visibles en YouTube.<\/p>\n<p><strong>Las lenguas oficiales de la conferencia son el griego y el ingl\u00e9s<\/strong>.<br \/>\nHabr\u00e1 interpretaci\u00f3n biling\u00fce durante las sesiones de presentaciones. Los talleres y las visitas educativas se realizar\u00e1n en ingl\u00e9s.<\/p>\n<p><strong>\u25ba Condiciones de participaci\u00f3n (premios, comunicaciones, inscripciones)<\/strong><\/p>\n<p><strong>&gt;&gt; Inscribirse en los Premios CECA<\/strong><\/p>\n<ul>\n<li><strong>Premio Best Practice<\/strong><br \/>\nPlazo de presentaci\u00f3n para el premio BP: <strong>17 de mayo<\/strong><br \/>\nJurado BP: 31 de mayo<br \/>\nInformaci\u00f3n sobre los premiados del BP: 3 de junio<\/li>\n<li><strong>Premios de Investigaci\u00f3n<\/strong><br \/>\nPlazo de presentaci\u00f3n para el premio de investigaci\u00f3n: <strong>29 de mayo<\/strong><br \/>\nInformaci\u00f3n sobre los ganadores del premio de investigaci\u00f3n: 11 de junio<\/li>\n<li><strong>Premio Miembros J\u00f3venes<\/strong><br \/>\nFecha l\u00edmite para la presentaci\u00f3n de candidaturas al Premio MiembrosJ\u00f3venes: <strong>2 de julio<\/strong><br \/>\nInformaci\u00f3n sobre los ganadores del Premio Miembros J\u00f3venes: 24 de julio<\/li>\n<\/ul>\n<p><strong>\u25ba Presentaci\u00f3n de comunicaciones para la conferencia<\/strong><\/p>\n<p>Fecha l\u00edmite para la presentaci\u00f3n de ponencias (tem\u00e1ticas, investigaci\u00f3n, mercado de ideas, talleres, carteles):<strong> 15 de junio.<\/strong><br \/>\nNotificaci\u00f3n de los ponentes preseleccionados para la conferencia: 7 de julio<br \/>\nConfirmaci\u00f3n de los ponentes de la conferencia: 20 de agosto.<\/p>\n<p>Agradecemos su inter\u00e9s por la Conferencia CECA 2024 y su participaci\u00f3n en la misma a trav\u00e9s de una presentaci\u00f3n (trabajo de investigaci\u00f3n, art\u00edculo tem\u00e1tico, mercado de ideas, taller, p\u00f3ster).<br \/>\nLas solicitudes deber\u00e1n cumplimentarse y enviarse digitalmente, a trav\u00e9s de la p\u00e1gina web de la Conferencia CECA de Atenas, actualmente en construcci\u00f3n pero que pronto estar\u00e1 a su disposici\u00f3n, junto con toda la informaci\u00f3n necesaria relativa a su solicitud.<br \/>\nLos derechos de inscripci\u00f3n deber\u00e1n abonarse a trav\u00e9s del sitio web mencionado.<\/p>\n<p><strong>\u25ba Inscripci\u00f3n en la conferencia<\/strong><\/p>\n<p>Los interesados en asistir a la Conferencia deber\u00e1n cumplimentar y enviar el correspondiente formulario de inscripci\u00f3n digital, que se alojar\u00e1 en breve en el sitio web de la Conferencia CECA de Atenas.<br \/>\nLos derechos de inscripci\u00f3n tambi\u00e9n se abonar\u00e1n a trav\u00e9s de la citada p\u00e1gina web.<\/p>\n<p>\u25ba <strong>Derechos de inscripci\u00f3n a la conferencia<\/strong><\/p>\n<ul>\n<li><strong>Miembros del ICOM<\/strong><br \/>\nInscripci\u00f3n anticipada (hasta el 20 de agosto): 200 euros<br \/>\nInscripci\u00f3n tard\u00eda: 300 euros<br \/>\nInscripciones en las dos \u00faltimas semanas: 350 euros<\/li>\n<li><strong>No miembros del ICOM<\/strong><br \/>\nInscripci\u00f3n anticipada (hasta el 20 de agosto): 300 euros<br \/>\nInscripci\u00f3n tard\u00eda: 350 euros<br \/>\nInscripciones en las dos \u00faltimas semanas: 400 euros<\/li>\n<li><strong>Estudiantes<\/strong><br \/>\nInscripci\u00f3n anticipada (hasta el 20 de agosto): 120 euros<br \/>\nInscripci\u00f3n tard\u00eda: 200 euros<br \/>\nInscripciones en las dos \u00faltimas semanas: 250 euros<\/li>\n<\/ul>\n<p><strong>\u25ba Las tasas de inscripci\u00f3n incluyen<\/strong><\/p>\n<ul>\n<li>Recepci\u00f3n de bienvenida en el Museo Benaki al final de la primera jornada (lunes 18\/11)<\/li>\n<li>Pausas caf\u00e9 y almuerzos ligeros (del lunes 18\/11 al mi\u00e9rcoles 20\/11)<\/li>\n<li>Material para la conferencia (bolsa, material informativo, publicaciones, etc.)<\/li>\n<li>Visitas guiadas a determinados museos (excluidas las visitas educativas)<\/li>\n<li>Otros actos culturales por confirmar.<\/li>\n<\/ul>\n<p>\u25ba <strong>Excursi\u00f3n de un d\u00eda (opcional), viernes 22 de noviembre de 2024:<\/strong><br \/>\nDerechos de inscripci\u00f3n: 30 euros<br \/>\nCuota de inscripci\u00f3n para las dos \u00faltimas semanas: 50 euros<br \/>\nEl precio de la excursi\u00f3n de un d\u00eda incluye el transporte en autob\u00fas fuera de Atenas (norte del Peloponeso), visitas guiadas a museos\/sitios y un almuerzo ligero.<\/p>\n<p><strong>Para todas las comunicaciones<\/strong> con el comit\u00e9 organizador de la conferencia de Atenas:<br \/>\n<strong>cecaathens2024[at]gmail.com<br \/>\n<\/strong><\/li>\n<\/ul>\n<hr \/>\n<ul>\n<li>2023:\u00a0 Conferencia anual CECA Singapur, 20 al 24 de noviembre. Museo de las Civilizaciones Asi\u00e1ticas.<br \/>\nTema propuesto: &#8220;Museos: configurar el futuro de la educaci\u00f3n&#8221;. Programa &lt;<a href=\"https:\/\/www.icomceca2023.sg\/programme-overview\/\" target=\"_blank\" rel=\"noopener\">aqui<\/a>&gt;.<br \/>\n\u25ba \u00c1lbum de fotos de las actividades de la CECA en Singapur &lt;<a href=\"https:\/\/photos.app.goo.gl\/kVbdjBMz9H6BztFYA\" target=\"_blank\" rel=\"noopener\">aqu\u00ed<\/a>&gt;<\/li>\n<li><strong>2022 : Conferencia anual CECA Praga, 20-28 de agosto &#8211; Chequia<\/strong><br \/>\nDurante la 26\u00aa Conferencia General del ICOM. El tema principal fue &#8220;El poder de los museos&#8221;.<br \/>\nPrograma completo de actividades del CECA &lt;<a href=\"https:\/\/ceca.mini.icom.museum\/wp-content\/uploads\/sites\/5\/2022\/08\/Final-program-Prague-with-abstracts-ESP.pdf\" target=\"_blank\" rel=\"noopener\">aqu\u00ed<\/a>&gt;<\/li>\n<li>\u25ba\u00c1lbum de fotos de las actividades de la CECA en Praga &lt;<a href=\"https:\/\/photos.app.goo.gl\/12RWKV24cPAitzxt8\" target=\"_blank\" rel=\"noopener\">aqui<\/a>&gt;<br \/>\nVid\u00e9o : Entrevista con Marie-Clarte O\u2019Neill por el Museo Nacional Komensk\u00fd &lt;<a href=\"https:\/\/youtu.be\/8fi1Y4-UNsQ\">aqui<\/a>&gt;<br \/>\nMarie-Clarte O\u2019Neill, Presidenta del Comit\u00e9 CECA reflexiona sobre la 26\u00aa Conferencia General, y habla de la educaci\u00f3n de los museos en la sociedad y de las actividades espec\u00edficas del CECA.<\/li>\n<li>2021: Co-creaci\u00f3n dentro y fuera del museo. De 25\/10 a 29\/10 2021, Lovaina, B\u00e9lgica.<br \/>\nZ\u00e9lie Blampain y Elina Noris, dos estudiantes de la Universidad de Lieja (M\u00e1ster en Museolog\u00eda) se han asociado con Chlo\u00e9 Orrico, de la Escuela del Louvre (M\u00e1ster en Mediaci\u00f3n Cultural), para presentar un <strong>resumen<\/strong> de esta conferencia. &lt;<a href=\"https:\/\/ceca.mini.icom.museum\/wp-content\/uploads\/sites\/5\/2023\/03\/cdm3-extraction-192-205-couverture-FR.pdf\" target=\"_blank\" rel=\"noopener\">aqu\u00ed<\/a>&gt;<\/li>\n<\/ul>\n<div style=\"width: 576px;\" class=\"wp-video\"><!--[if lt IE 9]><script>document.createElement('video');<\/script><![endif]-->\n<video class=\"wp-video-shortcode\" id=\"video-668-1\" width=\"576\" height=\"324\" preload=\"metadata\" controls=\"controls\"><source type=\"video\/mp4\" src=\"https:\/\/ceca.mini.icom.museum\/wp-content\/uploads\/sites\/5\/2021\/11\/ICOM-CECA-conferentie-2021_2-videosmaller.mp4?_=1\" \/><a href=\"https:\/\/ceca.mini.icom.museum\/wp-content\/uploads\/sites\/5\/2021\/11\/ICOM-CECA-conferentie-2021_2-videosmaller.mp4\">https:\/\/ceca.mini.icom.museum\/wp-content\/uploads\/sites\/5\/2021\/11\/ICOM-CECA-conferentie-2021_2-videosmaller.mp4<\/a><\/video><\/div>\n<p style=\"text-align: center\">M Leuven \/ videographer Jan Maes<\/p>\n<p><strong>Vid\u00e9os de 2 ponentes principales:<\/strong><br \/>\n<a href=\"https:\/\/youtu.be\/vmWar0HpjD4\">Nina Simon over &#8216;The participatory museum&#8217; | ICOM CECA-conferentie 2021<\/a><br \/>\n<a href=\"https:\/\/youtu.be\/PhefdFVzGOc\">Pat Villeneuve over museumeducatie en edu-curation | ICOM CECA-conferentie 2021<\/a><\/p>\n<ul>\n<li><strong>2019 : Roles de la educaci\u00f3n muse\u00edstica: Apoyarse a s\u00ed mismo y a la sociedad &#8211; Kyoto<\/strong>. Programa y calendario <a href=\"https:\/\/hakubutsukan.wixsite.com\/ceca\" target=\"_blank\" rel=\"noopener\">https:\/\/hakubutsukan.wixsite.com\/ceca<\/a><br \/>\n<a href=\"http:\/\/ceca.mini.icom.museum\/wp-content\/uploads\/sites\/5\/2019\/12\/ANNUAL-CONFERENCE-CECA-2019-ANG-1.pdf\" target=\"_blank\" rel=\"noopener\"><strong>S\u00edntesis<\/strong> de la reuni\u00f3n anual de la CECA en Kyoto<\/a>. PDF.<\/li>\n<li>2018: Museos, Educaci\u00f3n y Acci\u00f3n Cultural: Entre viejos y nuevos significados (Tbilisi, Georgia). Actas de la Asamblea General de la CECA :\u00a0<a title=\"TEXT, Minutes General Assembly 2018-1-, Minutes_General_Assembly_2018-1-.pdf, 290 KB\" href=\"https:\/\/ceca.mini.icom.museum\/wp-content\/uploads\/sites\/5\/2021\/06\/Minutes_General_Assembly_2018-1-.pdf\">descargue el archivo PDF<\/a>.\u00a0<a href=\"http:\/\/www.ceca2018.ge\" target=\"_blank\" rel=\"noopener\">http:\/\/www.ceca2018.ge<\/a><\/li>\n<li>2015: Museum Education and Accessibility: Bridging the Gaps. WASHINGTON, D.C., USA [<a title=\"Opens external link in new window\" href=\"https:\/\/cecadc2015.wordpress.com\/\" target=\"_blank\" rel=\"noopener\">conference web site<\/a>]<\/li>\n<\/ul>\n<ul>\n<li>2014<b>:\u00a0<\/b><i>Squaring the Circle? Research, Museum, Public<\/i><b>:<\/b><i>\u00a0A Common Engagement Towards Effective Communication.\u00a0<\/i><b>Alexandria, Egypt\u00a0<\/b><\/li>\n<li><b>2013: Museums (memory+creativity) = social changes. Rio de Janeiro, Brazil<\/b><\/li>\n<li>2012: Museums and Written Communication: Traditions and Innovation. (Yerevan, Armenia) [<a title=\"TEXT, ICOM CECA Annual COnference 2012 Program, ICOM_CECA_Annual_COnference_2012_Program.pdf, 3.4 MB\" href=\"http:\/\/ceca.mini.icom.museum\/wp-content\/uploads\/sites\/5\/2018\/12\/ICOM_CECA_Annual_COnference_2012_Program.pdf\">vea el program<\/a>]<\/li>\n<li>2011: Old Questions, New Answers: Quality Criteria for Museum Education (Zagreb, Croatia) [<a title=\"TEXT, CECAZagreb2011 Programme, CECAZagreb2011_Programme.pdf, 2.0 MB\" href=\"http:\/\/ceca.mini.icom.museum\/wp-content\/uploads\/sites\/5\/2018\/12\/CECAZagreb2011_Programme.pdf\">vea el program<\/a>]<\/li>\n<\/ul>\n<div style=\"width: 576px;\" class=\"wp-video\"><video class=\"wp-video-shortcode\" id=\"video-668-2\" width=\"576\" height=\"324\" preload=\"metadata\" controls=\"controls\"><source type=\"video\/mp4\" src=\"https:\/\/ceca.mini.icom.museum\/wp-content\/uploads\/sites\/5\/2021\/11\/CECA-Annual-Conference-2011-Day-1-videosmaller480.mp4?_=2\" \/><a href=\"https:\/\/ceca.mini.icom.museum\/wp-content\/uploads\/sites\/5\/2021\/11\/CECA-Annual-Conference-2011-Day-1-videosmaller480.mp4\">https:\/\/ceca.mini.icom.museum\/wp-content\/uploads\/sites\/5\/2021\/11\/CECA-Annual-Conference-2011-Day-1-videosmaller480.mp4<\/a><\/video><\/div>\n<p style=\"text-align: center\">Conferencia anual 2011 Zagreb croacia : V\u00eddeo retrospectivo<\/p>\n<ul>\n<li><b>2010: (ICOM General Conference) Museums for Social Harmony (Shanghai, China)<\/b><\/li>\n<li>2009: Museum Education in a Global Context: Priorities and Processes (Reykjav\u00edk, Iceland)<\/li>\n<li>2008: Cultural Tourism: Trends and Strategies (Montreal, Canada) [<a title=\"TEXT, ICOM CECA 08 Annual Conference programme, ICOM_CECA_08_Annual_Conference_programme.pdf, 554 KB\" href=\"http:\/\/ceca.mini.icom.museum\/wp-content\/uploads\/sites\/5\/2018\/12\/ICOM_CECA_08_Annual_Conference_programme.pdf\">vea el program<\/a>]<\/li>\n<li><b>2007: (ICOM General Conference) Heritage Learning Matters: Museums and Universal Heritage (Vienna, Austria)<\/b><\/li>\n<li>2006: Penser, \u00c9valuer, Repenser (Rome, Italy)<\/li>\n<li>2005: Partenariats et \u00e9ducation mus\u00e9ale (Bansk\u00e1 Stivanica)<\/li>\n<li><b>2004: (Conf\u00e9rence g\u00e9n\u00e9rale de l&#8217;ICOM) Les mus\u00e9es et le patrimoine immat\u00e9riel (S\u00e9oul)<\/b><\/li>\n<li>2003: L&#8217;\u00e9ducation mus\u00e9ale face \u00e0 la r\u00e9alit\u00e9 mus\u00e9ale &#8211; mission possible! (Oaxaca)<\/li>\n<li>2002: L&#8217;\u00e9ducation mus\u00e9ale comme produit. Pour qui? (Nairobi)<\/li>\n<li><b>2001: (Conf\u00e9rence g\u00e9n\u00e9rale de l&#8217;ICOM) G\u00e9rer le changement: les mus\u00e9es face aux d\u00e9fis \u00e9conomiques et sociaux (Barcelone)<\/b><\/li>\n<li>2000: La culture comme bien de consommation (Christchurch)<\/li>\n<li><b>1998: (Conf\u00e9rence g\u00e9n\u00e9rale de l&#8217;ICOM) Interpr\u00e9tation de la diversit\u00e9 naturelle et culturelle (Melbourne)<\/b><\/li>\n<li>1997: \u00c9valuation de l&#8217;\u00e9ducation mus\u00e9ale et de l&#8217;action culturelle &#8211; Th\u00e9orie et pratique (Rio de Janeiro)<\/li>\n<li>1996: Nouvelles strat\u00e9gies de la communication dans les mus\u00e9es (Vienne)<\/li>\n<li><b>1995: (Conf\u00e9rence g\u00e9n\u00e9rale de l&#8217;ICOM) Les mus\u00e9es et les communaut\u00e9s (Stavanger)<\/b><\/li>\n<li>1994: Les mus\u00e9es, l&#8217;\u00e9ducation et les patrimoines naturel, social et culturel (Cuenca)<\/li>\n<li>1993: Int\u00e9gration des mus\u00e9es dans une soci\u00e9t\u00e9; multiculturelle (Delhi-Calcutta)<\/li>\n<li><b>1992: (Conf\u00e9rence g\u00e9n\u00e9rale de l&#8217;ICOM) Les mus\u00e9es: y a-t-il des limites? (Qu\u00e9bec)<\/b><\/li>\n<li>1991: Le mus\u00e9e et les besoins du public (Jerusalem)<\/li>\n<li>1990: L&#8217;\u00e9ducation mus\u00e9ale et l&#8217;environnement (Gaborone\/Botswana)<\/li>\n<li><b>1989: (Conf\u00e9rence g\u00e9n\u00e9rale de l&#8217;ICOM) Mus\u00e9es, g\u00e9n\u00e9rateurs de culture (La Haye)<\/b><\/li>\n<li>1988: \u00c9tablir, d\u00e9velopper et maintenir les services \u00e9ducatifs des mus\u00e9es (Nauplie-Ath\u00e8nes)<\/li>\n<li>1987: Le patrimoine et l&#8217;action culturelle. Nouvelles techniques de communication (Paris)<\/li>\n<li><b>1986: (Conf\u00e9rence g\u00e9n\u00e9rale de l&#8217;ICOM) Les mus\u00e9es et l&#8217;avenir de notre patrimoine (Buenos Aires)<\/b><\/li>\n<li>1985: L&#8217;\u00e9ducateur de mus\u00e9e et la recherche (Barcelone)<\/li>\n<li>1984: Le mus\u00e9e et le monde du travail (D\u00fcsseldorf)<\/li>\n<li><b>1983: (Conf\u00e9rence g\u00e9n\u00e9rale de l&#8217;ICOM) Les mus\u00e9es dans un monde en d\u00e9veloppement (Londres)<\/b><\/li>\n<li>1982: La diversit\u00e9 culturelle, les contraintes \u00e9conomiques et les nouveaux publics (Washington D.C.)<\/li>\n<li>1981: L&#8217;exposition comme outil didactique (Svendborg)<\/li>\n<li><b>1980 (Conf\u00e9rence g\u00e9n\u00e9rale de l&#8217;ICOM) Le patrimoine de l&#8217;humanit\u00e9 &#8211; Le r\u00f4le des mus\u00e9es (Mexico)<\/b><\/li>\n<li>1979: Comment motiver les visiteurs de mus\u00e9e? Le travail en \u00e9quipe au mus\u00e9e II (Sesimbra)<\/li>\n<li>1978: Comment motiver les visiteurs de mus\u00e9e? Le travail en \u00e9quipe au mus\u00e9e I (Rotterdam)<\/li>\n<li><strong>1977: Mus\u00e9es et \u00e9change culturel (Moscou-Leningrad)<\/strong><\/li>\n<li>1976: Mus\u00e9es et d\u00e9centralisation (Ume\u00e5)<\/li>\n<li>1975: Musique au mus\u00e9e\/Politique mus\u00e9ale r\u00e9gionale (Varsovie, Torun, Poznan)<\/li>\n<li><strong>1974: Copenhague<\/strong><\/li>\n<li>1973:Budapest<\/li>\n<li>1968: Le r\u00f4le des mus\u00e9es dans l&#8217;\u00e9ducation et l&#8217;action culturelle (Moscou-Leningrad)<\/li>\n<\/ul>\n<p><!-- Text: [end] --><\/p>\n<\/div>\n<p><!-- Image block: [end] --> <!-- BEGIN: Content of extension \"hpo_relatedlink\", plugin \"tx_hporelatedlink_pi1\" --><\/p>\n<div><\/div>\n<p><!-- END: Content of extension \"hpo_relatedlink\", plugin \"tx_hporelatedlink_pi1\" --><\/p>\n<\/div>\n<p><!-- CONTENT ELEMENT, uid:10398\/textpic [end] --> <!--TYPO3SEARCH_end--><\/p>\n<\/div>\n","protected":false},"excerpt":{"rendered":"<p>Conferencias anuales desde 1968 (los a\u00f1os que tambi\u00e9n fueron Conferencia General de ICOM est\u00e1n marcados en negrita) 2024:\u00a0 Conferencia anual ICOM-CECA 2024 en Atenas, Grecia, del 18 al 22 de noviembre de 2024. \u25ba Programa (en ingl\u00e9s) &lt;Leer&gt; \u25ba &lt;https:\/\/icomceca24.gr\/&gt; \u25ba \u00c1lbum de fotos de recuerdo: &#8220;Excursi\u00f3n al Museo Griego de la Aceituna y el [&hellip;]<\/p>\n","protected":false},"author":1,"featured_media":0,"parent":137,"menu_order":3,"comment_status":"closed","ping_status":"closed","template":"","meta":{"footnotes":""},"yst_prominent_words":[412,406,405,103,91,88,413,407,92,410,414,423,409,411],"acf":[],"_links":{"self":[{"href":"https:\/\/ceca.mini.icom.museum\/es\/wp-json\/wp\/v2\/pages\/668"}],"collection":[{"href":"https:\/\/ceca.mini.icom.museum\/es\/wp-json\/wp\/v2\/pages"}],"about":[{"href":"https:\/\/ceca.mini.icom.museum\/es\/wp-json\/wp\/v2\/types\/page"}],"author":[{"embeddable":true,"href":"https:\/\/ceca.mini.icom.museum\/es\/wp-json\/wp\/v2\/users\/1"}],"replies":[{"embeddable":true,"href":"https:\/\/ceca.mini.icom.museum\/es\/wp-json\/wp\/v2\/comments?post=668"}],"version-history":[{"count":29,"href":"https:\/\/ceca.mini.icom.museum\/es\/wp-json\/wp\/v2\/pages\/668\/revisions"}],"predecessor-version":[{"id":12444,"href":"https:\/\/ceca.mini.icom.museum\/es\/wp-json\/wp\/v2\/pages\/668\/revisions\/12444"}],"up":[{"embeddable":true,"href":"https:\/\/ceca.mini.icom.museum\/es\/wp-json\/wp\/v2\/pages\/137"}],"wp:attachment":[{"href":"https:\/\/ceca.mini.icom.museum\/es\/wp-json\/wp\/v2\/media?parent=668"}],"wp:term":[{"taxonomy":"yst_prominent_words","embeddable":true,"href":"https:\/\/ceca.mini.icom.museum\/es\/wp-json\/wp\/v2\/yst_prominent_words?post=668"}],"curies":[{"name":"wp","href":"https:\/\/api.w.org\/{rel}","templated":true}]}}