{"id":734,"date":"2018-12-18T15:20:44","date_gmt":"2018-12-18T15:20:44","guid":{"rendered":"http:\/\/ceca.icom.cust.oxymium.net\/publicaciones-2\/icom-education\/"},"modified":"2025-11-09T16:43:04","modified_gmt":"2025-11-09T16:43:04","slug":"icom-education","status":"publish","type":"page","link":"https:\/\/ceca.mini.icom.museum\/es\/publicaciones\/icom-education\/","title":{"rendered":"ICOM Education"},"content":{"rendered":"<div>\n<div>\n<div>\n<div><img decoding=\"async\" loading=\"lazy\" class=\"alignnone wp-image-6511 size-full\" src=\"https:\/\/ceca.mini.icom.museum\/wp-content\/uploads\/sites\/5\/2021\/03\/bandeau-Ceca-Education-800px-01_InPixio.jpg\" alt=\"\" width=\"801\" height=\"197\" srcset=\"https:\/\/ceca.mini.icom.museum\/wp-content\/uploads\/sites\/5\/2021\/03\/bandeau-Ceca-Education-800px-01_InPixio.jpg 801w, https:\/\/ceca.mini.icom.museum\/wp-content\/uploads\/sites\/5\/2021\/03\/bandeau-Ceca-Education-800px-01_InPixio-300x74.jpg 300w, https:\/\/ceca.mini.icom.museum\/wp-content\/uploads\/sites\/5\/2021\/03\/bandeau-Ceca-Education-800px-01_InPixio-768x189.jpg 768w\" sizes=\"(max-width: 801px) 100vw, 801px\" \/><\/div>\n<p><strong>ICOM Education es la publicaci\u00f3n oficial del CECA<\/strong>.<\/p>\n<p>Durante las seis primeras ediciones se llam\u00f3 Museums Annual\/Annales des Mus\u00e9es.<br \/>\nLa mayor\u00eda de las ediciones anteriores pueden consultarse en l\u00ednea en los enlaces aqu\u00ed bajo.<\/p>\n<p>Hasta el n\u00famero 30, las revistas -desde el principio biling\u00fces franc\u00e9s e ingl\u00e9s, y desde el n\u00famero 16 tambi\u00e9n con contribuciones en espa\u00f1ol- s\u00f3lo est\u00e1n disponibles en la lengua en que se publicaron, con un resumen en las otras dos lenguas oficiales del ICOM.<\/p>\n<div>\n<p>A partir del n\u00famero 30, todos los art\u00edculos se traducen e integran en un n\u00famero separado por idioma pero solo en formado electr\u00f3nico.<\/p>\n<p>Si desea enviar un art\u00edculo, p\u00f3ngase en contacto con St\u00e9phanie Wintzerith, &lt;<em>swi[at]wintzerith.de<\/em>&gt;.<\/p>\n<hr \/>\n<h4><img decoding=\"async\" loading=\"lazy\" class=\"aligncenter wp-image-13994\" src=\"https:\/\/ceca.mini.icom.museum\/wp-content\/uploads\/sites\/5\/2025\/11\/triptique-garde-ICOMEducation31-300x143.jpg\" alt=\"\" width=\"400\" height=\"191\" srcset=\"https:\/\/ceca.mini.icom.museum\/wp-content\/uploads\/sites\/5\/2025\/11\/triptique-garde-ICOMEducation31-300x143.jpg 300w, https:\/\/ceca.mini.icom.museum\/wp-content\/uploads\/sites\/5\/2025\/11\/triptique-garde-ICOMEducation31.jpg 656w\" sizes=\"(max-width: 400px) 100vw, 400px\" \/><\/h4>\n<h4><strong>ICOM Education 31:<\/strong><strong> &lt;<a href=\"https:\/\/ceca.mini.icom.museum\/wp-content\/uploads\/sites\/5\/2025\/11\/ICOMEducation31Espanol.pdf\" target=\"_blank\" rel=\"noopener\">aqui<\/a>&gt;<\/strong><\/h4>\n<p><strong>Tema : enfoque en Placer(es) de la visita<\/strong><\/p>\n<p>Por qu\u00e9 contamos &#8220;visitantes&#8221; en lugar de &#8220;visitas&#8221;. El matiz es importante, ya que tiene en cuenta tanto a los que acuden por primera vez al museo o a la exposici\u00f3n como a los que vuelven para otras visitas. Si vuelven, se puede suponer que les gust\u00f3 al menos una de sus visitas anteriores. Si los visitantes frecuentes y los amantes de los museos siguen volviendo a ver las exposiciones, deben disfrutarlas de alguna manera.<\/p>\n<p>Este n\u00famero de ICOM Education est\u00e1 dedicado a los misterios de la experiencia de la visita para averiguar qu\u00e9 es lo que la hace tan agradable, preguntemos al p\u00fablico qu\u00e9 es exactamente lo que hace que su visita sea tan placentera.<\/p>\n<\/div>\n<\/div>\n<\/div>\n<\/div>\n<hr \/>\n<h4><strong>ICOM Education 30 \/ Edici\u00f3n especial<\/strong><\/h4>\n<p><strong>Los fundamentos de la Comisi\u00f3n de Educaci\u00f3n y Acci\u00f3n Cultural (CECA)<br \/>\n<\/strong><strong>\u25ba\u25ba &lt;<a href=\"https:\/\/ceca.mini.icom.museum\/wp-content\/uploads\/sites\/5\/2023\/02\/ESP-ICOM-Edu-30-light.pdf\" target=\"_blank\" rel=\"noopener\">aqu\u00ed<\/a>&gt;<\/strong><\/p>\n<p><img decoding=\"async\" loading=\"lazy\" class=\"alignright wp-image-9938\" src=\"https:\/\/ceca.mini.icom.museum\/wp-content\/uploads\/sites\/5\/2023\/01\/icom48_biptique-500R-300x250.jpg\" alt=\"\" width=\"250\" height=\"208\" srcset=\"https:\/\/ceca.mini.icom.museum\/wp-content\/uploads\/sites\/5\/2023\/01\/icom48_biptique-500R-300x250.jpg 300w, https:\/\/ceca.mini.icom.museum\/wp-content\/uploads\/sites\/5\/2023\/01\/icom48_biptique-500R.jpg 500w\" sizes=\"(max-width: 250px) 100vw, 250px\" \/>Esta edici\u00f3n especial en tres vol\u00famenes uniling\u00fces recoge los art\u00edculos resultantes de la investigaci\u00f3n realizada sobre los dos temas de &#8220;educaci\u00f3n&#8221; y &#8220;acci\u00f3n cultural&#8221; por encargo del Comit\u00e9 de la CECA por el &#8220;Grupo Marignan&#8221;, cuyo objetivo era reflexionar sobre los temas fundacionales del Comit\u00e9. El volumen se abre con los art\u00edculos in\u00e9ditos sobre educaci\u00f3n, as\u00ed como con los art\u00edculos publicados en los n\u00fameros 28 y 29 sobre el lugar de la educaci\u00f3n y la acci\u00f3n cultural en el seno del ICOM y de la CECA. Los art\u00edculos sobre acci\u00f3n cultural de los miembros del &#8220;Grupo Marignan&#8221; publicados en ICOM Education 28 en un solo idioma han sido traducidos e incluidos en cada versi\u00f3n de este n\u00famero 30.<\/p>\n<hr \/>\n<h4><strong>ICOM Education 31:<\/strong><br \/>\n<strong><em>Convocatoria de ponencias ICOM Education 31<\/em> \u25ba\u25ba &lt;<a href=\"https:\/\/ceca.mini.icom.museum\/wp-content\/uploads\/sites\/5\/2021\/07\/ES-Convocatoria-de-ponencias-ICOM-Education-31_.pdf\" target=\"_blank\" rel=\"noopener\">aqu\u00ed<\/a>&gt;<\/strong><\/h4>\n<p><strong>Tema : enfoque en Placer(es) de la visita<\/strong><\/p>\n<p>Por qu\u00e9 contamos &#8220;visitantes&#8221; en lugar de &#8220;visitas&#8221;. El matiz es importante, ya que tiene en cuenta tanto a los que acuden por primera vez al museo o a la exposici\u00f3n como a los que vuelven para otras visitas. Si vuelven, se puede suponer que les gust\u00f3 al menos una de sus visitas anteriores. Si los visitantes frecuentes y los amantes de los museos siguen volviendo a ver las exposiciones, deben disfrutarlas de alguna manera.<\/p>\n<p>Este n\u00famero de ICOM Education est\u00e1 dedicado a los misterios de la experiencia de la visita para averiguar qu\u00e9 es lo que la hace tan agradable, preguntemos al p\u00fablico qu\u00e9 es exactamente lo que hace que su visita sea tan placentera.<\/p>\n<p><em><strong>Los art\u00edculos deben enviarse antes del 15 de enero de 2022.<\/strong> <\/em><br \/>\nSer\u00e1n revisados por pares antes de ser aceptados para su publicaci\u00f3n. Dado que el plazo es extremadamente ajustado, todos los env\u00edos que lleguen despu\u00e9s de la fecha l\u00edmite de presentaci\u00f3n (mediados de enero de 2022) ser\u00e1n autom\u00e1ticamente rechazados.<\/p>\n<div>\n<hr \/>\n<div>\n<div>\n<div>\n<ul>\n<li><a href=\"https:\/\/ceca.mini.icom.museum\/wp-content\/uploads\/sites\/5\/2021\/01\/ICOMEducation29-compress\u00e9-avec-compression.pdf\">ICOM Education N\u00b0. 29 : Educaci\u00f3n museal \u2013 m\u00e9diaci\u00f3n cultural<\/a><\/li>\n<li><a title=\"Opens external link in new window\" href=\"https:\/\/drive.google.com\/file\/d\/1EErtwOgLOiMfKe7cOBBAFWINIvPTmoAy\/view?usp=sharing\" target=\"_blank\" rel=\"noopener\">ICOM Education No. 28, 2018: Cultural Action<\/a><\/li>\n<li><a title=\"Opens external link in new window\" href=\"https:\/\/drive.google.com\/file\/d\/1H4RsNSMKOtiqhGSz2rf9wVBF3CRAeC4W\/view?usp=sharing\" target=\"_blank\" rel=\"noopener\">ICOM Education No. 27, 2016: Special Issue on Research<\/a><\/li>\n<li><a title=\"Opens external link in new window\" href=\"https:\/\/drive.google.com\/file\/d\/0B8yHu7SudP4kNHVQR0JzeWc5ZVE\/view?usp=sharing\" target=\"_blank\" rel=\"noopener\">ICOM Education No. 26, 2015: Special Issue on Research<\/a><\/li>\n<li><a title=\"Opens external link in new window\" href=\"https:\/\/drive.google.com\/file\/d\/0B8yHu7SudP4kOF9uRzBqV0hNcGc\/view?usp=sharing\" target=\"_blank\" rel=\"noopener\">ICOM Education No. 25, 2014: Change of Perspective\u00a0 (New) Ideas for Presenting Museum Objects\u00a0<\/a><\/li>\n<li><a title=\"Opens external link in new window\" href=\"https:\/\/drive.google.com\/file\/d\/0B9VTRpalcEVLWnJtTlFZMlhGT2M\/edit?usp=sharing\" target=\"_blank\" rel=\"noopener\">ICOM Education No. 24, 2013: Museum Education and the Cultural Heritage in Threatened Countries: Risks, prevention and support of population<\/a><\/li>\n<li><a href=\"https:\/\/docs.google.com\/open?id=0B8yHu7SudP4kTXg2b1NpVlBNbkk\" target=\"_blank\" rel=\"noopener\">ICOM Education No.23, 2012: Museum Education and New Media<\/a><\/li>\n<li><a href=\"https:\/\/docs.google.com\/viewer?a=v&amp;pid=explorer&amp;chrome=true&amp;srcid=0B8yHu7SudP4kMjcxMDRlMGQtYzU0Ny00ZjI2LTk4OWMtYzEyZTQyMmE4MWU3&amp;hl=de\" target=\"_blank\" rel=\"noopener\">ICOM Education No. 22, 2011: CECA Membership Survey<\/a><\/li>\n<li><a href=\"https:\/\/docs.google.com\/viewer?a=v&amp;pid=explorer&amp;chrome=true&amp;srcid=0B8yHu7SudP4kZDY5YmRlYTgtNmUzNy00YzNlLWI4ZGQtZDMxZmVlMDFiMGRk&amp;hl=en\" target=\"_blank\" rel=\"noopener\">ICOM Education No. 21, 2007: Museum Education and Adolescents<\/a><\/li>\n<li><a href=\"https:\/\/docs.google.com\/viewer?a=v&amp;pid=explorer&amp;chrome=true&amp;srcid=0B8yHu7SudP4kYTRjMDVkNjktODAzOC00MTE5LTg4ZGQtNDI1ODRhZTllMjAx&amp;hl=en\" target=\"_blank\" rel=\"noopener\">ICOM Education No. 20, 2006: Special Issue &#8211; Museum and Education &#8211; ICOM CECA Publications 1952 to 2006<\/a><\/li>\n<li><a href=\"https:\/\/docs.google.com\/leaf?id=0B8yHu7SudP4kODkwOTE1NGItNjhjYi00MzdhLTgwZWYtZGUwNjE3ZjYyN2Ri&amp;sort=name&amp;layout=list&amp;num=50\" target=\"_blank\" rel=\"noopener\">ICOM Education No. 19, 2005: Museum Education and Partnerships<\/a><\/li>\n<li><a href=\"https:\/\/docs.google.com\/leaf?id=0B8yHu7SudP4kMmE1MzgzZTUtNWY0My00MTcyLTliNjQtMTJkYjZmZTE2OTY3&amp;sort=name&amp;layout=list&amp;num=50\" target=\"_blank\" rel=\"noopener\">ICOM Education No. 18, 2003\/04: Museum Education and Non Visitors<\/a><\/li>\n<li><a href=\"https:\/\/docs.google.com\/leaf?id=0B8yHu7SudP4kZjhmZjE3MDAtZDUwMy00NjUxLTk5NjItMDllMDVjZmVlNTk2&amp;sort=name&amp;layout=list&amp;num=50\" target=\"_blank\" rel=\"noopener\">ICOM Education No. 17, 2001\/02: Museum Education and New Museology<\/a><\/li>\n<li><a href=\"https:\/\/docs.google.com\/open?id=0B8yHu7SudP4kNkluTGVtRUFJSHM\" target=\"_blank\" rel=\"noopener\">ICOM Education No. 16, 1996\/97: Museums and the Community\/ Musees et Communautes\/ Museos y Communidades<\/a><\/li>\n<li><a href=\"https:\/\/docs.google.com\/open?id=0B8yHu7SudP4kd1g2TzZ6S21adWM\" target=\"_blank\" rel=\"noopener\">ICOM Education No. 15, 1995: International Cooperation and Collaboration<\/a><\/li>\n<li><a href=\"https:\/\/docs.google.com\/open?id=0B8yHu7SudP4kRW9DSHowNnBKQzQ\" target=\"_blank\" rel=\"noopener\">ICOM Education No. 14, 1992-1995: Museum Education Towards 2000\u00a0<\/a><\/li>\n<li><a href=\"https:\/\/docs.google.com\/open?id=0B8yHu7SudP4kU3hrTEZwZWpROEU\" target=\"_blank\" rel=\"noopener\">ICOM Education No. 12-13, 1991: Recherche et Education dans les Mus\u00e9es<\/a><\/li>\n<li><a href=\"https:\/\/docs.google.com\/leaf?id=0B8yHu7SudP4kNWU5YzZiMDktZDZlMC00MGIxLWI2NTAtNTc0NWNhMjg2ZDg1&amp;sort=name&amp;layout=list&amp;num=50\" target=\"_blank\" rel=\"noopener\">ICOM Education No. 11, 1984: The Museum and the World of Work\/ Museum and Community<\/a><\/li>\n<li><a href=\"https:\/\/docs.google.com\/open?id=0B8yHu7SudP4kRTNNQjVzaUpLdVE\" target=\"_blank\" rel=\"noopener\">ICOM Education No. 10, 1982\/83<\/a><\/li>\n<li><a href=\"https:\/\/docs.google.com\/open?id=0B8yHu7SudP4kWERoWFZQU0JlY0E\" target=\"_blank\" rel=\"noopener\">ICOM Education No. 9, 1979 &#8211; 1981<\/a><\/li>\n<li><a href=\"https:\/\/docs.google.com\/open?id=0B8yHu7SudP4kZjZXOG5CNVM4NjQ\" target=\"_blank\" rel=\"noopener\">ICOM Education No. 8, 1977\/78 [view online]<\/a><\/li>\n<li><a href=\"https:\/\/docs.google.com\/open?id=0B8yHu7SudP4kbkg5ME8zNUxPOWc\" target=\"_blank\" rel=\"noopener\">ICOM Education No. 7, 1975\/76<\/a><\/li>\n<li><a href=\"https:\/\/docs.google.com\/viewer?a=v&amp;pid=explorer&amp;chrome=true&amp;srcid=0B8yHu7SudP4kZTkxMGZkOWItYTNkNS00YmY2LWE2OTUtYjEyOTA1YmUzNTg1&amp;hl=en\" target=\"_blank\" rel=\"noopener\">ICOM Museums&#8217; Annual\/ Annales des Mus\u00e9es No. 6, 1974<\/a><\/li>\n<li><a href=\"https:\/\/docs.google.com\/viewer?a=v&amp;pid=explorer&amp;chrome=true&amp;srcid=0B8yHu7SudP4kODhiNWY5NWMtMzRhNi00MTdkLTljZTMtNWQ5ZWM3YWFlMWM3&amp;hl=en\" target=\"_blank\" rel=\"noopener\">ICOM Museums&#8217; Annual\/ Annales des Mus\u00e9es No. 5, 1973<\/a><\/li>\n<li><a href=\"https:\/\/docs.google.com\/viewer?a=v&amp;pid=explorer&amp;chrome=true&amp;srcid=0B8yHu7SudP4kMjAzYmM0MTQtMTE1NS00ZDhhLTkwZTYtZGZlYTc3ZDVjZmFi&amp;hl=en\" target=\"_blank\" rel=\"noopener\">ICOM Museums&#8217; Annual\/ Annales des Mus\u00e9es No. 4, 1972<\/a><\/li>\n<li><a href=\"https:\/\/docs.google.com\/viewer?a=v&amp;pid=explorer&amp;chrome=true&amp;srcid=0B8yHu7SudP4kZTViMzA1OTItYjUyOS00N2Y3LWE0OGQtOWJhMzM2M2Y0MWU3&amp;hl=en\" target=\"_blank\" rel=\"noopener\">ICOM Museums&#8217; Annual\/ Annales des Mus\u00e9es No. 3, 1971<\/a><\/li>\n<li><a href=\"https:\/\/docs.google.com\/viewer?a=v&amp;pid=explorer&amp;chrome=true&amp;srcid=0B8yHu7SudP4kYjliYjdhNTYtMDhhNS00NmI0LThkNGQtZDIwZmE3MTIxNzA4&amp;hl=en\" target=\"_blank\" rel=\"noopener\">ICOM Annales\/Annual No. 2, 1970<\/a><\/li>\n<li><a href=\"https:\/\/docs.google.com\/viewer?a=v&amp;pid=explorer&amp;chrome=true&amp;srcid=0B8yHu7SudP4kNGUyYzIwODYtNDg4ZS00ZDU0LWE5YzUtOGU4OTRhMDBhZGJk&amp;hl=en\" target=\"_blank\" rel=\"noopener\">ICOM Annales\/Annual No. 1, 1969<\/a><\/li>\n<\/ul>\n<hr \/>\n<p>Para m\u00e1s informaci\u00f3n sobre los n\u00fameros 8 a 20 y 30, p\u00f3ngase en contacto con:<\/p>\n<p><strong>Nicole Gesch\u00e9-Koning<\/strong><br \/>\nmiembro cooptado del Consejo de Publicaciones de la CECA<br \/>\nAcad\u00e9mie Royale des Beaux-Arts &amp; Universit\u00e9 Libre de Bruxelles<br \/>\n105 Avenue Lat\u00e9rale<br \/>\nB- 1180 Bruxelles<br \/>\nBelgique<br \/>\n<strong>Email<\/strong>: <em>ngesche(at)me.com<\/em><\/p>\n<\/div>\n<\/div>\n<p>&nbsp;<\/p>\n<div><\/div>\n<\/div>\n<p>&nbsp;<\/p>\n<\/div>\n","protected":false},"excerpt":{"rendered":"<p>ICOM Education es la publicaci\u00f3n oficial del CECA. Durante las seis primeras ediciones se llam\u00f3 Museums Annual\/Annales des Mus\u00e9es. La mayor\u00eda de las ediciones anteriores pueden consultarse en l\u00ednea en los enlaces aqu\u00ed bajo. Hasta el n\u00famero 30, las revistas -desde el principio biling\u00fces franc\u00e9s e ingl\u00e9s, y desde el n\u00famero 16 tambi\u00e9n con contribuciones [&hellip;]<\/p>\n","protected":false},"author":1,"featured_media":0,"parent":115,"menu_order":1,"comment_status":"closed","ping_status":"closed","template":"","meta":{"footnotes":""},"yst_prominent_words":[995,994,991,3546,95,91,785,111,1039,992,989,987,320,278,993,990,988,1952],"acf":[],"_links":{"self":[{"href":"https:\/\/ceca.mini.icom.museum\/es\/wp-json\/wp\/v2\/pages\/734"}],"collection":[{"href":"https:\/\/ceca.mini.icom.museum\/es\/wp-json\/wp\/v2\/pages"}],"about":[{"href":"https:\/\/ceca.mini.icom.museum\/es\/wp-json\/wp\/v2\/types\/page"}],"author":[{"embeddable":true,"href":"https:\/\/ceca.mini.icom.museum\/es\/wp-json\/wp\/v2\/users\/1"}],"replies":[{"embeddable":true,"href":"https:\/\/ceca.mini.icom.museum\/es\/wp-json\/wp\/v2\/comments?post=734"}],"version-history":[{"count":20,"href":"https:\/\/ceca.mini.icom.museum\/es\/wp-json\/wp\/v2\/pages\/734\/revisions"}],"predecessor-version":[{"id":14003,"href":"https:\/\/ceca.mini.icom.museum\/es\/wp-json\/wp\/v2\/pages\/734\/revisions\/14003"}],"up":[{"embeddable":true,"href":"https:\/\/ceca.mini.icom.museum\/es\/wp-json\/wp\/v2\/pages\/115"}],"wp:attachment":[{"href":"https:\/\/ceca.mini.icom.museum\/es\/wp-json\/wp\/v2\/media?parent=734"}],"wp:term":[{"taxonomy":"yst_prominent_words","embeddable":true,"href":"https:\/\/ceca.mini.icom.museum\/es\/wp-json\/wp\/v2\/yst_prominent_words?post=734"}],"curies":[{"name":"wp","href":"https:\/\/api.w.org\/{rel}","templated":true}]}}