{"id":764,"date":"2018-12-18T15:20:59","date_gmt":"2018-12-18T15:20:59","guid":{"rendered":"http:\/\/ceca.icom.cust.oxymium.net\/publicaciones-2\/memorias-de-conferencias\/"},"modified":"2025-04-01T11:10:21","modified_gmt":"2025-04-01T11:10:21","slug":"memorias-de-conferencias","status":"publish","type":"page","link":"https:\/\/ceca.mini.icom.museum\/es\/publicaciones\/memorias-de-conferencias\/","title":{"rendered":"Memorias de conferencias"},"content":{"rendered":"<div>\n<p><!--TYPO3SEARCH_begin--> <!-- CONTENT ELEMENT, uid:10401\/textpic [begin] --><\/p>\n<div>\n<p><!-- Image block: [begin] --><\/p>\n<div>\n<p><img decoding=\"async\" loading=\"lazy\" class=\"aligncenter wp-image-12798\" src=\"https:\/\/ceca.mini.icom.museum\/wp-content\/uploads\/sites\/5\/2025\/02\/collage-actes-ceca-dddd-800pxR-300x122.jpg\" alt=\"\" width=\"700\" height=\"285\" srcset=\"https:\/\/ceca.mini.icom.museum\/wp-content\/uploads\/sites\/5\/2025\/02\/collage-actes-ceca-dddd-800pxR-300x122.jpg 300w, https:\/\/ceca.mini.icom.museum\/wp-content\/uploads\/sites\/5\/2025\/02\/collage-actes-ceca-dddd-800pxR-768x312.jpg 768w, https:\/\/ceca.mini.icom.museum\/wp-content\/uploads\/sites\/5\/2025\/02\/collage-actes-ceca-dddd-800pxR.jpg 802w\" sizes=\"(max-width: 700px) 100vw, 700px\" \/><\/p>\n<p><strong>\u201cCocreaci\u00f3n dentro y fuera del museo\u201d<\/strong><br \/>\nConferencia anual del ICOM CECA en Lovaina (B\u00e9lgica) &#8211; 2021.<br \/>\nNo hay actas stricto sensu pero un raporte detallado en franc\u00e9s.<br \/>\nZ\u00e9lie Blampain, Elina Noris &amp; Chlo\u00e9 Orrico en Cahiers de mus\u00e9ologie, 3, 2023, pp. 192-205. [<a href=\"https:\/\/ceca.mini.icom.museum\/wp-content\/uploads\/sites\/5\/2025\/02\/Conference-annuelle-ICOM-CECA-Louvain2013-wm.pdf\" target=\"_blank\" rel=\"noopener\">vea en l\u00ednea<\/a>]<\/p>\n<div>\n<p><!-- Text: [begin] --><\/p>\n<p><strong>&#8220;Museos, Educaci\u00f3n y Acci\u00f3n Cultural, entre viejos y nuevos significados.&#8221;<\/strong><br \/>\nActas de la Reuni\u00f3n Regional del ICOM CECA para Asia y el Pac\u00edfico, Se\u00fal 2018<\/p>\n<p><em><img decoding=\"async\" loading=\"lazy\" class=\"alignright wp-image-12751\" src=\"https:\/\/ceca.mini.icom.museum\/wp-content\/uploads\/sites\/5\/2025\/02\/page-de-couverture-actes-2017-encadre-317px-235x300.jpg\" alt=\"\" width=\"220\" height=\"280\" srcset=\"https:\/\/ceca.mini.icom.museum\/wp-content\/uploads\/sites\/5\/2025\/02\/page-de-couverture-actes-2017-encadre-317px-235x300.jpg 235w, https:\/\/ceca.mini.icom.museum\/wp-content\/uploads\/sites\/5\/2025\/02\/page-de-couverture-actes-2017-encadre-317px.jpg 317w\" sizes=\"(max-width: 220px) 100vw, 220px\" \/><\/em><strong>&#8220;\u00bfHacemos lo suficiente? Mantener el patrimonio en el siglo XXI&#8221;<\/strong> (en ingl\u00e9s).<br \/>\nActas de la conferencia ICOM CECA y DEMHIST de 2017 en los Palacios Reales Hist\u00f3ricos, Palacio de Hampton Court, Londres. [<a href=\"https:\/\/icom.jlbinfo.info\/bibliotheque\/jlbWeb?html=Bur&amp;base=documentation&amp;ref=50668&amp;file=6790.pdf&amp;path=DEMHIST-CECA_Relevance-2017_proceedings_2025-en.pdf\" target=\"_blank\" rel=\"noopener\">vea en l\u00ednea<\/a>]<\/p>\n<p><strong>Museums and Cultural Landscapes CECA Activities Beyond the Museum Walls<\/strong><br \/>\nProceedings of ICOM CECA 2016 [<a title=\"Opens internal link in current window\" href=\"http:\/\/ceca.mini.icom.museum\/wp-content\/uploads\/sites\/5\/2018\/12\/Milan_proceedings.pdf\" target=\"_blank\" rel=\"noopener\">vea en l\u00ednea<\/a>]<\/p>\n<p><strong>Museum Education &amp; Accessibility Bridging The Gaps<\/strong><i><br \/>\n<\/i>Proceedings of ICOM CECA 2015 [<a title=\"Opens external link in new window\" href=\"https:\/\/drive.google.com\/open?id=0B3x6tIJtXYkyWVRqdTg4d1hZelk\" target=\"_blank\" rel=\"noopener\">vea en l\u00ednea<\/a>]<\/p>\n<p><strong>Educaci\u00f3n En Los Museos y Accesibilidad: Superar las Brechas<\/strong><i><br \/>\n<\/i>Proceedings of ICOM CECA 2014 [<a title=\"Opens external link in new window\" href=\"https:\/\/drive.google.com\/open?id=0B3x6tIJtXYkyWVRqdTg4d1hZelk\" target=\"_blank\" rel=\"noopener\">vea en l\u00ednea<\/a>]<\/p>\n<p><strong>Squaring the Circle? Research, Museum, Public: A Common Engagement towards Effective Communication<\/strong><i><br \/>\n<\/i>Proceedings of ICOM CECA 2014 [<a title=\"Opens external link in new window\" href=\"https:\/\/drive.google.com\/file\/d\/0B8yHu7SudP4kRE1peXBRTDB1MVU\/view?usp=sharing\" target=\"_blank\" rel=\"noopener\">vea en l\u00ednea<\/a>]<\/p>\n<p><strong>Museums (Memory + Creativity = Social Change)<\/strong><em><br \/>\n<\/em>23<sup>rd<\/sup>\u00a0\u00a0General Conference of the International Council of Museums (ICOM) | CECA 2013 Annual Conference\u00a0\u00a0[<a title=\"Opens external link in new window\" href=\"https:\/\/drive.google.com\/file\/d\/0B8yHu7SudP4kcENWMHVrR2JhZjg\/view?usp=sharing\" target=\"_blank\" rel=\"noopener\">vea en l\u00ednea<\/a>]<\/p>\n<p><strong>Museums and Written Communication: Traditions and Innovation,<\/strong> &#8220;Tangaran&#8221;<br \/>\nResearch-Methodical Annual 2012, Proceedings of ICOM CECA 2012 translated into Armenian\u00a0[<a title=\"Opens external link in new window\" href=\"https:\/\/drive.google.com\/file\/d\/0B9VTRpalcEVLY2NpRjlzaExGR0k\/edit?usp=sharing\" target=\"_blank\" rel=\"noopener\">vea en l\u00ednea<\/a>]<\/p>\n<p><strong>Old Questions, New Answers: Quality Criteria for Museum Education,<\/strong><br \/>\nProceedings of ICOM CECA 2011[<a title=\"TEXT, Icom Ceca2011, IcomCeca2011.pdf, 2.9 MB\" href=\"http:\/\/ceca.mini.icom.museum\/wp-content\/uploads\/sites\/5\/2018\/12\/IcomCeca2011.pdf\" target=\"_blank\" rel=\"noopener\">vea en l\u00ednea<\/a>]<\/p>\n<p>Guo Junyin, Marlly Fang Wang (Eds.), 2011,\u00a0<strong>Museums for social harmony<\/strong>. <strong>Public Education and museums<\/strong>, Jinan University Press,<br \/>\nProceedings of ICOM CECA 2010 [<a href=\"https:\/\/docs.google.com\/open?id=0B8yHu7SudP4kV0ZhVDUyR3JtNms\" target=\"_blank\" rel=\"noopener\">vea en l\u00ednea<\/a>]<\/p>\n<p>H. Kraeutler (Ed.), 2008, HERITAGE LEARNING MATTERS. <strong>Museums and Universal Heritage,<\/strong><br \/>\nProceedings of ICOM\/CECA\u201907. To order go to\u00a0<a href=\"http:\/\/www.schlebruegge.com\/index_1.htm\" target=\"_blank\" rel=\"noopener\">www.schlebruegge.com<\/a><\/p>\n<p>E. Nardi (ed) (2007). <strong>Pensare, valutare, ri-pensare \/ Thinking, evaluating, re-thinking \/ Penser, \u00e9valuer, re-penser. La mediazione culturale nei musei \/ Cultural mediation in museums \/ La m\u00e9diation culturelle dans le mus\u00e9es<\/strong>.<br \/>\nMilano, FrancoAngeli, pp. 432, figg. 50. \u20ac 40,00 To order go to <a href=\"http:\/\/www.francoangeli.it\/Ricerca\/Scheda_Libro.asp?ID=15143&amp;Tipo=Libro&amp;strRicercaTesto=&amp;titolo=Pensare%2C+valutare%2C+ri-pensare.La+mediazione+culturale+nei+musei\" target=\"_blank\" rel=\"noopener\">www.francoangeli.it<\/a><\/p>\n<p>S. Guarita do Amaral (2006). IV Encontro Regional da America Latina e Caribe-CECA\/ICOM: Parcerias: <strong>Educa\u00e7ao em Museus<\/strong>. Sao Paulo, Museu de Arte Brasilera e Fonda\u00e7ao Armando Alvares Penteado.<\/p>\n<p>M. Ciz and I. Lukac (2006). Partnering in Museum Education: <strong>Enhancing the Adventure<\/strong>. Banska Stiavnica, Museum Svaty Anton.<\/p>\n<p><strong>Museums and Intangible Heritage \/Museums and Non-visitors\/ Diversity in Museum Education.<\/strong><br \/>\nProceedings of the Annual Conference of the International Committee for Education and Cultural Action (CECA) of the International Council of Museums (ICOM), Seoul, Korea, 2-8 October 2004 [<a href=\"https:\/\/docs.google.com\/open?id=0B8yHu7SudP4kM1NIaDk3MzFKNWs\" target=\"_blank\" rel=\"noopener\">vea en l\u00ednea<\/a>]<\/p>\n<p>Proceedings of the Annual Conference of the International Committee for Education and Cultural Action (CECA) of the International Council of Museums (ICOM), Rio de Janeiro, Brazil, 1997 \u00a0[<a href=\"https:\/\/docs.google.com\/open?id=0B8yHu7SudP4kX04zeDdIUlNLZE0\" target=\"_blank\" rel=\"noopener\">vea en l\u00ednea<\/a>]<\/p>\n<p><strong>New Strategies for Communication in Museums.<\/strong><br \/>\nProceedings of the Annual Conference of the International Committee for Education and Cultural Action (CECA) of the International Council of Museums (ICOM), Vienna, Austria, 1996 [<a href=\"https:\/\/docs.google.com\/open?id=0B8yHu7SudP4kclhLdHpSQmM5ckU\" target=\"_blank\" rel=\"noopener\">vea en l\u00ednea<\/a>]<\/p>\n<p><strong>Museum and communities.\u00a0<\/strong><br \/>\nProceedings of the Annual Conference of the International Committee for Education and Cultural Action (CECA) of the International Council of Museums (ICOM), Stavanger, Norway, July 1995 [<a href=\"https:\/\/docs.google.com\/open?id=0B8yHu7SudP4kUXJZcnlmUi1UbW8\" target=\"_blank\" rel=\"noopener\">vea en l\u00ednea<\/a>]<\/p>\n<p><strong>Museums for integration in a multicultural society.<\/strong><br \/>\nProceedings of the Annual Conference of the International Committee for Education and Cultural Action (CECA) of the International Council of Museums (ICOM), Delhi-Calcutta, India, 22-27 November 1993. [<a href=\"https:\/\/docs.google.com\/open?id=0B8yHu7SudP4kWXMwUFhHN0Zpak0\" target=\"_blank\" rel=\"noopener\">vea en l\u00ednea<\/a>]<\/p>\n<p><strong>The Museum and the Needs of People \/ Le mus\u00e9e et les besoins du public.<\/strong><br \/>\nProceedings of the annual meeting of ICOM-CECA,\u00a0Jerusalem, Israel, 15-22 October 1991. [<a href=\"https:\/\/docs.google.com\/open?id=0B8yHu7SudP4kV2FudkdjOHg4MmM\" target=\"_blank\" rel=\"noopener\">vea en l\u00ednea<\/a>]<\/p>\n<p><strong>La investigaci\u00f3 de l\u2019educator de museus.<\/strong><br \/>\nProceedings of the annual meeting of ICOM-CECA- Barcelona, 5-12 november 1985 &#8211; Ajuntament de Barcelona.\u00a0S\u00e8rie Investigaci\u00f3 Muse\u00edstica n. 2 [<a href=\"https:\/\/docs.google.com\/open?id=0B8yHu7SudP4kcXRyd0xXWFozM0k\" target=\"_blank\" rel=\"noopener\">vea en l\u00ednea<\/a>]<\/p>\n<p><!-- Text: [end] --><\/p>\n<\/div>\n<\/div>\n<div><!-- --><\/div>\n<p><!-- Image block: [end] --> <!-- BEGIN: Content of extension \"hpo_relatedlink\", plugin \"tx_hporelatedlink_pi1\" --><\/p>\n<div><img decoding=\"async\" loading=\"lazy\" class=\"aligncenter wp-image-2764 size-large\" src=\"https:\/\/ceca.mini.icom.museum\/wp-content\/uploads\/sites\/5\/2019\/12\/CR-AG-1071-3-1-1024x295.jpg\" alt=\"\" width=\"1024\" height=\"295\" srcset=\"https:\/\/ceca.mini.icom.museum\/wp-content\/uploads\/sites\/5\/2019\/12\/CR-AG-1071-3-1-1024x295.jpg 1024w, https:\/\/ceca.mini.icom.museum\/wp-content\/uploads\/sites\/5\/2019\/12\/CR-AG-1071-3-1-300x87.jpg 300w, https:\/\/ceca.mini.icom.museum\/wp-content\/uploads\/sites\/5\/2019\/12\/CR-AG-1071-3-1-768x222.jpg 768w, https:\/\/ceca.mini.icom.museum\/wp-content\/uploads\/sites\/5\/2019\/12\/CR-AG-1071-3-1.jpg 1071w\" sizes=\"(max-width: 1024px) 100vw, 1024px\" \/><\/div>\n<p><!-- END: Content of extension \"hpo_relatedlink\", plugin \"tx_hporelatedlink_pi1\" --><\/p>\n<\/div>\n<p><!-- CONTENT ELEMENT, uid:10401\/textpic [end] --> <!--TYPO3SEARCH_end--><\/p>\n<\/div>\n","protected":false},"excerpt":{"rendered":"<p>\u201cCocreaci\u00f3n dentro y fuera del museo\u201d Conferencia anual del ICOM CECA en Lovaina (B\u00e9lgica) &#8211; 2021. No hay actas stricto sensu pero un raporte detallado en franc\u00e9s. Z\u00e9lie Blampain, Elina Noris &amp; Chlo\u00e9 Orrico en Cahiers de mus\u00e9ologie, 3, 2023, pp. 192-205. [vea en l\u00ednea] &#8220;Museos, Educaci\u00f3n y Acci\u00f3n Cultural, entre viejos y nuevos significados.&#8221; [&hellip;]<\/p>\n","protected":false},"author":1,"featured_media":0,"parent":115,"menu_order":4,"comment_status":"closed","ping_status":"closed","template":"","meta":{"footnotes":""},"yst_prominent_words":[1972,1970,1973,58,1977,1971,1280,1978,30,1968,2926,859,1975,150,1004,1543,1976,1969,2925,1985],"acf":[],"_links":{"self":[{"href":"https:\/\/ceca.mini.icom.museum\/es\/wp-json\/wp\/v2\/pages\/764"}],"collection":[{"href":"https:\/\/ceca.mini.icom.museum\/es\/wp-json\/wp\/v2\/pages"}],"about":[{"href":"https:\/\/ceca.mini.icom.museum\/es\/wp-json\/wp\/v2\/types\/page"}],"author":[{"embeddable":true,"href":"https:\/\/ceca.mini.icom.museum\/es\/wp-json\/wp\/v2\/users\/1"}],"replies":[{"embeddable":true,"href":"https:\/\/ceca.mini.icom.museum\/es\/wp-json\/wp\/v2\/comments?post=764"}],"version-history":[{"count":12,"href":"https:\/\/ceca.mini.icom.museum\/es\/wp-json\/wp\/v2\/pages\/764\/revisions"}],"predecessor-version":[{"id":12907,"href":"https:\/\/ceca.mini.icom.museum\/es\/wp-json\/wp\/v2\/pages\/764\/revisions\/12907"}],"up":[{"embeddable":true,"href":"https:\/\/ceca.mini.icom.museum\/es\/wp-json\/wp\/v2\/pages\/115"}],"wp:attachment":[{"href":"https:\/\/ceca.mini.icom.museum\/es\/wp-json\/wp\/v2\/media?parent=764"}],"wp:term":[{"taxonomy":"yst_prominent_words","embeddable":true,"href":"https:\/\/ceca.mini.icom.museum\/es\/wp-json\/wp\/v2\/yst_prominent_words?post=764"}],"curies":[{"name":"wp","href":"https:\/\/api.w.org\/{rel}","templated":true}]}}