{"id":806,"date":"2018-12-18T15:21:13","date_gmt":"2018-12-18T15:21:13","guid":{"rendered":"http:\/\/ceca.icom.cust.oxymium.net\/publicaciones-2\/best-practice\/"},"modified":"2025-09-20T11:27:54","modified_gmt":"2025-09-20T11:27:54","slug":"best-practice","status":"publish","type":"page","link":"https:\/\/ceca.mini.icom.museum\/es\/publicaciones\/best-practice\/","title":{"rendered":"Libros Best Practice"},"content":{"rendered":"<div>\n<p><!--TYPO3SEARCH_begin--> <!-- CONTENT ELEMENT, uid:10899\/text [begin] --><\/p>\n<div>\n<p><!-- Header: [begin] --><\/p>\n<div id=\"c10899\" class=\"csc-default\">\n<p><strong>Estos libros presentan los resultados de las actividades profesionales<\/strong> y de evaluaci\u00f3n realizadas por los miembros del CECA desde 2012 utilizando la herramienta de mejores pr\u00e1cticas. Este es un instrumento para mejorar la educaci\u00f3n muse\u00edstica a nivel internacional.<\/p>\n<hr \/>\n<div class=\"tx-hporelatedlink-pi1\"><\/div>\n<\/div>\n<div id=\"c10403\" class=\"csc-default\">\n<h3 class=\"title\"><strong>LIBROS SOBRE LAS MEJORES PR\u00c1CTICAS<\/strong><\/h3>\n<p class=\"bodytext\"><span class=\"edito\"><b>BEST PRACTICE 13 &#8211; 2025<\/b> &#8211; Una herramienta para mejorar la educaci\u00f3n muse\u00edstica a nivel internacional.<br \/>\n<\/span><span class=\"edito\">Editado por Margarita Laraign\u00e9e.<img decoding=\"async\" loading=\"lazy\" class=\"size-medium wp-image-13574 alignright\" src=\"https:\/\/ceca.mini.icom.museum\/wp-content\/uploads\/sites\/5\/2025\/09\/couverture-Book-BEST-PRACTICE-13-2025-2-300pxR-236x300.jpg\" alt=\"\" width=\"236\" height=\"300\" srcset=\"https:\/\/ceca.mini.icom.museum\/wp-content\/uploads\/sites\/5\/2025\/09\/couverture-Book-BEST-PRACTICE-13-2025-2-300pxR-236x300.jpg 236w, https:\/\/ceca.mini.icom.museum\/wp-content\/uploads\/sites\/5\/2025\/09\/couverture-Book-BEST-PRACTICE-13-2025-2-300pxR.jpg 300w\" sizes=\"(max-width: 236px) 100vw, 236px\" \/><br \/>\n<strong>Enlace a la versi\u00f3n digital del libro &lt;<a href=\"https:\/\/ceca.mini.icom.museum\/wp-content\/uploads\/sites\/5\/2025\/09\/Book-BEST-PRACTICE-13-2025_compres.pdf\" target=\"_blank\" rel=\"noopener\">Best Practice 13 &#8211; 2025<\/a>&gt;<br \/>\n&lt;<\/strong><a href=\"https:\/\/ceca.mini.icom.museum\/wp-content\/uploads\/sites\/5\/2025\/09\/Reference-on-the-cover-images-author-3lingue.pdf\" target=\"_blank\" rel=\"noopener\">Xul Solar, autor de la imagen de la portada<\/a><strong>&gt;<\/strong><\/span><\/p>\n<p><a href=\"https:\/\/ceca.mini.icom.museum\/wp-content\/uploads\/sites\/5\/2024\/09\/Book-BEST-PRACTICE-12_compressed.pdf\" target=\"_blank\" rel=\"noopener\">BP libro 12 &#8211; 2024<\/a><br \/>\n<a href=\"https:\/\/ceca.mini.icom.museum\/wp-content\/uploads\/sites\/5\/2023\/09\/Book-BEST-PRACTICE-11-2023-336Mo.pdf\" target=\"_blank\" rel=\"noopener\">BP libro 11 &#8211; 2023<\/a><br \/>\n<a href=\"https:\/\/ceca.mini.icom.museum\/wp-content\/uploads\/sites\/5\/2022\/08\/Book-BEST-PRACTICE-10-V3.pdf\" target=\"_blank\" rel=\"noopener\">BP libro 10 &#8211; 2022<\/a><br \/>\n<a href=\"https:\/\/ceca.mini.icom.museum\/wp-content\/uploads\/sites\/5\/2021\/11\/BP-book-9.pdf\" target=\"_blank\" rel=\"noopener\">BP libro 9 &#8211; 2021<\/a><span class=\"edito\"><br \/>\n<a href=\"https:\/\/ceca.mini.icom.museum\/wp-content\/uploads\/sites\/5\/2021\/06\/best_practice_8_book_aout2019.pdf\" target=\"_blank\" rel=\"noopener\">BP libro 8 &#8211; 2019<\/a><br \/>\n<a title=\"TEXT, BP Book 2011-2016, BP_Book_2011-2016.pdf, 19.1 MB\" href=\"https:\/\/ceca.mini.icom.museum\/wp-content\/uploads\/sites\/5\/2021\/06\/BP_book_no._7_2018-compressed.pdf\" target=\"_blank\" rel=\"noopener\">BP libro 7 &#8211; 2018<\/a><br \/>\n<a title=\"TEXT, BP Book no. 6 2017, BP_Book_no._6_2017.pdf, 4.1 MB\" href=\"https:\/\/ceca.mini.icom.museum\/wp-content\/uploads\/sites\/5\/2021\/06\/BP_Book_no._6_2017-compressed.pdf\" target=\"_blank\" rel=\"noopener\">BP libro 6 &#8211; 2017<\/a><br \/>\n<a title=\"TEXT, BP Book 2011-2016, BP_Book_2011-2016.pdf, 19.1 MB\" href=\"https:\/\/ceca.mini.icom.museum\/wp-content\/uploads\/sites\/5\/2021\/06\/BP_Book_2011-2016-compressed.pdf\" target=\"_blank\" rel=\"noopener\">BP libro 2011 2016<\/a><br \/>\n<a title=\"TEXT, BP Book no. 5, BP_Book_no._5.pdf, 19.7 MB\" href=\"https:\/\/ceca.mini.icom.museum\/wp-content\/uploads\/sites\/5\/2021\/06\/BP_Book_no._5-compressed.pdf\" target=\"_blank\" rel=\"noopener\">BP libro 5 2016<\/a><br \/>\nBP libro 4<br \/>\n<a title=\"TEXT, BP Book no. 3, BP_Book_no._3.pdf, 5.5 MB\" href=\"https:\/\/ceca.mini.icom.museum\/wp-content\/uploads\/sites\/5\/2021\/06\/BP_Book_no._3.pdf\" target=\"_blank\" rel=\"noopener\">BP libroe 3 2014<\/a><br \/>\n<a title=\"TEXT, BP Book no. 2, BP_Book_no._2.pdf, 4.2 MB\" href=\"https:\/\/ceca.mini.icom.museum\/wp-content\/uploads\/sites\/5\/2021\/06\/BP_Book_no._2-compressed.pdf\" target=\"_blank\" rel=\"noopener\">BP libro 2 2013<\/a><br \/>\n<a title=\"TEXT, BP Book no. 1, BP_Book_no._1.pdf, 3.2 MB\" href=\"https:\/\/ceca.mini.icom.museum\/wp-content\/uploads\/sites\/5\/2021\/06\/BP_Book_no._1-compressed.pdf\" target=\"_blank\" rel=\"noopener\">BP libro 1 2012<\/a><\/span><\/p>\n<\/div>\n<\/div>\n<div>\n<p><!-- END: Content of extension \"hpo_relatedlink\", plugin \"tx_hporelatedlink_pi1\" --><\/p>\n<\/div>\n<p><!-- CONTENT ELEMENT, uid:10403\/text [end] --> <!--TYPO3SEARCH_end--><\/p>\n<\/div>\n","protected":false},"excerpt":{"rendered":"<p>Estos libros presentan los resultados de las actividades profesionales y de evaluaci\u00f3n realizadas por los miembros del CECA desde 2012 utilizando la herramienta de mejores pr\u00e1cticas. Este es un instrumento para mejorar la educaci\u00f3n muse\u00edstica a nivel internacional. LIBROS SOBRE LAS MEJORES PR\u00c1CTICAS BEST PRACTICE 13 &#8211; 2025 &#8211; Una herramienta para mejorar la educaci\u00f3n [&hellip;]<\/p>\n","protected":false},"author":1,"featured_media":0,"parent":115,"menu_order":2,"comment_status":"closed","ping_status":"closed","template":"","meta":{"footnotes":""},"yst_prominent_words":[1052,1038,2014,2004,2018,2003,1051,2021,2017,2013,1044,2019,2015,2020,2016,2012,2002],"acf":[],"_links":{"self":[{"href":"https:\/\/ceca.mini.icom.museum\/es\/wp-json\/wp\/v2\/pages\/806"}],"collection":[{"href":"https:\/\/ceca.mini.icom.museum\/es\/wp-json\/wp\/v2\/pages"}],"about":[{"href":"https:\/\/ceca.mini.icom.museum\/es\/wp-json\/wp\/v2\/types\/page"}],"author":[{"embeddable":true,"href":"https:\/\/ceca.mini.icom.museum\/es\/wp-json\/wp\/v2\/users\/1"}],"replies":[{"embeddable":true,"href":"https:\/\/ceca.mini.icom.museum\/es\/wp-json\/wp\/v2\/comments?post=806"}],"version-history":[{"count":19,"href":"https:\/\/ceca.mini.icom.museum\/es\/wp-json\/wp\/v2\/pages\/806\/revisions"}],"predecessor-version":[{"id":13587,"href":"https:\/\/ceca.mini.icom.museum\/es\/wp-json\/wp\/v2\/pages\/806\/revisions\/13587"}],"up":[{"embeddable":true,"href":"https:\/\/ceca.mini.icom.museum\/es\/wp-json\/wp\/v2\/pages\/115"}],"wp:attachment":[{"href":"https:\/\/ceca.mini.icom.museum\/es\/wp-json\/wp\/v2\/media?parent=806"}],"wp:term":[{"taxonomy":"yst_prominent_words","embeddable":true,"href":"https:\/\/ceca.mini.icom.museum\/es\/wp-json\/wp\/v2\/yst_prominent_words?post=806"}],"curies":[{"name":"wp","href":"https:\/\/api.w.org\/{rel}","templated":true}]}}