{"id":8073,"date":"2022-02-09T11:51:05","date_gmt":"2022-02-09T11:51:05","guid":{"rendered":"https:\/\/ceca.mini.icom.museum\/?page_id=8073"},"modified":"2025-08-16T12:24:04","modified_gmt":"2025-08-16T12:24:04","slug":"protocolo-y-calendario","status":"publish","type":"page","link":"https:\/\/ceca.mini.icom.museum\/es\/elecciones-2\/protocolo-y-calendario\/","title":{"rendered":"Protocolo y calendario"},"content":{"rendered":"<h3><\/h3>\n<h3 style=\"text-align: center\"><strong><img decoding=\"async\" loading=\"lazy\" class=\"aligncenter wp-image-12948 size-full\" src=\"https:\/\/ceca.mini.icom.museum\/wp-content\/uploads\/sites\/5\/2025\/04\/collage-board-2022-2025-v3-sauvegarde-9-700R.jpg\" alt=\"\" width=\"700\" height=\"266\" srcset=\"https:\/\/ceca.mini.icom.museum\/wp-content\/uploads\/sites\/5\/2025\/04\/collage-board-2022-2025-v3-sauvegarde-9-700R.jpg 700w, https:\/\/ceca.mini.icom.museum\/wp-content\/uploads\/sites\/5\/2025\/04\/collage-board-2022-2025-v3-sauvegarde-9-700R-300x114.jpg 300w\" sizes=\"(max-width: 700px) 100vw, 700px\" \/>\u00danase, apoye, complete il Consejo del CECA<\/strong><\/h3>\n<p style=\"text-align: center\">Solicitud: 20 de abril &#8211; 12 de junio de 2025<br \/>\nVotaci\u00f3n: 15 de agosto &#8211; 15 de septiembre de 2025<\/p>\n<p>Cada tres a\u00f1os se elige una nueva Mesa con ocasi\u00f3n de la conferencia trienal del ICOM.<br \/>\n<strong>Los miembros de la CECA interesados en colaborar en los trabajos de la Mesa est\u00e1n invitados a presentar su candidatura.<\/strong><br \/>\nTodos los miembros de la CECA est\u00e1n invitados a votar para elegir a los miembros que les representar\u00e1n en este comit\u00e9 internacional, uno de los m\u00e1s numerosos y activos del ICOM.<\/p>\n<hr \/>\n<h3><strong>Protocolo electoral 2025<\/strong><\/h3>\n<p>Cada tres a\u00f1os se elige una nueva Mesa con ocasi\u00f3n de la conferencia trienal del ICOM. El a\u00f1o anterior a la conferencia trienal del ICOM se nombra un grupo de trabajo para la elecci\u00f3n.<\/p>\n<p>El equipo de Elecciones 2025 est\u00e1 formado por :<\/p>\n<ul>\n<li><strong>Asmah Alias<\/strong>, miembro del Consejo de Administraci\u00f3n de la CECA, coordinadora para Asia, <strong>responsable de las elecciones<\/strong>, que no se presentar\u00e1 a las pr\u00f3ximas elecciones.<\/li>\n<li>Anne Marie Emond, Secretaria y Tesorera de la CECA.<\/li>\n<li>Sylvie Savare , coordinadora de medios sociales de la CECA.<\/li>\n<\/ul>\n<p><strong>Todo el trabajo del equipo de Elecciones est\u00e1 supervisado por dos miembros<\/strong> de la CECA, que <strong>no son miembros del Consejo<\/strong> de Administraci\u00f3n <strong>ni se presentan<\/strong> a las elecciones como consejeros. Al menos uno de estos miembros debe ser nuevo en el cargo. En 2025, esta supervisi\u00f3n es aceptada por Ani Avagyan, Haryany Mohamad.<\/p>\n<p>El Jefe de Elecciones nombra a este equipo.<br \/>\nEs responsable de incluir a estos miembros en la comunicaci\u00f3n sobre las elecciones. Se trata de miembros neutrales de la CECA que no tienen ning\u00fan v\u00ednculo directo con los candidatos. Son incluidos en el seguimiento de la comunicaci\u00f3n del equipo de Elecciones desde el inicio del proceso electoral. Tambi\u00e9n env\u00edan sus comentarios cuando lo consideran oportuno&#8230; Redactar\u00e1n un breve informe final que acompa\u00f1ar\u00e1 al informe electoral.<\/p>\n<p><strong>Dadas sus m\u00faltiples actividades, la Mesa de la CECA 2025-2028 estar\u00e1 compuesta aproximadamente de quinze miembros:<\/strong> un Presidente y otros aproximadamente quatorze vocales, de entre los cuales la Mesa elegir\u00e1 Secretario, Tesorero, Coordinadores Regionales, Coordinador de la P\u00e1gina Web, Redes Sociales , Bolet\u00edn Informativo y traduciones, Investigaci\u00f3n, actividades de Buenas Pr\u00e1cticas, Publicaciones, Grupos de Especial Inter\u00e9s y cualesquiera otras funciones necesarias.<br \/>\n&lt;<strong><a href=\"https:\/\/ceca.mini.icom.museum\/wp-content\/uploads\/sites\/5\/2025\/04\/ES-elecciones-Roles-y-tareas-2025.pdf\" target=\"_blank\" rel=\"noopener\">Funciones y tareas de los miembros de la Junta<\/a><\/strong>&gt;<br \/>\n&lt;<strong><a href=\"https:\/\/ceca.mini.icom.museum\/wp-content\/uploads\/sites\/5\/2025\/05\/allocating-functions-asignacion-de-funciones-repartitions-des-fonctions.pdf\" target=\"_blank\" rel=\"noopener\">Proceso final de asignaci\u00f3n de funciones<\/a><\/strong>&gt;<\/p>\n<p><strong>Para determinadas tareas que requieren competencias particulares y\/o continuidad, la Mesa puede a\u00f1adir miembros denominados &#8220;asesores&#8221;<\/strong>. El n\u00famero y las funciones de estos miembros dependen de la decisi\u00f3n del Presidente, que sigue el consejo de la Mesa. El Presidente presenta su propuesta de nombramiento de miembros de la CECA como asesores, despu\u00e9s de la toma de posesi\u00f3n de la nueva Mesa en la Conferencia General de la CECA.<\/p>\n<hr \/>\n<h3>Calendario Electoral<\/h3>\n<p><strong>\u25ba Fase 1 \/ Nominaci\u00f3n de candidatos<\/strong><br \/>\n<em>Del 20 de abril al 12 de junio de 2025<br \/>\n<\/em>Formulario de nominaci\u00f3n disponible aqu\u00ed en formato Word.<br \/>\nTodos los miembros est\u00e1n informados e invitados a postularse para un cargo en el Consejo Ejecutivo del CECA, dentro del per\u00edodo espec\u00edfico de presentaci\u00f3n de candidaturas.<br \/>\nSe ruega a todos los miembros que verifiquen que est\u00e1n registrados como miembros del ICOM y del CECA (se requiere n\u00famero de miembro de ICOM), para poder postularse y luego votar.<br \/>\n<strong>&lt;<a href=\"https:\/\/ceca.mini.icom.museum\/wp-content\/uploads\/sites\/5\/2025\/06\/FR-EN-ES-Formulaire-3-de-candidature-2025-r-1.pdf\" target=\"_blank\" rel=\"noopener\">Formulario de candidatura 2025 PDF<\/a>&gt;<\/strong><br \/>\n<strong>&lt;<a href=\"https:\/\/ceca.mini.icom.museum\/wp-content\/uploads\/sites\/5\/2025\/06\/FR-EN-ES-Formulaire-4-de-candidature-2025.doc\" target=\"_blank\" rel=\"noopener\">Formulario de candidatura 2025 Word<\/a>&gt;\u00a0 <\/strong>ver su carpeta de descarga<strong><br \/>\n<\/strong><\/p>\n<p><strong>12 de junio de 2025: Fecha l\u00edmite para presentar candidaturas<\/strong><\/p>\n<p>A partir del 12 de junio, el equipo electoral verificar\u00e1 la validez de cada candidatura y redactar\u00e1 la ficha de presentaci\u00f3n de cada candidato.<\/p>\n<p>La lista de candidatos y su respectiva ficha de presentaci\u00f3n se publicar\u00e1n lo antes posible aqu\u00ed, en la p\u00e1gina VOTE, y en las redes sociales.<\/p>\n<p><strong>\u25ba Fase 2 \/ Establecimiento del censo electoral<br \/>\n<\/strong><em>A partir del 25 de junio de 2025<br \/>\n<\/em>Se anunciar\u00e1 regularmente en redes sociales invitando a los candidatos a que verifiquen su elegibilidad para votar.<\/p>\n<p>Para poder votar, hay que ser miembro del ICOM, tener la cuota de membres\u00eda 2025 al d\u00eda,<br \/>\nY<br \/>\nhaber elegido al CECA como comit\u00e9 principal.<\/p>\n<p>Si recibe los boletines del CECA, no es necesario realizar ning\u00fan tr\u00e1mite: esto significa que est\u00e1 inscrito en el censo electoral.<\/p>\n<p>ATENCI\u00d3N: Si no recibe los boletines del CECA, y en el caso particular de los representantes designados por su instituci\u00f3n, consulte la p\u00e1gina VOTE. Todos los documentos requeridos deben enviarse a la direcci\u00f3n :<em><a href=\"mailto:election.icomceca@gmail.com\" target=\"_blank\" rel=\"noopener\"> election.icomceca@gmail.com<\/a><\/em> OBLIGATORIAMENTE antes del 1 de septiembre (medianoche, CET), para permitir su verificaci\u00f3n.<\/p>\n<p><strong>La campa\u00f1a electoral finalizar\u00e1 el 14 de agosto (medianoche, CET).<\/strong><\/p>\n<p><strong>\u25ba Etapa 3 \/ Votaci\u00f3n<br \/>\n<\/strong><em>Del 15 de agosto al 15 de septiembre de 2025<br \/>\n<\/em>Todos los miembros inscritos en el CECA recibir\u00e1n DIRECTAMENTE desde la plataforma BALOTILO un enlace para acceder a la votaci\u00f3n. Este sistema, con un c\u00f3digo \u00fanico y personal, garantiza la seguridad y el anonimato del voto.<\/p>\n<p>La plataforma BALOTILO enviar\u00e1 recordatorios para participar en la votaci\u00f3n.<\/p>\n<p>Las redes sociales invitar\u00e1n regularmente a los miembros a participar en la votaci\u00f3n.<\/p>\n<p>Los miembros que no reciban el enlace de la plataforma BALOTILO durante este per\u00edodo deber\u00e1n enviar un correo a : <a href=\"mailto:election.icomceca@gmail.com\" target=\"_blank\" rel=\"noopener\"><em>election.icomceca@gmail.com<\/em><\/a> para regularizar su situaci\u00f3n seg\u00fan los procedimientos indicados en la p\u00e1gina VOTE.<\/p>\n<p><strong>\u25ba Etapa 4 \/ Recuento de votos y anuncio de resultados<\/strong><br \/>\n<em>16 de septiembre \u2013 18 de octubre de 2025<br \/>\n<\/em>La responsable electoral comunicar\u00e1 los resultados al Comit\u00e9 del CECA y a los candidatos.<\/p>\n<p>El resultado de las elecciones se anunciar\u00e1 a todos los miembros del CECA durante la Asamblea General del 18 de octubre.<\/p>\n<p><strong>\u25ba Etapa 5 \/ IInstalaci\u00f3n del nuevo Consejo Ejecutivo<br \/>\n<\/strong><em>15 de noviembre de 2025<br \/>\n<\/em>La instalaci\u00f3n oficial del nuevo Consejo Ejecutivo del CECA tendr\u00e1 lugar durante la Conferencia General del CECA, como parte de la Conferencia General del ICOM (11 al 15 de noviembre de 2025, en Dub\u00e1i).<\/p>\n<p style=\"text-align: right\">Actualizado el 23 de junio de 2025<br \/>\nActualizado el 16 de agosto de 2025<\/p>\n<hr \/>\n<p><strong>Acerca de los formularios de candidatura y de voto electr\u00f3nico<\/strong> :<br \/>\n&lt;<a href=\"https:\/\/ceca.mini.icom.museum\/wp-content\/uploads\/sites\/5\/2025\/04\/ICOM-SG-Information-regarding-GDPR-2025.pdf\" target=\"_blank\" rel=\"noopener\">Informaci\u00f3n sobre el GDPR<\/a>&gt;<br \/>\n&lt;<a href=\"https:\/\/icom.museum\/es\/politica-de-privacidad\/\" target=\"_blank\" rel=\"noopener\">Politica de Privacidad<\/a>&gt;<\/p>\n<p>&nbsp;<\/p>\n<p>&nbsp;<\/p>\n<p>&nbsp;<\/p>\n<p>&nbsp;<\/p>\n<p>&nbsp;<\/p>\n","protected":false},"excerpt":{"rendered":"<p>\u00danase, apoye, complete il Consejo del CECA Solicitud: 20 de abril &#8211; 12 de junio de 2025 Votaci\u00f3n: 15 de agosto &#8211; 15 de septiembre de 2025 Cada tres a\u00f1os se elige una nueva Mesa con ocasi\u00f3n de la conferencia trienal del ICOM. Los miembros de la CECA interesados en colaborar en los trabajos de [&hellip;]<\/p>\n","protected":false},"author":1,"featured_media":0,"parent":8055,"menu_order":1,"comment_status":"closed","ping_status":"closed","template":"","meta":{"footnotes":""},"yst_prominent_words":[91,785,1701,1050,2723],"acf":[],"_links":{"self":[{"href":"https:\/\/ceca.mini.icom.museum\/es\/wp-json\/wp\/v2\/pages\/8073"}],"collection":[{"href":"https:\/\/ceca.mini.icom.museum\/es\/wp-json\/wp\/v2\/pages"}],"about":[{"href":"https:\/\/ceca.mini.icom.museum\/es\/wp-json\/wp\/v2\/types\/page"}],"author":[{"embeddable":true,"href":"https:\/\/ceca.mini.icom.museum\/es\/wp-json\/wp\/v2\/users\/1"}],"replies":[{"embeddable":true,"href":"https:\/\/ceca.mini.icom.museum\/es\/wp-json\/wp\/v2\/comments?post=8073"}],"version-history":[{"count":29,"href":"https:\/\/ceca.mini.icom.museum\/es\/wp-json\/wp\/v2\/pages\/8073\/revisions"}],"predecessor-version":[{"id":13550,"href":"https:\/\/ceca.mini.icom.museum\/es\/wp-json\/wp\/v2\/pages\/8073\/revisions\/13550"}],"up":[{"embeddable":true,"href":"https:\/\/ceca.mini.icom.museum\/es\/wp-json\/wp\/v2\/pages\/8055"}],"wp:attachment":[{"href":"https:\/\/ceca.mini.icom.museum\/es\/wp-json\/wp\/v2\/media?parent=8073"}],"wp:term":[{"taxonomy":"yst_prominent_words","embeddable":true,"href":"https:\/\/ceca.mini.icom.museum\/es\/wp-json\/wp\/v2\/yst_prominent_words?post=8073"}],"curies":[{"name":"wp","href":"https:\/\/api.w.org\/{rel}","templated":true}]}}