{"id":8079,"date":"2022-02-09T11:50:10","date_gmt":"2022-02-09T11:50:10","guid":{"rendered":"https:\/\/ceca.mini.icom.museum\/?page_id=8079"},"modified":"2025-10-20T14:53:07","modified_gmt":"2025-10-20T14:53:07","slug":"votar","status":"publish","type":"page","link":"https:\/\/ceca.mini.icom.museum\/es\/elecciones-2\/votar\/","title":{"rendered":"\u00a1Votar!"},"content":{"rendered":"<h4><strong>\u00a1Voten del 15 de agosto al 15 de septiembre de 2025!<\/strong><\/h4>\n<p><strong><img decoding=\"async\" loading=\"lazy\" class=\"size-full wp-image-13397 alignright\" src=\"https:\/\/ceca.mini.icom.museum\/wp-content\/uploads\/sites\/5\/2025\/06\/SPA-liste-des-candidats-200px.jpg\" alt=\"\" width=\"200\" height=\"200\" srcset=\"https:\/\/ceca.mini.icom.museum\/wp-content\/uploads\/sites\/5\/2025\/06\/SPA-liste-des-candidats-200px.jpg 200w, https:\/\/ceca.mini.icom.museum\/wp-content\/uploads\/sites\/5\/2025\/06\/SPA-liste-des-candidats-200px-150x150.jpg 150w\" sizes=\"(max-width: 200px) 100vw, 200px\" \/>Candidaturas presentadas para la presidencia del Consejo Ejecutivo del CECA (por orden alfab\u00e9tico) con su presentaci\u00f3n.<\/strong><\/p>\n<ul>\n<li>Margarita LARAIGN\u00c9E &#8211; Argentina &#8211; <a href=\"https:\/\/ceca.mini.icom.museum\/wp-content\/uploads\/sites\/5\/2025\/06\/Candidature-Presidence-2025-Margarita-LARAIGNEE.pdf\" target=\"_blank\" rel=\"noopener\">Presentaci\u00f3n<\/a><\/li>\n<li>Wencke MADERBACHER &#8211; Dinamarca &#8211; <a href=\"https:\/\/ceca.mini.icom.museum\/wp-content\/uploads\/sites\/5\/2025\/06\/Candidature-Presidence-2025-Wencke-MADERBACHER.pdf\" target=\"_blank\" rel=\"noopener\">Presentaci\u00f3n<\/a><\/li>\n<\/ul>\n<p><strong>Candidaturas presentadas para ser miembros ordinarios del Consejo Ejecutivo del CECA (por orden alfab\u00e9tico) con su presentaci\u00f3n.<\/strong><\/p>\n<ul>\n<li>Adriana Mortara ALMEIDA &#8211; Brazil &#8211; <a href=\"https:\/\/ceca.mini.icom.museum\/wp-content\/uploads\/sites\/5\/2025\/06\/candidature-membre-ordinaire-2025-Adriana-Mortara-ALMEIDA.pdf\" target=\"_blank\" rel=\"noopener\">Presentaci\u00f3n<\/a><\/li>\n<li>Cora COHEN-AZRIA &#8211; Francia &#8211; <a href=\"https:\/\/ceca.mini.icom.museum\/wp-content\/uploads\/sites\/5\/2025\/06\/Candidature-2025-Cora-Cohen-Azira.pdf\" target=\"_blank\" rel=\"noopener\">Presentaci\u00f3n<\/a><\/li>\n<li>Marie-Fran\u00e7oise DELVAL &#8211; Francia &#8211; <a href=\"https:\/\/ceca.mini.icom.museum\/wp-content\/uploads\/sites\/5\/2025\/06\/Candidature-2025-Marie-Francoise-DELVAL-v2.pdf\" target=\"_blank\" rel=\"noopener\">Presentaci\u00f3n<\/a><\/li>\n<li>M\u00e9lanie DEVEAULT &#8211; Canada &#8211; <a href=\"https:\/\/ceca.mini.icom.museum\/wp-content\/uploads\/sites\/5\/2025\/06\/candidature-membre-ordinaire-2025-Melanie-DEVEAULT.pdf\" target=\"_blank\" rel=\"noopener\">Presentaci\u00f3n<\/a><\/li>\n<li>Thijs GERBRANDY &#8211; Pa\u00edses Bajos &#8211; <a href=\"https:\/\/ceca.mini.icom.museum\/wp-content\/uploads\/sites\/5\/2025\/07\/Candidature-2025-Thijs-GERBRANDY.pdf\" target=\"_blank\" rel=\"noopener\">Presentaci\u00f3n<\/a><\/li>\n<li>Guido GERRICHHAUZEN &#8211; Pa\u00edses Bajos &#8211; <a href=\"https:\/\/ceca.mini.icom.museum\/wp-content\/uploads\/sites\/5\/2025\/06\/candidature-membre-ordinaire-2025-Guido-GERRICHHAUZEN.pdf\" target=\"_blank\" rel=\"noopener\">Presentaci\u00f3n<\/a><\/li>\n<li>Estefani G\u00d3MEZ L\u00d3PEZ &#8211; Uruguay &#8211; <a href=\"https:\/\/ceca.mini.icom.museum\/wp-content\/uploads\/sites\/5\/2025\/06\/candidature-membre-ordinaire-2025-D.-Estefani-GOMEZ-LOPEZ.pdf\" target=\"_blank\" rel=\"noopener\">Presentaci\u00f3n<\/a><\/li>\n<li>Tejshvi Sajju JAIN &#8211; India &#8211; <a href=\"https:\/\/ceca.mini.icom.museum\/wp-content\/uploads\/sites\/5\/2025\/06\/candidature-membre-ordinaire-2025-Tejshvi-Sajju-JAIN.pdf\" target=\"_blank\" rel=\"noopener\">Presentaci\u00f3n<\/a><\/li>\n<li>Talato Philippe KABORE &#8211; Burkina Faso &#8211; <a href=\"https:\/\/ceca.mini.icom.museum\/wp-content\/uploads\/sites\/5\/2025\/06\/candidature-membre-ordinaire-2025-Talato-Philippe-KABORE.pdf\" target=\"_blank\" rel=\"noopener\">Presentaci\u00f3n<\/a><\/li>\n<li>Nofa LESTARI &#8211; Indonesia &#8211; <a href=\"https:\/\/ceca.mini.icom.museum\/wp-content\/uploads\/sites\/5\/2025\/06\/candidature-membre-ordinaire-2025-Nofa-LESTARI.pdf\" target=\"_blank\" rel=\"noopener\">Presentaci\u00f3n<\/a><\/li>\n<li>Sylvie SAVARE &#8211; Francia &#8211;\u00a0 <a href=\"https:\/\/ceca.mini.icom.museum\/wp-content\/uploads\/sites\/5\/2025\/06\/Candidature-2025-Sylvie-SAVARE-v3.pdf\" target=\"_blank\" rel=\"noopener\">Presentaci\u00f3n<\/a><\/li>\n<li>Katy TARI &#8211; Canada &#8211; <a href=\"https:\/\/ceca.mini.icom.museum\/wp-content\/uploads\/sites\/5\/2025\/06\/candidature-membre-ordinaire-2025-Katy-TARI.pdf\" target=\"_blank\" rel=\"noopener\">Presentaci\u00f3n<\/a><\/li>\n<li>Jelena T\u0160EKULAJEVA &#8211; Estonia &#8211; <a href=\"https:\/\/ceca.mini.icom.museum\/wp-content\/uploads\/sites\/5\/2025\/07\/candidature-membre-ordinaire-2025-Jelena-TSEKULAJEVA.pdf\" target=\"_blank\" rel=\"noopener\">Presentaci\u00f3n<\/a><\/li>\n<li>Amalia TSITOURI &#8211; Grecia &#8211; <a href=\"https:\/\/ceca.mini.icom.museum\/wp-content\/uploads\/sites\/5\/2025\/06\/Candidature-membre-ordinaire-2025-Amalia-TSITOURI.pdf\" target=\"_blank\" rel=\"noopener\">Presentaci\u00f3n<\/a><\/li>\n<li>Tuuli Marjaana UUSIKUKKA &#8211; Finlandia &#8211; <a href=\"https:\/\/ceca.mini.icom.museum\/wp-content\/uploads\/sites\/5\/2025\/06\/candidature-membre-ordinaire-2025-Tuuli-Marjaana-UUSIKUKKA.pdf\" target=\"_blank\" rel=\"noopener\">Presentaci\u00f3n<\/a><\/li>\n<li>Eunmi YI &#8211; Rep\u00fablica de Corea &#8211; <a href=\"https:\/\/ceca.mini.icom.museum\/wp-content\/uploads\/sites\/5\/2025\/06\/candidature-membre-ordinaire-2025-Eunmi-YI.pdf\" target=\"_blank\" rel=\"noopener\">Presentaci\u00f3n<\/a><\/li>\n<\/ul>\n<p><strong>\u25ba \u00bfC\u00f3mo se llevar\u00e1 a cabo la votaci\u00f3n?<\/strong><\/p>\n<p>Todos los miembros inscritos en la base de datos del CECA recibir\u00e1n DIRECTAMENTE desde la plataforma BALOTILO un enlace para acceder a la votaci\u00f3n.<br \/>\nLa votaci\u00f3n incluye la elecci\u00f3n del presidente\/a del Consejo Ejecutivo y la elecci\u00f3n de los miembros ordinarios.<\/p>\n<p><strong>\u00bfEst\u00e1 seguro de poder votar? \u00a1Verifique su afiliaci\u00f3n al CECA !<\/strong><br \/>\nPara poder votar, debe :<br \/>\nSer miembro del ICOM y estar al d\u00eda con su cuota 2025,<br \/>\n<strong>Y<\/strong><br \/>\nHaber elegido el CECA como comit\u00e9 internacional preferente.<br \/>\n\u00a1ATENCI\u00d3N! Si no recibe los boletines informativos del CECA, significa que no est\u00e1 registrado en nuestra base de datos y por lo tanto, no podr\u00e1 participar en la votaci\u00f3n.<\/p>\n<p><strong>\u25ba Pueden darse tres situaciones:<\/strong><\/p>\n<p><strong>1.<\/strong> \u00bfEst\u00e1 al d\u00eda con su cuota 2025 y ya ha elegido CECA como comit\u00e9 internacional preferente, pero no recibe el bolet\u00edn informativo?<br \/>\nEnv\u00edenos un correo electr\u00f3nico a <a href=\"mailto:election.icomceca@gmail.com\" target=\"_blank\" rel=\"noopener\">election.icomceca@gmail.com<\/a> con :<br \/>\nUna fotograf\u00eda de su tarjeta ICOM con la pegatina 2025<br \/>\n<strong>Y<\/strong><br \/>\nUna captura de pantalla de su cuenta personal de ICOM que indique su afiliaci\u00f3n al comit\u00e9 CECA<br \/>\n<em>Tutorial para verificar su afiliaci\u00f3n al comit\u00e9 CECA &lt;<a href=\"https:\/\/ceca.mini.icom.museum\/wp-content\/uploads\/sites\/5\/2025\/06\/How-to-become-a-CECA-member-1.pdf\" target=\"_blank\" rel=\"noopener\">aqu\u00ed<\/a>&gt;\u00a0<\/em><\/p>\n<p><strong>2.<\/strong> \u00bfEst\u00e1 al d\u00eda con su cuota 2025, pero a\u00fan no es miembro del comit\u00e9 internacional CECA?<br \/>\nDebe inscribirse oficialmente en dicho comit\u00e9 internacional en la base de datos de miembros del ICOM.<br \/>\nEntonces, env\u00edenos un correo electr\u00f3nico a <a href=\"mailto:election.icomceca@gmail.com\" target=\"_blank\" rel=\"noopener\">election.icomceca@gmail.com<\/a> con<br \/>\nUna fotograf\u00eda de su tarjeta ICOM con la pegatina 2025<br \/>\n<strong>Y<\/strong><br \/>\nUna captura de pantalla de su inscripci\u00f3n como prueba de su tr\u00e1mite<br \/>\n<em>Tutorial para verificar su afiliaci\u00f3n al comit\u00e9 CECA &lt;<a href=\"https:\/\/ceca.mini.icom.museum\/wp-content\/uploads\/sites\/5\/2025\/06\/How-to-become-a-CECA-member-1.pdf\" target=\"_blank\" rel=\"noopener\">aqu\u00ed<\/a>&gt;\u00a0<\/em><\/p>\n<p><strong>3.<\/strong> \u00bfNo es miembro del CECA a t\u00edtulo individual, pero la instituci\u00f3n para la que trabaja es miembro del ICOM y ha elegido el CECA como comit\u00e9 principal?<br \/>\nDebe ser oficialmente designado como representante de su instituci\u00f3n.<br \/>\nEnv\u00edenos entonces por correo electr\u00f3nico a <a href=\"mailto:election.icomceca@gmail.com\" target=\"_blank\" rel=\"noopener\">election.icomceca@gmail.com<\/a> con<br \/>\nUn documento oficial de su instituci\u00f3n indicando su designaci\u00f3n como representante.<\/p>\n<p>Tras la verificaci\u00f3n de la informaci\u00f3n enviada (que debe llegarnos IMPERATIVAMENTE<strong> antes del 1 de septiembre (medianoche, CET<\/strong>), lo registraremos en la lista electoral de miembros del CECA.<\/p>\n<p>\u25ba <strong>Entonces recibir\u00e1 un enlace para votar desde la plataforma BALOTILO.<\/strong><br \/>\nSi, no obstante, no recibe dicho enlace antes del 10 de septiembre, env\u00edenos un correo a: <a href=\"mailto:election.icomceca@gmail.com\" target=\"_blank\" rel=\"noopener\">election.icomceca@gmail.com<\/a>.<\/p>\n<p>Se enviar\u00e1n recordatorios de votaci\u00f3n desde la plataforma BALOTILO durante el per\u00edodo de votaci\u00f3n, que finalizar\u00e1 el 15 de septiembre a medianoche (CET).<\/p>\n<p>\u00a1Gracias por participar en la elecci\u00f3n de nuestro nuevo Comit\u00e9 Ejecutivo!<\/p>\n<p style=\"text-align: right\">Actualizado el 23 de junio de 2025<br \/>\nActualizado el 16 de agosto de 2025<\/p>\n<p>&nbsp;<\/p>\n<p>&nbsp;<\/p>\n<p>&nbsp;<\/p>\n<p>&nbsp;<\/p>\n<p>&nbsp;<\/p>\n<p>&nbsp;<\/p>\n","protected":false},"excerpt":{"rendered":"<p>\u00a1Voten del 15 de agosto al 15 de septiembre de 2025! Candidaturas presentadas para la presidencia del Consejo Ejecutivo del CECA (por orden alfab\u00e9tico) con su presentaci\u00f3n. Margarita LARAIGN\u00c9E &#8211; Argentina &#8211; Presentaci\u00f3n Wencke MADERBACHER &#8211; Dinamarca &#8211; Presentaci\u00f3n Candidaturas presentadas para ser miembros ordinarios del Consejo Ejecutivo del CECA (por orden alfab\u00e9tico) con su [&hellip;]<\/p>\n","protected":false},"author":1,"featured_media":0,"parent":8055,"menu_order":2,"comment_status":"closed","ping_status":"closed","template":"","meta":{"footnotes":""},"yst_prominent_words":[],"acf":[],"_links":{"self":[{"href":"https:\/\/ceca.mini.icom.museum\/es\/wp-json\/wp\/v2\/pages\/8079"}],"collection":[{"href":"https:\/\/ceca.mini.icom.museum\/es\/wp-json\/wp\/v2\/pages"}],"about":[{"href":"https:\/\/ceca.mini.icom.museum\/es\/wp-json\/wp\/v2\/types\/page"}],"author":[{"embeddable":true,"href":"https:\/\/ceca.mini.icom.museum\/es\/wp-json\/wp\/v2\/users\/1"}],"replies":[{"embeddable":true,"href":"https:\/\/ceca.mini.icom.museum\/es\/wp-json\/wp\/v2\/comments?post=8079"}],"version-history":[{"count":30,"href":"https:\/\/ceca.mini.icom.museum\/es\/wp-json\/wp\/v2\/pages\/8079\/revisions"}],"predecessor-version":[{"id":13821,"href":"https:\/\/ceca.mini.icom.museum\/es\/wp-json\/wp\/v2\/pages\/8079\/revisions\/13821"}],"up":[{"embeddable":true,"href":"https:\/\/ceca.mini.icom.museum\/es\/wp-json\/wp\/v2\/pages\/8055"}],"wp:attachment":[{"href":"https:\/\/ceca.mini.icom.museum\/es\/wp-json\/wp\/v2\/media?parent=8079"}],"wp:term":[{"taxonomy":"yst_prominent_words","embeddable":true,"href":"https:\/\/ceca.mini.icom.museum\/es\/wp-json\/wp\/v2\/yst_prominent_words?post=8079"}],"curies":[{"name":"wp","href":"https:\/\/api.w.org\/{rel}","templated":true}]}}