{"id":8091,"date":"2022-02-09T11:51:19","date_gmt":"2022-02-09T11:51:19","guid":{"rendered":"https:\/\/ceca.mini.icom.museum\/?page_id=8091"},"modified":"2025-10-20T14:59:15","modified_gmt":"2025-10-20T14:59:15","slug":"resultados","status":"publish","type":"page","link":"https:\/\/ceca.mini.icom.museum\/es\/elecciones-2\/resultados\/","title":{"rendered":"Resultados"},"content":{"rendered":"<h2 style=\"text-align: center\">Miembros elegidos para 2025-2028<\/h2>\n<p style=\"text-align: center\"><img decoding=\"async\" loading=\"lazy\" class=\"aligncenter wp-image-8375\" src=\"https:\/\/ceca.mini.icom.museum\/wp-content\/uploads\/sites\/5\/2022\/02\/groupe-de-personnes-dans-un-encadrement-barre-CECA-mains-700px-300x145.jpg\" alt=\"\" width=\"500\" height=\"241\" srcset=\"https:\/\/ceca.mini.icom.museum\/wp-content\/uploads\/sites\/5\/2022\/02\/groupe-de-personnes-dans-un-encadrement-barre-CECA-mains-700px-300x145.jpg 300w, https:\/\/ceca.mini.icom.museum\/wp-content\/uploads\/sites\/5\/2022\/02\/groupe-de-personnes-dans-un-encadrement-barre-CECA-mains-700px.jpg 700w\" sizes=\"(max-width: 500px) 100vw, 500px\" \/><\/p>\n<p><strong><span class=\"--l container-target\"><span class=\"--l --r hover:bg-blue-100 hover:dark:bg-blue-600\">El<\/span> <span class=\"--l --r hover:bg-blue-100 hover:dark:bg-blue-600\">resultado<\/span> <span class=\"--l --r hover:bg-blue-100 hover:dark:bg-blue-600\">de<\/span> <span class=\"--l --r hover:bg-blue-100 hover:dark:bg-blue-600\">las<\/span> <span class=\"--l --r hover:bg-blue-100 hover:dark:bg-blue-600\">elecciones<\/span> <span class=\"--l --r hover:bg-blue-100 hover:dark:bg-blue-600\">de<\/span> <span class=\"--l --r hover:bg-blue-100 hover:dark:bg-blue-600\">la<\/span> <span class=\"--l --r hover:bg-blue-100 hover:dark:bg-blue-600\">Junta<\/span> <span class=\"--l --r hover:bg-blue-100 hover:dark:bg-blue-600\">Directiva<\/span> <span class=\"--l --r hover:bg-blue-100 hover:dark:bg-blue-600\">2025<\/span><span class=\"--l --r hover:bg-blue-100 hover:dark:bg-blue-600\">&#8211;<\/span><span class=\"--l --r hover:bg-blue-100 hover:dark:bg-blue-600\">2028<\/span> <span class=\"--l --r hover:bg-blue-100 hover:dark:bg-blue-600\">se<\/span> <span class=\"--l --r hover:bg-blue-100 hover:dark:bg-blue-600\">proclam\u00f3<\/span> <span class=\"--l --r hover:bg-blue-100 hover:dark:bg-blue-600\">durante<\/span> <span class=\"--l --r hover:bg-blue-100 hover:dark:bg-blue-600\">la<\/span> <span class=\"--l --r hover:bg-blue-100 hover:dark:bg-blue-600\">Asamblea<\/span> <span class=\"--l --r hover:bg-blue-100 hover:dark:bg-blue-600\">General<\/span> <span class=\"--l --r hover:bg-blue-100 hover:dark:bg-blue-600\">del<\/span> <span class=\"--l --r hover:bg-blue-100 hover:dark:bg-blue-600\">18<\/span> <span class=\"--l --r hover:bg-blue-100 hover:dark:bg-blue-600\">de<\/span> <span class=\"--l --r hover:bg-blue-100 hover:dark:bg-blue-600\">octubre<\/span> <span class=\"--l --r hover:bg-blue-100 hover:dark:bg-blue-600\">de<\/span> <span class=\"--l --r hover:bg-blue-100 hover:dark:bg-blue-600\">2025<\/span><span class=\"--l --r hover:bg-blue-100 hover:dark:bg-blue-600\">,<\/span> <span class=\"--l --r hover:bg-blue-100 hover:dark:bg-blue-600\">celebrada<\/span> <span class=\"--l --r hover:bg-blue-100 hover:dark:bg-blue-600\">por<\/span> <span class=\"--l --r hover:bg-blue-100 hover:dark:bg-blue-600\">videoconferencia<\/span> <span class=\"--l --r hover:bg-blue-100 hover:dark:bg-blue-600\">a<\/span> <span class=\"--l --r hover:bg-blue-100 hover:dark:bg-blue-600\">trav\u00e9s<\/span> <span class=\"--l --r hover:bg-blue-100 hover:dark:bg-blue-600\">de<\/span> <span class=\"--l --r hover:bg-blue-100 hover:dark:bg-blue-600\">Zoom<\/span><span class=\"--l --r hover:bg-blue-100 hover:dark:bg-blue-600\">.<\/span><\/span><\/strong><\/p>\n<p><strong>Chair:<\/strong> Wencke Maderbacher, Denmark.<\/p>\n<ul>\n<li>Adriana Montara Almeida, Brazil.<\/li>\n<li>Amalia Tsitouri, Greece.<\/li>\n<li>Cora Cohen-Azria, France.<\/li>\n<li>Eunmi Yi, Republic of Korea.<\/li>\n<li>Guido Gerrichhauzen, Netherlands.<\/li>\n<li>Sylvie Savare, France<\/li>\n<li>Jelena Tsekulajeva, Estonia.<\/li>\n<li>Katy Tari, Canada.<\/li>\n<li>Melanie Deveault, Canada.<\/li>\n<li>Nofa Lestari, Indonesia.<\/li>\n<li>Talato Phillipe Kabore, Burkina Faso.<\/li>\n<li>Tejshvi Sajju Jain, India.<\/li>\n<li>Thijs Gerbrandy, Netherlands.<\/li>\n<li>Tuuli Marjaan Uusikukka, Finland.<\/li>\n<\/ul>\n<p><span class=\"container-target\"><span class=\"--l --r hover:bg-blue-100 hover:dark:bg-blue-600\">Esta<\/span> <span class=\"--l --r hover:bg-blue-100 hover:dark:bg-blue-600\">nueva<\/span> <span class=\"--l --r hover:bg-blue-100 hover:dark:bg-blue-600\">Junta<\/span> <span class=\"--l --r hover:bg-blue-100 hover:dark:bg-blue-600\">Directiva<\/span> <span class=\"--l --r hover:bg-blue-100 hover:dark:bg-blue-600\">asumir\u00e1<\/span> <span class=\"--l --r hover:bg-blue-100 hover:dark:bg-blue-600\">sus<\/span> <span class=\"--l --r hover:bg-blue-100 hover:dark:bg-blue-600\">funciones<\/span> <span class=\"--l --r hover:bg-blue-100 hover:dark:bg-blue-600\">efectivas<\/span> <span class=\"--l --r hover:bg-blue-100 hover:dark:bg-blue-600\">durante<\/span> <span class=\"--l --r hover:bg-blue-100 hover:dark:bg-blue-600\">la<\/span> <span class=\"--l --r hover:bg-blue-100 hover:dark:bg-blue-600\">conferencia<\/span> <span class=\"--l --r hover:bg-blue-100 hover:dark:bg-blue-600\">de<\/span> <span class=\"--l --r hover:bg-blue-100 hover:dark:bg-blue-600\">Dubai<\/span><span class=\"--l --r hover:bg-blue-100 hover:dark:bg-blue-600\">.<\/span><\/span><\/p>\n<p><span class=\"--r container-target\"><span class=\"--l --r hover:bg-blue-100 hover:dark:bg-blue-600\">La<\/span> <span class=\"--l --r hover:bg-blue-100 hover:dark:bg-blue-600\">junta<\/span> <span class=\"--l --r hover:bg-blue-100 hover:dark:bg-blue-600\">saliente<\/span> <span class=\"--l --r hover:bg-blue-100 hover:dark:bg-blue-600\">gestionar\u00e1<\/span> <span class=\"--l --r hover:bg-blue-100 hover:dark:bg-blue-600\">los<\/span> <span class=\"--l --r hover:bg-blue-100 hover:dark:bg-blue-600\">asuntos<\/span> <span class=\"--l --r hover:bg-blue-100 hover:dark:bg-blue-600\">corrientes<\/span> <span class=\"--l --r hover:bg-blue-100 hover:dark:bg-blue-600\">hasta<\/span> <span class=\"--l --r hover:bg-blue-100 hover:dark:bg-blue-600\">que<\/span> <span class=\"--l --r hover:bg-blue-100 hover:dark:bg-blue-600\">la<\/span> <span class=\"--l --r hover:bg-blue-100 hover:dark:bg-blue-600\">junta<\/span> <span class=\"--l --r hover:bg-blue-100 hover:dark:bg-blue-600\">reci\u00e9n<\/span> <span class=\"--l --r hover:bg-blue-100 hover:dark:bg-blue-600\">elegida<\/span> <span class=\"--l --r hover:bg-blue-100 hover:dark:bg-blue-600\">asuma<\/span> <span class=\"--l --r hover:bg-blue-100 hover:dark:bg-blue-600\">sus<\/span> <span class=\"--l --r hover:bg-blue-100 hover:dark:bg-blue-600\">funciones<\/span><span class=\"--l --r hover:bg-blue-100 hover:dark:bg-blue-600\">.<\/span><\/span><\/p>\n<p><img decoding=\"async\" loading=\"lazy\" class=\"aligncenter wp-image-13824\" src=\"https:\/\/ceca.mini.icom.museum\/wp-content\/uploads\/sites\/5\/2025\/10\/collage-board-25.28-HD-9-700pxR-300x114.jpg\" alt=\"\" width=\"500\" height=\"190\" srcset=\"https:\/\/ceca.mini.icom.museum\/wp-content\/uploads\/sites\/5\/2025\/10\/collage-board-25.28-HD-9-700pxR-300x114.jpg 300w, https:\/\/ceca.mini.icom.museum\/wp-content\/uploads\/sites\/5\/2025\/10\/collage-board-25.28-HD-9-700pxR.jpg 705w\" sizes=\"(max-width: 500px) 100vw, 500px\" \/><\/p>\n<p>&nbsp;<\/p>\n<hr \/>\n<p><strong>La Mesa 2022-2025 fue proclamada durante las reuniones de la CECA en la conferencia general de Praga 2022.<\/strong><\/p>\n<p>10 miembros de la antigua junta directiva fueron reelegidos.<br \/>\nSe han elegido 2 nuevos candidatos.<br \/>\nSe han cooptado dos miembros fuera de las elecciones.<\/p>\n<ul>\n<li>Marie-Clarte O&#8217;Neill, Presidenta, Francia.<\/li>\n<li>Anne-Marie \u00c9mond, Secretaria y Tesorera, Canad\u00e1.<\/li>\n<li>Nelly Abboud, L\u00edbano.<\/li>\n<li>Asmah Alias, Singapur.<\/li>\n<li>Marie-Fran\u00e7oise Delval, Francia.<\/li>\n<li>Rosa Mar\u00eda Herv\u00e1s Avil\u00e9s, Espa\u00f1a.<\/li>\n<li>Margarita Laraign\u00e9e, Argentina.<\/li>\n<li>Silvana M. Lovay, Argentina.<\/li>\n<li>Wencke Maderbacher, Dinamarca.<\/li>\n<li>Angela Manders, Pa\u00edses Bajos.<\/li>\n<li>Jorge Albuja, Ecuador.<\/li>\n<li>Marina Gross-Hoy, Estados Unidos.<\/li>\n<li>Sylvie Savare, France. Cooptada.<\/li>\n<li>Colette Dufresne-Tass\u00e9, Canad\u00e1. Cooptada.<\/li>\n<li>Nicole Gesh\u00e9 K\u00f6nig, B\u00e9lgica. Cooptada.<\/li>\n<\/ul>\n<p>&nbsp;<\/p>\n<p style=\"text-align: center\"><img decoding=\"async\" loading=\"lazy\" class=\"aligncenter wp-image-13753\" src=\"https:\/\/ceca.mini.icom.museum\/wp-content\/uploads\/sites\/5\/2025\/10\/collage-board-2023-2025-700R-300x114.jpg\" alt=\"\" width=\"400\" height=\"152\" srcset=\"https:\/\/ceca.mini.icom.museum\/wp-content\/uploads\/sites\/5\/2025\/10\/collage-board-2023-2025-700R-300x114.jpg 300w, https:\/\/ceca.mini.icom.museum\/wp-content\/uploads\/sites\/5\/2025\/10\/collage-board-2023-2025-700R.jpg 700w\" sizes=\"(max-width: 400px) 100vw, 400px\" \/><\/p>\n<hr \/>\n<p><strong>Comit\u00e9 Internacional para la Educaci\u00f3n y la Acci\u00f3n Cultural (CECA).<\/strong><br \/>\nDe 1966 a 2028: lista de Juntas directivas, presidentes y secretarios &lt;<strong><a href=\"https:\/\/ceca.mini.icom.museum\/wp-content\/uploads\/sites\/5\/2025\/10\/Boards-Bureaux-Juntas-CECA-1968-2028.pdf\" target=\"_blank\" rel=\"noopener\">aqui<\/a><\/strong>&gt;<\/p>\n<hr \/>\n<p>&nbsp;<\/p>\n<p>&nbsp;<\/p>\n<p>&nbsp;<\/p>\n<p>&nbsp;<\/p>\n<p>&nbsp;<\/p>\n<p>&nbsp;<\/p>\n<p>&nbsp;<\/p>\n","protected":false},"excerpt":{"rendered":"<p>Miembros elegidos para 2025-2028 El resultado de las elecciones de la Junta Directiva 2025&#8211;2028 se proclam\u00f3 durante la Asamblea General del 18 de octubre de 2025, celebrada por videoconferencia a trav\u00e9s de Zoom. Chair: Wencke Maderbacher, Denmark. Adriana Montara Almeida, Brazil. Amalia Tsitouri, Greece. Cora Cohen-Azria, France. Eunmi Yi, Republic of Korea. Guido Gerrichhauzen, Netherlands. [&hellip;]<\/p>\n","protected":false},"author":1,"featured_media":0,"parent":8055,"menu_order":4,"comment_status":"closed","ping_status":"closed","template":"","meta":{"footnotes":""},"yst_prominent_words":[91,842,2376,3988,92,352,1996,2335,983,1272],"acf":[],"_links":{"self":[{"href":"https:\/\/ceca.mini.icom.museum\/es\/wp-json\/wp\/v2\/pages\/8091"}],"collection":[{"href":"https:\/\/ceca.mini.icom.museum\/es\/wp-json\/wp\/v2\/pages"}],"about":[{"href":"https:\/\/ceca.mini.icom.museum\/es\/wp-json\/wp\/v2\/types\/page"}],"author":[{"embeddable":true,"href":"https:\/\/ceca.mini.icom.museum\/es\/wp-json\/wp\/v2\/users\/1"}],"replies":[{"embeddable":true,"href":"https:\/\/ceca.mini.icom.museum\/es\/wp-json\/wp\/v2\/comments?post=8091"}],"version-history":[{"count":17,"href":"https:\/\/ceca.mini.icom.museum\/es\/wp-json\/wp\/v2\/pages\/8091\/revisions"}],"predecessor-version":[{"id":13827,"href":"https:\/\/ceca.mini.icom.museum\/es\/wp-json\/wp\/v2\/pages\/8091\/revisions\/13827"}],"up":[{"embeddable":true,"href":"https:\/\/ceca.mini.icom.museum\/es\/wp-json\/wp\/v2\/pages\/8055"}],"wp:attachment":[{"href":"https:\/\/ceca.mini.icom.museum\/es\/wp-json\/wp\/v2\/media?parent=8091"}],"wp:term":[{"taxonomy":"yst_prominent_words","embeddable":true,"href":"https:\/\/ceca.mini.icom.museum\/es\/wp-json\/wp\/v2\/yst_prominent_words?post=8091"}],"curies":[{"name":"wp","href":"https:\/\/api.w.org\/{rel}","templated":true}]}}