{"id":8097,"date":"2022-02-09T11:49:39","date_gmt":"2022-02-09T11:49:39","guid":{"rendered":"https:\/\/ceca.mini.icom.museum\/?page_id=8097"},"modified":"2025-09-26T16:12:19","modified_gmt":"2025-09-26T16:12:19","slug":"como-participar-en-la-asamblea-general","status":"publish","type":"page","link":"https:\/\/ceca.mini.icom.museum\/es\/asamblea-general\/como-participar-en-la-asamblea-general\/","title":{"rendered":"C\u00f3mo participar en la Asamblea General"},"content":{"rendered":"<p><strong><img decoding=\"async\" loading=\"lazy\" class=\"alignright wp-image-13630\" src=\"https:\/\/ceca.mini.icom.museum\/wp-content\/uploads\/sites\/5\/2025\/09\/Cartel-AG-CECA-300pxRntbord-300x300.jpg\" alt=\"\" width=\"200\" height=\"200\" srcset=\"https:\/\/ceca.mini.icom.museum\/wp-content\/uploads\/sites\/5\/2025\/09\/Cartel-AG-CECA-300pxRntbord-300x300.jpg 300w, https:\/\/ceca.mini.icom.museum\/wp-content\/uploads\/sites\/5\/2025\/09\/Cartel-AG-CECA-300pxRntbord-150x150.jpg 150w, https:\/\/ceca.mini.icom.museum\/wp-content\/uploads\/sites\/5\/2025\/09\/Cartel-AG-CECA-300pxRntbord.jpg 302w\" sizes=\"(max-width: 200px) 100vw, 200px\" \/>Cada a\u00f1o, la CECA organiza una asamblea general de sus miembros<\/strong>, que es una oportunidad para presentar los logros del a\u00f1o, los proyectos futuros, los presupuestos y responder a las preguntas de los miembros.<\/p>\n<p>Se publican previamente en l\u00ednea amplios informes de actividad para dar prioridad al di\u00e1logo entre los miembros de la Mesa y los miembros de la CECA.<\/p>\n<div class=\"post-content text-content\">\n<p>\u25ba\u25ba <strong>Nuestra Asamblea General de 2025 se celebrar\u00e1 en l\u00ednea el 18 de octubre a las 13:00 horas, hora de Par\u00eds.<\/strong><\/p>\n<p>Encontrar\u00e1 el enlace de Zoom en la convocatoria que recibir\u00e1 por correo electr\u00f3nico.<\/p>\n<p><strong><img decoding=\"async\" loading=\"lazy\" class=\"wp-image-10744 aligncenter\" src=\"https:\/\/ceca.mini.icom.museum\/wp-content\/uploads\/sites\/5\/2023\/10\/online-annual-meetings-ceca-300R-1.jpg\" alt=\"\" width=\"250\" height=\"171\" \/><\/strong><\/p>\n<ul>\n<li>Publicaremos los resultados de las elecciones para la junta directiva 2025-2028.<\/li>\n<li>Se compartir\u00e1n los \u00faltimos detalles sobre la conferencia de Dub\u00e1i.<\/li>\n<li>Se presentar\u00e1n brevemente los logros de las actividades de la CECA para 2025.<\/li>\n<\/ul>\n<p>Esperamos contar con su presencia y participaci\u00f3n activa.<\/p>\n<p>Consulte el sitio web y nuestras redes sociales con frecuencia.<\/p>\n<\/div>\n<p style=\"text-align: center\"><img decoding=\"async\" loading=\"lazy\" class=\"aligncenter wp-image-10737 size-full\" src=\"https:\/\/ceca.mini.icom.museum\/wp-content\/uploads\/sites\/5\/2023\/10\/mains-pour-AG-700R.jpg\" alt=\"\" width=\"700\" height=\"160\" srcset=\"https:\/\/ceca.mini.icom.museum\/wp-content\/uploads\/sites\/5\/2023\/10\/mains-pour-AG-700R.jpg 700w, https:\/\/ceca.mini.icom.museum\/wp-content\/uploads\/sites\/5\/2023\/10\/mains-pour-AG-700R-300x69.jpg 300w\" sizes=\"(max-width: 700px) 100vw, 700px\" \/><\/p>\n<p>&nbsp;<\/p>\n<p style=\"text-align: center\">\n","protected":false},"excerpt":{"rendered":"<p>Cada a\u00f1o, la CECA organiza una asamblea general de sus miembros, que es una oportunidad para presentar los logros del a\u00f1o, los proyectos futuros, los presupuestos y responder a las preguntas de los miembros. Se publican previamente en l\u00ednea amplios informes de actividad para dar prioridad al di\u00e1logo entre los miembros de la Mesa y [&hellip;]<\/p>\n","protected":false},"author":1,"featured_media":0,"parent":8065,"menu_order":1,"comment_status":"closed","ping_status":"closed","template":"","meta":{"footnotes":""},"yst_prominent_words":[3598,3580,277,91,785,842,2926,3599,291,1701,1996,320,1050,2335,2724,2723,301],"acf":[],"_links":{"self":[{"href":"https:\/\/ceca.mini.icom.museum\/es\/wp-json\/wp\/v2\/pages\/8097"}],"collection":[{"href":"https:\/\/ceca.mini.icom.museum\/es\/wp-json\/wp\/v2\/pages"}],"about":[{"href":"https:\/\/ceca.mini.icom.museum\/es\/wp-json\/wp\/v2\/types\/page"}],"author":[{"embeddable":true,"href":"https:\/\/ceca.mini.icom.museum\/es\/wp-json\/wp\/v2\/users\/1"}],"replies":[{"embeddable":true,"href":"https:\/\/ceca.mini.icom.museum\/es\/wp-json\/wp\/v2\/comments?post=8097"}],"version-history":[{"count":13,"href":"https:\/\/ceca.mini.icom.museum\/es\/wp-json\/wp\/v2\/pages\/8097\/revisions"}],"predecessor-version":[{"id":13633,"href":"https:\/\/ceca.mini.icom.museum\/es\/wp-json\/wp\/v2\/pages\/8097\/revisions\/13633"}],"up":[{"embeddable":true,"href":"https:\/\/ceca.mini.icom.museum\/es\/wp-json\/wp\/v2\/pages\/8065"}],"wp:attachment":[{"href":"https:\/\/ceca.mini.icom.museum\/es\/wp-json\/wp\/v2\/media?parent=8097"}],"wp:term":[{"taxonomy":"yst_prominent_words","embeddable":true,"href":"https:\/\/ceca.mini.icom.museum\/es\/wp-json\/wp\/v2\/yst_prominent_words?post=8097"}],"curies":[{"name":"wp","href":"https:\/\/api.w.org\/{rel}","templated":true}]}}