{"id":8109,"date":"2022-02-09T12:11:13","date_gmt":"2022-02-09T12:11:13","guid":{"rendered":"https:\/\/ceca.mini.icom.museum\/?page_id=8109"},"modified":"2025-11-10T20:17:55","modified_gmt":"2025-11-10T20:17:55","slug":"historias-de-mediacion-museistica","status":"publish","type":"page","link":"https:\/\/ceca.mini.icom.museum\/es\/publicaciones\/historias-de-mediacion-museistica\/","title":{"rendered":"Historias de mediaci\u00f3n muse\u00edstica"},"content":{"rendered":"<p><strong>2025 &#8211; Publicaci\u00f3n &#8220;Historia de la mediaci\u00f3n museal &#8211; Francia&#8221; &lt;<a href=\"https:\/\/ceca.mini.icom.museum\/wp-content\/uploads\/sites\/5\/2025\/10\/HMMF_es_parpage.pdf\" target=\"_blank\" rel=\"noopener\">aqui<\/a>&gt;<br \/>\n&lt;<\/strong><a href=\"https:\/\/ceca.mini.icom.museum\/wp-content\/uploads\/sites\/5\/2025\/10\/HMMF_SPA-vL1.pdf\" target=\"_blank\" rel=\"noopener\">Versi\u00f3n libro<\/a><strong>&gt;<br \/>\n&#8211; Anexos (entrevistas) <\/strong>disponibles \u00fanicamente en franc\u00e9s<strong> &lt;<a href=\"https:\/\/ceca.mini.icom.museum\/wp-content\/uploads\/sites\/5\/2025\/10\/ENTRETIENS-Publication-20-oct.pdf\" target=\"_blank\" rel=\"noopener\">aqui<\/a>&gt;<br \/>\n&#8211; Graphiques<\/strong> solo en franc\u00e9s<strong> &lt;<a href=\"https:\/\/ceca.mini.icom.museum\/wp-content\/uploads\/sites\/5\/2025\/11\/Graphiques.pdf\" target=\"_blank\" rel=\"noopener\">aqui<\/a>&gt;<\/strong><\/p>\n<p><img decoding=\"async\" loading=\"lazy\" class=\"alignnone wp-image-13910 size-full\" src=\"https:\/\/ceca.mini.icom.museum\/wp-content\/uploads\/sites\/5\/2025\/10\/bi-page-garde-HMMF-annexe-SPA-400pxR.jpg\" alt=\"\" width=\"400\" height=\"279\" srcset=\"https:\/\/ceca.mini.icom.museum\/wp-content\/uploads\/sites\/5\/2025\/10\/bi-page-garde-HMMF-annexe-SPA-400pxR.jpg 400w, https:\/\/ceca.mini.icom.museum\/wp-content\/uploads\/sites\/5\/2025\/10\/bi-page-garde-HMMF-annexe-SPA-400pxR-300x209.jpg 300w\" sizes=\"(max-width: 400px) 100vw, 400px\" \/><\/p>\n<hr \/>\n<p><strong>2024 &#8211; Publicaci\u00f3n &#8220;Historia de la Educaci\u00f3n en Museos en Brasil&#8221; &lt;<a href=\"https:\/\/ceca.mini.icom.museum\/wp-content\/uploads\/sites\/5\/2024\/11\/Livro-Espanhol-Final-2024._compressed-2.pdf\" target=\"_blank\" rel=\"noopener\">aqui<\/a>&gt;<\/strong><\/p>\n<p><img decoding=\"async\" loading=\"lazy\" class=\"size-medium wp-image-12037 alignnone\" src=\"https:\/\/ceca.mini.icom.museum\/wp-content\/uploads\/sites\/5\/2024\/11\/page-de-garde-SPA-2-209x300.jpg\" alt=\"\" width=\"209\" height=\"300\" srcset=\"https:\/\/ceca.mini.icom.museum\/wp-content\/uploads\/sites\/5\/2024\/11\/page-de-garde-SPA-2-209x300.jpg 209w, https:\/\/ceca.mini.icom.museum\/wp-content\/uploads\/sites\/5\/2024\/11\/page-de-garde-SPA-2.jpg 294w\" sizes=\"(max-width: 209px) 100vw, 209px\" \/><\/p>\n<hr \/>\n<p><strong>2023 &#8211; Publicaci\u00f3n &#8220;Historia de la mediaci\u00f3n muse\u00edstica : B\u00e9lgica&#8221; &lt;<a href=\"https:\/\/ceca.mini.icom.museum\/wp-content\/uploads\/sites\/5\/2023\/04\/HMMB_ESP_version_digitale_addendum.pdf\" target=\"_blank\" rel=\"noopener\">aqui<\/a>&gt;<\/strong><\/p>\n<p><img decoding=\"async\" loading=\"lazy\" class=\"size-medium wp-image-9016 alignnone\" src=\"https:\/\/ceca.mini.icom.museum\/wp-content\/uploads\/sites\/5\/2022\/08\/ESP-2022-08-17-HMMB-cadre-300R-200x300.jpg\" alt=\"\" width=\"200\" height=\"300\" srcset=\"https:\/\/ceca.mini.icom.museum\/wp-content\/uploads\/sites\/5\/2022\/08\/ESP-2022-08-17-HMMB-cadre-300R-200x300.jpg 200w, https:\/\/ceca.mini.icom.museum\/wp-content\/uploads\/sites\/5\/2022\/08\/ESP-2022-08-17-HMMB-cadre-300R.jpg 300w\" sizes=\"(max-width: 200px) 100vw, 200px\" \/><\/p>\n","protected":false},"excerpt":{"rendered":"<p>2025 &#8211; Publicaci\u00f3n &#8220;Historia de la mediaci\u00f3n museal &#8211; Francia&#8221; &lt;aqui&gt; &lt;Versi\u00f3n libro&gt; &#8211; Anexos (entrevistas) disponibles \u00fanicamente en franc\u00e9s &lt;aqui&gt; &#8211; Graphiques solo en franc\u00e9s &lt;aqui&gt; 2024 &#8211; Publicaci\u00f3n &#8220;Historia de la Educaci\u00f3n en Museos en Brasil&#8221; &lt;aqui&gt; 2023 &#8211; Publicaci\u00f3n &#8220;Historia de la mediaci\u00f3n muse\u00edstica : B\u00e9lgica&#8221; &lt;aqui&gt;<\/p>\n","protected":false},"author":1,"featured_media":0,"parent":115,"menu_order":6,"comment_status":"closed","ping_status":"closed","template":"","meta":{"footnotes":""},"yst_prominent_words":[91,286,2048,2604],"acf":[],"_links":{"self":[{"href":"https:\/\/ceca.mini.icom.museum\/es\/wp-json\/wp\/v2\/pages\/8109"}],"collection":[{"href":"https:\/\/ceca.mini.icom.museum\/es\/wp-json\/wp\/v2\/pages"}],"about":[{"href":"https:\/\/ceca.mini.icom.museum\/es\/wp-json\/wp\/v2\/types\/page"}],"author":[{"embeddable":true,"href":"https:\/\/ceca.mini.icom.museum\/es\/wp-json\/wp\/v2\/users\/1"}],"replies":[{"embeddable":true,"href":"https:\/\/ceca.mini.icom.museum\/es\/wp-json\/wp\/v2\/comments?post=8109"}],"version-history":[{"count":12,"href":"https:\/\/ceca.mini.icom.museum\/es\/wp-json\/wp\/v2\/pages\/8109\/revisions"}],"predecessor-version":[{"id":9015,"href":"https:\/\/ceca.mini.icom.museum\/es\/wp-json\/wp\/v2\/pages\/8109\/revisions\/9015"}],"up":[{"embeddable":true,"href":"https:\/\/ceca.mini.icom.museum\/es\/wp-json\/wp\/v2\/pages\/115"}],"wp:attachment":[{"href":"https:\/\/ceca.mini.icom.museum\/es\/wp-json\/wp\/v2\/media?parent=8109"}],"wp:term":[{"taxonomy":"yst_prominent_words","embeddable":true,"href":"https:\/\/ceca.mini.icom.museum\/es\/wp-json\/wp\/v2\/yst_prominent_words?post=8109"}],"curies":[{"name":"wp","href":"https:\/\/api.w.org\/{rel}","templated":true}]}}