{"id":827,"date":"2018-12-18T15:21:24","date_gmt":"2018-12-18T15:21:24","guid":{"rendered":"http:\/\/ceca.icom.cust.oxymium.net\/publicaciones-2\/boletines\/"},"modified":"2025-09-20T11:26:21","modified_gmt":"2025-09-20T11:26:21","slug":"boletines","status":"publish","type":"page","link":"https:\/\/ceca.mini.icom.museum\/es\/boletin-de-noticias\/boletines\/","title":{"rendered":"Boletines"},"content":{"rendered":"<div>\n<div>\n<h2>Bolet\u00edn Mundial del CECA<\/h2>\n<p><img decoding=\"async\" loading=\"lazy\" class=\"aligncenter wp-image-3251 size-full\" src=\"https:\/\/ceca.mini.icom.museum\/wp-content\/uploads\/sites\/5\/2019\/12\/newsletter-ceca-700g.jpg\" alt=\"\" width=\"700\" height=\"143\" srcset=\"https:\/\/ceca.mini.icom.museum\/wp-content\/uploads\/sites\/5\/2019\/12\/newsletter-ceca-700g.jpg 700w, https:\/\/ceca.mini.icom.museum\/wp-content\/uploads\/sites\/5\/2019\/12\/newsletter-ceca-700g-300x61.jpg 300w\" sizes=\"(max-width: 700px) 100vw, 700px\" \/><\/p>\n<\/div>\n<\/div>\n<h5><\/h5>\n<h5><strong>\u25ba CECA Bolet\u00edn &#8220;Dubai CECA actividades &#8221; &gt; <a href=\"https:\/\/ceca.mini.icom.museum\/wp-content\/uploads\/sites\/5\/2025\/09\/PDF_CECA-Newsletter-Boletin-Bulletin-24.pdf\" target=\"_blank\" rel=\"noopener\">n\u00b024 &#8211; Septiembre 2025<\/a> \u00a0<\/strong><\/h5>\n<p><img decoding=\"async\" loading=\"lazy\" class=\"alignnone size-medium wp-image-13583\" src=\"https:\/\/ceca.mini.icom.museum\/wp-content\/uploads\/sites\/5\/2025\/09\/bulletin-24-300pxRpf-300x113.jpg\" alt=\"\" width=\"300\" height=\"113\" srcset=\"https:\/\/ceca.mini.icom.museum\/wp-content\/uploads\/sites\/5\/2025\/09\/bulletin-24-300pxRpf-300x113.jpg 300w, https:\/\/ceca.mini.icom.museum\/wp-content\/uploads\/sites\/5\/2025\/09\/bulletin-24-300pxRpf.jpg 302w\" sizes=\"(max-width: 300px) 100vw, 300px\" \/><\/p>\n<hr \/>\n<h5><strong>\u25ba CECA Bolet\u00edn &#8220;VOTE ! VOTAR ! VOTEZ !&#8221; &gt; <a href=\"https:\/\/ceca.mini.icom.museum\/wp-content\/uploads\/sites\/5\/2025\/08\/PDF_CECA-Newsletter-Boletin-Bulletin-23.pdf\" target=\"_blank\" rel=\"noopener\">n\u00b023 &#8211; Agosto 2025<\/a><\/strong><\/h5>\n<p><img decoding=\"async\" loading=\"lazy\" class=\"alignnone size-medium wp-image-13508\" src=\"https:\/\/ceca.mini.icom.museum\/wp-content\/uploads\/sites\/5\/2025\/08\/Newsletter-Boletin-Bulletin-23-Vote-Votar-Votez-300x112.jpg\" alt=\"\" width=\"300\" height=\"112\" srcset=\"https:\/\/ceca.mini.icom.museum\/wp-content\/uploads\/sites\/5\/2025\/08\/Newsletter-Boletin-Bulletin-23-Vote-Votar-Votez-300x112.jpg 300w, https:\/\/ceca.mini.icom.museum\/wp-content\/uploads\/sites\/5\/2025\/08\/Newsletter-Boletin-Bulletin-23-Vote-Votar-Votez.jpg 677w\" sizes=\"(max-width: 300px) 100vw, 300px\" \/><\/p>\n<hr \/>\n<h5><strong>\u25ba CECA Bolet\u00edn &#8220;Elecciones para un nuevo Consejo&#8221; &gt; <a href=\"https:\/\/ceca.mini.icom.museum\/wp-content\/uploads\/sites\/5\/2025\/04\/CECA-Boletin-22-1.pdf\" target=\"_blank\" rel=\"noopener\">n\u00b0 22 &#8211; Abril 2025<\/a><\/strong><\/h5>\n<p><img decoding=\"async\" loading=\"lazy\" class=\"alignnone size-medium wp-image-12981\" src=\"https:\/\/ceca.mini.icom.museum\/wp-content\/uploads\/sites\/5\/2025\/04\/Bulletin-22-2025-diner-board-Athenes-300pxR.encadre-300x118.jpg\" alt=\"\" width=\"300\" height=\"118\" srcset=\"https:\/\/ceca.mini.icom.museum\/wp-content\/uploads\/sites\/5\/2025\/04\/Bulletin-22-2025-diner-board-Athenes-300pxR.encadre-300x118.jpg 300w, https:\/\/ceca.mini.icom.museum\/wp-content\/uploads\/sites\/5\/2025\/04\/Bulletin-22-2025-diner-board-Athenes-300pxR.encadre.jpg 302w\" sizes=\"(max-width: 300px) 100vw, 300px\" \/><\/p>\n<hr \/>\n<h5><strong>\u25ba CECA Bolet\u00edn &#8220;<span class=\" --l alignedSentenceHighlight-module--alignedSentenceHighlight--e599c alignedSentenceHighlight-module--partialHighlightAnimationWeb--324f1 bg-[#E1F0F5] text-[#25282D] sentence_highlight\"><span class=\"--l --r hover:bg-[#B4DAE8] hover:dark:bg-blue-600\"><span class=\"--l --r popup_anchor_highlight__with_key_targetContextEditing\">a<\/span>samblea<\/span> <span class=\"--l --r hover:bg-[#B4DAE8] hover:dark:bg-blue-600\">general<\/span> <\/span>2025&#8243; &gt; <a href=\"https:\/\/ceca.mini.icom.museum\/wp-content\/uploads\/sites\/5\/2025\/01\/SPA-Boletin-CECA-21.pdf\" target=\"_blank\" rel=\"noopener\">n\u00b0 21 &#8211; Enero\u00a0 2025<\/a><\/strong><\/h5>\n<p><img decoding=\"async\" loading=\"lazy\" class=\"alignnone size-medium wp-image-12483\" src=\"https:\/\/ceca.mini.icom.museum\/wp-content\/uploads\/sites\/5\/2025\/01\/lettre-voeux-2025-300px-300x142.jpg\" alt=\"\" width=\"300\" height=\"142\" srcset=\"https:\/\/ceca.mini.icom.museum\/wp-content\/uploads\/sites\/5\/2025\/01\/lettre-voeux-2025-300px-300x143.jpg 300w, https:\/\/ceca.mini.icom.museum\/wp-content\/uploads\/sites\/5\/2025\/01\/lettre-voeux-2025-300px.jpg 302w\" sizes=\"(max-width: 300px) 100vw, 300px\" \/><\/p>\n<hr \/>\n<h5><strong>\u25ba CECA Bolet\u00edn &#8220;conferencia anual 18 al 22 de noviembre 2024 &#8211; Atenas&#8221; &gt; <a href=\"https:\/\/ceca.mini.icom.museum\/wp-content\/uploads\/sites\/5\/2024\/03\/CECA-Boleti\u00a6un-18-Spa.pdf\" target=\"_blank\" rel=\"noopener\">n\u00b0 18 &#8211; Marzo 2024<\/a><\/strong><\/h5>\n<p><img decoding=\"async\" loading=\"lazy\" class=\"alignnone size-medium wp-image-11593\" src=\"https:\/\/ceca.mini.icom.museum\/wp-content\/uploads\/sites\/5\/2024\/03\/acropole-BW-600px-1-300x141.jpg\" alt=\"\" width=\"300\" height=\"141\" srcset=\"https:\/\/ceca.mini.icom.museum\/wp-content\/uploads\/sites\/5\/2024\/03\/acropole-BW-600px-1-300x141.jpg 300w, https:\/\/ceca.mini.icom.museum\/wp-content\/uploads\/sites\/5\/2024\/03\/acropole-BW-600px-1.jpg 604w\" sizes=\"(max-width: 300px) 100vw, 300px\" \/><\/p>\n<hr \/>\n<h5><strong>\u25ba CECA Bolet\u00edn &#8220;Criterios y directrices para presentar el v\u00eddeo al Premio J\u00f3venes Miembros&#8221; &gt; &lt;<a href=\"https:\/\/ceca.mini.icom.museum\/wp-content\/uploads\/sites\/5\/2024\/03\/ES_Pautas-Premio-Miembros-Jo\u00a6uvenes-1.pdf\" target=\"_blank\" rel=\"noopener\">aqui<\/a>&gt;<br \/>\n<\/strong><\/h5>\n<p><img decoding=\"async\" loading=\"lazy\" class=\"alignnone size-medium wp-image-11555\" src=\"https:\/\/ceca.mini.icom.museum\/wp-content\/uploads\/sites\/5\/2024\/03\/baniere-LETTRE-prix-video-web-600px-300x142.jpg\" alt=\"\" width=\"300\" height=\"142\" srcset=\"https:\/\/ceca.mini.icom.museum\/wp-content\/uploads\/sites\/5\/2024\/03\/baniere-LETTRE-prix-video-web-600px-300x142.jpg 300w, https:\/\/ceca.mini.icom.museum\/wp-content\/uploads\/sites\/5\/2024\/03\/baniere-LETTRE-prix-video-web-600px.jpg 539w\" sizes=\"(max-width: 300px) 100vw, 300px\" \/><\/p>\n<hr \/>\n<h5><strong>\u25ba CECA Bolet\u00edn &#8220;Cuestionario 2024 para reformular el acr\u00f3nimo CECA&#8221; &gt; <a href=\"https:\/\/ceca.mini.icom.museum\/wp-content\/uploads\/sites\/5\/2024\/03\/CECA-Boleti\u00a6un-17-spa.pdf\" target=\"_blank\" rel=\"noopener\">n\u00b0 17 &#8211; Febrero de 2024<\/a><br \/>\n<\/strong><\/h5>\n<p><img decoding=\"async\" loading=\"lazy\" class=\"alignnone size-medium wp-image-11573\" src=\"https:\/\/ceca.mini.icom.museum\/wp-content\/uploads\/sites\/5\/2024\/03\/logo-acronyme-ANG-600px-300x94.jpg\" alt=\"\" width=\"300\" height=\"94\" srcset=\"https:\/\/ceca.mini.icom.museum\/wp-content\/uploads\/sites\/5\/2024\/03\/logo-acronyme-ANG-600px-300x94.jpg 300w, https:\/\/ceca.mini.icom.museum\/wp-content\/uploads\/sites\/5\/2024\/03\/logo-acronyme-ANG-600px.jpg 604w\" sizes=\"(max-width: 300px) 100vw, 300px\" \/><\/p>\n<hr \/>\n<h5><strong>\u25ba CECA Bolet\u00edn &#8220;Incorporaci\u00f3n para la nueva JD 2025&#8221; &gt; <a href=\"https:\/\/ceca.mini.icom.museum\/wp-content\/uploads\/sites\/5\/2024\/01\/CECA-Boletin-16.pdf\" target=\"_blank\" rel=\"noopener\">n\u00b0 16 &#8211; Enero 2024<\/a><br \/>\n<\/strong><\/h5>\n<p><img decoding=\"async\" loading=\"lazy\" class=\"alignnone size-medium wp-image-11202\" src=\"https:\/\/ceca.mini.icom.museum\/wp-content\/uploads\/sites\/5\/2024\/01\/photo-groupe-Singapour-300px-300x104.jpg\" alt=\"\" width=\"300\" height=\"104\" srcset=\"https:\/\/ceca.mini.icom.museum\/wp-content\/uploads\/sites\/5\/2024\/01\/photo-groupe-Singapour-300px-300x104.jpg 300w, https:\/\/ceca.mini.icom.museum\/wp-content\/uploads\/sites\/5\/2024\/01\/photo-groupe-Singapour-300px.jpg 306w\" sizes=\"(max-width: 300px) 100vw, 300px\" \/><\/p>\n<hr \/>\n<h5><strong>\u25ba CECA Bolet\u00edn &#8220;Conferencia Anual y Premios CECA&#8221; &gt; <a href=\"https:\/\/ceca.mini.icom.museum\/wp-content\/uploads\/sites\/5\/2024\/01\/Boletin-CECA-15-ESP.pdf\">n\u00b0 15 &#8211; Octubre 2023<\/a><br \/>\n<\/strong><\/h5>\n<p><img decoding=\"async\" loading=\"lazy\" class=\"alignnone size-medium wp-image-10722\" src=\"https:\/\/ceca.mini.icom.museum\/wp-content\/uploads\/sites\/5\/2023\/10\/triptique-large-laureats-vedeo-YM-700R-300x98.jpg\" alt=\"\" width=\"300\" height=\"98\" srcset=\"https:\/\/ceca.mini.icom.museum\/wp-content\/uploads\/sites\/5\/2023\/10\/triptique-large-laureats-vedeo-YM-700R-300x98.jpg 300w, https:\/\/ceca.mini.icom.museum\/wp-content\/uploads\/sites\/5\/2023\/10\/triptique-large-laureats-vedeo-YM-700R.jpg 700w\" sizes=\"(max-width: 300px) 100vw, 300px\" \/><\/p>\n<hr \/>\n<h5><strong>\u25ba CECA Bolet\u00edn &#8220;CECA en \u00c1frica &gt; <a href=\"https:\/\/ceca.mini.icom.museum\/wp-content\/uploads\/sites\/5\/2023\/09\/n\u00b0-14-juin-2023-ESP.pdf\" target=\"_blank\" rel=\"noopener\">n\u00b0 14 &#8211; Junio de 2023<\/a><\/strong><\/h5>\n<h5><strong><img decoding=\"async\" loading=\"lazy\" class=\"alignnone size-medium wp-image-10681\" src=\"https:\/\/ceca.mini.icom.museum\/wp-content\/uploads\/sites\/5\/2023\/09\/14-juin-2023-600R-300x100.jpg\" alt=\"\" width=\"300\" height=\"100\" srcset=\"https:\/\/ceca.mini.icom.museum\/wp-content\/uploads\/sites\/5\/2023\/09\/14-juin-2023-600R-300x100.jpg 300w, https:\/\/ceca.mini.icom.museum\/wp-content\/uploads\/sites\/5\/2023\/09\/14-juin-2023-600R.jpg 600w\" sizes=\"(max-width: 300px) 100vw, 300px\" \/><\/strong><\/h5>\n<hr \/>\n<h5><strong>\u25ba CECA Bolet\u00edn &#8220;Actualizaci\u00f3n del calendario&#8221; &gt; <a href=\"https:\/\/ceca.mini.icom.museum\/wp-content\/uploads\/sites\/5\/2023\/05\/Boletin-13-de-la-CECA.pdf\" target=\"_blank\" rel=\"noopener\">n\u00b013 \u2013 Marzo de 2023<\/a><br \/>\n<\/strong><\/h5>\n<p><img decoding=\"async\" loading=\"lazy\" class=\"alignnone size-medium wp-image-10454\" src=\"https:\/\/ceca.mini.icom.museum\/wp-content\/uploads\/sites\/5\/2023\/05\/13-Boletin-13-de-la-CECA-ESP-NL-300x84.jpg\" alt=\"\" width=\"300\" height=\"84\" srcset=\"https:\/\/ceca.mini.icom.museum\/wp-content\/uploads\/sites\/5\/2023\/05\/13-Boletin-13-de-la-CECA-ESP-NL-300x84.jpg 300w, https:\/\/ceca.mini.icom.museum\/wp-content\/uploads\/sites\/5\/2023\/05\/13-Boletin-13-de-la-CECA-ESP-NL.jpg 642w\" sizes=\"(max-width: 300px) 100vw, 300px\" \/><\/p>\n<hr \/>\n<h5><strong>\u25ba CECA Bolet\u00edn &#8220;Esamblea General 2022-2023&#8221;&gt; <a href=\"https:\/\/ceca.mini.icom.museum\/wp-content\/uploads\/sites\/5\/2023\/01\/ES_Boletin-12B-Asamblea-General-del-ICOM-CECA.pdf\" target=\"_blank\" rel=\"noopener\">n\u00b012b &#8211; enero 2023<\/a><br \/>\n<\/strong><\/h5>\n<h5><img decoding=\"async\" loading=\"lazy\" class=\"alignnone size-medium wp-image-9867\" src=\"https:\/\/ceca.mini.icom.museum\/wp-content\/uploads\/sites\/5\/2022\/12\/ES-illustration-AG2022-500Rb-300x104.jpg\" alt=\"\" width=\"300\" height=\"104\" srcset=\"https:\/\/ceca.mini.icom.museum\/wp-content\/uploads\/sites\/5\/2022\/12\/ES-illustration-AG2022-500Rb-300x104.jpg 300w, https:\/\/ceca.mini.icom.museum\/wp-content\/uploads\/sites\/5\/2022\/12\/ES-illustration-AG2022-500Rb.jpg 504w\" sizes=\"(max-width: 300px) 100vw, 300px\" \/><\/h5>\n<hr \/>\n<div>\n<h5><strong>\u25ba CECA Bolet\u00edn &#8220;Esamblea General 2022-2023&#8221;&gt; <a href=\"https:\/\/ceca.mini.icom.museum\/wp-content\/uploads\/sites\/5\/2022\/12\/ESP-Boletin-12-AG.pdf\" target=\"_blank\" rel=\"noopener\">n\u00b011 &#8211; diciembre 2022<\/a><br \/>\n<\/strong><\/h5>\n<div>\n<h5><img decoding=\"async\" loading=\"lazy\" class=\"alignnone size-medium wp-image-9867\" src=\"https:\/\/ceca.mini.icom.museum\/wp-content\/uploads\/sites\/5\/2022\/12\/ES-illustration-AG2022-500Rb-300x104.jpg\" alt=\"\" width=\"300\" height=\"104\" srcset=\"https:\/\/ceca.mini.icom.museum\/wp-content\/uploads\/sites\/5\/2022\/12\/ES-illustration-AG2022-500Rb-300x104.jpg 300w, https:\/\/ceca.mini.icom.museum\/wp-content\/uploads\/sites\/5\/2022\/12\/ES-illustration-AG2022-500Rb.jpg 504w\" sizes=\"(max-width: 300px) 100vw, 300px\" \/><\/h5>\n<hr \/>\n<h5><strong>\u25ba CECA Bolet\u00edn &#8220;Conferencia CECA Europa 2022&#8221;&gt; <a href=\"https:\/\/ceca.mini.icom.museum\/wp-content\/uploads\/sites\/5\/2022\/09\/n10-ESP-22-sept-conference-CECA-Europe.pdf\" target=\"_blank\" rel=\"noopener\">n\u00b010 &#8211; septiembre 2022<\/a><br \/>\n<\/strong><\/h5>\n<\/div>\n<\/div>\n<p><img decoding=\"async\" loading=\"lazy\" class=\"alignnone size-medium wp-image-9317\" src=\"https:\/\/ceca.mini.icom.museum\/wp-content\/uploads\/sites\/5\/2022\/09\/conference-CECA-Europe-300x97.jpg\" alt=\"\" width=\"300\" height=\"97\" srcset=\"https:\/\/ceca.mini.icom.museum\/wp-content\/uploads\/sites\/5\/2022\/09\/conference-CECA-Europe-300x97.jpg 300w, https:\/\/ceca.mini.icom.museum\/wp-content\/uploads\/sites\/5\/2022\/09\/conference-CECA-Europe-768x249.jpg 768w, https:\/\/ceca.mini.icom.museum\/wp-content\/uploads\/sites\/5\/2022\/09\/conference-CECA-Europe.jpg 855w\" sizes=\"(max-width: 300px) 100vw, 300px\" \/><\/p>\n<hr \/>\n<h5><strong>\u25ba CECA Bolet\u00edn &#8220;Talleres fuera de la sede Praga 2022&#8221; &gt; <a href=\"https:\/\/ceca.mini.icom.museum\/wp-content\/uploads\/sites\/5\/2022\/09\/n9-FR-22-aout-Ateliers-hors-site-Prague-1.pdf\" target=\"_blank\" rel=\"noopener\">n\u00b09 &#8211;\u00a0 agosto 2022<\/a><br \/>\n<\/strong><\/h5>\n<p><img decoding=\"async\" loading=\"lazy\" class=\"alignnone size-medium wp-image-9311\" src=\"https:\/\/ceca.mini.icom.museum\/wp-content\/uploads\/sites\/5\/2022\/09\/Off-site-workshops-Prague-300x80.jpg\" alt=\"\" width=\"300\" height=\"80\" srcset=\"https:\/\/ceca.mini.icom.museum\/wp-content\/uploads\/sites\/5\/2022\/09\/Off-site-workshops-Prague-300x80.jpg 300w, https:\/\/ceca.mini.icom.museum\/wp-content\/uploads\/sites\/5\/2022\/09\/Off-site-workshops-Prague-768x205.jpg 768w, https:\/\/ceca.mini.icom.museum\/wp-content\/uploads\/sites\/5\/2022\/09\/Off-site-workshops-Prague.jpg 857w\" sizes=\"(max-width: 300px) 100vw, 300px\" \/><\/p>\n<hr \/>\n<h5><strong>\u25ba CECA Bolet\u00edn &#8220;Conferencia de la CECA Europa en Dinamarca&#8221;&gt; <a href=\"https:\/\/ceca.mini.icom.museum\/wp-content\/uploads\/sites\/5\/2022\/09\/n8-ESP-mai-2022-conference-CECA-Europe-Danemark.pdf\" target=\"_blank\" rel=\"noopener\">n\u00b08 &#8211; Mayo de 2022<\/a><br \/>\n<\/strong><\/h5>\n<p><img decoding=\"async\" loading=\"lazy\" class=\"alignnone size-medium wp-image-9305\" src=\"https:\/\/ceca.mini.icom.museum\/wp-content\/uploads\/sites\/5\/2022\/09\/conference-CECA-Europe-Danemark-300x81.jpg\" alt=\"\" width=\"300\" height=\"81\" srcset=\"https:\/\/ceca.mini.icom.museum\/wp-content\/uploads\/sites\/5\/2022\/09\/conference-CECA-Europe-Danemark-300x81.jpg 300w, https:\/\/ceca.mini.icom.museum\/wp-content\/uploads\/sites\/5\/2022\/09\/conference-CECA-Europe-Danemark-768x207.jpg 768w, https:\/\/ceca.mini.icom.museum\/wp-content\/uploads\/sites\/5\/2022\/09\/conference-CECA-Europe-Danemark.jpg 859w\" sizes=\"(max-width: 300px) 100vw, 300px\" \/><\/p>\n<hr \/>\n<h5><strong>\u25ba CECA Bolet\u00edn &#8220;CG del ICOM Praga 2022&#8221;&gt; <a href=\"https:\/\/ceca.mini.icom.museum\/wp-content\/uploads\/sites\/5\/2022\/09\/n7-ESP-7-fev-ICOM-general-conference-Prague-2022.pdf\" target=\"_blank\" rel=\"noopener\">n\u00b07 &#8211; Febrero 2022<\/a><br \/>\n<\/strong><\/h5>\n<p><img decoding=\"async\" loading=\"lazy\" class=\"alignnone wp-image-9295\" src=\"https:\/\/ceca.mini.icom.museum\/wp-content\/uploads\/sites\/5\/2022\/09\/power-of-museums-300x89.jpg\" alt=\"\" width=\"300\" height=\"89\" srcset=\"https:\/\/ceca.mini.icom.museum\/wp-content\/uploads\/sites\/5\/2022\/09\/power-of-museums-300x89.jpg 300w, https:\/\/ceca.mini.icom.museum\/wp-content\/uploads\/sites\/5\/2022\/09\/power-of-museums.jpg 767w\" sizes=\"(max-width: 300px) 100vw, 300px\" \/><\/p>\n<div>\n<div>\n<hr \/>\n<h5><strong>\u25ba CECA Bolet\u00edn CG &#8220;2021 y mas!&#8221; &gt; <a href=\"https:\/\/ceca.mini.icom.museum\/wp-content\/uploads\/sites\/5\/2022\/01\/Boletin-6-CG-2021.pdf\" target=\"_blank\" rel=\"noopener\">n\u00b0 6 &#8211; Dic de 2021<\/a><br \/>\n<\/strong><\/h5>\n<p><img decoding=\"async\" loading=\"lazy\" class=\"alignnone wp-image-7596 size-medium\" src=\"https:\/\/ceca.mini.icom.museum\/wp-content\/uploads\/sites\/5\/2022\/01\/Boletin-6-louvain-700px-simple-300x79.jpg\" alt=\"\" width=\"300\" height=\"79\" srcset=\"https:\/\/ceca.mini.icom.museum\/wp-content\/uploads\/sites\/5\/2022\/01\/Boletin-6-louvain-700px-simple-300x79.jpg 300w, https:\/\/ceca.mini.icom.museum\/wp-content\/uploads\/sites\/5\/2022\/01\/Boletin-6-louvain-700px-simple.jpg 700w\" sizes=\"(max-width: 300px) 100vw, 300px\" \/><\/p>\n<hr \/>\n<h5><strong>\u25ba CECA Bolet\u00edn &#8220;Palabras clave y conceptos&#8221; &gt; <a href=\"https:\/\/ceca.mini.icom.museum\/wp-content\/uploads\/sites\/5\/2022\/01\/Boletin-5-Palabras-clave-y-conceptos.pdf\" target=\"_blank\" rel=\"noopener\">n\u00b0 5 &#8211; Mayo 2021<\/a><br \/>\n<\/strong><\/h5>\n<p><img decoding=\"async\" loading=\"lazy\" class=\"alignnone wp-image-7593 size-medium\" src=\"https:\/\/ceca.mini.icom.museum\/wp-content\/uploads\/sites\/5\/2022\/01\/info-5-mots-clefs-700px-1-300x69.jpg\" alt=\"\" width=\"300\" height=\"69\" srcset=\"https:\/\/ceca.mini.icom.museum\/wp-content\/uploads\/sites\/5\/2022\/01\/info-5-mots-clefs-700px-1-300x69.jpg 300w, https:\/\/ceca.mini.icom.museum\/wp-content\/uploads\/sites\/5\/2022\/01\/info-5-mots-clefs-700px-1.jpg 700w\" sizes=\"(max-width: 300px) 100vw, 300px\" \/><\/p>\n<hr \/>\n<h5><strong>\u25ba CECA boletin especial de noticias &#8220;Take part in the new definition of the museum!&#8221;<\/strong><strong> &gt; <a href=\"https:\/\/ceca.mini.icom.museum\/wp-content\/uploads\/sites\/5\/2021\/02\/Boletin-de-la-CECA-ESPECIAL-4.pdf\" target=\"_blank\" rel=\"noopener\">n\u00b04 &#8211; feb 2021<\/a><br \/>\n<\/strong><\/h5>\n<p><img decoding=\"async\" loading=\"lazy\" class=\"alignnone wp-image-7599 size-medium\" src=\"https:\/\/ceca.mini.icom.museum\/wp-content\/uploads\/sites\/5\/2022\/01\/definition-musee-300x50.jpg\" alt=\"\" width=\"300\" height=\"50\" srcset=\"https:\/\/ceca.mini.icom.museum\/wp-content\/uploads\/sites\/5\/2022\/01\/definition-musee-300x50.jpg 300w, https:\/\/ceca.mini.icom.museum\/wp-content\/uploads\/sites\/5\/2022\/01\/definition-musee.jpg 614w\" sizes=\"(max-width: 300px) 100vw, 300px\" \/><\/p>\n<hr \/>\n<div>\n<div>\n<div>\n<h5><strong>\u25ba CECA boletin de noticias<\/strong><strong> &gt; <a href=\"https:\/\/ceca.mini.icom.museum\/wp-content\/uploads\/sites\/5\/2020\/12\/CECA-BulletinDeLiaison-N\u00b03-SP.pdf\" target=\"_blank\" rel=\"noopener\">n\u00b03 &#8211; Dic 2020<\/a><br \/>\n<\/strong><\/h5>\n<p><img decoding=\"async\" loading=\"lazy\" class=\"alignnone wp-image-5938 size-medium\" src=\"https:\/\/ceca.mini.icom.museum\/wp-content\/uploads\/sites\/5\/2020\/12\/montage-zoom-001-600px-300x86.jpg\" alt=\"\" width=\"300\" height=\"86\" srcset=\"https:\/\/ceca.mini.icom.museum\/wp-content\/uploads\/sites\/5\/2020\/12\/montage-zoom-001-600px-300x86.jpg 300w, https:\/\/ceca.mini.icom.museum\/wp-content\/uploads\/sites\/5\/2020\/12\/montage-zoom-001-600px.jpg 600w\" sizes=\"(max-width: 300px) 100vw, 300px\" \/><\/p>\n<\/div>\n<\/div>\n<\/div>\n<div>\n<hr \/>\n<\/div>\n<h5><strong>\u25ba CECA boletin de noticias &gt; <a href=\"https:\/\/ceca.mini.icom.museum\/wp-content\/uploads\/sites\/5\/2020\/06\/Es_CECA_boletin-de-noticias-2_2020.pdf\" target=\"_blank\" rel=\"noopener\">n\u00b02 &#8211; Mayo 2020<\/a><\/strong><\/h5>\n<p><strong><img decoding=\"async\" loading=\"lazy\" class=\"alignnone wp-image-4022\" src=\"https:\/\/ceca.mini.icom.museum\/wp-content\/uploads\/sites\/5\/2020\/02\/newsletter-04-logo-650bord-300x220.jpg\" alt=\"\" width=\"270\" height=\"198\" srcset=\"https:\/\/ceca.mini.icom.museum\/wp-content\/uploads\/sites\/5\/2020\/02\/newsletter-04-logo-650bord-300x220.jpg 300w, https:\/\/ceca.mini.icom.museum\/wp-content\/uploads\/sites\/5\/2020\/02\/newsletter-04-logo-650bord.jpg 654w\" sizes=\"(max-width: 270px) 100vw, 270px\" \/><\/strong><\/p>\n<div>\n<hr \/>\n<\/div>\n<h5><strong>\u25ba CECA boletin de noticias &gt;\u00a0 <a href=\"https:\/\/ceca.mini.icom.museum\/wp-content\/uploads\/sites\/5\/2020\/02\/CECA_boletin-de-noticias1_2020.pdf\" target=\"_blank\" rel=\"noopener\">n\u00b01 &#8211; Feb 2020<\/a><\/strong><\/h5>\n<p>Este es el primer bolet\u00edn de enlace cuyo prop\u00f3sito es informarle de las noticias de la red de miembros de la CECA, los acontecimientos pasados y actuales y nuestras perspectivas.<\/p>\n<p>En primer lugar, quisiera saludar la alt\u00edsima calidad de los miembros de la Mesa que fue nombrada el pasado mes de septiembre en la Conferencia General de Kyoto. Somos afortunados de que nuestro comit\u00e9 internacional est\u00e9 dirigido por un equipo de alta calidad con el que el Presidente que soy interact\u00faa r\u00e1pida y eficientemente. Me gustar\u00eda agradecer a todas y cada una de las inspiradoras mujeres que componen el Comit\u00e9. Sabemos cu\u00e1n largas e implicadas son las funciones de la educaci\u00f3n y la acci\u00f3n cultural en un museo o universidad. Siempre es valiente agregar a esto unaresponsabilidad voluntaria de servicio a la comunidad.<br \/>\nPor favor, env\u00eden este bolet\u00edn a los miembros del ICOM-CECA de su pa\u00eds. Gracias de antemano y que se diviertan ley\u00e9ndolo.<\/p>\n<p>Marie-Clart\u00e9 O\u2019Neill, Presidente de la CECA<\/p>\n<hr \/>\n<h4><\/h4>\n<h4><\/h4>\n<\/div>\n<\/div>\n","protected":false},"excerpt":{"rendered":"<p>Bolet\u00edn Mundial del CECA \u25ba CECA Bolet\u00edn &#8220;Dubai CECA actividades &#8221; &gt; n\u00b024 &#8211; Septiembre 2025 \u00a0 \u25ba CECA Bolet\u00edn &#8220;VOTE ! VOTAR ! VOTEZ !&#8221; &gt; n\u00b023 &#8211; Agosto 2025 \u25ba CECA Bolet\u00edn &#8220;Elecciones para un nuevo Consejo&#8221; &gt; n\u00b0 22 &#8211; Abril 2025 \u25ba CECA Bolet\u00edn &#8220;asamblea general 2025&#8243; &gt; n\u00b0 21 &#8211; [&hellip;]<\/p>\n","protected":false},"author":1,"featured_media":0,"parent":8045,"menu_order":1,"comment_status":"closed","ping_status":"closed","template":"","meta":{"footnotes":""},"yst_prominent_words":[4034,3332,3329,3327,3331,3333,3330,3328,91,785],"acf":[],"_links":{"self":[{"href":"https:\/\/ceca.mini.icom.museum\/es\/wp-json\/wp\/v2\/pages\/827"}],"collection":[{"href":"https:\/\/ceca.mini.icom.museum\/es\/wp-json\/wp\/v2\/pages"}],"about":[{"href":"https:\/\/ceca.mini.icom.museum\/es\/wp-json\/wp\/v2\/types\/page"}],"author":[{"embeddable":true,"href":"https:\/\/ceca.mini.icom.museum\/es\/wp-json\/wp\/v2\/users\/1"}],"replies":[{"embeddable":true,"href":"https:\/\/ceca.mini.icom.museum\/es\/wp-json\/wp\/v2\/comments?post=827"}],"version-history":[{"count":30,"href":"https:\/\/ceca.mini.icom.museum\/es\/wp-json\/wp\/v2\/pages\/827\/revisions"}],"predecessor-version":[{"id":13586,"href":"https:\/\/ceca.mini.icom.museum\/es\/wp-json\/wp\/v2\/pages\/827\/revisions\/13586"}],"up":[{"embeddable":true,"href":"https:\/\/ceca.mini.icom.museum\/es\/wp-json\/wp\/v2\/pages\/8045"}],"wp:attachment":[{"href":"https:\/\/ceca.mini.icom.museum\/es\/wp-json\/wp\/v2\/media?parent=827"}],"wp:term":[{"taxonomy":"yst_prominent_words","embeddable":true,"href":"https:\/\/ceca.mini.icom.museum\/es\/wp-json\/wp\/v2\/yst_prominent_words?post=827"}],"curies":[{"name":"wp","href":"https:\/\/api.w.org\/{rel}","templated":true}]}}