{"id":848,"date":"2018-12-18T15:21:32","date_gmt":"2018-12-18T15:21:32","guid":{"rendered":"http:\/\/ceca.icom.cust.oxymium.net\/publicaciones-2\/vocabulario-ceca\/"},"modified":"2021-06-24T15:22:26","modified_gmt":"2021-06-24T15:22:26","slug":"vocabulario-ceca","status":"publish","type":"page","link":"https:\/\/ceca.mini.icom.museum\/es\/publicaciones\/vocabulario-ceca\/","title":{"rendered":"Vocabulario CECA"},"content":{"rendered":"<div>\n<p><!--TYPO3SEARCH_begin--> <!-- CONTENT ELEMENT, uid:21167\/textpic [begin] --><\/p>\n<div>\n<p><!-- Image block: [begin] --><\/p>\n<div>\n<p><!-- Text: [begin] --><\/p>\n<p><b>Vocabulario CECA<\/b><\/p>\n<p><img decoding=\"async\" loading=\"lazy\" class=\"alignright wp-image-2467 \" src=\"http:\/\/ceca.mini.icom.museum\/wp-content\/uploads\/sites\/5\/2019\/12\/ceca-vocabulary-02b-278x300.jpg\" alt=\"\" width=\"240\" height=\"259\" srcset=\"https:\/\/ceca.mini.icom.museum\/wp-content\/uploads\/sites\/5\/2019\/12\/ceca-vocabulary-02b-278x300.jpg 278w, https:\/\/ceca.mini.icom.museum\/wp-content\/uploads\/sites\/5\/2019\/12\/ceca-vocabulary-02b.jpg 505w\" sizes=\"(max-width: 240px) 100vw, 240px\" \/><strong>Esta p\u00e1gina en el sitio web de CECA ofrece una visi\u00f3n general de las palabras<\/strong> utilizadas para indicar el trabajo de los educadores de museos, o como se llamen hoy en d\u00eda, en varios pa\u00edses.<\/p>\n<p>Por cada pa\u00eds representado, encontrar\u00e1:<\/p>\n<ul>\n<li>Las palabras principales usadas para describir nuestro trabajo.<\/li>\n<li>La (s) palabra (s) dominante (s) utilizada (s) para describir nuestra profesi\u00f3n.<\/li>\n<\/ul>\n<p><b>\u00a1Este vocabulario no se trata solo de palabras!<\/b><\/p>\n<p>Las palabras tienen diferentes significados en cada pa\u00eds y en el tiempo, por lo que es f\u00e1cil quedar atrapado en interminables discusiones sem\u00e1nticas. El objetivo principal de este vocabulario es ir un paso m\u00e1s all\u00e1, ya que la forma en que usamos las palabras tambi\u00e9n explica mucho sobre la forma en que pensamos y trabajamos. Refleja las opiniones sobre la educaci\u00f3n muse\u00edstica en cada pa\u00eds. Y muestra la variedad de nuestra profesi\u00f3n en todo el mundo.<\/p>\n<p><b>Antecedentes<\/b><\/p>\n<p>Este vocabulario se recopil\u00f3 a la luz de un estudio sobre el trasfondo del nombre de CECA, que contiene dos conceptos: educaci\u00f3n y acci\u00f3n cultural. La mayor\u00eda de los miembros tienen una comprensi\u00f3n bastante justa de la &#8220;educaci\u00f3n&#8221;, pero no muchos pueden explicar claramente la &#8220;acci\u00f3n cultural&#8221;. Entonces, CECA comenz\u00f3 un proyecto especial en busca de significados antiguos y nuevos de educaci\u00f3n y acci\u00f3n cultural. Esto se ha hecho de varias maneras desde 2016: se llevaron a cabo encuestas de Facebook, presentaciones de posters y talleres. ICOM Education 28 [<a href=\"http:\/\/ceca.mini.icom.museum\/wp-content\/uploads\/sites\/5\/2021\/06\/Minutes_General_Assembly_2018-1-.pdf\" target=\"_blank\" rel=\"noopener\">link<\/a>] est\u00e1 dedicado por completo al tema, as\u00ed como el tema de la conferencia anual CECA 2018 [<a href=\"http:\/\/ceca.mini.icom.museum\/wp-content\/uploads\/sites\/5\/2021\/06\/Minutes_General_Assembly_2018-1-.pdf\" target=\"_blank\" rel=\"noopener\">link<\/a>] en Tbilisi.<\/p>\n<p><b>Colaboraci\u00f3n<\/b><\/p>\n<p>Muchos corresponsales nacionales de CECA y algunos miembros individuales contribuyeron a la composici\u00f3n de este vocabulario. \u00a1Les agradecemos a todos!<\/p>\n<p><a title=\"TEXT, Formulario para hacer contribuciones a vocabulario ESP 1 , Formulario_para_hacer_contribuciones_a_vocabulario_ESP__1_.docx, 47 KB\" href=\"http:\/\/ceca.mini.icom.museum\/wp-content\/uploads\/sites\/5\/2018\/12\/Formulario_para_hacer_contribuciones_a_vocabulario_ESP__1_.docx\">Download here<\/a><\/p>\n<p><a title=\"TEXT, Vocabulary synthesis document ENG 17 09 18 1 , Vocabulary_synthesis_document_ENG_17_09_18__1_.pdf, 652 KB\" href=\"http:\/\/ceca.mini.icom.museum\/wp-content\/uploads\/sites\/5\/2018\/12\/Vocabulary_synthesis_document_ENG_17_09_18__1_.pdf\">Vocabulary synthesis<\/a><b><\/b><i><\/i><\/p>\n<p><!-- Text: [end] --><\/p>\n<\/div>\n<p><!-- Image block: [end] --> <!-- BEGIN: Content of extension \"hpo_relatedlink\", plugin \"tx_hporelatedlink_pi1\" --><\/p>\n<div><\/div>\n<p><!-- END: Content of extension \"hpo_relatedlink\", plugin \"tx_hporelatedlink_pi1\" --><\/p>\n<\/div>\n<p><!-- CONTENT ELEMENT, uid:21167\/textpic [end] --> <!--TYPO3SEARCH_end--><\/p>\n<\/div>\n","protected":false},"excerpt":{"rendered":"<p>Vocabulario CECA Esta p\u00e1gina en el sitio web de CECA ofrece una visi\u00f3n general de las palabras utilizadas para indicar el trabajo de los educadores de museos, o como se llamen hoy en d\u00eda, en varios pa\u00edses. Por cada pa\u00eds representado, encontrar\u00e1: Las palabras principales usadas para describir nuestro trabajo. La (s) palabra (s) dominante [&hellip;]<\/p>\n","protected":false},"author":1,"featured_media":0,"parent":115,"menu_order":5,"comment_status":"closed","ping_status":"closed","template":"","meta":{"footnotes":""},"yst_prominent_words":[814,1073,353,3229,1068,123,1040,1039,4103,1067,354,1066,1070,4105,1069,1063,1065,1737,4102,1074,1041],"acf":[],"_links":{"self":[{"href":"https:\/\/ceca.mini.icom.museum\/es\/wp-json\/wp\/v2\/pages\/848"}],"collection":[{"href":"https:\/\/ceca.mini.icom.museum\/es\/wp-json\/wp\/v2\/pages"}],"about":[{"href":"https:\/\/ceca.mini.icom.museum\/es\/wp-json\/wp\/v2\/types\/page"}],"author":[{"embeddable":true,"href":"https:\/\/ceca.mini.icom.museum\/es\/wp-json\/wp\/v2\/users\/1"}],"replies":[{"embeddable":true,"href":"https:\/\/ceca.mini.icom.museum\/es\/wp-json\/wp\/v2\/comments?post=848"}],"version-history":[{"count":9,"href":"https:\/\/ceca.mini.icom.museum\/es\/wp-json\/wp\/v2\/pages\/848\/revisions"}],"predecessor-version":[{"id":7039,"href":"https:\/\/ceca.mini.icom.museum\/es\/wp-json\/wp\/v2\/pages\/848\/revisions\/7039"}],"up":[{"embeddable":true,"href":"https:\/\/ceca.mini.icom.museum\/es\/wp-json\/wp\/v2\/pages\/115"}],"wp:attachment":[{"href":"https:\/\/ceca.mini.icom.museum\/es\/wp-json\/wp\/v2\/media?parent=848"}],"wp:term":[{"taxonomy":"yst_prominent_words","embeddable":true,"href":"https:\/\/ceca.mini.icom.museum\/es\/wp-json\/wp\/v2\/yst_prominent_words?post=848"}],"curies":[{"name":"wp","href":"https:\/\/api.w.org\/{rel}","templated":true}]}}