{"id":866,"date":"2018-12-18T15:21:43","date_gmt":"2018-12-18T15:21:43","guid":{"rendered":"http:\/\/ceca.icom.cust.oxymium.net\/premio-bp\/guia-de-usuario\/"},"modified":"2020-03-21T21:57:12","modified_gmt":"2020-03-21T21:57:12","slug":"guia-de-usuario","status":"publish","type":"page","link":"https:\/\/ceca.mini.icom.museum\/es\/premio-bp\/guia-de-usuario\/","title":{"rendered":"La herramienta Buenas Pr\u00e1cticas"},"content":{"rendered":"<div>\n<p><!--TYPO3SEARCH_begin--> <!-- CONTENT ELEMENT, uid:17542\/textpic [begin] --><\/p>\n<div>\n<p><!-- Header: [begin] --><\/p>\n<p><strong>La herramienta de mejores pr\u00e1cticas es un instrumento<\/strong> para analizar un proyecto de acci\u00f3n educativo o cultural.<\/p>\n<p>Esta herramienta fue desarrollada en respuesta a la petici\u00f3n de los miembros del CECA de compartir un instrumento de direcci\u00f3n para acercarles a un &#8220;proyecto ejemplar&#8221;. La herramienta fue desarrollada por Marie-Clart\u00e9 O&#8217;Neill y Colette Dufresne-Tass\u00e9 y debatida sucesivamente a nivel europeo y mundial durante las conferencias anuales o en los talleres regionales sobre este tema.<\/p>\n<p><strong>Los objetivos de esta herramienta son tres:<\/strong><\/p>\n<ul>\n<li>Orientar y estructurar cr\u00edticamente el trabajo de los miembros y colaboradores del CECA en el dise\u00f1o, an\u00e1lisis o evaluaci\u00f3n de sus proyectos educativos y culturales.<\/li>\n<li>Alentar a las instituciones y a los profesionales a poner en marcha proyectos de manera comparable, ya sea individualmente o a trav\u00e9s de grupos nacionales o internacionales.<\/li>\n<li>Fomentar la renovaci\u00f3n y profundizaci\u00f3n de las presentaciones de programas en las conferencias anuales.<\/li>\n<\/ul>\n<p>Invitamos a compartir sus conocimientos y experiencia utilizando la herramienta de mejores pr\u00e1cticas. Esta herramienta est\u00e1 disponible <a href=\"http:\/\/ceca.mini.icom.museum\/wp-content\/uploads\/sites\/5\/2020\/01\/ESPAGNOL_2019_BP_tool_2016.pdf\" target=\"_blank\" rel=\"noopener\">en espa\u00f1ol<\/a> y en los siguientes idiomas.<\/p>\n<p><b class=\"edito\">Traducciones del documento en otros idiomas<br \/>\n<\/b><\/p>\n<p><span class=\"edito\"><a href=\"http:\/\/ceca.mini.icom.museum\/wp-content\/uploads\/sites\/5\/2020\/01\/GERMAN_BP_tool.pdf\" target=\"_blank\" rel=\"noopener\">Alem\u00e1n<\/a>\u00a0\/ <a href=\"http:\/\/ceca.mini.icom.museum\/wp-content\/uploads\/sites\/5\/2020\/01\/ENGLISH_2019_BP_tool_2016.pdf\" target=\"_blank\" rel=\"noopener\">Ingl\u00e9s<\/a> \/ <a href=\"http:\/\/ceca.mini.icom.museum\/wp-content\/uploads\/sites\/5\/2020\/01\/ESPAGNOL_2019_BP_tool_2016.pdf\" target=\"_blank\" rel=\"noopener\">Espa\u00f1ol<\/a> \/ <a href=\"http:\/\/ceca.mini.icom.museum\/wp-content\/uploads\/sites\/5\/2020\/01\/FRANCAIS_2019_BP_tool_2016.pdf\" target=\"_blank\" rel=\"noopener\">Franc\u00e9s<\/a> \/ <a href=\"http:\/\/ceca.mini.icom.museum\/wp-content\/uploads\/sites\/5\/2020\/03\/2015_Armenian_Best_practice_arm_translation.pdf\" target=\"_blank\" rel=\"noopener\">\u0540\u0561\u0575\u0565\u0580\u0565\u0576<\/a> \/<a href=\"http:\/\/ceca.mini.icom.museum\/wp-content\/uploads\/sites\/5\/2020\/01\/PORTUGES_BP_tool.pdf\" target=\"_blank\" rel=\"noopener\">Portugu\u00e9s<\/a> \/ <a href=\"http:\/\/ceca.mini.icom.museum\/wp-content\/uploads\/sites\/5\/2020\/01\/RUSSIAN_BP_tool.pdf\" target=\"_blank\" rel=\"noopener\">\u0420\u0443\u0441\u0441\u043a\u0438\u0439<\/a> \/\u00a0 <a href=\"http:\/\/ceca.mini.icom.museum\/wp-content\/uploads\/sites\/5\/2020\/01\/CHINESE_BP_tool.pdf\" target=\"_blank\" rel=\"noopener\">\u4e2d\u6587<\/a> \/<\/span><\/p>\n<p><!-- END: Content of extension \"hpo_relatedlink\", plugin \"tx_hporelatedlink_pi1\" --><\/p>\n<\/div>\n<p><!-- CONTENT ELEMENT, uid:17542\/textpic [end] --> <!--TYPO3SEARCH_end--><\/p>\n<\/div>\n","protected":false},"excerpt":{"rendered":"<p>La herramienta de mejores pr\u00e1cticas es un instrumento para analizar un proyecto de acci\u00f3n educativo o cultural. Esta herramienta fue desarrollada en respuesta a la petici\u00f3n de los miembros del CECA de compartir un instrumento de direcci\u00f3n para acercarles a un &#8220;proyecto ejemplar&#8221;. La herramienta fue desarrollada por Marie-Clart\u00e9 O&#8217;Neill y Colette Dufresne-Tass\u00e9 y debatida [&hellip;]<\/p>\n","protected":false},"author":1,"featured_media":0,"parent":143,"menu_order":1,"comment_status":"closed","ping_status":"closed","template":"","meta":{"footnotes":""},"yst_prominent_words":[4336,277,123,2087,2088,2085,1042,2091,1046,2084,2082,2090,2086,2071,2083,2081,2080,2070,1044,2089,1047],"acf":[],"_links":{"self":[{"href":"https:\/\/ceca.mini.icom.museum\/es\/wp-json\/wp\/v2\/pages\/866"}],"collection":[{"href":"https:\/\/ceca.mini.icom.museum\/es\/wp-json\/wp\/v2\/pages"}],"about":[{"href":"https:\/\/ceca.mini.icom.museum\/es\/wp-json\/wp\/v2\/types\/page"}],"author":[{"embeddable":true,"href":"https:\/\/ceca.mini.icom.museum\/es\/wp-json\/wp\/v2\/users\/1"}],"replies":[{"embeddable":true,"href":"https:\/\/ceca.mini.icom.museum\/es\/wp-json\/wp\/v2\/comments?post=866"}],"version-history":[{"count":10,"href":"https:\/\/ceca.mini.icom.museum\/es\/wp-json\/wp\/v2\/pages\/866\/revisions"}],"predecessor-version":[{"id":4538,"href":"https:\/\/ceca.mini.icom.museum\/es\/wp-json\/wp\/v2\/pages\/866\/revisions\/4538"}],"up":[{"embeddable":true,"href":"https:\/\/ceca.mini.icom.museum\/es\/wp-json\/wp\/v2\/pages\/143"}],"wp:attachment":[{"href":"https:\/\/ceca.mini.icom.museum\/es\/wp-json\/wp\/v2\/media?parent=866"}],"wp:term":[{"taxonomy":"yst_prominent_words","embeddable":true,"href":"https:\/\/ceca.mini.icom.museum\/es\/wp-json\/wp\/v2\/yst_prominent_words?post=866"}],"curies":[{"name":"wp","href":"https:\/\/api.w.org\/{rel}","templated":true}]}}