{"id":986,"date":"2018-12-18T15:22:05","date_gmt":"2018-12-18T15:22:05","guid":{"rendered":"http:\/\/ceca.icom.cust.oxymium.net\/premio-bp\/premios\/"},"modified":"2026-02-22T18:45:21","modified_gmt":"2026-02-22T18:45:21","slug":"premios","status":"publish","type":"page","link":"https:\/\/ceca.mini.icom.museum\/es\/premio-bp\/premios\/","title":{"rendered":"Premio Best Practice"},"content":{"rendered":"<h2>Presentaci\u00f3n general<\/h2>\n<p>Este premio se organiz\u00f3 inicialmente por las siguientes razones:<\/p>\n<ul>\n<li>Establecer un lenguaje com\u00fan entre los miembros de CECA en todo el mundo, para facilitar el intercambio de experiencias.<\/li>\n<li>Promover la comparaci\u00f3n de programas organizados en distintas partes del mundo, de modo que los miembros de CECA puedan integrar con mayor facilidad ideas externas en su propio trabajo.<\/li>\n<li>Difundir los programas presentados por los miembros de CECA dentro de la comunidad muse\u00edstica, de manera que puedan inspirar a los profesionales del sector.<\/li>\n<\/ul>\n<p>En 2026, el mejor proyecto o programa recibir\u00e1 este premio con base en los criterios que se presentan a continuaci\u00f3n.<br \/>\nLas personas ganadoras tendr\u00e1n la oportunidad de participar en la Conferencia Anual de CECA 2026 en Yakarta (noviembre de 2026).<br \/>\nCECA cubrir\u00e1 la cuota de inscripci\u00f3n y otorgar\u00e1 una contribuci\u00f3n de 500 euros para alojamiento<br \/>\n(los gastos de transporte no estar\u00e1n cubiertos).<\/p>\n<h2>Criterios de evaluaci\u00f3n<\/h2>\n<p><strong>Dise\u00f1o y planificaci\u00f3n del programa (m\u00e1ximo 60 puntos)<\/strong><\/p>\n<ul>\n<li>Objetivos (m\u00e1ximo 10)<\/li>\n<li>Criterios de pertinencia (m\u00e1ximo 20)<\/li>\n<li>Recursos (m\u00e1ximo 5)<\/li>\n<li>Colaboraciones (m\u00e1ximo 5)<\/li>\n<li>Materiales (m\u00e1ximo 10)<\/li>\n<li>M\u00e9todos de mediaci\u00f3n (m\u00e1ximo 10)<\/li>\n<\/ul>\n<p><strong>Implementaci\u00f3n del programa (m\u00e1ximo 20 puntos)<\/strong><\/p>\n<ul>\n<li>Preparaci\u00f3n (m\u00e1ximo 10)<\/li>\n<li>Ejecuci\u00f3n (m\u00e1ximo 10)<\/li>\n<\/ul>\n<p><strong>Estudios, evaluaci\u00f3n y mejora del programa (m\u00e1ximo 20 puntos)<\/strong><\/p>\n<ul>\n<li>Estudios de acompa\u00f1amiento (m\u00e1ximo 5)<\/li>\n<li>Estudios de evaluaci\u00f3n de resultados (m\u00e1ximo 10)<\/li>\n<li>Perspectivas de mejora (m\u00e1ximo 5)<\/li>\n<\/ul>\n<h2>Gu\u00eda para participar en el premio<\/h2>\n<p>El premio est\u00e1 destinado exclusivamente a miembros de CECA<br \/>\n(se excluyen los miembros de la Junta Directiva).<br \/>\nPara confirmar su membres\u00eda, cada candidato debe adjuntar:<\/p>\n<ul>\n<li>Una fotocopia digital de la credencial ICOM con la calcoman\u00eda 2026<\/li>\n<li>El comprobante digitalizado del pago realizado<\/li>\n<\/ul>\n<p>Para participar, los miembros deben completar el formulario de solicitud conforme a los procedimientos establecidos.<br \/>\nEl formulario debe enviarse electr\u00f3nicamente a<br \/>\n<strong>Tejshvi Jain<\/strong>, responsable del Best Practice Award, a<br \/>\n<strong>cecabpawards@gmail.com<\/strong> a m\u00e1s tardar el <strong>4 de mayo de 2026<\/strong>.<\/p>\n<p>No se aceptar\u00e1n solicitudes fuera de plazo ni aquellas que no cumplan con los criterios indicados.<\/p>\n<p>Un jurado internacional evaluar\u00e1 los proyectos presentados.<br \/>\nTodos los proyectos estar\u00e1n sujetos a una doble evaluaci\u00f3n.<\/p>\n<p>La siguiente tabla presenta el calendario completo.<\/p>\n<p>\u00a1Gracias por su atenci\u00f3n y buena suerte!<\/p>\n<p><strong>\u25ba <a href=\"https:\/\/ceca.mini.icom.museum\/wp-content\/uploads\/sites\/5\/2026\/02\/Lienamientos-para-BP-2026-Espanol.pdf\">Detalles para el Premio BP 2026 \u2013 PDF<\/a><\/strong><br \/>\n<strong>\u25ba <a href=\"https:\/\/ceca.mini.icom.museum\/wp-content\/uploads\/sites\/5\/2026\/02\/ESP-Formulario-de-candidatura-2026.pdf\">Formulario de candidaturas 2026 \u2013 PDF<\/a><\/strong><br \/>\n<strong>\u25ba <a href=\"https:\/\/ceca.mini.icom.museum\/wp-content\/uploads\/sites\/5\/2026\/02\/ESP-Formulario-de-candidatura-2026.docx\">Formulario de candidatura 2026 \u2013 Word<\/a><\/strong><\/p>\n","protected":false},"excerpt":{"rendered":"<p>Presentaci\u00f3n general Este premio se organiz\u00f3 inicialmente por las siguientes razones: Establecer un lenguaje com\u00fan entre los miembros de CECA en todo el mundo, para facilitar el intercambio de experiencias. Promover la comparaci\u00f3n de programas organizados en distintas partes del mundo, de modo que los miembros de CECA puedan integrar con mayor facilidad ideas externas [&hellip;]<\/p>\n","protected":false},"author":1,"featured_media":0,"parent":143,"menu_order":2,"comment_status":"closed","ping_status":"closed","template":"","meta":{"footnotes":""},"yst_prominent_words":[353,91,2285,1050,2724],"acf":[],"_links":{"self":[{"href":"https:\/\/ceca.mini.icom.museum\/es\/wp-json\/wp\/v2\/pages\/986"}],"collection":[{"href":"https:\/\/ceca.mini.icom.museum\/es\/wp-json\/wp\/v2\/pages"}],"about":[{"href":"https:\/\/ceca.mini.icom.museum\/es\/wp-json\/wp\/v2\/types\/page"}],"author":[{"embeddable":true,"href":"https:\/\/ceca.mini.icom.museum\/es\/wp-json\/wp\/v2\/users\/1"}],"replies":[{"embeddable":true,"href":"https:\/\/ceca.mini.icom.museum\/es\/wp-json\/wp\/v2\/comments?post=986"}],"version-history":[{"count":51,"href":"https:\/\/ceca.mini.icom.museum\/es\/wp-json\/wp\/v2\/pages\/986\/revisions"}],"predecessor-version":[{"id":14533,"href":"https:\/\/ceca.mini.icom.museum\/es\/wp-json\/wp\/v2\/pages\/986\/revisions\/14533"}],"up":[{"embeddable":true,"href":"https:\/\/ceca.mini.icom.museum\/es\/wp-json\/wp\/v2\/pages\/143"}],"wp:attachment":[{"href":"https:\/\/ceca.mini.icom.museum\/es\/wp-json\/wp\/v2\/media?parent=986"}],"wp:term":[{"taxonomy":"yst_prominent_words","embeddable":true,"href":"https:\/\/ceca.mini.icom.museum\/es\/wp-json\/wp\/v2\/yst_prominent_words?post=986"}],"curies":[{"name":"wp","href":"https:\/\/api.w.org\/{rel}","templated":true}]}}