{"id":992,"date":"2018-12-18T15:22:10","date_gmt":"2018-12-18T15:22:10","guid":{"rendered":"http:\/\/ceca.icom.cust.oxymium.net\/premio-para-investigacion\/procedimiento\/"},"modified":"2020-12-13T17:10:32","modified_gmt":"2020-12-13T17:10:32","slug":"procedimiento","status":"publish","type":"page","link":"https:\/\/ceca.mini.icom.museum\/es\/premio-para-investigacion\/procedimiento\/","title":{"rendered":"El CECA y la investigaci\u00f3n"},"content":{"rendered":"<div>\n<p><!--TYPO3SEARCH_begin--> <!-- CONTENT ELEMENT, uid:16969\/textpic [begin] --><\/p>\n<div>\n<p><!-- Image block: [begin] --><\/p>\n<div>\n<p><!-- Text: [begin] --><\/p>\n<p><strong>El CECA otorga una particular importancia a la investigaci\u00f3n en educaci\u00f3n y en acci\u00f3n cultural<\/strong>, y la promueve a trav\u00e9s de:<\/p>\n<ul>\n<li>El apoyo a una red internacional de investigadores, que cuenta actualmente con m\u00e1s de 100 miembros. Para acceder a ella, es suficiente participar una vez de la Conferencia internacional anual del CECA y expresar el deseo de formar parte de esta.<\/li>\n<li>La convocatoria de un premio, el Premio Colette Dufresne-Tass\u00e9 para la investigaci\u00f3n en educaci\u00f3n y acci\u00f3n cultural;<\/li>\n<li>La presentaci\u00f3n oral de los informes (resultados) de investigaci\u00f3n durante la Conferencia internacional anual.<\/li>\n<li>La publicaci\u00f3n electr\u00f3nica de los informes de investigaciones presentados oralmente que cumplan con las normas para la publicaci\u00f3n como art\u00edculo cient\u00edfico.<\/li>\n<li>Convocando talleres de formaci\u00f3n para desarrollar proyectos o mejorar un proyecto ya iniciado.<\/li>\n<\/ul>\n<p>&nbsp;<\/p>\n<\/div>\n<p><!-- END: Content of extension \"hpo_relatedlink\", plugin \"tx_hporelatedlink_pi1\" --><\/p>\n<\/div>\n<p><!-- CONTENT ELEMENT, uid:16969\/textpic [end] --> <!--TYPO3SEARCH_end--><\/p>\n<\/div>\n","protected":false},"excerpt":{"rendered":"<p>El CECA otorga una particular importancia a la investigaci\u00f3n en educaci\u00f3n y en acci\u00f3n cultural, y la promueve a trav\u00e9s de: El apoyo a una red internacional de investigadores, que cuenta actualmente con m\u00e1s de 100 miembros. Para acceder a ella, es suficiente participar una vez de la Conferencia internacional anual del CECA y expresar [&hellip;]<\/p>\n","protected":false},"author":1,"featured_media":0,"parent":146,"menu_order":1,"comment_status":"closed","ping_status":"closed","template":"","meta":{"footnotes":""},"yst_prominent_words":[814,2188,1161,1742,1162,813,2187,3151,2189,2186,1159,3807,1746,92,1160,1157,2185,1158,1156,3806,1732],"acf":[],"_links":{"self":[{"href":"https:\/\/ceca.mini.icom.museum\/es\/wp-json\/wp\/v2\/pages\/992"}],"collection":[{"href":"https:\/\/ceca.mini.icom.museum\/es\/wp-json\/wp\/v2\/pages"}],"about":[{"href":"https:\/\/ceca.mini.icom.museum\/es\/wp-json\/wp\/v2\/types\/page"}],"author":[{"embeddable":true,"href":"https:\/\/ceca.mini.icom.museum\/es\/wp-json\/wp\/v2\/users\/1"}],"replies":[{"embeddable":true,"href":"https:\/\/ceca.mini.icom.museum\/es\/wp-json\/wp\/v2\/comments?post=992"}],"version-history":[{"count":6,"href":"https:\/\/ceca.mini.icom.museum\/es\/wp-json\/wp\/v2\/pages\/992\/revisions"}],"predecessor-version":[{"id":5994,"href":"https:\/\/ceca.mini.icom.museum\/es\/wp-json\/wp\/v2\/pages\/992\/revisions\/5994"}],"up":[{"embeddable":true,"href":"https:\/\/ceca.mini.icom.museum\/es\/wp-json\/wp\/v2\/pages\/146"}],"wp:attachment":[{"href":"https:\/\/ceca.mini.icom.museum\/es\/wp-json\/wp\/v2\/media?parent=992"}],"wp:term":[{"taxonomy":"yst_prominent_words","embeddable":true,"href":"https:\/\/ceca.mini.icom.museum\/es\/wp-json\/wp\/v2\/yst_prominent_words?post=992"}],"curies":[{"name":"wp","href":"https:\/\/api.w.org\/{rel}","templated":true}]}}