{"id":1009,"date":"2018-12-18T15:22:16","date_gmt":"2018-12-18T15:22:16","guid":{"rendered":"http:\/\/ceca.icom.cust.oxymium.net\/prix-recherche\/ceca\/"},"modified":"2026-01-28T18:53:02","modified_gmt":"2026-01-28T18:53:02","slug":"ceca","status":"publish","type":"page","link":"https:\/\/ceca.mini.icom.museum\/fr\/prix-recherche\/ceca\/","title":{"rendered":"Concourir pour le prix Colette Dufresne-Tass\u00e9 2026"},"content":{"rendered":"<h2>Concourir pour le prix Colette Dufresne-Tass\u00e9 2026<\/h2>\n<p>Cr\u00e9\u00e9 en 2015, le Prix Colette Dufresne-Tass\u00e9 vise \u00e0 stimuler la recherche chez les membres du CECA.<\/p>\n<h2>Description<\/h2>\n<p>Le prix consiste en une contribution de 500 euros destin\u00e9e \u00e0 couvrir les frais d&#8217;h\u00e9bergement et d&#8217;inscription du laur\u00e9at \u00e0 la conf\u00e9rence internationale annuelle du CECA.<br \/>\nIl comprend \u00e9galement la pr\u00e9sentation de l&#8217;article de recherche prim\u00e9 lors de la conf\u00e9rence et sa publication sur le site web du CECA.<\/p>\n<h2>Exigences<\/h2>\n<p>Soumettre un texte de 35\u00a0000 \u00e0 70\u00a0000 caract\u00e8res (espaces compris), r\u00e9dig\u00e9 dans l\u2019une des langues officielles de l\u2019ICOM\u00a0: anglais, fran\u00e7ais ou espagnol.<\/p>\n<p>La structure du texte doit respecter les sections suivantes\u00a0:<\/p>\n<table style=\"height: 386px\" width=\"805\">\n<thead>\n<tr>\n<th>RUBRIQUE<\/th>\n<th>CONTENU<\/th>\n<\/tr>\n<\/thead>\n<tbody>\n<tr>\n<td>1. Titre<\/td>\n<td>Maximum 20 mots<\/td>\n<\/tr>\n<tr>\n<td>2. R\u00e9sum\u00e9<\/td>\n<td>Maximum 500 mots<\/td>\n<\/tr>\n<tr>\n<td>3. Mots-cl\u00e9s<\/td>\n<td>De 3 \u00e0 6 mots-cl\u00e9s<\/td>\n<\/tr>\n<tr>\n<td>4. Justification<\/td>\n<td>La justification doit mettre en \u00e9vidence l\u2019int\u00e9r\u00eat du travail r\u00e9alis\u00e9.<br \/>\nElle inclut le probl\u00e8me et la question de recherche.<\/td>\n<\/tr>\n<tr>\n<td>5. Cadre th\u00e9orique et \u00e9tat de la question<\/td>\n<td>Publications empiriques ou th\u00e9oriques fondant la recherche, ses questions et ses hypoth\u00e8ses.<\/td>\n<\/tr>\n<tr>\n<td>6. M\u00e9thode<\/td>\n<td><strong>\u00c9chantillon\u00a0:<\/strong> personnes fournissant les informations.<br \/>\n<strong>Techniques et instruments\u00a0:<\/strong> utilis\u00e9s pour recueillir les donn\u00e9es n\u00e9cessaires.<br \/>\n<strong>Analyse des donn\u00e9es\u00a0:<\/strong> analyses r\u00e9alis\u00e9es \u00e0 partir des donn\u00e9es recueillies.<\/td>\n<\/tr>\n<tr>\n<td>7. R\u00e9sultats et discussion<\/td>\n<td>Les donn\u00e9es obtenues et leur signification.<\/td>\n<\/tr>\n<tr>\n<td>8. R\u00e9f\u00e9rences<\/td>\n<td>Articles et ouvrages cit\u00e9s dans le texte (APA, 7e \u00e9dition).<\/td>\n<\/tr>\n<tr>\n<td>9. Annexes<\/td>\n<td>Informations compl\u00e9mentaires n\u00e9cessaires \u00e0 la pleine compr\u00e9hension du texte.<\/td>\n<\/tr>\n<\/tbody>\n<\/table>\n<h2><\/h2>\n<h2>\u00c9valuation<\/h2>\n<p>Les textes sont \u00e9valu\u00e9s par un comit\u00e9 de trois membres nomm\u00e9s par le Conseil du CECA selon les crit\u00e8res suivants\u00a0:<\/p>\n<ul>\n<li>la rigueur de la recherche\u00a0;<\/li>\n<li>sa contribution \u00e0 l\u2019\u00e9ducation mus\u00e9ale et\/ou \u00e0 l\u2019action culturelle.<\/li>\n<\/ul>\n<h2>Conditions d\u2019admissibilit\u00e9<\/h2>\n<ul>\n<li>\u00catre membre du CECA \u00e0 titre personnel ou institutionnel et avoir acquitt\u00e9 les frais d\u2019inscription de l\u2019ann\u00e9e de candidature\u00a0;<\/li>\n<li>Avoir men\u00e9 la recherche pour sa propre institution ou pour un groupe d\u2019institutions incluant la sienne\u00a0;<\/li>\n<li>Avoir r\u00e9alis\u00e9 la recherche soi-m\u00eame, sans exclure la collaboration de coll\u00e8gues ou d\u2019\u00e9tudiants<br \/>\n(le cas \u00e9ch\u00e9ant, ils sont consid\u00e9r\u00e9s comme co-auteurs, mais les 500 euros et les frais d\u2019inscription sont vers\u00e9s uniquement au candidat ou, \u00e0 d\u00e9faut, \u00e0 un membre de son \u00e9quipe dont le nom est communiqu\u00e9 au CECA avant l\u2019ouverture de la Conf\u00e9rence internationale annuelle)\u00a0;<\/li>\n<li>La recherche doit \u00eatre originale et ne pas avoir \u00e9t\u00e9 publi\u00e9e auparavant\u00a0;<\/li>\n<li>Les membres du Conseil du CECA ne peuvent pas \u00eatre candidats.<\/li>\n<\/ul>\n<h2>D\u00e9marche<\/h2>\n<ul>\n<li>Soumettre une proposition de communication en pr\u00e9cisant la candidature au Prix\u00a0;<\/li>\n<li>Envoyer un texte de 35\u00a0000 \u00e0 70\u00a0000 caract\u00e8res (espaces compris) \u00e0 prixcdt[at]gmail.com avant le 4 mai 2026\u00a0;<\/li>\n<li>Un mois apr\u00e8s l\u2019annonce de l\u2019attribution du prix, envoyer une photocopie d\u2019un titre de transport<br \/>\n(avion, train ou autobus) \u00e0 prixcdt[at]gmail.com.<\/li>\n<\/ul>\n<h2>Remarques<\/h2>\n<p>Les propositions et textes ne respectant pas la proc\u00e9dure d\u00e9crite, notamment en cas de d\u00e9p\u00f4t hors d\u00e9lai, ne seront pas pris en consid\u00e9ration.<\/p>\n<p>Qu\u2019ils re\u00e7oivent ou non le prix, sous r\u00e9serve de l\u2019acceptation de leur article,<br \/>\nles candidats peuvent pr\u00e9senter oralement leur recherche pendant 20 minutes lors de la Conf\u00e9rence internationale annuelle du CECA.<\/p>\n<p><span lang=\"fr-FR\"><strong>\u25ba\u25ba<\/strong><\/span> <strong><a href=\"https:\/\/ceca.mini.icom.museum\/wp-content\/uploads\/sites\/5\/2026\/01\/2026-Prix-CDT-CECA_FR.pdf\" target=\"_blank\" rel=\"noopener\">Modalit\u00e9s d&#8217;inscription<\/a><\/strong><\/p>\n<p>&nbsp;<\/p>\n<hr \/>\n<h4><strong>Liste des rapports prim\u00e9s<\/strong><\/h4>\n<p><strong>2016<br \/>\nHerv\u00e1s Avil\u00e9s, Rosa Mar\u00eda; S\u00e1nchez L\u00e1zaro, Antonia Maria; Castej\u00f3n Ib\u00e1\u00f1ez, Magdalena<\/strong>, Universidad de Murcia<br \/>\n<a href=\"https:\/\/ceca.mini.icom.museum\/wp-content\/uploads\/sites\/5\/2020\/01\/ICOMILAN_rhervas_web_final_1_02_1.pdf\" target=\"_blank\" rel=\"noopener\">El museo como espacio de desarrollo local. Una experiencia de participaci\u00f3n ciudadana<\/a>.<\/p>\n<p><strong>2019<br \/>\nRubiales Garc\u00eda Jurado, Ricardo<\/strong><br \/>\n<a href=\"http:\/\/network.icom.museum\/fileadmin\/user_upload\/minisites\/ceca\/Publications\/Recherche\/5_II_PRIX_CDT_RUBIALES_2019.pdf\" target=\"_blank\" rel=\"noopener\">M\u00e1s all\u00e1 de tus ojos, una posibilidad para la metacognici\u00f3n, el dise\u00f1o museogr\u00e1fico y el trabajo colaborativo<\/a><\/p>\n<p>\u201c<strong>Mention honorable<\/strong>\u201d <strong>2019<\/strong> \u00e0 deux autres textes :<\/p>\n<ul>\n<li>L\u2019un est sign\u00e9 par <strong>Mariel Carrubba et Leticia Orieta<br \/>\n<\/strong>et s\u2019intitule : \u201c<a href=\"https:\/\/ceca.mini.icom.museum\/wp-content\/uploads\/sites\/5\/2020\/02\/CDT-2019-Carrubba_Orieta_Estadisticas-de-Genero-1.pdf\" target=\"_blank\" rel=\"noopener\">CDT 2019 Carrubba Orieta Estadisticas de Genero-1<\/a>\u201d.<\/li>\n<\/ul>\n<ul>\n<li>L\u2019autre a pour auteurs <strong>Mar\u00eda Paz Undurraga et Candela Arellano<\/strong><br \/>\net son titre est : \u201cVisitantes de museos chilenos: Hacia un primer diagn\u00f3stico nacional de p\u00fablicos de museos\u201d.<\/li>\n<\/ul>\n<p><strong>2020-2021<br \/>\n<\/strong><strong>Victoria Osete et Carlos Egio<\/strong> :<br \/>\n&#8220;Estudio de la relacion entre dos instituciones culturales y su entorno social en el barrio del Carmen de Murcia&#8221; &lt;<a href=\"https:\/\/ceca.mini.icom.museum\/wp-content\/uploads\/sites\/5\/2022\/11\/Estudio-Prix-CDT-2021.pdf\" target=\"_blank\" rel=\"noopener\">ici<\/a>&gt;<br \/>\n<span lang=\"fr-FR\"><strong>\u25ba<\/strong><\/span><a href=\"https:\/\/ceca.mini.icom.museum\/wp-content\/uploads\/sites\/5\/2021\/09\/FRENCH_Laure-ats-du-Prix-CECA-Colette-Dufresne-2021.pdf\" target=\"_blank\" rel=\"noopener\">Laureats et jury<\/a><\/p>\n<p><strong>2023<br \/>\n<\/strong><strong>Mme. Monika Marina Alc\u00e1ntara<\/strong><br \/>\n\u201cLet\u2019s Play. Gamification in Austrian museums.<br \/>\nAn Analysis of its Current Status in Educational Programming&#8221; &#8211; ICOM Autriche &lt;<a href=\"https:\/\/ceca.mini.icom.museum\/wp-content\/uploads\/sites\/5\/2025\/11\/2023-07-20_CDT_Gamification-in-Austrian-museums_Marina-Alcantara-Monika-1-1.pdf\" target=\"_blank\" rel=\"noopener\">ici<\/a>&gt;<\/p>\n<p>Mention honorable 2023<br \/>\n<strong>M. Cheung on Tam<\/strong><br \/>\n&#8220;Creating connections: A study of the impact and effectiveness of a visual arts teacher-curator pedagogy&#8221; &#8211; ICOM Chine &lt;<a href=\"https:\/\/ceca.mini.icom.museum\/wp-content\/uploads\/sites\/5\/2025\/11\/Dr.-Cheung-on-Tam_Virtual-Exhibitions-submission-to-CDT-Award-2023-7-23-1-1.pdf\" target=\"_blank\" rel=\"noopener\">ici<\/a>&gt;<br \/>\n<span lang=\"fr-FR\"><strong>\u25ba<\/strong><\/span><a href=\"https:\/\/ceca.mini.icom.museum\/wp-content\/uploads\/sites\/5\/2023\/07\/FRA_Laureats-du-Prix-CECA-Colette-Dufresne-Tasse-2023.pdf\" target=\"_blank\" rel=\"noopener\">Laureats et jury<\/a><\/p>\n<p><strong>2024<br \/>\n<\/strong><strong>Mme. Ariadna Vargas Trejo<\/strong> \u201cLos c\u00edrculos de reflexi\u00f3n como estrategia de mediaci\u00f3n en la exposici\u00f3n \u201cLa antropolog\u00eda de las cosas\u201d. Una aportaci\u00f3n pr\u00e1ctica para la educaci\u00f3n en museos\u201d MiMuseo Universitario De La Salle &#8211; ICOM Mexico, Senior &lt;<a href=\"https:\/\/ceca.mini.icom.museum\/wp-content\/uploads\/sites\/5\/2025\/11\/Postulacion-PCDT-Ariadna-Vargas-Trejo-1-1.pdf\" target=\"_blank\" rel=\"noopener\">ici<\/a>&gt;<\/p>\n<p><strong>Mme. Jessica BrodeFrank<\/strong> \u201cCrowdsourcing in Museums:<br \/>\nPrioritizing Community Wisdom in an Artificial Intelligence World\u201d Chicago Collections Consortium &#8211; ICOM US, Junior &lt;<a href=\"https:\/\/ceca.mini.icom.museum\/wp-content\/uploads\/sites\/5\/2025\/11\/Jessica-BrodeFrank_CECA-CDT-2024-Award_BrodeFrank_Edited-6-1.pdf\" target=\"_blank\" rel=\"noopener\">ici<\/a>&gt;<br \/>\n<span lang=\"fr-FR\"><strong>\u25ba<\/strong><\/span><a href=\"https:\/\/ceca.mini.icom.museum\/wp-content\/uploads\/sites\/5\/2024\/08\/Laureates-Prix-CECA-Colette-Dufresne-Tasse-FRA.pdf\" target=\"_blank\" rel=\"noopener\">Laur\u00e9ates et jury<\/a><\/p>\n<p><strong>2025<\/strong><br \/>\n<strong>M.Carlos Cruz Florencia<\/strong> \u201cLevantar puentes, construir conversaciones Mediaci\u00f3n en el Museo Interactivo de Econom\u00eda (MIDE)\u201d Museo Interactivo de Econom\u00eda (MIDE) &#8211; ICOM M\u00e9xico Senior &lt;<a href=\"https:\/\/ceca.mini.icom.museum\/wp-content\/uploads\/sites\/5\/2025\/11\/2025_CDT_Carlos-CRuz-1.pdf\" target=\"_blank\" rel=\"noopener\">ici<\/a>&gt;<\/p>\n<p><strong>Mme. Chiara Parisi et Mme. Lavinia\u00a0Caffarelli\u00a0<\/strong> \u201cR.I.S.E. &#8211; Reflect, Inspire, Sustain, Engage: museum collections and educational activities to address eco-anxiety and promote sustainable behaviour\u201d &#8211; ICOM Italie Junior &lt;<a href=\"https:\/\/ceca.mini.icom.museum\/wp-content\/uploads\/sites\/5\/2025\/11\/9_08_25_ParisiCaffarelli_RISE_Reflect-Inspire-Sustain-Engage-museum-collections-and-educational-activities-to-address-eco-anxiety-and-promote-sustainable-behaviour-1.pdf\" target=\"_blank\" rel=\"noopener\">ici<\/a>&gt;<br \/>\n<span lang=\"fr-FR\"><strong>\u25ba<\/strong><\/span><a href=\"https:\/\/ceca.mini.icom.museum\/wp-content\/uploads\/sites\/5\/2025\/08\/2025_RECHERCHE_FRENCH.doc.pdf\" target=\"_blank\" rel=\"noopener\">Laureats et jury<\/a><\/p>\n<hr \/>\n<h5 style=\"text-align: center\"><strong>Laur\u00e9at du Prix Recherche Colette Dufresne-Tass\u00e9 2025<\/strong><\/h5>\n<p style=\"text-align: center\"><strong><img decoding=\"async\" loading=\"lazy\" class=\"aligncenter wp-image-13524\" src=\"https:\/\/ceca.mini.icom.museum\/wp-content\/uploads\/sites\/5\/2025\/08\/Triptique-Recherche-Florencia-Parisi-Caffarelli-658px-300x97.jpg\" alt=\"\" width=\"400\" height=\"129\" srcset=\"https:\/\/ceca.mini.icom.museum\/wp-content\/uploads\/sites\/5\/2025\/08\/Triptique-Recherche-Florencia-Parisi-Caffarelli-658px-300x97.jpg 300w, https:\/\/ceca.mini.icom.museum\/wp-content\/uploads\/sites\/5\/2025\/08\/Triptique-Recherche-Florencia-Parisi-Caffarelli-658px.jpg 658w\" sizes=\"(max-width: 400px) 100vw, 400px\" \/><\/strong>Carlos Cruz Florencia \/ Chiara Parisi et Lavinia Caffarelli<\/p>\n<h5 style=\"text-align: center\"><strong>Laur\u00e9at du Prix Recherche Colette Dufresne-Tass\u00e9 2024<\/strong><\/h5>\n<p style=\"text-align: center\"><img decoding=\"async\" loading=\"lazy\" class=\"alignnone wp-image-11879\" src=\"https:\/\/ceca.mini.icom.museum\/wp-content\/uploads\/sites\/5\/2024\/08\/biptique-Vargas-BrodeFrank-600Rcadr-300x171.jpg\" alt=\"\" width=\"400\" height=\"228\" srcset=\"https:\/\/ceca.mini.icom.museum\/wp-content\/uploads\/sites\/5\/2024\/08\/biptique-Vargas-BrodeFrank-600Rcadr-300x171.jpg 300w, https:\/\/ceca.mini.icom.museum\/wp-content\/uploads\/sites\/5\/2024\/08\/biptique-Vargas-BrodeFrank-600Rcadr.jpg 612w\" sizes=\"(max-width: 400px) 100vw, 400px\" \/><br \/>\nAriadna Vargas Trejo \/ Jessica BrodeFrank<\/p>\n<h5 style=\"text-align: center\"><strong>Laur\u00e9at du Prix Recherche Colette Dufresne-Tass\u00e9\u00a02023<\/strong><\/h5>\n<p style=\"text-align: center\"><img decoding=\"async\" loading=\"lazy\" class=\"alignnone wp-image-10549\" src=\"https:\/\/ceca.mini.icom.museum\/wp-content\/uploads\/sites\/5\/2023\/07\/Recherche-CDT-Alcantara-Cheung-on-Tam-laureats-2023-300x161.jpg\" alt=\"\" width=\"400\" height=\"215\" srcset=\"https:\/\/ceca.mini.icom.museum\/wp-content\/uploads\/sites\/5\/2023\/07\/Recherche-CDT-Alcantara-Cheung-on-Tam-laureats-2023-300x161.jpg 300w, https:\/\/ceca.mini.icom.museum\/wp-content\/uploads\/sites\/5\/2023\/07\/Recherche-CDT-Alcantara-Cheung-on-Tam-laureats-2023.jpg 658w\" sizes=\"(max-width: 400px) 100vw, 400px\" \/><br \/>\nMonika Marina Alc\u00e1ntara et Cheung on Tam<\/p>\n<h5 style=\"text-align: center\"><strong>Laur\u00e9at du Prix Recherche Colette Dufresne-Tass\u00e9 2020-2021<\/strong><\/h5>\n<p style=\"text-align: center\"><img decoding=\"async\" loading=\"lazy\" class=\"alignnone wp-image-7169\" src=\"https:\/\/ceca.mini.icom.museum\/wp-content\/uploads\/sites\/5\/2021\/10\/Victoria-Osete-Carlos-Egio-2021-prix-CDT.jpg\" alt=\"\" width=\"400\" height=\"229\" srcset=\"https:\/\/ceca.mini.icom.museum\/wp-content\/uploads\/sites\/5\/2021\/10\/Victoria-Osete-Carlos-Egio-2021-prix-CDT.jpg 700w, https:\/\/ceca.mini.icom.museum\/wp-content\/uploads\/sites\/5\/2021\/10\/Victoria-Osete-Carlos-Egio-2021-prix-CDT-300x171.jpg 300w\" sizes=\"(max-width: 400px) 100vw, 400px\" \/><br \/>\nVictoria Osete et Carlos Egio<\/p>\n<h5 style=\"text-align: center\"><strong>Laur\u00e9at du Prix Recherche Colette Dufresne-Tass\u00e9 2019<\/strong><\/h5>\n<p style=\"text-align: center\"><img decoding=\"async\" loading=\"lazy\" class=\"aligncenter wp-image-2446\" src=\"https:\/\/ceca.mini.icom.museum\/wp-content\/uploads\/sites\/5\/2019\/12\/Recherche-2019-laur\u00e9at-jury_01r.jpg\" alt=\"\" width=\"400\" height=\"410\" srcset=\"https:\/\/ceca.mini.icom.museum\/wp-content\/uploads\/sites\/5\/2019\/12\/Recherche-2019-laur\u00e9at-jury_01r.jpg 620w, https:\/\/ceca.mini.icom.museum\/wp-content\/uploads\/sites\/5\/2019\/12\/Recherche-2019-laur\u00e9at-jury_01r-293x300.jpg 293w\" sizes=\"(max-width: 400px) 100vw, 400px\" \/>Ricardo Rubiales Garc\u00eda Jurado, laur\u00e9at du prix Colette Dufresne-Tass\u00e9 2019<br \/>\nJury : Rosa Maria Hervas Aviles, Colette Dufresne Tass\u00e9, Anne-Marie Emond.<\/p>\n<p>&nbsp;<\/p>\n<p>&nbsp;<\/p>\n","protected":false},"excerpt":{"rendered":"<p>Concourir pour le prix Colette Dufresne-Tass\u00e9 2026 Cr\u00e9\u00e9 en 2015, le Prix Colette Dufresne-Tass\u00e9 vise \u00e0 stimuler la recherche chez les membres du CECA. Description Le prix consiste en une contribution de 500 euros destin\u00e9e \u00e0 couvrir les frais d&#8217;h\u00e9bergement et d&#8217;inscription du laur\u00e9at \u00e0 la conf\u00e9rence internationale annuelle du CECA. Il comprend \u00e9galement la [&hellip;]<\/p>\n","protected":false},"author":1,"featured_media":0,"parent":145,"menu_order":3,"comment_status":"closed","ping_status":"closed","template":"","meta":{"footnotes":""},"yst_prominent_words":[1213,1212,1635,1634,1246,1211,1640,3130,2312,1210],"acf":[],"_links":{"self":[{"href":"https:\/\/ceca.mini.icom.museum\/fr\/wp-json\/wp\/v2\/pages\/1009"}],"collection":[{"href":"https:\/\/ceca.mini.icom.museum\/fr\/wp-json\/wp\/v2\/pages"}],"about":[{"href":"https:\/\/ceca.mini.icom.museum\/fr\/wp-json\/wp\/v2\/types\/page"}],"author":[{"embeddable":true,"href":"https:\/\/ceca.mini.icom.museum\/fr\/wp-json\/wp\/v2\/users\/1"}],"replies":[{"embeddable":true,"href":"https:\/\/ceca.mini.icom.museum\/fr\/wp-json\/wp\/v2\/comments?post=1009"}],"version-history":[{"count":58,"href":"https:\/\/ceca.mini.icom.museum\/fr\/wp-json\/wp\/v2\/pages\/1009\/revisions"}],"predecessor-version":[{"id":14371,"href":"https:\/\/ceca.mini.icom.museum\/fr\/wp-json\/wp\/v2\/pages\/1009\/revisions\/14371"}],"up":[{"embeddable":true,"href":"https:\/\/ceca.mini.icom.museum\/fr\/wp-json\/wp\/v2\/pages\/145"}],"wp:attachment":[{"href":"https:\/\/ceca.mini.icom.museum\/fr\/wp-json\/wp\/v2\/media?parent=1009"}],"wp:term":[{"taxonomy":"yst_prominent_words","embeddable":true,"href":"https:\/\/ceca.mini.icom.museum\/fr\/wp-json\/wp\/v2\/yst_prominent_words?post=1009"}],"curies":[{"name":"wp","href":"https:\/\/api.w.org\/{rel}","templated":true}]}}