{"id":1012,"date":"2018-12-18T15:22:21","date_gmt":"2018-12-18T15:22:21","guid":{"rendered":"http:\/\/ceca.icom.cust.oxymium.net\/prix-recherche\/nature-du-prix\/"},"modified":"2020-12-16T00:58:13","modified_gmt":"2020-12-16T00:58:13","slug":"nature-du-prix","status":"publish","type":"page","link":"https:\/\/ceca.mini.icom.museum\/fr\/prix-recherche\/nature-du-prix\/","title":{"rendered":"Pr\u00e9senter oralement les r\u00e9sultats d&#8217;une recherche"},"content":{"rendered":"<div>\n<p><!--TYPO3SEARCH_begin--><\/p>\n<p>Chaque ann\u00e9e, les membres du CECA peuvent pr\u00e9senter oralement un rapport de recherche empirique, historique ou th\u00e9orique (commmunication de recherche) de 20 minutes. La date et le mode d&#8217;envoi d&#8217;une proposition de communication sont indiqu\u00e9s sur le site web du comit\u00e9.<\/p>\n<p><strong>Caract\u00e9ristiques d&#8217;un rapport selon le type de la recherche pr\u00e9sent\u00e9<\/strong><\/p>\n<p><strong>Recherche empirique<\/strong><\/p>\n<ol>\n<li>L\u2019observation ou le probl\u00e8me qui a suscit\u00e9 la recherche\u00a0;<\/li>\n<li>Les investigations et les th\u00e9ories d\u00e9j\u00e0 publi\u00e9es sur le sujet investigu\u00e9 ;<\/li>\n<li>Les questions ou les hypoth\u00e8ses qui ont guid\u00e9 la collecte d\u2019information\u00a0;<\/li>\n<li>L&#8217;\u00e9chantillon (ou la population) utilis\u00e9, sa pr\u00e9sentation et sa justification\u00a0(pourquoi<br \/>\non l&#8217;a choisi);<\/li>\n<li>Les instruments, leur description et leur justification ;<\/li>\n<li>La mani\u00e8re d&#8217;analyser l&#8217;information obtenue ;<\/li>\n<li>Les r\u00e9sultats, leur description, leur signification\u00a0et ce qu\u2019ils apportent \u00e0 l\u2019\u00e9ducation mus\u00e9ale, \u00e0 l\u2019action culturelle ou \u00e0 la mus\u00e9ologie\u00a0;<\/li>\n<li>La suggestion de nouvelles pistes de recherche\u00a0;<\/li>\n<li>La liste compl\u00e8te des ouvrages ou des articles cit\u00e9s\u00a0(<a href=\"http:\/\/network.icom.museum\/fileadmin\/user_upload\/minisites\/ceca\/Publications\/Recherche\/APA_Guide_6th_Edition_ang.pdf\" target=\"_blank\" rel=\"noopener\">normes APA n\u00b06 \/ Ang) <\/a><\/li>\n<\/ol>\n<p><strong>Recherche historique<\/strong><\/p>\n<ol>\n<li>L\u2019\u00e9tat pr\u00e9sent du sujet \u00e9tudi\u00e9 \u00e0 partir des publications existantes ;<\/li>\n<li>La formulation d\u2019une ou de plusieurs questions ;<\/li>\n<li>La d\u00e9finition des principaux concepts employ\u00e9s ;<\/li>\n<li>L\u2019identification des sources primaires et secondaires utilis\u00e9es ;<\/li>\n<li>Les r\u00e9sultats de leur \u00e9tude, qui permettent, entre autres :<br \/>\n&#8211; d\u2019\u00e9tablir un ou des faits ;<br \/>\n&#8211; de le(s) d\u00e9crire ;<br \/>\n&#8211; de le(s) expliquer, c\u2019est-\u00e0-dire d\u2019en cerner la ou les cause(s) ;<br \/>\n&#8211; d\u2019en tirer des cons\u00e9quences ;<br \/>\n&#8211; de les replacer dans un contexte plus vaste ;<\/li>\n<li>L\u2019apport des r\u00e9sultats \u00e0 l\u2019\u00e9ducation mus\u00e9ale, \u00e0 l\u2019action culturelle ou \u00e0 la mus\u00e9ologie ;<\/li>\n<li>Suggestions de nouvelles pistes de recherche ;<\/li>\n<li>La liste compl\u00e8te des livres ou articles cit\u00e9s. (<a href=\"http:\/\/network.icom.museum\/fileadmin\/user_upload\/minisites\/ceca\/Publications\/Recherche\/APA_Guide_6th_Edition_ang.pdf\" target=\"_blank\" rel=\"noopener\">normes APA n\u00b06 \/ Ang<\/a>).<\/li>\n<\/ol>\n<p><strong>Recherche th\u00e9orique<\/strong><\/p>\n<ol>\n<li>L&#8217;observation, la question ou le probl\u00e8me qui a motiv\u00e9 la recherche ;<\/li>\n<li>Un r\u00e9sum\u00e9 des textes d\u00e9j\u00e0 publi\u00e9s sur le sujet, ce qu&#8217;ils apportent et leurs insuffisances ;<\/li>\n<li>La d\u00e9marche utilis\u00e9e pour r\u00e9pondre \u00e0 la question ou pour trouver une solution au probl\u00e8me trait\u00e9 ;<\/li>\n<li>L\u2019aboutissement de la d\u00e9marche et ce qu\u2019elle apporte \u00e0 l\u2019\u00e9ducation mus\u00e9ale, \u00e0 l\u2019action cultuelle ou \u00e0 la mus\u00e9ologie ;<\/li>\n<li>Suggestions de nouvelles pistes de recherche ;<\/li>\n<li>La liste compl\u00e8te des livres ou articles cit\u00e9s (<a href=\"http:\/\/ceca.mini.icom.museum\/wp-content\/uploads\/sites\/5\/2020\/12\/Guia-Normas-APA-7ma-edicion.pdf\" target=\"_blank\" rel=\"noopener\">normes APA n\u00b0 7 \/ esp<\/a>).<\/li>\n<\/ol>\n<p>Remarque\u00a0: une recherche th\u00e9orique n\u2019est donc pas simplement une revue de publications ou une pr\u00e9sentation d\u2019opinion ou de position personnelle.<\/p>\n<p><strong>APA<br \/>\n<\/strong>L&#8217;APA est l&#8217;un des nombreux styles de r\u00e9f\u00e9rencement utilis\u00e9s dans la r\u00e9daction acad\u00e9mique. APA signifie American Psychological Association. L&#8217;Association d\u00e9crit le style dans le manuel de publication de l&#8217;American Psychological Association (6e \u00e9d.).<br \/>\n[<a href=\"http:\/\/network.icom.museum\/fileadmin\/user_upload\/minisites\/ceca\/Publications\/Recherche\/APA_Guide_6th_Edition_ang.pdf\" target=\"_blank\" rel=\"noopener\">voir en ligne<\/a>]<\/p>\n<p><!--TYPO3SEARCH_end--><\/p>\n<p>&nbsp;<\/p>\n<\/div>\n","protected":false},"excerpt":{"rendered":"<p>Chaque ann\u00e9e, les membres du CECA peuvent pr\u00e9senter oralement un rapport de recherche empirique, historique ou th\u00e9orique (commmunication de recherche) de 20 minutes. La date et le mode d&#8217;envoi d&#8217;une proposition de communication sont indiqu\u00e9s sur le site web du comit\u00e9. Caract\u00e9ristiques d&#8217;un rapport selon le type de la recherche pr\u00e9sent\u00e9 Recherche empirique L\u2019observation ou [&hellip;]<\/p>\n","protected":false},"author":1,"featured_media":0,"parent":145,"menu_order":2,"comment_status":"closed","ping_status":"closed","template":"","meta":{"footnotes":""},"yst_prominent_words":[1618,1614,1581,1627,1620,3849,1621,1628,1619,1615,1622,1617,1625,1626,1629,1623,3850,1616,3851,1624],"acf":[],"_links":{"self":[{"href":"https:\/\/ceca.mini.icom.museum\/fr\/wp-json\/wp\/v2\/pages\/1012"}],"collection":[{"href":"https:\/\/ceca.mini.icom.museum\/fr\/wp-json\/wp\/v2\/pages"}],"about":[{"href":"https:\/\/ceca.mini.icom.museum\/fr\/wp-json\/wp\/v2\/types\/page"}],"author":[{"embeddable":true,"href":"https:\/\/ceca.mini.icom.museum\/fr\/wp-json\/wp\/v2\/users\/1"}],"replies":[{"embeddable":true,"href":"https:\/\/ceca.mini.icom.museum\/fr\/wp-json\/wp\/v2\/comments?post=1012"}],"version-history":[{"count":15,"href":"https:\/\/ceca.mini.icom.museum\/fr\/wp-json\/wp\/v2\/pages\/1012\/revisions"}],"predecessor-version":[{"id":6010,"href":"https:\/\/ceca.mini.icom.museum\/fr\/wp-json\/wp\/v2\/pages\/1012\/revisions\/6010"}],"up":[{"embeddable":true,"href":"https:\/\/ceca.mini.icom.museum\/fr\/wp-json\/wp\/v2\/pages\/145"}],"wp:attachment":[{"href":"https:\/\/ceca.mini.icom.museum\/fr\/wp-json\/wp\/v2\/media?parent=1012"}],"wp:term":[{"taxonomy":"yst_prominent_words","embeddable":true,"href":"https:\/\/ceca.mini.icom.museum\/fr\/wp-json\/wp\/v2\/yst_prominent_words?post=1012"}],"curies":[{"name":"wp","href":"https:\/\/api.w.org\/{rel}","templated":true}]}}