{"id":1015,"date":"2018-12-18T15:22:24","date_gmt":"2018-12-18T15:22:24","guid":{"rendered":"http:\/\/ceca.icom.cust.oxymium.net\/bourse-de-voyage\/bourse-2018\/"},"modified":"2026-02-24T11:35:40","modified_gmt":"2026-02-24T11:35:40","slug":"prix-ceca-jeunes-membres","status":"publish","type":"page","link":"https:\/\/ceca.mini.icom.museum\/fr\/reseau-jeunes-membres\/prix-ceca-jeunes-membres\/","title":{"rendered":"Prix Jeunes Membres"},"content":{"rendered":"<h2>Prix des jeunes membres 2026<\/h2>\n<p>Crit\u00e8res et lignes directrices pour la soumission de la vid\u00e9o du Prix des jeunes membres.<\/p>\n<p><strong>Qui peut soumettre une candidature :<\/strong><\/p>\n<ul>\n<li>Jeunes membres de l\u2019ICOM-CECA de moins de 36 ans<\/li>\n<li>Ayant particip\u00e9 \u00e0 au moins deux r\u00e9unions du R\u00e9seau des jeunes membres<\/li>\n<\/ul>\n<p><strong>Date limite de candidature :<\/strong> 4 mai 2026<\/p>\n<p>Un mois apr\u00e8s avoir \u00e9t\u00e9 inform\u00e9(e) de votre s\u00e9lection, veuillez envoyer une photocopie<br \/>\nd\u2019un document de voyage (avion, train ou bus) \u00e0<br \/>\n<strong>cecaymawards[at]gmail.com<\/strong>.<\/p>\n<p><strong>Ce qu\u2019il faut soumettre :<\/strong><\/p>\n<ul>\n<li>Une vid\u00e9o sur un projet d\u2019\u00e9ducation mus\u00e9ale.<\/li>\n<li>La vid\u00e9o doit porter sur <strong>un seul<\/strong> programme ou initiative.<\/li>\n<li>Le programme contribue \u00e0 la pratique du d\u00e9veloppement durable<br \/>\ndans l\u2019\u00e9ducation mus\u00e9ale et la participation des visiteurs.<\/li>\n<\/ul>\n<p><strong>Comment soumettre la vid\u00e9o :<\/strong><br \/>\nPar WeTransfer ou par e-mail \u00e0 <strong>cecaymawards[at]gmail.com<\/strong>.<\/p>\n<p><strong>Conditions de pr\u00e9sentation :<\/strong><\/p>\n<ul>\n<li>Format MP4, horizontal 16:9<\/li>\n<li>Dur\u00e9e maximale : 5 minutes<\/li>\n<li>Son clair, sans bruit de fond g\u00eanant<\/li>\n<li>La vid\u00e9o doit \u00eatre pr\u00e9sent\u00e9e et sous-titr\u00e9e dans au moins une langue officielle de l\u2019ICOM.<br \/>\nSi elle est pr\u00e9sent\u00e9e dans une autre langue, les sous-titres doivent \u00eatre en anglais,<br \/>\nfran\u00e7ais ou espagnol. Si elle est pr\u00e9sent\u00e9e dans une langue de l\u2019ICOM, les sous-titres<br \/>\ndoivent \u00eatre dans l\u2019une des deux autres.<\/li>\n<li>Des images ou des vid\u00e9os peuvent soutenir la pr\u00e9sentation<\/li>\n<\/ul>\n<p><strong>Sujet :<\/strong> Pratique du d\u00e9veloppement durable dans l\u2019\u00e9ducation mus\u00e9ale<br \/>\net la participation des visiteurs<\/p>\n<p>Le projet contribue durablement \u00e0 l\u2019une des trois cat\u00e9gories suivantes :<\/p>\n<ul>\n<li>Lien social et d\u00e9veloppement personnel<\/li>\n<li>Environnement et territoires locaux<\/li>\n<li>Conservation et gestion du patrimoine<\/li>\n<\/ul>\n<p><strong>Contenu de la vid\u00e9o :<\/strong><\/p>\n<p><strong>Informations g\u00e9n\u00e9rales sur le mus\u00e9e :<\/strong><\/p>\n<ul>\n<li>Type de mus\u00e9e, type de collection(s), vision et mission<\/li>\n<li>Justification de l\u2019\u00e9laboration du programme<\/li>\n<li>Public cible<\/li>\n<\/ul>\n<p><strong>Pertinence du projet :<\/strong><\/p>\n<ul>\n<li>Pertinence institutionnelle (mission, strat\u00e9gies, plans)<\/li>\n<li>Pertinence scientifique (collections et r\u00e9cits)<\/li>\n<li>Valeur sociale et relation avec les publics<\/li>\n<\/ul>\n<p><strong>Contenu du projet :<\/strong> Sur quoi porte le projet ?<\/p>\n<p><strong>D\u00e9fis :<\/strong> Quels ont \u00e9t\u00e9 les d\u00e9fis et comment le projet sera-t-il poursuivi ?<\/p>\n<p><strong>R\u00f4le personnel :<\/strong> Expliquez votre r\u00f4le personnel dans l\u2019\u00e9laboration<br \/>\nou la gestion du programme.<\/p>\n<p>Si vous avez une question concernant ces lignes directrices,<br \/>\napportez-la \u00e0 la prochaine r\u00e9union du R\u00e9seau des jeunes membres.<\/p>\n<p>&lt;<strong><a href=\"https:\/\/ceca.mini.icom.museum\/wp-content\/uploads\/sites\/5\/2025\/10\/2025-FR_GuidelinesYMAwards.pdf\" target=\"_blank\" rel=\"noopener\">Modalit\u00e9s<\/a><\/strong>&gt;<\/p>\n<div><\/div>\n<div>\n<hr \/>\n<\/div>\n<p><strong>Laur\u00e9at 2025 :<br \/>\n<\/strong><strong><img decoding=\"async\" loading=\"lazy\" class=\"alignright wp-image-13614\" src=\"https:\/\/ceca.mini.icom.museum\/wp-content\/uploads\/sites\/5\/2025\/09\/Arthur-Jorgensen-winner-Young-Members-Award-2025-300pxR-cadre-220x300.jpg\" alt=\"\" width=\"130\" height=\"177\" srcset=\"https:\/\/ceca.mini.icom.museum\/wp-content\/uploads\/sites\/5\/2025\/09\/Arthur-Jorgensen-winner-Young-Members-Award-2025-300pxR-cadre-220x300.jpg 220w, https:\/\/ceca.mini.icom.museum\/wp-content\/uploads\/sites\/5\/2025\/09\/Arthur-Jorgensen-winner-Young-Members-Award-2025-300pxR-cadre.jpg 312w\" sizes=\"(max-width: 130px) 100vw, 130px\" \/>Arthur J\u00f8rgensen<\/strong>, projet &#8220;Minority: Visibility and Insight&#8221;. Universit\u00e9 d&#8217;Aarhus, Danemark.<br \/>\n&#8220;Ce projet est un cours \u00e9ducatif destin\u00e9 aux \u00e9l\u00e8ves \u00e2g\u00e9s de 12 \u00e0 16 ans, qui explore l&#8217;histoire et les exp\u00e9riences v\u00e9cues de trois groupes minoritaires : les personnes handicap\u00e9es, les personnes LGBTQ+ et les minorit\u00e9s ethniques. Notre objectif est de renforcer la conscience historique des \u00e9l\u00e8ves tout en favorisant la r\u00e9flexion, la reconnaissance et la compr\u00e9hension de soi pendant leurs ann\u00e9es de formation&#8221;.<\/p>\n<p><strong>Autres participant\u00b7e\u00b7s 2025<\/strong><\/p>\n<ul>\n<li>Ana Carolina Vicente (Br\u00e9sil)<\/li>\n<li>Binderiya Munkhbat (Mongolie)<\/li>\n<li>Elena Carta (Italie)<\/li>\n<li>Juhi Sadiya (Inde)<\/li>\n<li>Justine Grethen (France)<\/li>\n<\/ul>\n<p><a href=\"https:\/\/drive.google.com\/drive\/folders\/1h-G9OwaTYsz84-HmxSQDfo_RyGsegBRI?hl=nl\" target=\"_blank\" rel=\"noopener\"><strong>Voir toutes les vid\u00e9os<\/strong><br \/>\n<\/a><\/p>\n<hr \/>\n<p><strong>Laur\u00e9ate\u00a0 2024 :<img decoding=\"async\" loading=\"lazy\" class=\"alignright wp-image-11976\" src=\"https:\/\/ceca.mini.icom.museum\/wp-content\/uploads\/sites\/5\/2024\/10\/Adriana-Palafox-Argaiz-JM_-2024-08-13-cadre-site-300x226.jpeg\" alt=\"\" width=\"150\" height=\"113\" srcset=\"https:\/\/ceca.mini.icom.museum\/wp-content\/uploads\/sites\/5\/2024\/10\/Adriana-Palafox-Argaiz-JM_-2024-08-13-cadre-site-300x226.jpeg 300w, https:\/\/ceca.mini.icom.museum\/wp-content\/uploads\/sites\/5\/2024\/10\/Adriana-Palafox-Argaiz-JM_-2024-08-13-cadre-site.jpeg 487w\" sizes=\"(max-width: 150px) 100vw, 150px\" \/><\/strong><br \/>\n<strong>A<\/strong><strong>driana Palafox<\/strong>, Mexique.<br \/>\nLa vid\u00e9o nous montre \u00e0 quel point le d\u00e9veloppement personnel est important pour atteindre des objectifs communs.<\/p>\n<hr \/>\n<p><strong>Les 3 laur\u00e9ats 2023 :<\/strong> nous avons re\u00e7u 15 vid\u00e9os de jeunes membres du CECA provenant du monde entier. De l&#8217;Inde, de l&#8217;Arm\u00e9nie au Br\u00e9sil et du Bangladesh \u00e0 l&#8217;Egypte en passant par la Catalogne.<br \/>\n<a href=\"https:\/\/ceca.mini.icom.museum\/wp-content\/uploads\/sites\/5\/2023\/09\/Video-awards-2023.pdf\" target=\"_blank\" rel=\"noopener\">&lt;Gagnants du Prix CECA Jeunes Membres&gt;<\/a>.<img decoding=\"async\" loading=\"lazy\" class=\"alignright wp-image-10694\" src=\"https:\/\/ceca.mini.icom.museum\/wp-content\/uploads\/sites\/5\/2023\/09\/Triptique-laureats-video-YM-2023-700R-300x300.jpg\" alt=\"\" width=\"160\" height=\"160\" srcset=\"https:\/\/ceca.mini.icom.museum\/wp-content\/uploads\/sites\/5\/2023\/09\/Triptique-laureats-video-YM-2023-700R-300x300.jpg 300w, https:\/\/ceca.mini.icom.museum\/wp-content\/uploads\/sites\/5\/2023\/09\/Triptique-laureats-video-YM-2023-700R-150x150.jpg 150w, https:\/\/ceca.mini.icom.museum\/wp-content\/uploads\/sites\/5\/2023\/09\/Triptique-laureats-video-YM-2023-700R.jpg 700w\" sizes=\"(max-width: 160px) 100vw, 160px\" \/><\/p>\n<ol>\n<li style=\"text-align: left\">Premi\u00e8re place : Muminur Rashid, National Museum of Science and Technology (NMST), Bangladesh.<\/li>\n<li style=\"text-align: left\">Second Place: Clare Murray, cARTie, art museum bus, USA.<\/li>\n<li style=\"text-align: left\">Troisi\u00e8me place : Johanna Palmeyro, professionnelle de mus\u00e9e (Argentine) en co-cr\u00e9ation avec le mus\u00e9e d&#8217;art de Singapour.<\/li>\n<\/ol>\n<p>&nbsp;<\/p>\n<p style=\"text-align: center\">Vid\u00e9o du premier prix : Laur\u00e9at Muminur Rashid<\/p>\n<p style=\"text-align: center\"><iframe loading=\"lazy\" title=\"1er prix 2023 ceca JM MuminurRashid NMSTBangladesh 961Mo\" width=\"500\" height=\"281\" src=\"https:\/\/www.youtube.com\/embed\/tICqDkanvac?feature=oembed\" frameborder=\"0\" allow=\"accelerometer; autoplay; clipboard-write; encrypted-media; gyroscope; picture-in-picture; web-share\" referrerpolicy=\"strict-origin-when-cross-origin\" allowfullscreen><\/iframe><\/p>\n<p style=\"text-align: center\">National Museum of Science and Technology (NMST), Bangladesh.<\/p>\n<p>&nbsp;<\/p>\n<p>&nbsp;<\/p>\n","protected":false},"excerpt":{"rendered":"<p>Prix des jeunes membres 2026 Crit\u00e8res et lignes directrices pour la soumission de la vid\u00e9o du Prix des jeunes membres. Qui peut soumettre une candidature : Jeunes membres de l\u2019ICOM-CECA de moins de 36 ans Ayant particip\u00e9 \u00e0 au moins deux r\u00e9unions du R\u00e9seau des jeunes membres Date limite de candidature : 4 mai 2026 [&hellip;]<\/p>\n","protected":false},"author":1,"featured_media":0,"parent":148,"menu_order":1,"comment_status":"closed","ping_status":"closed","template":"","meta":{"footnotes":""},"yst_prominent_words":[2775],"acf":[],"_links":{"self":[{"href":"https:\/\/ceca.mini.icom.museum\/fr\/wp-json\/wp\/v2\/pages\/1015"}],"collection":[{"href":"https:\/\/ceca.mini.icom.museum\/fr\/wp-json\/wp\/v2\/pages"}],"about":[{"href":"https:\/\/ceca.mini.icom.museum\/fr\/wp-json\/wp\/v2\/types\/page"}],"author":[{"embeddable":true,"href":"https:\/\/ceca.mini.icom.museum\/fr\/wp-json\/wp\/v2\/users\/1"}],"replies":[{"embeddable":true,"href":"https:\/\/ceca.mini.icom.museum\/fr\/wp-json\/wp\/v2\/comments?post=1015"}],"version-history":[{"count":52,"href":"https:\/\/ceca.mini.icom.museum\/fr\/wp-json\/wp\/v2\/pages\/1015\/revisions"}],"predecessor-version":[{"id":14544,"href":"https:\/\/ceca.mini.icom.museum\/fr\/wp-json\/wp\/v2\/pages\/1015\/revisions\/14544"}],"up":[{"embeddable":true,"href":"https:\/\/ceca.mini.icom.museum\/fr\/wp-json\/wp\/v2\/pages\/148"}],"wp:attachment":[{"href":"https:\/\/ceca.mini.icom.museum\/fr\/wp-json\/wp\/v2\/media?parent=1015"}],"wp:term":[{"taxonomy":"yst_prominent_words","embeddable":true,"href":"https:\/\/ceca.mini.icom.museum\/fr\/wp-json\/wp\/v2\/yst_prominent_words?post=1015"}],"curies":[{"name":"wp","href":"https:\/\/api.w.org\/{rel}","templated":true}]}}