{"id":10964,"date":"2023-12-06T14:15:37","date_gmt":"2023-12-06T14:15:37","guid":{"rendered":"https:\/\/ceca.mini.icom.museum\/?page_id=10964"},"modified":"2023-12-06T14:16:14","modified_gmt":"2023-12-06T14:16:14","slug":"album-photo-conference-singapour-2023","status":"publish","type":"page","link":"https:\/\/ceca.mini.icom.museum\/fr\/album-photo-conference-singapour-2023\/","title":{"rendered":"Album photo Conf\u00e9rence Singapour 2023"},"content":{"rendered":"<p><img decoding=\"async\" loading=\"lazy\" class=\"aligncenter wp-image-10970\" src=\"https:\/\/ceca.mini.icom.museum\/wp-content\/uploads\/sites\/5\/2023\/12\/cartel-album-04-700px-300x151.jpg\" alt=\"\" width=\"400\" height=\"202\" srcset=\"https:\/\/ceca.mini.icom.museum\/wp-content\/uploads\/sites\/5\/2023\/12\/cartel-album-04-700px-300x151.jpg 300w, https:\/\/ceca.mini.icom.museum\/wp-content\/uploads\/sites\/5\/2023\/12\/cartel-album-04-700px.jpg 700w\" sizes=\"(max-width: 400px) 100vw, 400px\" \/><\/p>\n<p><strong>Vous pourrez acc\u00e9der tr\u00e8s prochainement sur ce site<\/strong> \u00e0 l&#8217;album photo souvenir des temps forts de la conf\u00e9rence annuelle 2023 de Singapour.<\/p>\n<p><strong>Photos reproduites avec l&#8217;aimable autorisation<\/strong> du NHB, Asmah ALIAS, Rosa Mar\u00eda HERVAS AVILES, Wencke MADERBACHER.<br \/>\nConception et mise en forme Marie-Fran\u00e7oise DELVAL.<\/p>\n<p><img decoding=\"async\" loading=\"lazy\" class=\"aligncenter wp-image-10976\" src=\"https:\/\/ceca.mini.icom.museum\/wp-content\/uploads\/sites\/5\/2023\/12\/cartel-photographes-monteurs-03-300x106.jpg\" alt=\"\" width=\"600\" height=\"212\" srcset=\"https:\/\/ceca.mini.icom.museum\/wp-content\/uploads\/sites\/5\/2023\/12\/cartel-photographes-monteurs-03-300x106.jpg 300w, https:\/\/ceca.mini.icom.museum\/wp-content\/uploads\/sites\/5\/2023\/12\/cartel-photographes-monteurs-03-1024x361.jpg 1024w, https:\/\/ceca.mini.icom.museum\/wp-content\/uploads\/sites\/5\/2023\/12\/cartel-photographes-monteurs-03-768x271.jpg 768w, https:\/\/ceca.mini.icom.museum\/wp-content\/uploads\/sites\/5\/2023\/12\/cartel-photographes-monteurs-03-1536x541.jpg 1536w, https:\/\/ceca.mini.icom.museum\/wp-content\/uploads\/sites\/5\/2023\/12\/cartel-photographes-monteurs-03.jpg 1892w\" sizes=\"(max-width: 600px) 100vw, 600px\" \/><\/p>\n","protected":false},"excerpt":{"rendered":"<p>Vous pourrez acc\u00e9der tr\u00e8s prochainement sur ce site \u00e0 l&#8217;album photo souvenir des temps forts de la conf\u00e9rence annuelle 2023 de Singapour. Photos reproduites avec l&#8217;aimable autorisation du NHB, Asmah ALIAS, Rosa Mar\u00eda HERVAS AVILES, Wencke MADERBACHER. Conception et mise en forme Marie-Fran\u00e7oise DELVAL.<\/p>\n","protected":false},"author":31,"featured_media":10965,"parent":0,"menu_order":0,"comment_status":"closed","ping_status":"closed","template":"","meta":{"footnotes":""},"yst_prominent_words":[277],"acf":[],"_links":{"self":[{"href":"https:\/\/ceca.mini.icom.museum\/fr\/wp-json\/wp\/v2\/pages\/10964"}],"collection":[{"href":"https:\/\/ceca.mini.icom.museum\/fr\/wp-json\/wp\/v2\/pages"}],"about":[{"href":"https:\/\/ceca.mini.icom.museum\/fr\/wp-json\/wp\/v2\/types\/page"}],"author":[{"embeddable":true,"href":"https:\/\/ceca.mini.icom.museum\/fr\/wp-json\/wp\/v2\/users\/31"}],"replies":[{"embeddable":true,"href":"https:\/\/ceca.mini.icom.museum\/fr\/wp-json\/wp\/v2\/comments?post=10964"}],"version-history":[{"count":7,"href":"https:\/\/ceca.mini.icom.museum\/fr\/wp-json\/wp\/v2\/pages\/10964\/revisions"}],"predecessor-version":[{"id":10980,"href":"https:\/\/ceca.mini.icom.museum\/fr\/wp-json\/wp\/v2\/pages\/10964\/revisions\/10980"}],"wp:featuredmedia":[{"embeddable":true,"href":"https:\/\/ceca.mini.icom.museum\/fr\/wp-json\/wp\/v2\/media\/10965"}],"wp:attachment":[{"href":"https:\/\/ceca.mini.icom.museum\/fr\/wp-json\/wp\/v2\/media?parent=10964"}],"wp:term":[{"taxonomy":"yst_prominent_words","embeddable":true,"href":"https:\/\/ceca.mini.icom.museum\/fr\/wp-json\/wp\/v2\/yst_prominent_words?post=10964"}],"curies":[{"name":"wp","href":"https:\/\/api.w.org\/{rel}","templated":true}]}}