{"id":151,"date":"2018-12-18T15:18:09","date_gmt":"2018-12-18T15:18:09","guid":{"rendered":"http:\/\/ceca.icom.cust.oxymium.net\/a-propos\/quest-ce-ceca\/"},"modified":"2019-12-10T12:59:23","modified_gmt":"2019-12-10T12:59:23","slug":"quest-ce-ceca","status":"publish","type":"page","link":"https:\/\/ceca.mini.icom.museum\/fr\/qui-sommes-nous\/quest-ce-ceca\/","title":{"rendered":"Qu&#8217;est-ce que l&#8217;ICOM CECA ?"},"content":{"rendered":"<p><img decoding=\"async\" loading=\"lazy\" class=\"aligncenter wp-image-2726 size-full\" src=\"http:\/\/ceca.mini.icom.museum\/wp-content\/uploads\/sites\/5\/2019\/12\/publications_montage_2.jpg\" alt=\"\" width=\"754\" height=\"218\" srcset=\"https:\/\/ceca.mini.icom.museum\/wp-content\/uploads\/sites\/5\/2019\/12\/publications_montage_2.jpg 754w, https:\/\/ceca.mini.icom.museum\/wp-content\/uploads\/sites\/5\/2019\/12\/publications_montage_2-300x87.jpg 300w\" sizes=\"(max-width: 754px) 100vw, 754px\" \/><\/p>\n<p class=\"chapeau\"><strong><a href=\"https:\/\/icom.museum\/fr\/\" target=\"_blank\" rel=\"noopener\">Le Conseil international des mus\u00e9es<\/a> (ICOM)<\/strong> est une organisation non gouvernementale de professionnels des mus\u00e9es qui a pour but d&#8217;\u00e9changer des informations scientifiques au niveau international, d&#8217;\u00e9laborer des normes professionnelles, d&#8217;adopter des r\u00e8gles et des recommandations et de mettre en \u0153uvre des projets de collaboration. Fond\u00e9 en 1946, l&#8217;ICOM compte quelque 30 000 membres provenant de 137 pays, dont 117 comit\u00e9s nationaux et 31 comit\u00e9s internationaux. Chaque Comit\u00e9 international se consacre \u00e0 l&#8217;\u00e9tude d&#8217;un type particulier de mus\u00e9e ou d\u2019une discipline mus\u00e9ale.<\/p>\n<p class=\"chapeau\"><strong>L&#8217;un de ces comit\u00e9s internationaux est le CECA<\/strong>, le Comit\u00e9 pour l&#8217;\u00e9ducation et l&#8217;action culturelle. Avec plus de 1 500 membres provenant d&#8217;environ 85 pays, le CECA est \u00e9galement l&#8217;un des plus grands comit\u00e9s de l&#8217;ICOM. Ses membres sont des professionnels travaillant dans divers secteurs du domaine mus\u00e9al ou dans des institutions li\u00e9es \u00e0 ce domaine. Ils s&#8217;int\u00e9ressent \u00e0 la recherche et \u00e0 la pratique dans le domaine de l&#8217;\u00e9ducation mus\u00e9ale, \u00e0 la prise en charge du public et \u00e0 sa participation.<\/p>\n<p>&nbsp;<\/p>\n<div class=\"tx-hporelatedlink-pi1\">\n<hr \/>\n<\/div>\n<div id=\"c2620\" class=\"csc-default\">\n<div class=\"contentImage fullW\"><img decoding=\"async\" class=\"alignleft\" src=\"http:\/\/network.icom.museum\/typo3temp\/pics\/6fdd5d2845.jpg\" alt=\"La Conf\u00e9rence Annuelle 2012\" \/><strong>La Conf\u00e9rence Annuelle<br \/>\n<\/strong>La CA est l\u2019\u00e9v\u00e8nement marquant de l\u2019ann\u00e9e CECA. Elle se tient dans un lieu diff\u00e9rent du monde chaque ann\u00e9e. (Photo: 2019, Kyoto)<\/div>\n<div><\/div>\n<\/div>\n<hr \/>\n<div id=\"RTE_CONTENT\">\n<div id=\"c2620\" class=\"csc-default\"><\/div>\n<div id=\"c2618\" class=\"csc-default\">\n<p class=\"bodytext\">\n<\/div>\n<\/div>\n","protected":false},"excerpt":{"rendered":"<p>Le Conseil international des mus\u00e9es (ICOM) est une organisation non gouvernementale de professionnels des mus\u00e9es qui a pour but d&#8217;\u00e9changer des informations scientifiques au niveau international, d&#8217;\u00e9laborer des normes professionnelles, d&#8217;adopter des r\u00e8gles et des recommandations et de mettre en \u0153uvre des projets de collaboration. Fond\u00e9 en 1946, l&#8217;ICOM compte quelque 30 000 membres provenant [&hellip;]<\/p>\n","protected":false},"author":1,"featured_media":0,"parent":4149,"menu_order":1,"comment_status":"closed","ping_status":"closed","template":"","meta":{"footnotes":""},"yst_prominent_words":[622,1734,1339,545,1739,1470,277,614,111,1471,389,1738,286,314,308,1374,1728,1730,291,395,810,1489,1373,1736],"acf":[],"_links":{"self":[{"href":"https:\/\/ceca.mini.icom.museum\/fr\/wp-json\/wp\/v2\/pages\/151"}],"collection":[{"href":"https:\/\/ceca.mini.icom.museum\/fr\/wp-json\/wp\/v2\/pages"}],"about":[{"href":"https:\/\/ceca.mini.icom.museum\/fr\/wp-json\/wp\/v2\/types\/page"}],"author":[{"embeddable":true,"href":"https:\/\/ceca.mini.icom.museum\/fr\/wp-json\/wp\/v2\/users\/1"}],"replies":[{"embeddable":true,"href":"https:\/\/ceca.mini.icom.museum\/fr\/wp-json\/wp\/v2\/comments?post=151"}],"version-history":[{"count":12,"href":"https:\/\/ceca.mini.icom.museum\/fr\/wp-json\/wp\/v2\/pages\/151\/revisions"}],"predecessor-version":[{"id":2729,"href":"https:\/\/ceca.mini.icom.museum\/fr\/wp-json\/wp\/v2\/pages\/151\/revisions\/2729"}],"up":[{"embeddable":true,"href":"https:\/\/ceca.mini.icom.museum\/fr\/wp-json\/wp\/v2\/pages\/4149"}],"wp:attachment":[{"href":"https:\/\/ceca.mini.icom.museum\/fr\/wp-json\/wp\/v2\/media?parent=151"}],"wp:term":[{"taxonomy":"yst_prominent_words","embeddable":true,"href":"https:\/\/ceca.mini.icom.museum\/fr\/wp-json\/wp\/v2\/yst_prominent_words?post=151"}],"curies":[{"name":"wp","href":"https:\/\/api.w.org\/{rel}","templated":true}]}}