{"id":2191,"date":"2019-11-18T17:41:52","date_gmt":"2019-11-18T17:41:52","guid":{"rendered":"http:\/\/ceca.mini.icom.museum\/?page_id=2191"},"modified":"2026-01-18T08:53:53","modified_gmt":"2026-01-18T08:53:53","slug":"fonctions-transversales","status":"publish","type":"page","link":"https:\/\/ceca.mini.icom.museum\/fr\/qui-fait-quoi\/fonctions-transversales\/","title":{"rendered":"Fonctions transversales"},"content":{"rendered":"<p><img decoding=\"async\" loading=\"lazy\" class=\"alignnone wp-image-3294\" src=\"https:\/\/ceca.mini.icom.museum\/wp-content\/uploads\/sites\/5\/2019\/12\/fonction-transversale-700.jpg\" alt=\"\" width=\"650\" height=\"277\" srcset=\"https:\/\/ceca.mini.icom.museum\/wp-content\/uploads\/sites\/5\/2019\/12\/fonction-transversale-700.jpg 700w, https:\/\/ceca.mini.icom.museum\/wp-content\/uploads\/sites\/5\/2019\/12\/fonction-transversale-700-300x128.jpg 300w\" sizes=\"(max-width: 650px) 100vw, 650px\" \/><\/p>\n<p><strong>Wencke Maderbacher<\/strong><br \/>\nPr\u00e9sidente<br \/>\nE : chair.ceca[at]icom.museum<\/p>\n<p><strong>M\u00e9lanie Deveault<\/strong><br \/>\nSecr\u00e9taire<br \/>\nE : secretary.ceca[at]icom.museum<\/p>\n<p><strong>Katy Tari<\/strong><br \/>\nTr\u00e9sori\u00e8re<br \/>\nE : treasurer.ceca[at]icom.museum<\/p>\n<p><strong>Adriana Mortara Almeida<\/strong><br \/>\nCoordinatrice de recherche (y compris le prix de recherche)<br \/>\nprixcdt[at]gmail.com<\/p>\n<p><strong>Cora Cohen-Azria<\/strong><br \/>\nCoordinatrice des publications<\/p>\n<p><strong>Mar\u00eda Gabriela Mena Gal\u00e1rraga<\/strong><br \/>\nCoordinateur pour l\u2019Am\u00e9rique latine et les Cara\u00efbes<\/p>\n<p><strong>Thijs Gerbrandy<\/strong><br \/>\nCoordinateur du site web<\/p>\n<p><strong>Guido Gerrickhauzen<\/strong><br \/>\nCoordinateur pour l\u2019Europe<\/p>\n<p><strong>Tejshvi Jain<\/strong><br \/>\nCoordinateur du prix des meilleures pratiques<\/p>\n<p><strong>Phillipe Kabore<\/strong><br \/>\nCoordinateur pour l\u2019Afrique<\/p>\n<p><strong>Nofa Lestari<\/strong><br \/>\nCoordinatrice des adh\u00e9sions<\/p>\n<p><strong>Sylvie Savare<\/strong><br \/>\nCoordinatrice des r\u00e9seaux sociaux et de la lettre d\u2019information<\/p>\n<p><strong>Jelena T\u0160ekulajeva<\/strong><br \/>\nAdministratrice des groupes d\u2019int\u00e9r\u00eat sp\u00e9cial<\/p>\n<p><strong>Amalia Tsitouri<\/strong><br \/>\nCoordinatrice de la conf\u00e9rence<\/p>\n<p><strong>Tuuli Uusikukka<\/strong><br \/>\nCoordinatrice du prix des jeunes membres<\/p>\n<p><strong>Eunmi Yi<\/strong><br \/>\nCoordinatrice pour l\u2019Asie<\/p>\n<p>&nbsp;<\/p>\n<p>&nbsp;<\/p>\n","protected":false},"excerpt":{"rendered":"<p>Wencke Maderbacher Pr\u00e9sidente E : chair.ceca[at]icom.museum M\u00e9lanie Deveault Secr\u00e9taire E : secretary.ceca[at]icom.museum Katy Tari Tr\u00e9sori\u00e8re E : treasurer.ceca[at]icom.museum Adriana Mortara Almeida Coordinatrice de recherche (y compris le prix de recherche) prixcdt[at]gmail.com Cora Cohen-Azria Coordinatrice des publications Mar\u00eda Gabriela Mena Gal\u00e1rraga Coordinateur pour l\u2019Am\u00e9rique latine et les Cara\u00efbes Thijs Gerbrandy Coordinateur du site web Guido Gerrickhauzen [&hellip;]<\/p>\n","protected":false},"author":31,"featured_media":0,"parent":2531,"menu_order":1,"comment_status":"closed","ping_status":"closed","template":"","meta":{"footnotes":""},"yst_prominent_words":[619,1774,1424,1410,277,91,2844,614,389,308,291,312,309,3657,310,1830],"acf":[],"_links":{"self":[{"href":"https:\/\/ceca.mini.icom.museum\/fr\/wp-json\/wp\/v2\/pages\/2191"}],"collection":[{"href":"https:\/\/ceca.mini.icom.museum\/fr\/wp-json\/wp\/v2\/pages"}],"about":[{"href":"https:\/\/ceca.mini.icom.museum\/fr\/wp-json\/wp\/v2\/types\/page"}],"author":[{"embeddable":true,"href":"https:\/\/ceca.mini.icom.museum\/fr\/wp-json\/wp\/v2\/users\/31"}],"replies":[{"embeddable":true,"href":"https:\/\/ceca.mini.icom.museum\/fr\/wp-json\/wp\/v2\/comments?post=2191"}],"version-history":[{"count":26,"href":"https:\/\/ceca.mini.icom.museum\/fr\/wp-json\/wp\/v2\/pages\/2191\/revisions"}],"predecessor-version":[{"id":14338,"href":"https:\/\/ceca.mini.icom.museum\/fr\/wp-json\/wp\/v2\/pages\/2191\/revisions\/14338"}],"up":[{"embeddable":true,"href":"https:\/\/ceca.mini.icom.museum\/fr\/wp-json\/wp\/v2\/pages\/2531"}],"wp:attachment":[{"href":"https:\/\/ceca.mini.icom.museum\/fr\/wp-json\/wp\/v2\/media?parent=2191"}],"wp:term":[{"taxonomy":"yst_prominent_words","embeddable":true,"href":"https:\/\/ceca.mini.icom.museum\/fr\/wp-json\/wp\/v2\/yst_prominent_words?post=2191"}],"curies":[{"name":"wp","href":"https:\/\/api.w.org\/{rel}","templated":true}]}}