{"id":2212,"date":"2019-11-29T16:52:29","date_gmt":"2019-11-29T16:52:29","guid":{"rendered":"http:\/\/ceca.mini.icom.museum\/?page_id=2212"},"modified":"2025-06-20T12:10:56","modified_gmt":"2025-06-20T12:10:56","slug":"laureats-bp","status":"publish","type":"page","link":"https:\/\/ceca.mini.icom.museum\/fr\/prix-bp\/laureats-bp\/","title":{"rendered":"Gagnants du Prix BP"},"content":{"rendered":"<h4><strong>&gt;&gt; Laur\u00e9ats du Prix CECA Best Practice 2025<\/strong><\/h4>\n<p><img decoding=\"async\" loading=\"lazy\" class=\"aligncenter wp-image-13098\" src=\"https:\/\/ceca.mini.icom.museum\/wp-content\/uploads\/sites\/5\/2025\/06\/triptique-gris-700pxR-noms-300x111.jpg\" alt=\"\" width=\"600\" height=\"222\" srcset=\"https:\/\/ceca.mini.icom.museum\/wp-content\/uploads\/sites\/5\/2025\/06\/triptique-gris-700pxR-noms-300x111.jpg 300w, https:\/\/ceca.mini.icom.museum\/wp-content\/uploads\/sites\/5\/2025\/06\/triptique-gris-700pxR-noms.jpg 700w\" sizes=\"(max-width: 600px) 100vw, 600px\" \/><\/p>\n<p style=\"text-align: center\"><img decoding=\"async\" loading=\"lazy\" class=\"aligncenter wp-image-13101\" src=\"https:\/\/ceca.mini.icom.museum\/wp-content\/uploads\/sites\/5\/2025\/06\/Officiel-proclamationl-CECA-Best-Practice-Award-Winners-2025-277x300.jpg\" alt=\"\" width=\"550\" height=\"596\" srcset=\"https:\/\/ceca.mini.icom.museum\/wp-content\/uploads\/sites\/5\/2025\/06\/Officiel-proclamationl-CECA-Best-Practice-Award-Winners-2025-277x300.jpg 277w, https:\/\/ceca.mini.icom.museum\/wp-content\/uploads\/sites\/5\/2025\/06\/Officiel-proclamationl-CECA-Best-Practice-Award-Winners-2025.jpg 692w\" sizes=\"(max-width: 550px) 100vw, 550px\" \/><\/p>\n<hr \/>\n<h4><strong>&gt;&gt; Laur\u00e9ats du Prix CECA Best Practice 2024<\/strong><\/h4>\n<p><img decoding=\"async\" loading=\"lazy\" class=\"aligncenter wp-image-12515\" src=\"https:\/\/ceca.mini.icom.museum\/wp-content\/uploads\/sites\/5\/2025\/01\/barre-BP-2024-300x92.jpg\" alt=\"\" width=\"600\" height=\"183\" srcset=\"https:\/\/ceca.mini.icom.museum\/wp-content\/uploads\/sites\/5\/2025\/01\/barre-BP-2024-300x92.jpg 300w, https:\/\/ceca.mini.icom.museum\/wp-content\/uploads\/sites\/5\/2025\/01\/barre-BP-2024-768x235.jpg 768w, https:\/\/ceca.mini.icom.museum\/wp-content\/uploads\/sites\/5\/2025\/01\/barre-BP-2024.jpg 939w\" sizes=\"(max-width: 600px) 100vw, 600px\" \/><\/p>\n<p><img decoding=\"async\" loading=\"lazy\" class=\"aligncenter wp-image-11815 size-full\" src=\"https:\/\/ceca.mini.icom.museum\/wp-content\/uploads\/sites\/5\/2024\/06\/20publication-gagnants-BP-2024-1.jpg\" alt=\"\" width=\"580\" height=\"696\" srcset=\"https:\/\/ceca.mini.icom.museum\/wp-content\/uploads\/sites\/5\/2024\/06\/20publication-gagnants-BP-2024-1.jpg 580w, https:\/\/ceca.mini.icom.museum\/wp-content\/uploads\/sites\/5\/2024\/06\/20publication-gagnants-BP-2024-1-250x300.jpg 250w\" sizes=\"(max-width: 580px) 100vw, 580px\" \/><\/p>\n<p>&nbsp;<\/p>\n<hr \/>\n<h4><strong>&gt;&gt; <\/strong><strong>Laur\u00e9ats du Prix CECA Best Practice 2023<br \/>\n<\/strong><\/h4>\n<p><strong>VERMEIREN, Sofie<\/strong><br \/>\n&#8220;Six years of &#8220;The Art Bridge&#8221; Museum Leuven. Leuven, Belgium.<\/p>\n<p><strong>VARGAS TREJO<\/strong>, <strong>Ariadna<\/strong><br \/>\n&#8220;El arte es el pretexto&#8221; Mi Museo Universitario La Salle. Leon, Guanajato &#8211; Mexico.<\/p>\n<p><strong>CHAN, Tzu-Chi<\/strong><br \/>\n&#8220;Curating for and with children : the renovation of the children&#8217;s Art Space at the National Taiwan Museum of Fine Arts&#8221;. Taichung Taiwan<\/p>\n<p>&lt;<a href=\"https:\/\/ceca.mini.icom.museum\/wp-content\/uploads\/sites\/5\/2023\/06\/Minutes-of-the-BP-Award-Winners-2023.png\" target=\"_blank\" rel=\"noopener\">Minutes of the BP Award Winners<\/a>&gt;<\/p>\n<h6 style=\"text-align: center\"><img decoding=\"async\" loading=\"lazy\" class=\"wp-image-10463 aligncenter\" src=\"https:\/\/ceca.mini.icom.museum\/wp-content\/uploads\/sites\/5\/2023\/06\/Triptique-BP-2023-800R-300x129.jpg\" alt=\"\" width=\"500\" height=\"214\" srcset=\"https:\/\/ceca.mini.icom.museum\/wp-content\/uploads\/sites\/5\/2023\/06\/Triptique-BP-2023-800R-300x129.jpg 300w, https:\/\/ceca.mini.icom.museum\/wp-content\/uploads\/sites\/5\/2023\/06\/Triptique-BP-2023-800R-768x329.jpg 768w, https:\/\/ceca.mini.icom.museum\/wp-content\/uploads\/sites\/5\/2023\/06\/Triptique-BP-2023-800R.jpg 800w\" sizes=\"(max-width: 500px) 100vw, 500px\" \/>Ariadna VARGAS TREJO, Sofie VERMEIREN, Tzu-Chi CHAN<\/h6>\n<hr \/>\n<h4><strong>Best Practice 2022 <\/strong><strong>:<\/strong><\/h4>\n<p><strong>de Bethmann, Delphine<\/strong><br \/>\nLa Bo\u00eete \u00e0 musique, un dispositif de m\u00e9diation \u00e0 l&#8217;h\u00f4pital<br \/>\nMus\u00e9e de la musique \/ Cit\u00e9 de la musique. Paris \/ France<\/p>\n<p><strong>Chan, Sock Mun<\/strong><br \/>\nData-driven Chatbot Interactive Game<br \/>\nSun Yat Sen Nanyang Memorial Hall. Singapore<\/p>\n<p><strong>Chen, Joanne<\/strong><br \/>\nVirtual Heritage Trail Programme for Specialised Schools<br \/>\nNational Heritage Board. Singapore<\/p>\n<p><strong>Mohamad, Haryany<\/strong><br \/>\nTalking Object; Seeing Through Young Eyes<br \/>\nPenang State Museum Board. Penang \/ Malaysia<\/p>\n<p><strong>Cheng, Yanni<\/strong><br \/>\nHere Comes Shanshan: a 2000-Year-Old Beauty<br \/>\nHan Yangling Museum. Xi&#8217;an, Shaanxi \/ China<\/p>\n<p>Liste des candidats &lt;<strong><a href=\"https:\/\/ceca.mini.icom.museum\/wp-content\/uploads\/sites\/5\/2022\/05\/BP-applications_publication-2022-trilingue.pdf\" target=\"_blank\" rel=\"noopener\">ici<\/a><\/strong>&gt;<br \/>\nValidation du jury 2022 &lt;<strong><a href=\"https:\/\/ceca.mini.icom.museum\/wp-content\/uploads\/sites\/5\/2022\/05\/BP-2022-Feuille-jury-signatures.pdf\" target=\"_blank\" rel=\"noopener\">ici<\/a><\/strong>&gt;<\/p>\n<p><img decoding=\"async\" loading=\"lazy\" class=\"aligncenter wp-image-8785\" src=\"https:\/\/ceca.mini.icom.museum\/wp-content\/uploads\/sites\/5\/2022\/05\/BP-Photo-jury-2022-cadre-700px.jpg\" alt=\"\" width=\"512\" height=\"356\" srcset=\"https:\/\/ceca.mini.icom.museum\/wp-content\/uploads\/sites\/5\/2022\/05\/BP-Photo-jury-2022-cadre-700px.jpg 700w, https:\/\/ceca.mini.icom.museum\/wp-content\/uploads\/sites\/5\/2022\/05\/BP-Photo-jury-2022-cadre-700px-300x209.jpg 300w\" sizes=\"(max-width: 512px) 100vw, 512px\" \/><\/p>\n<p style=\"text-align: center\"><em>Jury du prix BP 2022<\/em><\/p>\n<hr \/>\n<p><a href=\"https:\/\/ceca.mini.icom.museum\/wp-content\/uploads\/sites\/5\/2021\/05\/BP-2021-5-laureats-01.jpg\" target=\"_blank\" rel=\"noopener\">Cliquez ici<\/a> pour les r\u00e9sultats du prix CECA Bonnes Pratiques 2020-2021<br \/>\n<a href=\"https:\/\/ceca.mini.icom.museum\/wp-content\/uploads\/sites\/5\/2019\/12\/BP_final_winners_2019.pdf\" target=\"_blank\" rel=\"noopener\">Cliquez ici<\/a> pour les r\u00e9sultats du prix CECA Bonnes Pratiques 2019<br \/>\n<a href=\"https:\/\/ceca.mini.icom.museum\/wp-content\/uploads\/sites\/5\/2019\/12\/BP_final_winners_2018.pdf\" target=\"_blank\" rel=\"noopener\">Cliquez ici<\/a> pour les r\u00e9sultats du prix CECA Bonnes Pratiques 2018<br \/>\n<a href=\"https:\/\/ceca.mini.icom.museum\/wp-content\/uploads\/sites\/5\/2019\/12\/BP_final_winners_2017.pdf\" target=\"_blank\" rel=\"noopener\">Cliquez ici<\/a> pour les r\u00e9sultats du prix CECA Bonnes Pratiques 2017<br \/>\n<a href=\"https:\/\/ceca.mini.icom.museum\/wp-content\/uploads\/sites\/5\/2019\/12\/BP_final_winners_2016.jpg\" target=\"_blank\" rel=\"noopener\">Cliquez ici<\/a> pour les r\u00e9sultats du prix CECA Bonnes Pratiques 2016<br \/>\n<a href=\"https:\/\/ceca.mini.icom.museum\/wp-content\/uploads\/sites\/5\/2019\/12\/BP_final_winners_2015.pdf\" target=\"_blank\" rel=\"noopener\">Cliquez ici<\/a> pour les r\u00e9sultats du prix CECA Bonnes Pratiques 2015<br \/>\nCliquez ici pour les r\u00e9sultats du prix CECA Bonnes Pratiques 2014<\/p>\n<p>&nbsp;<\/p>\n<p><img decoding=\"async\" loading=\"lazy\" class=\"aligncenter wp-image-7245\" src=\"https:\/\/ceca.mini.icom.museum\/wp-content\/uploads\/sites\/5\/2021\/11\/2021-BP-Louvain-Anne-Sophie-Grassin-800R.jpg\" alt=\"\" width=\"700\" height=\"318\" srcset=\"https:\/\/ceca.mini.icom.museum\/wp-content\/uploads\/sites\/5\/2021\/11\/2021-BP-Louvain-Anne-Sophie-Grassin-800R.jpg 800w, https:\/\/ceca.mini.icom.museum\/wp-content\/uploads\/sites\/5\/2021\/11\/2021-BP-Louvain-Anne-Sophie-Grassin-800R-300x136.jpg 300w, https:\/\/ceca.mini.icom.museum\/wp-content\/uploads\/sites\/5\/2021\/11\/2021-BP-Louvain-Anne-Sophie-Grassin-800R-768x348.jpg 768w\" sizes=\"(max-width: 700px) 100vw, 700px\" \/><\/p>\n<p><img decoding=\"async\" loading=\"lazy\" class=\"aligncenter wp-image-7242\" src=\"https:\/\/ceca.mini.icom.museum\/wp-content\/uploads\/sites\/5\/2021\/11\/2021-BP-Louvain-Snezana-Misic-800R.jpg\" alt=\"\" width=\"700\" height=\"260\" srcset=\"https:\/\/ceca.mini.icom.museum\/wp-content\/uploads\/sites\/5\/2021\/11\/2021-BP-Louvain-Snezana-Misic-800R.jpg 800w, https:\/\/ceca.mini.icom.museum\/wp-content\/uploads\/sites\/5\/2021\/11\/2021-BP-Louvain-Snezana-Misic-800R-300x111.jpg 300w, https:\/\/ceca.mini.icom.museum\/wp-content\/uploads\/sites\/5\/2021\/11\/2021-BP-Louvain-Snezana-Misic-800R-768x285.jpg 768w\" sizes=\"(max-width: 700px) 100vw, 700px\" \/><\/p>\n<p style=\"text-align: center\"><em>Laur\u00e9ates du Prix BP 2021 &#8211; Louvain<\/em><br \/>\n<em>Anne-Sophie Grassin, Mus\u00e9e national du Moyen-Age, France<br \/>\net Snezana Misic, Gallery of Matica srpska, Serbia<\/em><\/p>\n<p>&nbsp;<\/p>\n<p style=\"text-align: center\"><img decoding=\"async\" loading=\"lazy\" class=\"aligncenter wp-image-2325 size-full\" src=\"https:\/\/ceca.mini.icom.museum\/wp-content\/uploads\/sites\/5\/2019\/11\/montage-BP-2019-700px-01R.jpg\" alt=\"\" width=\"800\" height=\"424\" srcset=\"https:\/\/ceca.mini.icom.museum\/wp-content\/uploads\/sites\/5\/2019\/11\/montage-BP-2019-700px-01R.jpg 800w, https:\/\/ceca.mini.icom.museum\/wp-content\/uploads\/sites\/5\/2019\/11\/montage-BP-2019-700px-01R-300x159.jpg 300w, https:\/\/ceca.mini.icom.museum\/wp-content\/uploads\/sites\/5\/2019\/11\/montage-BP-2019-700px-01R-768x407.jpg 768w\" sizes=\"(max-width: 800px) 100vw, 800px\" \/><em>Laur\u00e9ats du jury BP 2019 &#8211; Wakayama.<\/em><\/p>\n<p style=\"text-align: center\"><img decoding=\"async\" loading=\"lazy\" class=\"aligncenter wp-image-2438\" src=\"https:\/\/ceca.mini.icom.museum\/wp-content\/uploads\/sites\/5\/2019\/12\/jury-BP2019_01bb-300x174.jpg\" alt=\"\" width=\"512\" height=\"297\" srcset=\"https:\/\/ceca.mini.icom.museum\/wp-content\/uploads\/sites\/5\/2019\/12\/jury-BP2019_01bb-300x174.jpg 300w, https:\/\/ceca.mini.icom.museum\/wp-content\/uploads\/sites\/5\/2019\/12\/jury-BP2019_01bb.jpg 606w\" sizes=\"(max-width: 512px) 100vw, 512px\" \/><em>Jury du prix BP 2019 &#8211; Paris.<\/em><\/p>\n<p>&nbsp;<\/p>\n<p style=\"text-align: center\"><img decoding=\"async\" loading=\"lazy\" class=\"aligncenter wp-image-2329 size-full\" src=\"https:\/\/ceca.mini.icom.museum\/wp-content\/uploads\/sites\/5\/2019\/11\/prix-BP-2018-01-700R.jpg\" alt=\"\" width=\"700\" height=\"319\" srcset=\"https:\/\/ceca.mini.icom.museum\/wp-content\/uploads\/sites\/5\/2019\/11\/prix-BP-2018-01-700R.jpg 700w, https:\/\/ceca.mini.icom.museum\/wp-content\/uploads\/sites\/5\/2019\/11\/prix-BP-2018-01-700R-300x137.jpg 300w\" sizes=\"(max-width: 700px) 100vw, 700px\" \/><em>Laur\u00e9ats du jury BP 2018 &#8211; Tbilisi.<\/em><\/p>\n<p>&nbsp;<\/p>\n<p style=\"text-align: center\"><img decoding=\"async\" loading=\"lazy\" class=\"aligncenter wp-image-2335 size-full\" src=\"https:\/\/ceca.mini.icom.museum\/wp-content\/uploads\/sites\/5\/2019\/11\/prix-BP-2017-01-700R-1.jpg\" alt=\"\" width=\"700\" height=\"304\" srcset=\"https:\/\/ceca.mini.icom.museum\/wp-content\/uploads\/sites\/5\/2019\/11\/prix-BP-2017-01-700R-1.jpg 700w, https:\/\/ceca.mini.icom.museum\/wp-content\/uploads\/sites\/5\/2019\/11\/prix-BP-2017-01-700R-1-300x130.jpg 300w\" sizes=\"(max-width: 700px) 100vw, 700px\" \/><em>Laur\u00e9ates du jury BP 2017.<\/em><\/p>\n<p>&nbsp;<\/p>\n<p style=\"text-align: center\">\n","protected":false},"excerpt":{"rendered":"<p>&gt;&gt; Laur\u00e9ats du Prix CECA Best Practice 2025 &gt;&gt; Laur\u00e9ats du Prix CECA Best Practice 2024 &nbsp; &gt;&gt; Laur\u00e9ats du Prix CECA Best Practice 2023 VERMEIREN, Sofie &#8220;Six years of &#8220;The Art Bridge&#8221; Museum Leuven. Leuven, Belgium. VARGAS TREJO, Ariadna &#8220;El arte es el pretexto&#8221; Mi Museo Universitario La Salle. Leon, Guanajato &#8211; Mexico. CHAN, [&hellip;]<\/p>\n","protected":false},"author":31,"featured_media":0,"parent":142,"menu_order":3,"comment_status":"closed","ping_status":"closed","template":"","meta":{"footnotes":""},"yst_prominent_words":[1838,1525,1528,1516,91,1535,1523,1521,1526,1529,1517,1532,1531,1519,1527,1530,1518,1536,1524,1533,1522,1520],"acf":[],"_links":{"self":[{"href":"https:\/\/ceca.mini.icom.museum\/fr\/wp-json\/wp\/v2\/pages\/2212"}],"collection":[{"href":"https:\/\/ceca.mini.icom.museum\/fr\/wp-json\/wp\/v2\/pages"}],"about":[{"href":"https:\/\/ceca.mini.icom.museum\/fr\/wp-json\/wp\/v2\/types\/page"}],"author":[{"embeddable":true,"href":"https:\/\/ceca.mini.icom.museum\/fr\/wp-json\/wp\/v2\/users\/31"}],"replies":[{"embeddable":true,"href":"https:\/\/ceca.mini.icom.museum\/fr\/wp-json\/wp\/v2\/comments?post=2212"}],"version-history":[{"count":24,"href":"https:\/\/ceca.mini.icom.museum\/fr\/wp-json\/wp\/v2\/pages\/2212\/revisions"}],"predecessor-version":[{"id":13104,"href":"https:\/\/ceca.mini.icom.museum\/fr\/wp-json\/wp\/v2\/pages\/2212\/revisions\/13104"}],"up":[{"embeddable":true,"href":"https:\/\/ceca.mini.icom.museum\/fr\/wp-json\/wp\/v2\/pages\/142"}],"wp:attachment":[{"href":"https:\/\/ceca.mini.icom.museum\/fr\/wp-json\/wp\/v2\/media?parent=2212"}],"wp:term":[{"taxonomy":"yst_prominent_words","embeddable":true,"href":"https:\/\/ceca.mini.icom.museum\/fr\/wp-json\/wp\/v2\/yst_prominent_words?post=2212"}],"curies":[{"name":"wp","href":"https:\/\/api.w.org\/{rel}","templated":true}]}}