{"id":2218,"date":"2019-11-29T17:00:14","date_gmt":"2019-11-29T17:00:14","guid":{"rendered":"http:\/\/ceca.mini.icom.museum\/?page_id=2218"},"modified":"2025-04-01T10:41:48","modified_gmt":"2025-04-01T10:41:48","slug":"atelier-de-formation-a-la-recherche-appliquee","status":"publish","type":"page","link":"https:\/\/ceca.mini.icom.museum\/fr\/prix-recherche\/atelier-de-formation-a-la-recherche-appliquee\/","title":{"rendered":"Formation \u00e0 la recherche"},"content":{"rendered":"<h5><strong>\u25ba Universit\u00e9 de Murcia, Espagne : \u201cFormation en ligne, cours 2025\u2033<\/strong><br \/>\nMicrocertification universitaire en rapports de recherche appliqu\u00e9e \u00e0 l\u2019\u00e9ducation dans les mus\u00e9es d\u2019Am\u00e9rique latine et des Cara\u00efbes.<\/h5>\n<p><strong>Comment planifier une recherche<\/strong><\/p>\n<ul>\n<li>Coorganisation : Universit\u00e9 de Murcia &#8211; ICOM CECA<\/li>\n<li>Coordinatrice : Rosa Mar\u00eda Herv\u00e1s<\/li>\n<li>Langue : Espagnol<\/li>\n<\/ul>\n<p>Dans cette activit\u00e9, les \u00e9tudiants apprendront \u00e0 appliquer des projets de recherche et \u00e0 r\u00e9diger un rapport ou un article final.<\/p>\n<ul>\n<li><strong>P\u00e9riode acad\u00e9mique<\/strong><br \/>\nDu 15 mai 2025 au 15 octobre 2025.<\/li>\n<li><strong>Pr\u00e9inscription<\/strong><br \/>\nDate limite d&#8217;inscription 15 avril 2025.<\/li>\n<li><strong>P\u00e9riode d\u2019inscription<\/strong><br \/>\nDu 28 avril au 4 mai 2025.<\/li>\n<\/ul>\n<p>\u25ba \u25ba<strong> Toutes les informations<\/strong><br \/>\n<a href=\"https:\/\/casiopea.um.es\/cursospe\/informesinvestigacioni.f\" target=\"_blank\" rel=\"noopener\">https:\/\/casiopea.um.es\/cursospe\/informesinvestigacioni.f<\/a><\/p>\n<p><strong><img decoding=\"async\" loading=\"lazy\" class=\"aligncenter wp-image-12878\" src=\"https:\/\/ceca.mini.icom.museum\/wp-content\/uploads\/sites\/5\/2025\/03\/Online-Training-Pre-registration-2025-v4-400pxR-258x300.jpg\" alt=\"\" width=\"400\" height=\"466\" srcset=\"https:\/\/ceca.mini.icom.museum\/wp-content\/uploads\/sites\/5\/2025\/03\/Online-Training-Pre-registration-2025-v4-400pxR-258x300.jpg 258w, https:\/\/ceca.mini.icom.museum\/wp-content\/uploads\/sites\/5\/2025\/03\/Online-Training-Pre-registration-2025-v4-400pxR.jpg 400w\" sizes=\"(max-width: 400px) 100vw, 400px\" \/><\/strong><\/p>\n<p>&nbsp;<\/p>\n<hr \/>\n<p>&nbsp;<\/p>\n<div style=\"width: 250px;\" class=\"wp-video\"><!--[if lt IE 9]><script>document.createElement('video');<\/script><![endif]-->\n<video class=\"wp-video-shortcode\" id=\"video-2218-1\" width=\"250\" height=\"444\" preload=\"metadata\" controls=\"controls\"><source type=\"video\/mp4\" src=\"https:\/\/ceca.mini.icom.museum\/wp-content\/uploads\/sites\/5\/2025\/03\/VID-microcredencial_2024_resized-250px.mp4?_=1\" \/><a href=\"https:\/\/ceca.mini.icom.museum\/wp-content\/uploads\/sites\/5\/2025\/03\/VID-microcredencial_2024_resized-250px.mp4\">https:\/\/ceca.mini.icom.museum\/wp-content\/uploads\/sites\/5\/2025\/03\/VID-microcredencial_2024_resized-250px.mp4<\/a><\/video><\/div>\n<p>&nbsp;<\/p>\n","protected":false},"excerpt":{"rendered":"<p>\u25ba Universit\u00e9 de Murcia, Espagne : \u201cFormation en ligne, cours 2025\u2033 Microcertification universitaire en rapports de recherche appliqu\u00e9e \u00e0 l\u2019\u00e9ducation dans les mus\u00e9es d\u2019Am\u00e9rique latine et des Cara\u00efbes. Comment planifier une recherche Coorganisation : Universit\u00e9 de Murcia &#8211; ICOM CECA Coordinatrice : Rosa Mar\u00eda Herv\u00e1s Langue : Espagnol Dans cette activit\u00e9, les \u00e9tudiants apprendront \u00e0 [&hellip;]<\/p>\n","protected":false},"author":31,"featured_media":0,"parent":145,"menu_order":4,"comment_status":"closed","ping_status":"closed","template":"","meta":{"footnotes":""},"yst_prominent_words":[1010,1470,277,2844,614,389,286,308,711,310,1830,313,1403,1790],"acf":[],"_links":{"self":[{"href":"https:\/\/ceca.mini.icom.museum\/fr\/wp-json\/wp\/v2\/pages\/2218"}],"collection":[{"href":"https:\/\/ceca.mini.icom.museum\/fr\/wp-json\/wp\/v2\/pages"}],"about":[{"href":"https:\/\/ceca.mini.icom.museum\/fr\/wp-json\/wp\/v2\/types\/page"}],"author":[{"embeddable":true,"href":"https:\/\/ceca.mini.icom.museum\/fr\/wp-json\/wp\/v2\/users\/31"}],"replies":[{"embeddable":true,"href":"https:\/\/ceca.mini.icom.museum\/fr\/wp-json\/wp\/v2\/comments?post=2218"}],"version-history":[{"count":26,"href":"https:\/\/ceca.mini.icom.museum\/fr\/wp-json\/wp\/v2\/pages\/2218\/revisions"}],"predecessor-version":[{"id":12898,"href":"https:\/\/ceca.mini.icom.museum\/fr\/wp-json\/wp\/v2\/pages\/2218\/revisions\/12898"}],"up":[{"embeddable":true,"href":"https:\/\/ceca.mini.icom.museum\/fr\/wp-json\/wp\/v2\/pages\/145"}],"wp:attachment":[{"href":"https:\/\/ceca.mini.icom.museum\/fr\/wp-json\/wp\/v2\/media?parent=2218"}],"wp:term":[{"taxonomy":"yst_prominent_words","embeddable":true,"href":"https:\/\/ceca.mini.icom.museum\/fr\/wp-json\/wp\/v2\/yst_prominent_words?post=2218"}],"curies":[{"name":"wp","href":"https:\/\/api.w.org\/{rel}","templated":true}]}}