{"id":2233,"date":"2019-11-29T17:22:02","date_gmt":"2019-11-29T17:22:02","guid":{"rendered":"http:\/\/ceca.mini.icom.museum\/?page_id=2233"},"modified":"2025-12-15T18:56:19","modified_gmt":"2025-12-15T18:56:19","slug":"bienvenue","status":"publish","type":"page","link":"https:\/\/ceca.mini.icom.museum\/fr\/","title":{"rendered":"Bienvenue"},"content":{"rendered":"<p><strong>Bienvenue au Comit\u00e9 pour l&#8217;\u00e9ducation et l&#8217;action culturelle (CECA)<\/strong>, l&#8217;un des plus anciens comit\u00e9s internationaux de l&#8217;ICOM. Avec plus de 4.500 membres provenant d&#8217;environ 85 pays, le CECA est \u00e9galement l&#8217;un de ses comit\u00e9s les plus importants. Ici vous pouvez en savoir plus sur qui nous sommes, ce que nous faisons, comment vous pourriez b\u00e9n\u00e9ficier d&#8217;\u00eatre membre de la communaut\u00e9 CECA. Vous y trouverez \u00e9galement des liens vers des ressources utiles, y compris nos diverses publications, des d\u00e9tails sur les prix \u00e0 venir et des vid\u00e9os des conf\u00e9rences pass\u00e9es.<\/p>\n<p><img decoding=\"async\" loading=\"lazy\" class=\"aligncenter wp-image-2758 size-full\" src=\"https:\/\/ceca.mini.icom.museum\/wp-content\/uploads\/sites\/5\/2019\/12\/logo-M-CECA-763px.jpg\" alt=\"\" width=\"763\" height=\"109\" srcset=\"https:\/\/ceca.mini.icom.museum\/wp-content\/uploads\/sites\/5\/2019\/12\/logo-M-CECA-763px.jpg 763w, https:\/\/ceca.mini.icom.museum\/wp-content\/uploads\/sites\/5\/2019\/12\/logo-M-CECA-763px-300x43.jpg 300w\" sizes=\"(max-width: 763px) 100vw, 763px\" \/><\/p>\n","protected":false},"excerpt":{"rendered":"<p>Bienvenue au Comit\u00e9 pour l&#8217;\u00e9ducation et l&#8217;action culturelle (CECA), l&#8217;un des plus anciens comit\u00e9s internationaux de l&#8217;ICOM. Avec plus de 4.500 membres provenant d&#8217;environ 85 pays, le CECA est \u00e9galement l&#8217;un de ses comit\u00e9s les plus importants. Ici vous pouvez en savoir plus sur qui nous sommes, ce que nous faisons, comment vous pourriez b\u00e9n\u00e9ficier [&hellip;]<\/p>\n","protected":false},"author":31,"featured_media":0,"parent":0,"menu_order":1,"comment_status":"closed","ping_status":"closed","template":"","meta":{"footnotes":""},"yst_prominent_words":[1734,1339,277,614,1340,308,1338,711,1341,1336,862,1337],"acf":[],"_links":{"self":[{"href":"https:\/\/ceca.mini.icom.museum\/fr\/wp-json\/wp\/v2\/pages\/2233"}],"collection":[{"href":"https:\/\/ceca.mini.icom.museum\/fr\/wp-json\/wp\/v2\/pages"}],"about":[{"href":"https:\/\/ceca.mini.icom.museum\/fr\/wp-json\/wp\/v2\/types\/page"}],"author":[{"embeddable":true,"href":"https:\/\/ceca.mini.icom.museum\/fr\/wp-json\/wp\/v2\/users\/31"}],"replies":[{"embeddable":true,"href":"https:\/\/ceca.mini.icom.museum\/fr\/wp-json\/wp\/v2\/comments?post=2233"}],"version-history":[{"count":17,"href":"https:\/\/ceca.mini.icom.museum\/fr\/wp-json\/wp\/v2\/pages\/2233\/revisions"}],"predecessor-version":[{"id":14168,"href":"https:\/\/ceca.mini.icom.museum\/fr\/wp-json\/wp\/v2\/pages\/2233\/revisions\/14168"}],"wp:attachment":[{"href":"https:\/\/ceca.mini.icom.museum\/fr\/wp-json\/wp\/v2\/media?parent=2233"}],"wp:term":[{"taxonomy":"yst_prominent_words","embeddable":true,"href":"https:\/\/ceca.mini.icom.museum\/fr\/wp-json\/wp\/v2\/yst_prominent_words?post=2233"}],"curies":[{"name":"wp","href":"https:\/\/api.w.org\/{rel}","templated":true}]}}