{"id":2272,"date":"2019-11-30T13:59:25","date_gmt":"2019-11-30T13:59:25","guid":{"rendered":"http:\/\/ceca.mini.icom.museum\/?page_id=2272"},"modified":"2026-04-07T19:18:28","modified_gmt":"2026-04-07T19:18:28","slug":"correspondants-nationaux","status":"publish","type":"page","link":"https:\/\/ceca.mini.icom.museum\/fr\/qui-fait-quoi\/correspondants-nationaux\/","title":{"rendered":"Correspondants nationaux"},"content":{"rendered":"<h3><img decoding=\"async\" loading=\"lazy\" class=\"alignnone wp-image-3321 size-full\" src=\"https:\/\/ceca.mini.icom.museum\/wp-content\/uploads\/sites\/5\/2019\/12\/engrenage-bleu-2b.jpg\" alt=\"\" width=\"631\" height=\"259\" srcset=\"https:\/\/ceca.mini.icom.museum\/wp-content\/uploads\/sites\/5\/2019\/12\/engrenage-bleu-2b.jpg 631w, https:\/\/ceca.mini.icom.museum\/wp-content\/uploads\/sites\/5\/2019\/12\/engrenage-bleu-2b-300x123.jpg 300w\" sizes=\"(max-width: 631px) 100vw, 631px\" \/><\/h3>\n<h3>Europe<\/h3>\n<ul>\n<li><strong>Arm\u00e9nie<\/strong> &#8211; Ani Nazaryan, Head of Education Department, National Gallery of Armenia &#8211; aninazaryan92[at]yandex.com<\/li>\n<li><strong>Autriche<\/strong> \u2013 <b><\/b>Nathaniel Prottas &#8211; Wien Museum &#8211; Nathaniel.prottas[at]wienmuseum.at<\/li>\n<li><strong>Belgique<\/strong> \u2013 St\u00e9phanie Masuy \u2013 Mus\u00e9e d\u2019Ixelles \u2013 stephanie.masuy[at]ixelles.brussels<\/li>\n<li><strong>Belgique<\/strong> \u2013 Sofie Vermeiren \u2013 M-Museum Leuven \u2013 sofie.vermeiren[at]mleuven.be<\/li>\n<li><strong>Croatie<\/strong> \u2013 Zeljka Jelavic \u2013 Etnografski muzej \u2013 zjelavic[at]emz.hr<\/li>\n<li><strong>Danemark<\/strong> \u2013 Wencke Maderbacher wencke.maderbacher[at]yahoo.de<\/li>\n<li><strong>Estonie<\/strong> &#8211; Jelena T\u0160EKULAJEVA &#8211; jelena.levtsenkova[at]gmail.com<\/li>\n<li><strong>Finlande<\/strong> \u2013 <b><\/b>Tuulli Uusikukka &#8211; The Museum of Play &#8211; tuuli.uusikukka[at]museoleikki.fi<\/li>\n<li><strong>France<\/strong> \u2013 <b><\/b>Raffaella Russo-Ricci &#8211; Mus\u00e9e d&#8217;art et d&#8217;histoire du juda\u00efsme &#8211; r.russo.ricci[at]<span class=\"s1\">orange.fr<\/span> (until end of June 2026) &amp; Sybil Meunier &#8211; Paris Mus\u00e9es &#8211; sybil.meunier@paris.fr<\/li>\n<li><strong>G\u00e9orgie<\/strong> \u2013 Elina Valaite &#8211; elina.valaite[at]gmail.com<\/li>\n<li><strong>Allemagne<\/strong> \u2013 <b><\/b>Ine Brehm &#8211; Stadtmuseum Erlangen &#8211; christine.brehm[at]<span class=\"s1\">st<\/span><span class=\"s1\">adt.erlangen.de<\/span> &amp; Larissa D\u00fcchting &#8211; Deutsches Hutmuseum &#8211; Larissa.duetichting@lindenberg.de<\/li>\n<li><strong>Gr\u00e8ce<\/strong> \u2013 Amalia Tsitouri \u2013 Hellenic Ministry of Culture \u2013 amalia.tsitouri[at]yahoo.gr<\/li>\n<li><strong>Hongrie<\/strong> &#8211; Eszter Moln\u00e0m\u00e9 Acz\u00e9l &#8211; mullerstahl[at]gmail.com<\/li>\n<li><strong>Islande<\/strong> \u2013 Rakel P\u00e9tursd\u00f3ttir \u2013 Listasa fni \u00cdslands\/National Gallery of Iceland \u2013 rakel[at]listasafn.is<\/li>\n<li><strong>Irlande<\/strong> \u2013\u00a0 <b><\/b>t.b.a.<\/li>\n<li><strong>Italie<\/strong> \u2013 Silvia Mascheroni sissimaschera[at]gmail.com<\/li>\n<li><strong>Lituanie<\/strong> \u2013 Vaida Rakaityt\u0117 \u2013 Vytautas Magnus University \u2013 texvaid[at]yahoo.com<\/li>\n<li><strong>Moldavie<\/strong> \u2013 Stefanita Ion \u2013 Ministry of Culture \u2013 stefanita.ion[at]gmail.com<\/li>\n<li><strong>Pays-Bas<\/strong> \u2013 Frederike van Ouwerkerk \u2013 Breda University of Applied Science \u2013 Ouwerkerk.F[at]buas.nl<\/li>\n<li><strong>Portugal<\/strong> &#8211; Paulo Cui\u00e7a &#8211; Museum &#8211;\u00a0Museu de Lisboa &#8211; Museum of Lisbon, Head of Learning Service &#8211; paulocuica[at]egeac.pt<\/li>\n<li><strong>Russie<\/strong> \u2013 Olga Sinitsyna \u2013 Independent curator \u2013 olgas0510[at]gmail.com<\/li>\n<li><strong>Serbie<\/strong> \u2013 Sne\u017eana Mi\u0161i\u0107 \u2013 The Gallery of Matica srpska \u2013 s.misic[at]galerijamaticesrpske.rs<\/li>\n<li><strong>Turquie<\/strong> &#8211; Eda G\u00f6knar &#8211; Learning Programs Pera Museum &#8211; eda.goknar[at]iksv.org<\/li>\n<li><strong>Slovaquie<\/strong> \u2013 Marcela Kvetkova \u2013 Slovakia-National Gallery \u2013 marcela.kvetkova[at]sng.sk<\/li>\n<li><strong>Espagne<\/strong> \u2013 Ana Moreno \u2013 Museo del Prado \u2013 ana.moreno[at]museodelprado.es<\/li>\n<li><strong>Espagne<\/strong> &#8211; Rosa Maria Herv\u00e1s Avil\u00e9s &#8211; Professeur des Universit\u00e9s, Facult\u00e9 de l&#8217;\u00c9ducation, Murcie &#8211; rhervas[at]um.es<\/li>\n<li><strong>Royaume-Uni<\/strong>\u00a0 \u2013 <b><\/b>Trudie Cole &#8211; tcole[at]rmg.co.uk &amp; Christine Lai &#8211; christine.lai[at]walthamforest.gov.uk<\/li>\n<\/ul>\n<h3>Am\u00e9rique Latine et Cara\u00efbes<\/h3>\n<ul>\n<li><strong>Argentine<\/strong> &#8211; Alicia C. Martin &#8211; Coordinadora de Extensi\u00f3n Cultural y Educaci\u00f3n del Museo Benito Quinquela Mart\u00edn &#8211; aliciamartin.mqm[at]gmail.com<\/li>\n<li><strong>Bresil<\/strong> &#8211; Andrea Fernandes Costa &#8211; Museo Nacional de la Universidad Federal de R\u00edo de Janeiro (UFRJ) &#8211; andrea[at]mn.ufrj.br \/ Maur\u00edcio Andr\u00e9 da Silva &#8211; Museo de Arqueolog\u00eda y Etnolog\u00eda de la USP &#8211; mauricio.andre.silva[at]usp.br<\/li>\n<li><strong>Chili<\/strong> &#8211; Valeria Vera Galleguillos &#8211; Museo Interactivo Mirador (mim.cl) &#8211; valeriavera[at]gmail.com \/ vvera[at]mim.cl<\/li>\n<li><strong>Colombie<\/strong> &#8211; Mar\u00eda M\u00f3nica Fuentes &#8211; Mus\u00e9e Nacional de Colombie &#8211; mariamofl[at]gmail.com<\/li>\n<li><strong>Costa Rica<\/strong> &#8211; Jody Steiger &#8211; AccionArte &#8211; Jsteiger[at]accionarte.org<\/li>\n<li><strong>Cuba<\/strong> &#8211; Dayam\u00ed Cabrera Gonz\u00e1lez &#8211; Directora del Museo Nacional de la Medicina Veterinaria, Especialista Principal de Museolog\u00eda del Museo Quisicuba &#8211; dayacg69[at]gmail.com<\/li>\n<li><strong>\u00c9quateur<\/strong> &#8211; Mar\u00eda Gabriela Mena Gal\u00e1rraga &#8211; Consultora y docente en museolog\u00eda-educativa, curadur\u00eda y gesti\u00f3n cultural &#8211; gabrielamenag[at]yahoo.com<\/li>\n<li><strong>Mexique<\/strong> &#8211; Paola Araiza Bola\u00f1os &#8211; Codificarte &#8211; comite.ceca.icom.mex[at]gmail.com<\/li>\n<li><strong>Panama<\/strong> &#8211; Margie Mu\u00f1oz &#8211; Museo del Canal Interoce\u00e1nico de Panam\u00e1, Casco Antiguo &#8211; margie02[at]museodelcanal.com<\/li>\n<li><strong>Paraguay<\/strong> &#8211; Laurie Alice Vera Jim\u00e9nez. Mus\u00e9e de l&#8217;appareil photographique (MUCAFOT) de l&#8217;Institut sup\u00e9rieur technique de l&#8217;image (ITSI) &#8211; Facult\u00e9 d&#8217;architecture, de design et d&#8217;arts de l&#8217;universit\u00e9 nationale d&#8217;Asunci\u00f3n. Chercheuse associ\u00e9e \u00e0 l&#8217;Institut des sciences sociales du Paraguay (ICSO) &#8211; lauriealic[at]gmail.com<\/li>\n<li><strong>P\u00e9rou<\/strong> &#8211; Bernarda Delgado El\u00edas &#8211; Museo Tucume &#8211; Lambayeque &#8211; bernardadelgado[at]yahoo.es<\/li>\n<li><strong>R\u00e9publique Dominicaine<\/strong> &#8211; Mar\u00eda Belissa Ram\u00edrez &#8211; maria.belissa[at]gmail.com<\/li>\n<li><strong>Uruguay<\/strong> &#8211; Paulina Baridon &#8211; paulinabaridon[at]netgate.com.uy<\/li>\n<li><strong>Venezuela<\/strong> &#8211; Lariza Fuenmayor Perozo &#8211; Universidad Nacional Experimental de las Artes &#8211;\u00a0 lfuenmayor11[at]gmail.com<\/li>\n<\/ul>\n<h3>Am\u00e9rique du Nord &#8211; Canada<strong><br \/>\n<\/strong><\/h3>\n<ul>\n<li>Marina Gross-Hoy, Doctorante en mus\u00e9ologie \u00e0 l&#8217;Universit\u00e9 du Qu\u00e9bec \u00e0 Montr\u00e9al &#8211; gross-hoy.marina[at]courrier.uqam.ca<\/li>\n<\/ul>\n<h3>Asie<\/h3>\n<ul>\n<li><strong>Chine<\/strong> &#8211; Yaxi Guo, Chinese Museums Association &#8211; gyxjya[at]163.com<\/li>\n<li><strong>Cor\u00e9e du Sud <\/strong>&#8211; Ki-Won Lee, Responsable de l\u2019Education, National Folk Museum, Seoul, Cor\u00e9e du Sud &#8211; Hope0921[at] korea.kr<\/li>\n<li><strong>Malaisie <\/strong>&#8211; Haryany Mohamad, Penang State Museum &#8211; haryany[at]penang.gov.my<\/li>\n<li><strong>Singapour <\/strong>&#8211; Joanne Chen, National Heritage Board &#8211; Joanne_chen[at]nhb.gov.sg<\/li>\n<\/ul>\n<h3>Moyen-Orient &#8211; Maghreb<\/h3>\n<h3>Australie<\/h3>\n<h3>Afrique<\/h3>\n<ul>\n<li><strong>Burkina Faso<\/strong> &#8211; Djakaria Sore &#8211; Mus\u00e9e de la musique Georges OUEDRAOGO. erosdjakaria[at]gmail.com<\/li>\n<li><strong>C\u00f4te d&#8217;Ivoire<\/strong> &#8211; Charl\u00e8ne Kossonou &#8211; Mus\u00e9e national RCI. kossonoucharlene[at]yahoo.fr<\/li>\n<li><strong>Kenia<\/strong> &#8211; Vivian Kinoti &#8211; Mus\u00e9e National du Kenya. vivisambi[at]gmail.com<\/li>\n<li><strong>Mali<\/strong> &#8211; Mamadou Sanake &#8211; Mus\u00e9e National\u00a0 du Mali. mamadousamake2004[at]gmail.com<\/li>\n<li><strong>Republic Democratic of Congo<\/strong> &#8211; Eric Kuikende &#8211; Mus\u00e9e national de la R\u00e9publique D\u00e9mocratique du Congo.\u00a0 erickuikende[at]gmail.com<\/li>\n<li><strong>Rwanda<\/strong> &#8211; Dieudonne Nagiriwubuntu &#8211; M\u00e9morial du G\u00e9nocide de Kigali. nagidione[at]gmail.com<\/li>\n<li><strong>Zambia<\/strong> &#8211; Emmanuel Hamatwi &#8211; Mus\u00e9e National de Zambia. emmanuelhamatwi[at]yahoo.com<\/li>\n<\/ul>\n<hr \/>\n\n\t\t<style type=\"text\/css\">\n\t\t\t#gallery-1 {\n\t\t\t\tmargin: auto;\n\t\t\t}\n\t\t\t#gallery-1 .gallery-item {\n\t\t\t\tfloat: left;\n\t\t\t\tmargin-top: 10px;\n\t\t\t\ttext-align: center;\n\t\t\t\twidth: 25%;\n\t\t\t}\n\t\t\t#gallery-1 img {\n\t\t\t\tborder: 2px solid #cfcfcf;\n\t\t\t}\n\t\t\t#gallery-1 .gallery-caption {\n\t\t\t\tmargin-left: 0;\n\t\t\t}\n\t\t\t\/* see gallery_shortcode() in wp-includes\/media.php *\/\n\t\t<\/style>\n\t\t<div id='gallery-1' class='gallery galleryid-2272 gallery-columns-4 gallery-size-thumbnail'><dl class='gallery-item'>\n\t\t\t<dt class='gallery-icon portrait'>\n\t\t\t\t<a href='https:\/\/ceca.mini.icom.museum\/fr\/qui-fait-quoi\/correspondants-nationaux\/charlene-kossonou-300pxr-02\/'><img width=\"150\" height=\"150\" src=\"https:\/\/ceca.mini.icom.museum\/wp-content\/uploads\/sites\/5\/2023\/04\/Charlene-Kossonou-300pxR-02-150x150.jpg\" class=\"attachment-thumbnail size-thumbnail\" alt=\"\" decoding=\"async\" loading=\"lazy\" \/><\/a>\n\t\t\t<\/dt><\/dl><dl class='gallery-item'>\n\t\t\t<dt class='gallery-icon portrait'>\n\t\t\t\t<a href='https:\/\/ceca.mini.icom.museum\/fr\/qui-fait-quoi\/correspondants-nationaux\/dieudonne-nagiriwubuntu-300pxr-02\/'><img width=\"150\" height=\"150\" src=\"https:\/\/ceca.mini.icom.museum\/wp-content\/uploads\/sites\/5\/2023\/04\/Dieudonne-Nagiriwubuntu-300pxR-02-150x150.jpg\" class=\"attachment-thumbnail size-thumbnail\" alt=\"\" decoding=\"async\" loading=\"lazy\" \/><\/a>\n\t\t\t<\/dt><\/dl><dl class='gallery-item'>\n\t\t\t<dt class='gallery-icon portrait'>\n\t\t\t\t<a href='https:\/\/ceca.mini.icom.museum\/fr\/qui-fait-quoi\/correspondants-nationaux\/djakaria-sore-300pxr-02\/'><img width=\"150\" height=\"150\" src=\"https:\/\/ceca.mini.icom.museum\/wp-content\/uploads\/sites\/5\/2023\/04\/Djakaria-Sore-300pxR-02-150x150.jpg\" class=\"attachment-thumbnail size-thumbnail\" alt=\"\" decoding=\"async\" loading=\"lazy\" \/><\/a>\n\t\t\t<\/dt><\/dl><dl class='gallery-item'>\n\t\t\t<dt class='gallery-icon portrait'>\n\t\t\t\t<a href='https:\/\/ceca.mini.icom.museum\/fr\/qui-fait-quoi\/correspondants-nationaux\/emmanuel-hamatwi-300pxr-02\/'><img width=\"150\" height=\"150\" src=\"https:\/\/ceca.mini.icom.museum\/wp-content\/uploads\/sites\/5\/2023\/04\/Emmanuel-Hamatwi-300pxR-02-150x150.jpg\" class=\"attachment-thumbnail size-thumbnail\" alt=\"\" decoding=\"async\" loading=\"lazy\" \/><\/a>\n\t\t\t<\/dt><\/dl><br style=\"clear: both\" \/><dl class='gallery-item'>\n\t\t\t<dt class='gallery-icon portrait'>\n\t\t\t\t<a href='https:\/\/ceca.mini.icom.museum\/fr\/qui-fait-quoi\/correspondants-nationaux\/eric-kuikende-300pxr-02\/'><img width=\"150\" height=\"150\" src=\"https:\/\/ceca.mini.icom.museum\/wp-content\/uploads\/sites\/5\/2023\/04\/Eric-Kuikende-300pxR-02-150x150.jpg\" class=\"attachment-thumbnail size-thumbnail\" alt=\"\" decoding=\"async\" loading=\"lazy\" \/><\/a>\n\t\t\t<\/dt><\/dl><dl class='gallery-item'>\n\t\t\t<dt class='gallery-icon portrait'>\n\t\t\t\t<a href='https:\/\/ceca.mini.icom.museum\/fr\/qui-fait-quoi\/correspondants-nationaux\/mamadou-samake-300pxr-02\/'><img width=\"150\" height=\"150\" src=\"https:\/\/ceca.mini.icom.museum\/wp-content\/uploads\/sites\/5\/2023\/04\/Mamadou-Samake-300pxR-02-150x150.jpg\" class=\"attachment-thumbnail size-thumbnail\" alt=\"\" decoding=\"async\" loading=\"lazy\" \/><\/a>\n\t\t\t<\/dt><\/dl><dl class='gallery-item'>\n\t\t\t<dt class='gallery-icon portrait'>\n\t\t\t\t<a href='https:\/\/ceca.mini.icom.museum\/fr\/qui-fait-quoi\/correspondants-nationaux\/vivian-kinoti-300pxr-03\/'><img width=\"150\" height=\"150\" src=\"https:\/\/ceca.mini.icom.museum\/wp-content\/uploads\/sites\/5\/2023\/04\/Vivian-Kinoti-300pxR-03-150x150.jpg\" class=\"attachment-thumbnail size-thumbnail\" alt=\"\" decoding=\"async\" loading=\"lazy\" \/><\/a>\n\t\t\t<\/dt><\/dl>\n\t\t\t<br style='clear: both' \/>\n\t\t<\/div>\n\n<p>&nbsp;<\/p>\n<p style=\"text-align: center\"><img decoding=\"async\" loading=\"lazy\" class=\"aligncenter wp-image-12999\" src=\"https:\/\/ceca.mini.icom.museum\/wp-content\/uploads\/sites\/5\/2025\/04\/Correspondants-nationaux-ICOM-CECA-2025-264x300.jpg\" alt=\"\" width=\"500\" height=\"568\" srcset=\"https:\/\/ceca.mini.icom.museum\/wp-content\/uploads\/sites\/5\/2025\/04\/Correspondants-nationaux-ICOM-CECA-2025-264x300.jpg 264w, https:\/\/ceca.mini.icom.museum\/wp-content\/uploads\/sites\/5\/2025\/04\/Correspondants-nationaux-ICOM-CECA-2025.jpg 616w\" sizes=\"(max-width: 500px) 100vw, 500px\" \/><\/p>\n<p>&nbsp;<\/p>\n<p>&nbsp;<\/p>\n<p>&nbsp;<\/p>\n<p>&nbsp;<\/p>\n<p>&nbsp;<\/p>\n","protected":false},"excerpt":{"rendered":"<p>Europe Arm\u00e9nie &#8211; Ani Nazaryan, Head of Education Department, National Gallery of Armenia &#8211; aninazaryan92[at]yandex.com Autriche \u2013 Nathaniel Prottas &#8211; Wien Museum &#8211; Nathaniel.prottas[at]wienmuseum.at Belgique \u2013 St\u00e9phanie Masuy \u2013 Mus\u00e9e d\u2019Ixelles \u2013 stephanie.masuy[at]ixelles.brussels Belgique \u2013 Sofie Vermeiren \u2013 M-Museum Leuven \u2013 sofie.vermeiren[at]mleuven.be Croatie \u2013 Zeljka Jelavic \u2013 Etnografski muzej \u2013 zjelavic[at]emz.hr Danemark \u2013 Wencke Maderbacher [&hellip;]<\/p>\n","protected":false},"author":31,"featured_media":0,"parent":2531,"menu_order":3,"comment_status":"closed","ping_status":"closed","template":"","meta":{"footnotes":""},"yst_prominent_words":[1439,1438,91,2346,389,1440,345,1298,2530,1877,1303,1302,1301,45],"acf":[],"_links":{"self":[{"href":"https:\/\/ceca.mini.icom.museum\/fr\/wp-json\/wp\/v2\/pages\/2272"}],"collection":[{"href":"https:\/\/ceca.mini.icom.museum\/fr\/wp-json\/wp\/v2\/pages"}],"about":[{"href":"https:\/\/ceca.mini.icom.museum\/fr\/wp-json\/wp\/v2\/types\/page"}],"author":[{"embeddable":true,"href":"https:\/\/ceca.mini.icom.museum\/fr\/wp-json\/wp\/v2\/users\/31"}],"replies":[{"embeddable":true,"href":"https:\/\/ceca.mini.icom.museum\/fr\/wp-json\/wp\/v2\/comments?post=2272"}],"version-history":[{"count":63,"href":"https:\/\/ceca.mini.icom.museum\/fr\/wp-json\/wp\/v2\/pages\/2272\/revisions"}],"predecessor-version":[{"id":14637,"href":"https:\/\/ceca.mini.icom.museum\/fr\/wp-json\/wp\/v2\/pages\/2272\/revisions\/14637"}],"up":[{"embeddable":true,"href":"https:\/\/ceca.mini.icom.museum\/fr\/wp-json\/wp\/v2\/pages\/2531"}],"wp:attachment":[{"href":"https:\/\/ceca.mini.icom.museum\/fr\/wp-json\/wp\/v2\/media?parent=2272"}],"wp:term":[{"taxonomy":"yst_prominent_words","embeddable":true,"href":"https:\/\/ceca.mini.icom.museum\/fr\/wp-json\/wp\/v2\/yst_prominent_words?post=2272"}],"curies":[{"name":"wp","href":"https:\/\/api.w.org\/{rel}","templated":true}]}}