{"id":2307,"date":"2019-11-30T20:44:17","date_gmt":"2019-11-30T20:44:17","guid":{"rendered":"http:\/\/ceca.mini.icom.museum\/?page_id=2307"},"modified":"2026-03-22T10:41:53","modified_gmt":"2026-03-22T10:41:53","slug":"quest-ce-que-les-groupes-dinterets-speciaux","status":"publish","type":"page","link":"https:\/\/ceca.mini.icom.museum\/fr\/groupes-dinteret-speciaux\/quest-ce-que-les-groupes-dinterets-speciaux\/","title":{"rendered":"Qu\u2019est ce que les groupes d\u2019int\u00e9r\u00eats sp\u00e9ciaux ?"},"content":{"rendered":"<p><img decoding=\"async\" loading=\"lazy\" class=\"aligncenter wp-image-2736 size-full\" src=\"https:\/\/ceca.mini.icom.museum\/wp-content\/uploads\/sites\/5\/2019\/12\/collage-groupe-sp\u00e9cial-1000R-03.jpg\" alt=\"\" width=\"1000\" height=\"388\" srcset=\"https:\/\/ceca.mini.icom.museum\/wp-content\/uploads\/sites\/5\/2019\/12\/collage-groupe-sp\u00e9cial-1000R-03.jpg 1000w, https:\/\/ceca.mini.icom.museum\/wp-content\/uploads\/sites\/5\/2019\/12\/collage-groupe-sp\u00e9cial-1000R-03-300x116.jpg 300w, https:\/\/ceca.mini.icom.museum\/wp-content\/uploads\/sites\/5\/2019\/12\/collage-groupe-sp\u00e9cial-1000R-03-768x298.jpg 768w\" sizes=\"(max-width: 1000px) 100vw, 1000px\" \/><\/p>\n<h4><strong>Le but de cette initiative est multiple :<\/strong><\/h4>\n<ul>\n<li>Encourager la r\u00e9flexion commune entre nos membres tout au long de l&#8217;ann\u00e9e et pas seulement lors de la conf\u00e9rence annuelle.<\/li>\n<li>Accro\u00eetre l&#8217;interactivit\u00e9 de nos rencontres annuelles en incluant des groupes de discussion bas\u00e9s sur le travail et les \u00e9changes de ces groupes au cours de l&#8217;ann\u00e9e.<\/li>\n<li>Permettre \u00e9ventuellement aux membres qui n&#8217;ont pu assister aux conf\u00e9rences annuelles de participer \u00e0 distance \u00e0 un groupe de discussion sur un sujet qui les int\u00e9resse.<\/li>\n<li>Identifier des comp\u00e9tences sp\u00e9cifiques autour de certains th\u00e8mes afin d&#8217;enrichir notre offre de formation lors d&#8217;ateliers r\u00e9gionaux<\/li>\n<\/ul>\n<p>&nbsp;<\/p>\n<p><strong>Les Groupes d\u2019Int\u00e9r\u00eats sp\u00e9ciaux en activit\u00e9 sont les suivants<\/strong><\/p>\n<p><strong>Les Groupes d\u2019int\u00e9r\u00eat sp\u00e9cial en activit\u00e9 sont :<\/strong><\/p>\n<ul class=\"sig-list\">\n<li><strong>D\u00e9veloppement professionnel des \u00e9ducateurs de mus\u00e9e<\/strong><br \/>\nCoordinatrice : Wencke Maderbacher (hair.ceca@icom.museum)<br \/>\n<strong>Th\u00e8me :<\/strong> Renforcer le domaine de l&#8217;\u00e9ducation mus\u00e9ale en partageant des connaissances sur la formation, les contrats \u00e9quitables, l&#8217;inclusion et la visibilit\u00e9. Offre une plateforme pour le d\u00e9veloppement professionnel et la d\u00e9fense des int\u00e9r\u00eats.<br \/>\n<strong>Langue :<\/strong> Anglais.<br \/>\n<strong>Ouvert \u00e0 :<\/strong> Tous, <a href=\"https:\/\/docs.google.com\/forms\/d\/e\/1FAIpQLScIkdB9Z7NbYtviayCQaD1E_K4RbrPGnZyRxHWxXA6Os_ZvFg\/viewform\" target=\"_blank\" rel=\"noopener\">sur inscription<\/a>.<br \/>\n<a href=\"https:\/\/ceca.mini.icom.museum\/wp-content\/uploads\/sites\/5\/2020\/06\/ANG-Professional-Development.pdf\" target=\"_blank\" rel=\"noopener\">Plus d\u2019informations<\/a><br \/>\n<a href=\"https:\/\/ceca.mini.icom.museum\/wp-content\/uploads\/sites\/5\/2025\/09\/2025-2026-Professional-Development-of-Museum-Educators.pdf\" target=\"_blank\" rel=\"noopener\">Calendrier 2025\u20132026<\/a><\/li>\n<\/ul>\n<p>&nbsp;<\/p>\n<ul class=\"sig-list\">\n<li><strong>Enqu\u00eate sur la r\u00e9ception par le public des programmes \u00e9ducatifs et culturels<\/strong><br \/>\nCoordinatrices : Marie-Pierre Delaporte (marie-pierre.delaporte[at]mahj.org), Katy Tari (ktari[at]pacmusee.qc.ca)<br \/>\n<strong>Th\u00e8me :<\/strong> \u00c9changes entre professionnels des mus\u00e9es et chercheurs en sciences sociales autour des enqu\u00eates aupr\u00e8s du public, des m\u00e9thodologies et des relations entre visiteurs et mus\u00e9es.<br \/>\n<strong>Langue :<\/strong> Fran\u00e7ais.<br \/>\n<strong>Ouvert \u00e0 :<\/strong> Professionnels int\u00e9ress\u00e9s par le sujet.<br \/>\n<a href=\"https:\/\/ceca.mini.icom.museum\/wp-content\/uploads\/sites\/5\/2025\/10\/SIG-Audiences-ENG.pdf\" target=\"_blank\" rel=\"noopener\">Plus d\u2019informations<\/a><br \/>\nAffiche : \u00ab Museum. Process for a visitor survey \u00bb \u2014<br \/>\n<a href=\"https:\/\/ceca.mini.icom.museum\/wp-content\/uploads\/sites\/5\/2025\/10\/ENG-Poster-Process-for-a-visitor_-compressed-134Mo-to-8Mo.pdf\" target=\"_blank\" rel=\"noopener\">Version HD<\/a><br \/>\n<a href=\"https:\/\/ceca.mini.icom.museum\/wp-content\/uploads\/sites\/5\/2025\/10\/Poster-Process-for-a-visitor-survey_SIG-Audiences_ICOM-CECA.pdf\" target=\"_blank\" rel=\"noopener\">Version basse r\u00e9solution<\/a><\/li>\n<\/ul>\n<p>&nbsp;<\/p>\n<ul class=\"sig-list\">\n<li><strong>Accessibilit\u00e9 universelle \u2013 Le mus\u00e9e inclusif<\/strong><br \/>\nCoordinatrices : Raffaella Russo Ricci (raffaella.ricci[at]paris.fr), Viviana Gobbato (contact[at]vivianagobbato.com)<br \/>\n<strong>Th\u00e8me :<\/strong> Interroger la notion d\u2019accessibilit\u00e9 universelle, selon laquelle un dispositif de m\u00e9diation con\u00e7u \u00e0 partir des besoins sp\u00e9cifiques de certains publics peut enrichir et faciliter la visite de tous les visiteurs. Les activit\u00e9s portent sur l\u2019\u00e9valuation, la planification, les politiques, la recherche, l\u2019engagement et l\u2019exp\u00e9rience des visiteurs.<br \/>\n<strong>Langue :<\/strong> Anglais et fran\u00e7ais (fran\u00e7ais exclusivement pour le groupe de travail francophone du GIS engag\u00e9 dans l\u2019adaptation de l\u2019affiche \u00ab Un mus\u00e9e pour tous ! \u00bb en outil facile \u00e0 lire et \u00e0 comprendre).<br \/>\n<strong>Ouvert \u00e0 :<\/strong> Professionnels \u0153uvrant dans les domaines de l\u2019accessibilit\u00e9 et de l\u2019inclusion, sur inscription.<br \/>\n<a href=\"https:\/\/ceca.mini.icom.museum\/wp-content\/uploads\/sites\/5\/2022\/07\/poster-interactif-Eng.pdf\" target=\"_blank\" rel=\"noopener\">Affiche interactive<\/a> (certains navigateurs ne prennent pas en charge l\u2019interactivit\u00e9)<br \/>\n<a href=\"https:\/\/ceca.mini.icom.museum\/wp-content\/uploads\/sites\/5\/2022\/07\/poster-impression-70x99-Eng.pdf\" target=\"_blank\" rel=\"noopener\">Affiche pour impression<\/a><br \/>\n<a href=\"https:\/\/ceca.mini.icom.museum\/wp-content\/uploads\/sites\/5\/2026\/01\/SIG-Universal-Accessibility-the-Inclusive-Museum-2025-2026-1.pdf\" target=\"_blank\" rel=\"noopener\">Plus d\u2019informations<\/a><\/li>\n<\/ul>\n<p>&nbsp;<\/p>\n<ul class=\"sig-list\">\n<li><strong>\u00c9ducation mus\u00e9ale et d\u00e9colonialit\u00e9<\/strong> (CECA LAC)<br \/>\nCoordinatrice : Silvana Lovay (sillovay[at]gmail.com) ; Co-coordinatrice : Adriana Palafox (adripalarg[at]gmail.com)<br \/>\n<strong>Th\u00e8me :<\/strong> Construire une communaut\u00e9 d\u2019apprentissage afin de d\u00e9manteler les logiques coloniales dans l\u2019\u00e9ducation mus\u00e9ale et les espaces patrimoniaux. Promouvoir des dialogues contextualis\u00e9s, des outils m\u00e9thodologiques et des projets collaboratifs \u00e0 travers l\u2019Am\u00e9rique latine et les Cara\u00efbes. Des r\u00e9unions de sous-groupes sont organis\u00e9es sur des th\u00e9matiques sp\u00e9cifiques afin d\u2019enrichir les m\u00e9thodologies et les pratiques.<br \/>\n<strong>Langue :<\/strong> Espagnol (avec des contributions en portugais).<br \/>\n<strong>Ouvert \u00e0 :<\/strong> Toutes les personnes int\u00e9ress\u00e9es.<br \/>\n<a href=\"https:\/\/ceca.mini.icom.museum\/wp-content\/uploads\/sites\/5\/2020\/08\/ENG-SIG-education-Decolonization-1.pdf\" target=\"_blank\" rel=\"noopener\">Plus d\u2019informations<\/a><br \/>\nPlan pour 2026 :<a href=\"https:\/\/ceca.mini.icom.museum\/wp-content\/uploads\/sites\/5\/2026\/01\/Programa-de-trabajo-GIE-2026-Silvana-M.-Lovay.pdf\" target=\"_blank\" rel=\"noopener\">Programa de trabajo GIE 2026<br \/>\n<\/a><\/li>\n<\/ul>\n<p>&nbsp;<\/p>\n<ul class=\"sig-list\">\n<li><strong>M\u00e9diation sensorielle<\/strong><br \/>\nCoordinatrice : Anne Sophie Grassin (asgrassin[at]gmail.com)<br \/>\n<strong>Th\u00e8me :<\/strong> \u00c9laborer un cadre conceptuel pour la m\u00e9diation sensorielle dans les mus\u00e9es, en mettant l\u2019accent sur les dimensions affectives, corporelles et imaginatives de l\u2019exp\u00e9rience des visiteurs.<br \/>\n<strong>Langue :<\/strong> Fran\u00e7ais.<br \/>\n<strong>Ouvert \u00e0 :<\/strong> Groupe ferm\u00e9 compos\u00e9 de 11 professionnels originaires de France, du Canada, de Belgique et de Suisse.<br \/>\n<a href=\"https:\/\/ceca.mini.icom.museum\/wp-content\/uploads\/sites\/5\/2022\/02\/ANG-SIG-mediation-sensible-2022.pdf\" target=\"_blank\" rel=\"noopener\">Plus d\u2019informations<\/a><\/li>\n<\/ul>\n<p>Si vous \u00eates int\u00e9ress\u00e9s \u00e0 participer aux discussions autour d\u2019un des th\u00e8mes, prenez contact avec son coordonnateur.<br \/>\nIl vous int\u00e9grera dans un premier groupe de travail en ligne.<br \/>\nDes possibilit\u00e9s d\u2019\u00e9change avec le reste des membres du CECA seront ensuite propos\u00e9es suivant des modalit\u00e9s techniques et un calendrier propre \u00e0 chaque groupe, mais permettant de participer aux travaux de plusieurs groupes si on le souhaite.<\/p>\n<p>&nbsp;<\/p>\n","protected":false},"excerpt":{"rendered":"<p>Le but de cette initiative est multiple : Encourager la r\u00e9flexion commune entre nos membres tout au long de l&#8217;ann\u00e9e et pas seulement lors de la conf\u00e9rence annuelle. Accro\u00eetre l&#8217;interactivit\u00e9 de nos rencontres annuelles en incluant des groupes de discussion bas\u00e9s sur le travail et les \u00e9changes de ces groupes au cours de l&#8217;ann\u00e9e. Permettre [&hellip;]<\/p>\n","protected":false},"author":31,"featured_media":0,"parent":2305,"menu_order":1,"comment_status":"closed","ping_status":"closed","template":"","meta":{"footnotes":""},"yst_prominent_words":[1481,1480,3191,286,1079,3192,291,395,862],"acf":[],"_links":{"self":[{"href":"https:\/\/ceca.mini.icom.museum\/fr\/wp-json\/wp\/v2\/pages\/2307"}],"collection":[{"href":"https:\/\/ceca.mini.icom.museum\/fr\/wp-json\/wp\/v2\/pages"}],"about":[{"href":"https:\/\/ceca.mini.icom.museum\/fr\/wp-json\/wp\/v2\/types\/page"}],"author":[{"embeddable":true,"href":"https:\/\/ceca.mini.icom.museum\/fr\/wp-json\/wp\/v2\/users\/31"}],"replies":[{"embeddable":true,"href":"https:\/\/ceca.mini.icom.museum\/fr\/wp-json\/wp\/v2\/comments?post=2307"}],"version-history":[{"count":66,"href":"https:\/\/ceca.mini.icom.museum\/fr\/wp-json\/wp\/v2\/pages\/2307\/revisions"}],"predecessor-version":[{"id":14563,"href":"https:\/\/ceca.mini.icom.museum\/fr\/wp-json\/wp\/v2\/pages\/2307\/revisions\/14563"}],"up":[{"embeddable":true,"href":"https:\/\/ceca.mini.icom.museum\/fr\/wp-json\/wp\/v2\/pages\/2305"}],"wp:attachment":[{"href":"https:\/\/ceca.mini.icom.museum\/fr\/wp-json\/wp\/v2\/media?parent=2307"}],"wp:term":[{"taxonomy":"yst_prominent_words","embeddable":true,"href":"https:\/\/ceca.mini.icom.museum\/fr\/wp-json\/wp\/v2\/yst_prominent_words?post=2307"}],"curies":[{"name":"wp","href":"https:\/\/api.w.org\/{rel}","templated":true}]}}