{"id":2516,"date":"2019-12-16T01:13:28","date_gmt":"2019-12-16T01:13:28","guid":{"rendered":"http:\/\/ceca.mini.icom.museum\/?page_id=2516"},"modified":"2026-01-17T19:42:33","modified_gmt":"2026-01-17T19:42:33","slug":"coordinateurs-regionaux-2","status":"publish","type":"page","link":"https:\/\/ceca.mini.icom.museum\/fr\/qui-fait-quoi\/coordinateurs-regionaux-2\/","title":{"rendered":"Coordinateurs r\u00e9gionaux"},"content":{"rendered":"<p><img decoding=\"async\" loading=\"lazy\" class=\"alignnone wp-image-3301\" src=\"https:\/\/ceca.mini.icom.museum\/wp-content\/uploads\/sites\/5\/2019\/12\/coordination-700-2-300x126.jpg\" alt=\"\" width=\"550\" height=\"232\" srcset=\"https:\/\/ceca.mini.icom.museum\/wp-content\/uploads\/sites\/5\/2019\/12\/coordination-700-2-300x126.jpg 300w, https:\/\/ceca.mini.icom.museum\/wp-content\/uploads\/sites\/5\/2019\/12\/coordination-700-2.jpg 700w\" sizes=\"(max-width: 550px) 100vw, 550px\" \/><\/p>\n<p><strong>Coordinateur r\u00e9gional \u2013 Europe<\/strong><br \/>\nGuido Gerrichhauzen<\/p>\n<p><strong>Coordinateur r\u00e9gional \u2013 Am\u00e9rique latine et les Cara\u00efbes<\/strong><br \/>\nMar\u00eda Gabriela Mena Gal\u00e1rraga<\/p>\n<p><strong>Coordinateur r\u00e9gional \u2013 Asie<\/strong><br \/>\nEunmi Yi<\/p>\n<p><strong>Coordinateurs r\u00e9gionaux \u2013 Am\u00e9rique du Nord et Canada<\/strong><br \/>\nKaty Tari<br \/>\nM\u00e9lanie Deveault<\/p>\n<p><strong>Coordinateur r\u00e9gional \u2013 Afrique<\/strong><br \/>\nPhillipe Kabore<\/p>\n","protected":false},"excerpt":{"rendered":"<p>Coordinateur r\u00e9gional \u2013 Europe Guido Gerrichhauzen Coordinateur r\u00e9gional \u2013 Am\u00e9rique latine et les Cara\u00efbes Mar\u00eda Gabriela Mena Gal\u00e1rraga Coordinateur r\u00e9gional \u2013 Asie Eunmi Yi Coordinateurs r\u00e9gionaux \u2013 Am\u00e9rique du Nord et Canada Katy Tari M\u00e9lanie Deveault Coordinateur r\u00e9gional \u2013 Afrique Phillipe Kabore<\/p>\n","protected":false},"author":31,"featured_media":0,"parent":2531,"menu_order":2,"comment_status":"closed","ping_status":"closed","template":"","meta":{"footnotes":""},"yst_prominent_words":[595,619,607,1774,1424,1406,308,594,593,618,677,1788,901,1411,676,674],"acf":[],"_links":{"self":[{"href":"https:\/\/ceca.mini.icom.museum\/fr\/wp-json\/wp\/v2\/pages\/2516"}],"collection":[{"href":"https:\/\/ceca.mini.icom.museum\/fr\/wp-json\/wp\/v2\/pages"}],"about":[{"href":"https:\/\/ceca.mini.icom.museum\/fr\/wp-json\/wp\/v2\/types\/page"}],"author":[{"embeddable":true,"href":"https:\/\/ceca.mini.icom.museum\/fr\/wp-json\/wp\/v2\/users\/31"}],"replies":[{"embeddable":true,"href":"https:\/\/ceca.mini.icom.museum\/fr\/wp-json\/wp\/v2\/comments?post=2516"}],"version-history":[{"count":13,"href":"https:\/\/ceca.mini.icom.museum\/fr\/wp-json\/wp\/v2\/pages\/2516\/revisions"}],"predecessor-version":[{"id":14330,"href":"https:\/\/ceca.mini.icom.museum\/fr\/wp-json\/wp\/v2\/pages\/2516\/revisions\/14330"}],"up":[{"embeddable":true,"href":"https:\/\/ceca.mini.icom.museum\/fr\/wp-json\/wp\/v2\/pages\/2531"}],"wp:attachment":[{"href":"https:\/\/ceca.mini.icom.museum\/fr\/wp-json\/wp\/v2\/media?parent=2516"}],"wp:term":[{"taxonomy":"yst_prominent_words","embeddable":true,"href":"https:\/\/ceca.mini.icom.museum\/fr\/wp-json\/wp\/v2\/yst_prominent_words?post=2516"}],"curies":[{"name":"wp","href":"https:\/\/api.w.org\/{rel}","templated":true}]}}