{"id":3406,"date":"2019-12-19T12:23:08","date_gmt":"2019-12-19T12:23:08","guid":{"rendered":"http:\/\/ceca.mini.icom.museum\/?page_id=3406"},"modified":"2025-04-01T10:58:45","modified_gmt":"2025-04-01T10:58:45","slug":"expertise-en-formation-ceca-divers","status":"publish","type":"page","link":"https:\/\/ceca.mini.icom.museum\/fr\/expertise-en-formation-ceca\/expertise-en-formation-ceca-divers\/","title":{"rendered":"\u00c9tudes et formations"},"content":{"rendered":"<h5><strong>2025 Formation en ligne : Universit\u00e9 de Murcie (Espagne) &#8211; ICOM CECA<\/strong><br \/>\nMicrocertification universitaire en rapports de recherche appliqu\u00e9e \u00e0 l\u2019\u00e9ducation dans les mus\u00e9es d\u2019Am\u00e9rique latine et des Cara\u00efbes.<\/h5>\n<p>Dans cette activit\u00e9, les \u00e9tudiants apprendront \u00e0 appliquer des projets de recherche et \u00e0 r\u00e9diger un rapport ou un article final.<\/p>\n<ul>\n<li><strong>P\u00e9riode acad\u00e9mique<br \/>\n<\/strong>Du 15 mai 2025 au 15 octobre 2025.<\/li>\n<li><strong>Pr\u00e9inscription<br \/>\n<\/strong>Date limite d&#8217;inscription 15 avril 2025.<\/li>\n<li><strong>P\u00e9riode d\u2019inscription<br \/>\n<\/strong>Du 28 avril au 4 mai 2025.<\/li>\n<\/ul>\n<p><strong>\u25ba \u25ba Toutes les informations<\/strong><br \/>\n<a href=\"https:\/\/casiopea.um.es\/cursospe\/informesinvestigacioni.f\" target=\"_blank\" rel=\"noopener\">https:\/\/casiopea.um.es\/cursospe\/informesinvestigacioni.f<\/a><\/p>\n<p><img decoding=\"async\" loading=\"lazy\" class=\"wp-image-12878 aligncenter\" src=\"https:\/\/ceca.mini.icom.museum\/wp-content\/uploads\/sites\/5\/2025\/03\/Online-Training-Pre-registration-2025-v4-400pxR-258x300.jpg\" alt=\"\" width=\"400\" height=\"466\" srcset=\"https:\/\/ceca.mini.icom.museum\/wp-content\/uploads\/sites\/5\/2025\/03\/Online-Training-Pre-registration-2025-v4-400pxR-258x300.jpg 258w, https:\/\/ceca.mini.icom.museum\/wp-content\/uploads\/sites\/5\/2025\/03\/Online-Training-Pre-registration-2025-v4-400pxR.jpg 400w\" sizes=\"(max-width: 400px) 100vw, 400px\" \/><\/p>\n<p>&nbsp;<\/p>\n<hr \/>\n<p><strong>Durabilit\u00e9 sociale, durabilit\u00e9 naturelle : l&#8217;urgence de l&#8217;\u00e9ducation<\/strong><br \/>\nAbidjan, C\u00f4te d&#8217;Ivoire, 23\/28 novembre 2024<\/p>\n<p><strong>En collaboration<\/strong> avec ICOM NATHIST, ICOM France, Mus\u00e9e des civilisations de C\u00f4te d&#8217;Ivoire,<br \/>\n<strong>Avec le soutien<\/strong> de : Alliance r\u00e9gionale africaine de l&#8217;ICOM, Comit\u00e9s nationaux de l&#8217;ICOM du Burkina Faso, de la C\u00f4te d&#8217;Ivoire, du B\u00e9nin, du Mali, Comit\u00e9s nationaux de l&#8217;ICOM de Gr\u00e8ce, d&#8217;Espagne, d&#8217;Argentine, Bureau r\u00e9gional de l&#8217;UNESCO pour l&#8217;Afrique australe, Mus\u00e9e de l&#8217;Eau du Burkina Faso.<\/p>\n<p>L&#8217;un des moyens traditionnels d&#8217;associer les visiteurs \u00e0 la vie des mus\u00e9es est de proposer \u00e0 des publics vari\u00e9s, habituels ou \u00e9loign\u00e9s, des programmes \u00e9ducatifs et culturels susceptibles de les attirer et de mettre les richesses du mus\u00e9e au service des besoins de la soci\u00e9t\u00e9.<br \/>\nDepuis plus de dix ans, l&#8217;ICOM CECA utilise et am\u00e9liore un outil destin\u00e9 \u00e0 soutenir les concepteurs professionnels de ces programmes, en approfondissant leur r\u00e9flexion sur les nombreux aspects scientifiques, sociaux, mat\u00e9riels et financiers impliqu\u00e9s dans la mise en \u0153uvre de cette offre.<br \/>\nL&#8217;atelier propos\u00e9 en Afrique de l&#8217;Ouest francophone visera \u00e0 d\u00e9velopper les comp\u00e9tences p\u00e9dagogiques des professionnels des mus\u00e9es autour de la mise en \u0153uvre des programmes, et ce avec deux intentions plus sp\u00e9cifiques : traiter du patrimoine mat\u00e9riel et naturel, et travailler plus particuli\u00e8rement en direction des communaut\u00e9s dans une approche inclusive.<br \/>\nLa pr\u00e9sence de repr\u00e9sentants du CECA dans la r\u00e9gion lors de l&#8217;atelier devrait contribuer \u00e0 la diffusion des comp\u00e9tences et \u00e0 une plus grande participation des professionnels africains au concours international annuel \u00ab Best Practice Award \u00bb, qui recueille chaque ann\u00e9e de nombreuses propositions et r\u00e9compense et publie les meilleurs programmes.<\/p>\n<p><img decoding=\"async\" loading=\"lazy\" class=\"aligncenter wp-image-11923 size-full\" src=\"https:\/\/ceca.mini.icom.museum\/wp-content\/uploads\/sites\/5\/2024\/09\/bandeau-6-IA-mfd-afrique-01-6-600px.jpg\" alt=\"\" width=\"600\" height=\"422\" srcset=\"https:\/\/ceca.mini.icom.museum\/wp-content\/uploads\/sites\/5\/2024\/09\/bandeau-6-IA-mfd-afrique-01-6-600px.jpg 600w, https:\/\/ceca.mini.icom.museum\/wp-content\/uploads\/sites\/5\/2024\/09\/bandeau-6-IA-mfd-afrique-01-6-600px-300x211.jpg 300w\" sizes=\"(max-width: 600px) 100vw, 600px\" \/><\/p>\n<hr \/>\n<p><strong>Universit\u00e9 de Murcia, Espagne : &#8220;<\/strong>Formation en ligne, cours 2024&#8243;<br \/>\nMicro-cr\u00e9dit universitaire dans les projets d&#8217;investissement appliqu\u00e9s \u00e0 l&#8217;\u00e9ducation dans les mus\u00e9es d&#8217;Am\u00e9rique latine et des Cara\u00efbes (Premi\u00e8re \u00e9dition)<\/p>\n<p><img decoding=\"async\" loading=\"lazy\" class=\"wp-image-11897 aligncenter\" src=\"https:\/\/ceca.mini.icom.museum\/wp-content\/uploads\/sites\/5\/2024\/08\/formation-online-2024-ESP-640R-encad-300x172.jpg\" alt=\"\" width=\"640\" height=\"366\" srcset=\"https:\/\/ceca.mini.icom.museum\/wp-content\/uploads\/sites\/5\/2024\/08\/formation-online-2024-ESP-640R-encad-300x172.jpg 300w, https:\/\/ceca.mini.icom.museum\/wp-content\/uploads\/sites\/5\/2024\/08\/formation-online-2024-ESP-640R-encad.jpg 654w\" sizes=\"(max-width: 640px) 100vw, 640px\" \/><\/p>\n<hr \/>\n<p><strong>Belgique<\/strong> : Le projet \u201cVirtual museum mediation: a necessary adaptation of methods\u201d \/ &#8220;<strong>La m\u00e9diation mus\u00e9ale virtuelle : une n\u00e9cessaire adaptation des m\u00e9thodes<\/strong>&#8220;.<\/p>\n<p>Projet pilote en vue de la cr\u00e9ation de tutoriels (vid\u00e9o et pdf) afin d\u2019aider les m\u00e9diateurs \u00e0 mettre en place et promouvoir une visite virtuelle de fa\u00e7on optimale et adapt\u00e9e \u00e0 diff\u00e9rents publics cibles.<\/p>\n<p>Le projet intitul\u00e9 Virtual museummediation: anecessary adaptation of methods consiste \u00e0 mettre \u00e0 disposition des op\u00e9rateurs mus\u00e9aux et des m\u00e9diateur-trice-s culturel-le-s (guides) des tutoriels vid\u00e9os et un guide de m\u00e9diation pour les aider dans la r\u00e9alisation et la promotion de visites en ligne interactives.<br \/>\nCe projet est men\u00e9 dans le cadre de ICOMSolidarity Project 2021.<\/p>\n<p><strong>Les partenaires responsables de la coordination du projet\u00a0sont : ICOM Belgium, ICOM CECA, Mus\u00e9es et Soci\u00e9t\u00e9 en Wallonie, Brussels Museums, FARO.<\/strong><\/p>\n<p><strong>Les six mus\u00e9es<\/strong> ayant particip\u00e9s\u00a0\u00e0 la phase pilote sont : FeliXart Museum (Drogenbos), Mus\u00e9e de Folklore et des Imaginaires (Tournai), Mus\u00e9e royal de Mariemont, Mus\u00e9e d\u2019Ixelles, Mus\u00e9e de la Photographie (Charleroi), Maison de l\u2019histoire europ\u00e9enne.<\/p>\n<p>Avec le soutien d\u2019ICOM et de la F\u00e9d\u00e9ration Wallonie-Bruxelles<\/p>\n<p><img decoding=\"async\" loading=\"lazy\" class=\"aligncenter wp-image-9952\" src=\"https:\/\/ceca.mini.icom.museum\/wp-content\/uploads\/sites\/5\/2023\/01\/logos-Virtual-mediation-300x86.jpg\" alt=\"\" width=\"400\" height=\"115\" srcset=\"https:\/\/ceca.mini.icom.museum\/wp-content\/uploads\/sites\/5\/2023\/01\/logos-Virtual-mediation-300x86.jpg 300w, https:\/\/ceca.mini.icom.museum\/wp-content\/uploads\/sites\/5\/2023\/01\/logos-Virtual-mediation-768x220.jpg 768w, https:\/\/ceca.mini.icom.museum\/wp-content\/uploads\/sites\/5\/2023\/01\/logos-Virtual-mediation.jpg 911w\" sizes=\"(max-width: 400px) 100vw, 400px\" \/><\/p>\n<hr \/>\n<p><strong>Beijing : Centre international de formation de l&#8217;ICOM ITC<\/strong>, session triennale sur l&#8217;\u00e9ducation<br \/>\nExpert Arja Van Veldhuisen, membre du conseil de CECA.<\/p>\n<p>Du 5 au 14 novembre, 31 jeunes professionnels de mus\u00e9es se sont r\u00e9unis au Mus\u00e9e de Yixing (Yixing est une ville du Jiangsu, Chine) pour l&#8217;atelier de formation de l&#8217;ICOM ITC de novembre 2019. 31 participants dont 16 chinois et 15 de pays en d\u00e9veloppement. Arja : &#8221; Ce fut un grand honneur de repr\u00e9senter CECA \u00e0 Yixing. J&#8217;ai essay\u00e9 de promouvoir CECA aussi bien que possible et je suis presque s\u00fbr qu&#8217;ils ont re\u00e7u ce message, y compris l&#8217;invitation pour Louvain 2020.&#8221;<\/p>\n<p><img decoding=\"async\" loading=\"lazy\" class=\"wp-image-3396 aligncenter\" src=\"https:\/\/ceca.mini.icom.museum\/wp-content\/uploads\/sites\/5\/2019\/12\/Arja-session-700R-300x132.jpg\" alt=\"\" width=\"640\" height=\"282\" srcset=\"https:\/\/ceca.mini.icom.museum\/wp-content\/uploads\/sites\/5\/2019\/12\/Arja-session-700R-300x132.jpg 300w, https:\/\/ceca.mini.icom.museum\/wp-content\/uploads\/sites\/5\/2019\/12\/Arja-session-700R.jpg 700w\" sizes=\"(max-width: 640px) 100vw, 640px\" \/><\/p>\n<hr \/>\n<p><strong>Mus\u00e9e d&#8217;artisanat d&#8217;art de S\u00e9oul.<\/strong><br \/>\nTable ronde sur &#8220;Exposer pour les visiteurs ayant une d\u00e9ficience visuelle&#8221;<br \/>\n12 novembre. Expert : Marie-Clart\u00e9 O&#8217;Neill, pr\u00e9sidente. 50 participants cor\u00e9ens<\/p>\n<p><img decoding=\"async\" loading=\"lazy\" class=\"wp-image-3399 aligncenter\" src=\"https:\/\/ceca.mini.icom.museum\/wp-content\/uploads\/sites\/5\/2019\/12\/children-mseum-700R-300x200.jpg\" alt=\"\" width=\"640\" height=\"427\" srcset=\"https:\/\/ceca.mini.icom.museum\/wp-content\/uploads\/sites\/5\/2019\/12\/children-mseum-700R-300x200.jpg 300w, https:\/\/ceca.mini.icom.museum\/wp-content\/uploads\/sites\/5\/2019\/12\/children-mseum-700R.jpg 700w\" sizes=\"(max-width: 640px) 100vw, 640px\" \/><\/p>\n<p><strong>Budapest : Conf\u00e9rence MuseumDigit2019<\/strong><br \/>\nUne conf\u00e9rence sur les tendances et l&#8217;innovation num\u00e9riques au Mus\u00e9e national hongrois, Budapest, Hongrie<br \/>\n26\/27 novembre. Expert : Marie-Clart\u00e9 O&#8217;Neill, pr\u00e9sidente.<\/p>\n<p>MuseumDigit est un \u00e9v\u00e9nement de deux jours organis\u00e9 par le Centre national de m\u00e9thodologie et d&#8217;information mus\u00e9ales, avec un public d&#8217;environ 300 experts et conservateurs de mus\u00e9es, ainsi que des cr\u00e9ateurs num\u00e9riques, des conteurs, des innovateurs en TI et des \u00e9tudiants universitaires. Leur but est de r\u00e9unir des esprits brillants pour donner des conf\u00e9rences ax\u00e9es sur des id\u00e9es et sur un large \u00e9ventail de sujets li\u00e9s \u00e0 la num\u00e9risation et au patrimoine culturel num\u00e9rique, afin de favoriser l&#8217;apprentissage, l&#8217;inspiration et l&#8217;innovation &#8211; et de susciter des conversations qui comptent.<\/p>\n<p>Chaque ann\u00e9e, ils accueillent un pr\u00e9sident de l&#8217;un des comit\u00e9s internationaux de l&#8217;ICOM.<\/p>\n<hr \/>\n<p>&nbsp;<\/p>\n","protected":false},"excerpt":{"rendered":"<p>2025 Formation en ligne : Universit\u00e9 de Murcie (Espagne) &#8211; ICOM CECA Microcertification universitaire en rapports de recherche appliqu\u00e9e \u00e0 l\u2019\u00e9ducation dans les mus\u00e9es d\u2019Am\u00e9rique latine et des Cara\u00efbes. Dans cette activit\u00e9, les \u00e9tudiants apprendront \u00e0 appliquer des projets de recherche et \u00e0 r\u00e9diger un rapport ou un article final. P\u00e9riode acad\u00e9mique Du 15 mai [&hellip;]<\/p>\n","protected":false},"author":31,"featured_media":0,"parent":3386,"menu_order":1,"comment_status":"closed","ping_status":"closed","template":"","meta":{"footnotes":""},"yst_prominent_words":[2553,2552,91,2555,2554],"acf":[],"_links":{"self":[{"href":"https:\/\/ceca.mini.icom.museum\/fr\/wp-json\/wp\/v2\/pages\/3406"}],"collection":[{"href":"https:\/\/ceca.mini.icom.museum\/fr\/wp-json\/wp\/v2\/pages"}],"about":[{"href":"https:\/\/ceca.mini.icom.museum\/fr\/wp-json\/wp\/v2\/types\/page"}],"author":[{"embeddable":true,"href":"https:\/\/ceca.mini.icom.museum\/fr\/wp-json\/wp\/v2\/users\/31"}],"replies":[{"embeddable":true,"href":"https:\/\/ceca.mini.icom.museum\/fr\/wp-json\/wp\/v2\/comments?post=3406"}],"version-history":[{"count":17,"href":"https:\/\/ceca.mini.icom.museum\/fr\/wp-json\/wp\/v2\/pages\/3406\/revisions"}],"predecessor-version":[{"id":12904,"href":"https:\/\/ceca.mini.icom.museum\/fr\/wp-json\/wp\/v2\/pages\/3406\/revisions\/12904"}],"up":[{"embeddable":true,"href":"https:\/\/ceca.mini.icom.museum\/fr\/wp-json\/wp\/v2\/pages\/3386"}],"wp:attachment":[{"href":"https:\/\/ceca.mini.icom.museum\/fr\/wp-json\/wp\/v2\/media?parent=3406"}],"wp:term":[{"taxonomy":"yst_prominent_words","embeddable":true,"href":"https:\/\/ceca.mini.icom.museum\/fr\/wp-json\/wp\/v2\/yst_prominent_words?post=3406"}],"curies":[{"name":"wp","href":"https:\/\/api.w.org\/{rel}","templated":true}]}}