{"id":3839,"date":"2020-01-24T13:48:30","date_gmt":"2020-01-24T13:48:30","guid":{"rendered":"http:\/\/ceca.mini.icom.museum\/?page_id=3839"},"modified":"2023-01-14T00:03:57","modified_gmt":"2023-01-14T00:03:57","slug":"collaborations-avec-dautres-comites","status":"publish","type":"page","link":"https:\/\/ceca.mini.icom.museum\/fr\/collaborations-2\/collaborations-avec-dautres-comites\/","title":{"rendered":"Collaborations avec d&#8217;autres comit\u00e9s"},"content":{"rendered":"<h5><strong><img decoding=\"async\" loading=\"lazy\" class=\"size-full wp-image-3634 alignright\" src=\"http:\/\/ceca.mini.icom.museum\/wp-content\/uploads\/sites\/5\/2020\/01\/three-puzzle-couleur-3logos235px.jpg\" alt=\"\" width=\"235\" height=\"227\" \/>L\u2019importance et la transversalit\u00e9<\/strong> des questions d\u2019accessibilit\u00e9, d\u2019int\u00e9gration et d\u2019\u00e9ducation dans les mus\u00e9es et par le biais des mus\u00e9es, encourage naturellement des projets communs entre le CECA et d\u2019autres comit\u00e9s.<\/h5>\n<hr \/>\n<p><strong>&#8220;La m\u00e9diation mus\u00e9ale virtuelle : une n\u00e9cessaire adaptation des m\u00e9thodes&#8221;<\/strong><\/p>\n<p>Projet pilote en vue de la cr\u00e9ation de tutoriels (vid\u00e9o et pdf) afin d\u2019aider les m\u00e9diateurs \u00e0 mettre en place et promouvoir une visite virtuelle de fa\u00e7on optimale et adapt\u00e9e \u00e0 diff\u00e9rents publics cibles.<\/p>\n<p><img decoding=\"async\" loading=\"lazy\" class=\"alignright wp-image-9949\" src=\"https:\/\/ceca.mini.icom.museum\/wp-content\/uploads\/sites\/5\/2023\/01\/cartel-Virtual-medition-623px-300x216.jpg\" alt=\"\" width=\"250\" height=\"180\" srcset=\"https:\/\/ceca.mini.icom.museum\/wp-content\/uploads\/sites\/5\/2023\/01\/cartel-Virtual-medition-623px-300x216.jpg 300w, https:\/\/ceca.mini.icom.museum\/wp-content\/uploads\/sites\/5\/2023\/01\/cartel-Virtual-medition-623px.jpg 623w\" sizes=\"(max-width: 250px) 100vw, 250px\" \/>Le projet intitul\u00e9 Virtual museum mediation: a necessary adaptation of methods consiste \u00e0 mettre \u00e0 disposition des op\u00e9rateurs mus\u00e9aux et des m\u00e9diateur-trice-s culturel-le-s (guides) des tutoriels vid\u00e9os et un guide de m\u00e9diation pour les aider dans la r\u00e9alisation et la promotion de visites en ligne interactives.<\/p>\n<p>Ce projet est men\u00e9 dans le cadre de ICOM Solidarity Project 2021.<\/p>\n<p>Les partenaires responsables de la coordination du projet\u00a0sont : ICOM Belgium, ICOM CECA, Mus\u00e9es et Soci\u00e9t\u00e9 en Wallonie, Brussels Museums, FARO.<\/p>\n<p>Les six mus\u00e9es ayant particip\u00e9s\u00a0\u00e0 la phase pilote sont : FeliXart Museum (Drogenbos), Mus\u00e9e de Folklore et des Imaginaires (Tournai), Mus\u00e9e royal de Mariemont, Mus\u00e9e d\u2019Ixelles, Mus\u00e9e de la Photographie (Charleroi), Maison de l\u2019histoire europ\u00e9enne.<\/p>\n<p>Avec le soutien d\u2019ICOM et de la F\u00e9d\u00e9ration Wallonie-Bruxelles.<br \/>\nPour les contenus et m\u00e9thodes et l\u2019activation des liens d\u2019utilisation, voir la rubrique &#8220;Expertise en formation CECA&#8221;<\/p>\n<p><img decoding=\"async\" loading=\"lazy\" class=\"aligncenter wp-image-9952\" src=\"https:\/\/ceca.mini.icom.museum\/wp-content\/uploads\/sites\/5\/2023\/01\/logos-Virtual-mediation-300x86.jpg\" alt=\"\" width=\"350\" height=\"100\" srcset=\"https:\/\/ceca.mini.icom.museum\/wp-content\/uploads\/sites\/5\/2023\/01\/logos-Virtual-mediation-300x86.jpg 300w, https:\/\/ceca.mini.icom.museum\/wp-content\/uploads\/sites\/5\/2023\/01\/logos-Virtual-mediation-768x220.jpg 768w, https:\/\/ceca.mini.icom.museum\/wp-content\/uploads\/sites\/5\/2023\/01\/logos-Virtual-mediation.jpg 911w\" sizes=\"(max-width: 350px) 100vw, 350px\" \/><\/p>\n<hr \/>\n<p><strong>La CAM -Association des Mus\u00e9es du Commonwealth- offre depuis de nombreuses ann\u00e9es un programme de formation \u00e0 la mus\u00e9ologie \u00e0 distance.<\/strong> Ce programme a vocation \u00e0 \u00eatre renouvel\u00e9 au cours de l\u2019ann\u00e9e qui vient.<br \/>\nLe CECA a \u00e9t\u00e9 invit\u00e9 \u00e0 participer \u00e0 l\u2019\u00e9laboration de ce nouveau programme autour des questions li\u00e9es aux publics et \u00e0 l\u2019\u00e9ducation et l\u2019action culturelle.<br \/>\nEn \u00e9change de cette collaboration, un membre du CECA, chaque ann\u00e9e, pourra \u00eatre invit\u00e9 \u00e0 s\u2019inscrire gratuitement \u00e0 cette formation.<br \/>\nLes d\u00e9tails de cette formation en termes de contenu, de modalit\u00e9s de d\u00e9roulement et de calendrier seront pr\u00e9cis\u00e9s ult\u00e9rieurement ainsi que les conditions de candidatures aupr\u00e8s du CECA.<\/p>\n<p><strong>Avec <a href=\"https:\/\/thecommonwealth.org\/organisation\/commonwealth-association-museums\" target=\"_blank\" rel=\"noopener\">CAM<\/a><\/strong>:<br \/>\n<a href=\"http:\/\/ceca.mini.icom.museum\/wp-content\/uploads\/sites\/5\/2020\/01\/FRA_Collaboration-CECA-et-CAM.pdf\" target=\"_blank\" rel=\"noopener\">pr\u00e9-conf\u00e9rence aura lieu pendant la CAMtriennial2020 en mars.<\/a><\/p>\n<p><a href=\"https:\/\/thecommonwealth.org\/organisation\/commonwealth-association-museums\" target=\"_blank\" rel=\"noopener\"><img decoding=\"async\" loading=\"lazy\" class=\"alignnone size-medium wp-image-4908\" src=\"https:\/\/ceca.mini.icom.museum\/wp-content\/uploads\/sites\/5\/2020\/05\/logo-CAM-300x84.jpg\" alt=\"\" width=\"300\" height=\"84\" srcset=\"https:\/\/ceca.mini.icom.museum\/wp-content\/uploads\/sites\/5\/2020\/05\/logo-CAM-300x84.jpg 300w, https:\/\/ceca.mini.icom.museum\/wp-content\/uploads\/sites\/5\/2020\/05\/logo-CAM.jpg 527w\" sizes=\"(max-width: 300px) 100vw, 300px\" \/><\/a><\/p>\n<p>&nbsp;<\/p>\n","protected":false},"excerpt":{"rendered":"<p>L\u2019importance et la transversalit\u00e9 des questions d\u2019accessibilit\u00e9, d\u2019int\u00e9gration et d\u2019\u00e9ducation dans les mus\u00e9es et par le biais des mus\u00e9es, encourage naturellement des projets communs entre le CECA et d\u2019autres comit\u00e9s. &#8220;La m\u00e9diation mus\u00e9ale virtuelle : une n\u00e9cessaire adaptation des m\u00e9thodes&#8221; Projet pilote en vue de la cr\u00e9ation de tutoriels (vid\u00e9o et pdf) afin d\u2019aider les [&hellip;]<\/p>\n","protected":false},"author":1,"featured_media":0,"parent":3830,"menu_order":1,"comment_status":"closed","ping_status":"closed","template":"","meta":{"footnotes":""},"yst_prominent_words":[622,42,1734,3224,277,3223,91,111,3221,487,1738,286,617,2693,3222,395,810,711,2530,1468,1736],"acf":[],"_links":{"self":[{"href":"https:\/\/ceca.mini.icom.museum\/fr\/wp-json\/wp\/v2\/pages\/3839"}],"collection":[{"href":"https:\/\/ceca.mini.icom.museum\/fr\/wp-json\/wp\/v2\/pages"}],"about":[{"href":"https:\/\/ceca.mini.icom.museum\/fr\/wp-json\/wp\/v2\/types\/page"}],"author":[{"embeddable":true,"href":"https:\/\/ceca.mini.icom.museum\/fr\/wp-json\/wp\/v2\/users\/1"}],"replies":[{"embeddable":true,"href":"https:\/\/ceca.mini.icom.museum\/fr\/wp-json\/wp\/v2\/comments?post=3839"}],"version-history":[{"count":12,"href":"https:\/\/ceca.mini.icom.museum\/fr\/wp-json\/wp\/v2\/pages\/3839\/revisions"}],"predecessor-version":[{"id":9957,"href":"https:\/\/ceca.mini.icom.museum\/fr\/wp-json\/wp\/v2\/pages\/3839\/revisions\/9957"}],"up":[{"embeddable":true,"href":"https:\/\/ceca.mini.icom.museum\/fr\/wp-json\/wp\/v2\/pages\/3830"}],"wp:attachment":[{"href":"https:\/\/ceca.mini.icom.museum\/fr\/wp-json\/wp\/v2\/media?parent=3839"}],"wp:term":[{"taxonomy":"yst_prominent_words","embeddable":true,"href":"https:\/\/ceca.mini.icom.museum\/fr\/wp-json\/wp\/v2\/yst_prominent_words?post=3839"}],"curies":[{"name":"wp","href":"https:\/\/api.w.org\/{rel}","templated":true}]}}