{"id":3903,"date":"2020-01-28T18:05:49","date_gmt":"2020-01-28T18:05:49","guid":{"rendered":"http:\/\/ceca.mini.icom.museum\/?page_id=3903"},"modified":"2025-01-21T18:53:38","modified_gmt":"2025-01-21T18:53:38","slug":"conferences-regionales","status":"publish","type":"page","link":"https:\/\/ceca.mini.icom.museum\/fr\/conferences\/conferences-regionales\/","title":{"rendered":"Conf\u00e9rences r\u00e9gionales"},"content":{"rendered":"<h3>\u25ba \u25ba ICOM CECA 2024, atelier \u00e0 Abidjan, Afrique<\/h3>\n<p>Le Comit\u00e9 pour l&#8217;\u00e9ducation et l&#8217;action culturelle (Ceca), sous l&#8217;\u00e9gide de l&#8217;Icom (International Council of Museums), a <img decoding=\"async\" loading=\"lazy\" class=\"size-medium wp-image-12203 alignright\" src=\"https:\/\/ceca.mini.icom.museum\/wp-content\/uploads\/sites\/5\/2024\/12\/Atelier-Afrique-2024-500px-22-300x188.jpg\" alt=\"\" width=\"300\" height=\"188\" srcset=\"https:\/\/ceca.mini.icom.museum\/wp-content\/uploads\/sites\/5\/2024\/12\/Atelier-Afrique-2024-500px-22-300x188.jpg 300w, https:\/\/ceca.mini.icom.museum\/wp-content\/uploads\/sites\/5\/2024\/12\/Atelier-Afrique-2024-500px-22.jpg 500w\" sizes=\"(max-width: 300px) 100vw, 300px\" \/>organis\u00e9 un atelier r\u00e9gional du <strong>25 au 28 novembre 2024, au Mus\u00e9e des civilisations d&#8217;Abidjan-Plateau<\/strong>. Cette rencontre a r\u00e9uni des professionnels des mus\u00e9es de C\u00f4te d&#8217;Ivoire, du Burkina Faso, du Mali et du B\u00e9nin autour du th\u00e8me : <strong>&#8220;Durabilit\u00e9 sociale \/Durabilit\u00e9 naturelle : l&#8217;urgence de l&#8217;\u00e9ducation&#8221;<\/strong>. L&#8217;objectif \u00e9tait de renforcer les comp\u00e9tences des professionnels des mus\u00e9es et de promouvoir l&#8217;\u00e9ducation mus\u00e9ale comme levier de d\u00e9veloppement durable.<\/p>\n<p>Projet r\u00e9alis\u00e9 par le CECA, en collaboration avec ICOM NATHIST, ICOM France, ICOM C\u00f4te d&#8217;Ivoire, le Mus\u00e9e de la Civilisation de C\u00f4te d&#8217;Ivoire, et avec le soutien de l&#8217;Alliance r\u00e9gionale africaine de l&#8217;ICOM, les comit\u00e9s nationaux de l&#8217;ICOM du Burkina Faso, du B\u00e9nin et du Mali, les comit\u00e9s nationaux de l&#8217;ICOM de Gr\u00e8ce, d&#8217;Espagne et d&#8217;Argentine, le Bureau r\u00e9gional de l&#8217;UNESCO pour l&#8217;Afrique australe, et le Mus\u00e9e de l&#8217;Eau du Burkina Faso.<\/p>\n<p><strong>Album photo :<br \/>\nCliquez sur le lien<\/strong>. Cliquez sur les photos pour les agrandire, et sur les fl\u00e8ches pour les faire d\u00e9filer.<br \/>\n<a href=\"https:\/\/photos.app.goo.gl\/Rv8gY2CiU89MmnCE7\" target=\"_blank\" rel=\"noopener\">https:\/\/photos.app.goo.gl\/Rv8gY2CiU89MmnCE7<\/a><\/p>\n<hr \/>\n<h3><strong>\u25ba <\/strong><strong>\u25ba <\/strong>ICOM CECA pour l\u2019Am\u00e9rique Latine et les Cara\u00efbes 2024<\/h3>\n<p><strong>XIVe r\u00e9union r\u00e9gionale du CECA LAC<\/strong>.<br \/>\n<img decoding=\"async\" loading=\"lazy\" class=\"size-medium wp-image-12057 alignright\" src=\"https:\/\/ceca.mini.icom.museum\/wp-content\/uploads\/sites\/5\/2024\/11\/Flyer-espanol-cadre-500px-290x300.jpg\" alt=\"\" width=\"290\" height=\"300\" srcset=\"https:\/\/ceca.mini.icom.museum\/wp-content\/uploads\/sites\/5\/2024\/11\/Flyer-espanol-cadre-500px-290x300.jpg 290w, https:\/\/ceca.mini.icom.museum\/wp-content\/uploads\/sites\/5\/2024\/11\/Flyer-espanol-cadre-500px.jpg 500w\" sizes=\"(max-width: 290px) 100vw, 290px\" \/>&#8220;\u00c9ducation mus\u00e9ale et d\u00e9mocratie : diversit\u00e9, inclusion et droit \u00e0 la m\u00e9moire&#8221;,<br \/>\n<strong>du 25 au 27 novembre 2024.<\/strong><\/p>\n<p><strong>VIIIe Forum national des mus\u00e9es<\/strong> &#8211; D\u00e9mocratie et droit \u00e0 la m\u00e9moire.<br \/>\n<strong>25 au 30 novembre 2024<\/strong>, Fortaleza &#8211; Cear\u00e1 (Br\u00e9sil)<\/p>\n<p>Le Forum national des mus\u00e9es, organis\u00e9 par l&#8217;Institut br\u00e9silien des mus\u00e9es (IBRAM), est un \u00e9v\u00e9nement national qui vise \u00e0 r\u00e9fl\u00e9chir, \u00e0 \u00e9valuer et \u00e0 d\u00e9finir les lignes directrices de la politique mus\u00e9ale nationale et \u00e0 consolider les bases de la mise en \u0153uvre d&#8217;un mod\u00e8le de gestion int\u00e9gr\u00e9e pour les mus\u00e9es br\u00e9siliens. Il n&#8217;y a pas eu de Forum national des mus\u00e9es depuis 2017, l&#8217;\u00e9v\u00e9nement est donc tr\u00e8s attendu par la communaut\u00e9 des mus\u00e9es br\u00e9siliens.<br \/>\n<strong>La r\u00e9union r\u00e9gionale CECA LAC s&#8217;articulera avec ce Forum<\/strong> et b\u00e9n\u00e9ficiera de l&#8217;ensemble du programme, qui comprend : des conf\u00e9rences, des panels, des communications coordonn\u00e9es, des cours de courte dur\u00e9e, des groupes de travail et des programmes parall\u00e8les.<\/p>\n<p><strong>Programme de la\u00a0 XIVe R\u00e9union r\u00e9gionale du CECA LAC &lt;<a href=\"https:\/\/ceca.mini.icom.museum\/wp-content\/uploads\/sites\/5\/2024\/11\/PROGRAMA-del-XIV-Encuentro-Regional-del-CECA-LAC_ESP.pdf\" target=\"_blank\" rel=\"noopener\">ici<\/a>&gt;<\/strong><\/p>\n<p><img decoding=\"async\" loading=\"lazy\" class=\"aligncenter wp-image-12508\" src=\"https:\/\/ceca.mini.icom.museum\/wp-content\/uploads\/sites\/5\/2025\/01\/LAC-1918px-300x169.jpg\" alt=\"\" width=\"700\" height=\"394\" srcset=\"https:\/\/ceca.mini.icom.museum\/wp-content\/uploads\/sites\/5\/2025\/01\/LAC-1918px-300x169.jpg 300w, https:\/\/ceca.mini.icom.museum\/wp-content\/uploads\/sites\/5\/2025\/01\/LAC-1918px-1024x577.jpg 1024w, https:\/\/ceca.mini.icom.museum\/wp-content\/uploads\/sites\/5\/2025\/01\/LAC-1918px-768x432.jpg 768w, https:\/\/ceca.mini.icom.museum\/wp-content\/uploads\/sites\/5\/2025\/01\/LAC-1918px-1536x865.jpg 1536w, https:\/\/ceca.mini.icom.museum\/wp-content\/uploads\/sites\/5\/2025\/01\/LAC-1918px.jpg 1918w\" sizes=\"(max-width: 700px) 100vw, 700px\" \/><\/p>\n<p>&nbsp;<\/p>\n<hr \/>\n<p>&nbsp;<\/p>\n<p>&nbsp;<\/p>\n<p>&nbsp;<\/p>\n<p>&nbsp;<\/p>\n<p>&nbsp;<\/p>\n","protected":false},"excerpt":{"rendered":"<p>\u25ba \u25ba ICOM CECA 2024, atelier \u00e0 Abidjan, Afrique Le Comit\u00e9 pour l&#8217;\u00e9ducation et l&#8217;action culturelle (Ceca), sous l&#8217;\u00e9gide de l&#8217;Icom (International Council of Museums), a organis\u00e9 un atelier r\u00e9gional du 25 au 28 novembre 2024, au Mus\u00e9e des civilisations d&#8217;Abidjan-Plateau. Cette rencontre a r\u00e9uni des professionnels des mus\u00e9es de C\u00f4te d&#8217;Ivoire, du Burkina Faso, [&hellip;]<\/p>\n","protected":false},"author":31,"featured_media":0,"parent":136,"menu_order":2,"comment_status":"closed","ping_status":"closed","template":"","meta":{"footnotes":""},"yst_prominent_words":[111],"acf":[],"_links":{"self":[{"href":"https:\/\/ceca.mini.icom.museum\/fr\/wp-json\/wp\/v2\/pages\/3903"}],"collection":[{"href":"https:\/\/ceca.mini.icom.museum\/fr\/wp-json\/wp\/v2\/pages"}],"about":[{"href":"https:\/\/ceca.mini.icom.museum\/fr\/wp-json\/wp\/v2\/types\/page"}],"author":[{"embeddable":true,"href":"https:\/\/ceca.mini.icom.museum\/fr\/wp-json\/wp\/v2\/users\/31"}],"replies":[{"embeddable":true,"href":"https:\/\/ceca.mini.icom.museum\/fr\/wp-json\/wp\/v2\/comments?post=3903"}],"version-history":[{"count":23,"href":"https:\/\/ceca.mini.icom.museum\/fr\/wp-json\/wp\/v2\/pages\/3903\/revisions"}],"predecessor-version":[{"id":12511,"href":"https:\/\/ceca.mini.icom.museum\/fr\/wp-json\/wp\/v2\/pages\/3903\/revisions\/12511"}],"up":[{"embeddable":true,"href":"https:\/\/ceca.mini.icom.museum\/fr\/wp-json\/wp\/v2\/pages\/136"}],"wp:attachment":[{"href":"https:\/\/ceca.mini.icom.museum\/fr\/wp-json\/wp\/v2\/media?parent=3903"}],"wp:term":[{"taxonomy":"yst_prominent_words","embeddable":true,"href":"https:\/\/ceca.mini.icom.museum\/fr\/wp-json\/wp\/v2\/yst_prominent_words?post=3903"}],"curies":[{"name":"wp","href":"https:\/\/api.w.org\/{rel}","templated":true}]}}